{"id":19361,"date":"2020-07-04T14:12:56","date_gmt":"2020-07-04T13:12:56","guid":{"rendered":"https:\/\/designsocialclub.com\/?page_id=19361"},"modified":"2020-07-04T14:27:52","modified_gmt":"2020-07-04T13:27:52","slug":"dog-biscuit-ceremony-set-design-social-club-dog-biscuit-ceremony-set","status":"publish","type":"page","link":"https:\/\/designsocialclub.com\/index.php\/dog-biscuit-ceremony-set-design-social-club-dog-biscuit-ceremony-set\/","title":{"rendered":"Dog Biscuit Ceremony Set &#8211; Design Social Club &#8211; Dog Biscuit Ceremony Set"},"content":{"rendered":"<section  class=\"content-section full-width with-col cover no-padding no-margin    content-section-69deba2ce48fd\"><div class=\"row vc_row-fluid\"><div class=\"wpb_column col-md-3 align-center wow fadeInDown\" data-wow-delay=\"3s\" data-wow-duration=\"8s\"><div class=\"section-text text-block \" ><p><a href=\"http:\/\/designsocialclub.com\/index.php\/projects-designsocialclub-projects\/\"><img loading=\"lazy\" class=\"aligncenter wp-image-4391\" src=\"https:\/\/i0.wp.com\/designsocialclub.com\/wp-content\/uploads\/2018\/04\/turn-right-arrow-with-broken-line.png?resize=78%2C78\" alt=\"\" width=\"78\" height=\"78\" data-recalc-dims=\"1\" \/><\/a><\/p>\n<\/div><\/div><div class=\"wpb_column col-md-3 wow fadeInDown\" data-wow-delay=\"3s\" data-wow-duration=\"8s\"><\/div><div class=\"wpb_column col-md-3\"><\/div><div class=\"wpb_column col-md-3\"><\/div><\/div><\/section><section  class=\"content-section full-width with-col cover no-padding no-margin    content-section-69deba2ce4bc8\"><div class=\"row vc_row-fluid\"><div class=\"wpb_column col-md-12\"><div  class=\"fullwidth-slider owl-carousel\"><div class=\"container relative\"><div  class=\"full-block align-center\" ><img src=\"https:\/\/i0.wp.com\/designsocialclub.com\/wp-content\/uploads\/2020\/07\/DC\u00a7-copie.jpg?resize=640%2C480&#038;ssl=1\"  width=\"640\" height=\"480\" alt=\"\" title=\"\" data-recalc-dims=\"1\" \/><\/div><\/div><div class=\"container relative\"><div  class=\"full-block align-center\" ><img src=\"https:\/\/i0.wp.com\/designsocialclub.com\/wp-content\/uploads\/2020\/07\/DC3-copie.jpg?resize=640%2C480&#038;ssl=1\"  width=\"640\" height=\"480\" alt=\"\" title=\"\" data-recalc-dims=\"1\" \/><\/div><\/div><div class=\"container relative\"><div  class=\"full-block align-center\" ><img src=\"https:\/\/i0.wp.com\/designsocialclub.com\/wp-content\/uploads\/2020\/07\/DC5-copie.jpg?resize=640%2C480&#038;ssl=1\"  width=\"640\" height=\"480\" alt=\"\" title=\"\" data-recalc-dims=\"1\" \/><\/div><\/div><div class=\"container relative\"><div  class=\"full-block align-center\" ><img src=\"https:\/\/i0.wp.com\/designsocialclub.com\/wp-content\/uploads\/2020\/07\/DC7G-copie.jpg?resize=640%2C480&#038;ssl=1\"  width=\"640\" height=\"480\" alt=\"\" title=\"\" data-recalc-dims=\"1\" \/><\/div><\/div><div class=\"container relative\"><div  class=\"full-block align-center\" ><img src=\"https:\/\/i0.wp.com\/designsocialclub.com\/wp-content\/uploads\/2020\/07\/DC8H-copie.jpg?resize=640%2C480&#038;ssl=1\"  width=\"640\" height=\"480\" alt=\"\" title=\"\" data-recalc-dims=\"1\" \/><\/div><\/div><div class=\"container relative\"><div  class=\"full-block align-center\" ><img src=\"https:\/\/i0.wp.com\/designsocialclub.com\/wp-content\/uploads\/2020\/07\/DC1-copie.jpg?resize=640%2C480&#038;ssl=1\"  width=\"640\" height=\"480\" alt=\"\" title=\"\" data-recalc-dims=\"1\" \/><\/div><\/div><\/div><div class=\"section-text text-block align-center\" style=\"color:#ffffff;\"><p><span style=\"font-size: 14px\">.<\/span><\/p>\n<\/div><\/div><\/div><\/section><section  class=\"content-section full-width with-col cover no-padding no-margin    content-section-69deba2ce7131\"><div class=\"row vc_row-fluid\"><div class=\"wpb_column col-md-3 align-center\"><\/div><div class=\"wpb_column col-md-3\"><div class=\"section-text text-block \" ><div class=\"page\" title=\"Page 3\">\n<div class=\"layoutArea\">\n<div class=\"column\">\n<p><b>Dog Biscuit Ceremony Set<\/b>, 2020<\/p>\n<p><span style=\"font-size: 14px\"><em><a href=\"https:\/\/designsocialclub.com\/index.php\/helloyou-designsocialclub-helloyou\/\" target=\"_blank\" rel=\"noopener noreferrer\">Prix sur demande<\/a><\/em><\/span><\/p>\n<\/div>\n<\/div>\n<\/div>\n<\/div><\/div><div class=\"wpb_column col-md-3\"><div class=\"section-text text-block \" ><div class=\"page\" title=\"Page 3\">\n<div class=\"layoutArea\">\n<div class=\"column\">\n<div class=\"page\" title=\"Page 43\">\n<div class=\"layoutArea\">\n<div class=\"column\">\n<p><i>Vaisselle de c\u00e9r\u00e9monie<\/i><br \/>\nFaience \u00e9maill\u00e9, Or<\/p>\n<\/div>\n<\/div>\n<\/div>\n<\/div>\n<\/div>\n<\/div>\n<\/div><\/div><div class=\"wpb_column col-md-3\"><\/div><\/div><\/section><section  class=\"content-section full-width with-col cover no-padding no-margin    content-section-69deba2ce781c\"><div class=\"row vc_row-fluid\"><div class=\"wpb_column col-md-3 align-center\"><\/div><div class=\"wpb_column col-md-6\"><div class=\"section-text text-block \" ><div class=\"page\" title=\"Page 3\">\n<div class=\"layoutArea\">\n<div class=\"column\">\n<div class=\"page\" title=\"Page 33\">\n<div class=\"layoutArea\">\n<div class=\"column\">\n<div class=\"page\" title=\"Page 17\">\n<div class=\"layoutArea\">\n<div class=\"column\">\n<p style=\"text-align: center\">V\u00e9ritable art total la c\u00e9r\u00e9monie du th\u00e9 fait partie des rituels qui repr\u00e9sentent l\u2019homme sous son aspect des plus po\u00e9tique. Cette combinaison de gestes et d\u2019objets s\u2019animent dans un mouvement harmonieux et c\u00e9l\u00e8bre l\u2019hospitalit\u00e9. Cet acte performatif et esth\u00e9tique, portant autant sur l\u2019objet que sur le geste qui l\u2019accompagne a inspir\u00e9 cet ensemble de c\u00e9ramiques. Une combinaison pens\u00e9 pour une c\u00e9r\u00e9monie \u00e0 destination d\u2019un invit\u00e9 des plus surprenants, le chien. Fid\u00e8le compagnon de l\u2019homme, l\u2019on en d\u00e9nombre plus de 500 millions dans le monde. Qu\u2019il<span class=\"Apple-converted-space\">\u00a0 <\/span>soit chasseur, sauveteur, th\u00e9rapeute, guide ou m\u00eame explorateur, cet animal accompagne l\u2019homme avec une compl\u00e8te d\u00e9votion. Une liaison forte qui r\u00e9v\u00e8le une certaine d\u00e9pendance entre ces deux esp\u00e8ces.<span class=\"Apple-converted-space\">\u00a0<\/span>Dog biscuit ceremony est un protocole d\u2019hospitalit\u00e9 qui en \u00e9cho d\u2019un des plus beaux rituels humain, c\u00e9l\u00e8bre la relation entre l\u2019homme et le chien. Un ensemble g\u00e9n\u00e9reux et plein d\u2019humour qui offre a d\u00e9couvrir une palette d\u2019ustensiles pour le service d\u2019un bol de croquettes. Un c\u00e9r\u00e9monial pr\u00e9cis dont chaque mouvement a \u00e9t\u00e9 codifi\u00e9 pour r\u00e9pondre \u00e0 l\u2019instrument qui lui correspond. Un travail complet autour du geste et de l\u2019objet qui rend hommage au lien solide qui relie le monde des hommes \u00e0 celui des chiens.<span class=\"Apple-converted-space\">\u00a0<\/span><\/p>\n<\/div>\n<\/div>\n<\/div>\n<\/div>\n<\/div>\n<\/div>\n<\/div>\n<\/div>\n<\/div>\n<\/div><\/div><div class=\"wpb_column col-md-3\"><\/div><\/div><\/section><section  class=\"content-section full-width is-fluid cover no-padding no-margin    content-section-69deba2ce7cec\"><div class=\"row vc_row-fluid\"><div class=\"wpb_column col-md-12 align-center\"><div class=\"section-text text-block align-center\" style=\"color:#ffffff;\"><p>.<\/p>\n<\/div><\/div><\/div><\/section><section  class=\"content-section full-width is-fluid cover no-padding no-margin    content-section-69deba2ce7dbb\"><div class=\"row vc_row-fluid\"><div class=\"wpb_column col-md-12 align-center\"><div class=\"section-text text-block align-center\" style=\"color:#ffffff;\"><p>www.designsocialclub.com<\/p>\n<\/div><\/div><\/div><\/section>\n","protected":false},"excerpt":{"rendered":". Dog Biscuit Ceremony Set, 2020 Prix sur demande Vaisselle de c\u00e9r\u00e9monie Faience \u00e9maill\u00e9, Or V\u00e9ritable art total la c\u00e9r\u00e9monie du th\u00e9 fait partie des rituels qui repr\u00e9sentent l\u2019homme sous son aspect des plus po\u00e9tique. Cette combinaison de gestes et d\u2019objets s\u2019animent dans un mouvement harmonieux et c\u00e9l\u00e8bre l\u2019hospitalit\u00e9. Cet acte performatif et esth\u00e9tique, portant","protected":false},"author":1,"featured_media":0,"parent":0,"menu_order":0,"comment_status":"closed","ping_status":"closed","template":"","meta":{"jetpack_post_was_ever_published":false},"yoast_head":"<!-- This site is optimized with the Yoast SEO plugin v20.8 - https:\/\/yoast.com\/wordpress\/plugins\/seo\/ -->\n<title>Design Social Club - Dog Biscuit Ceremony, 2020 - Design Social Club<\/title>\n<meta name=\"description\" content=\"Un protocole d\u2019hospitalit\u00e9 qui en \u00e9cho d\u2019un des plus beaux rituels humain, c\u00e9l\u00e8bre la relation entre l\u2019homme et le chien.\" \/>\n<meta name=\"robots\" content=\"index, follow, max-snippet:-1, max-image-preview:large, max-video-preview:-1\" \/>\n<link rel=\"canonical\" href=\"https:\/\/designsocialclub.com\/index.php\/dog-biscuit-ceremony-set-design-social-club-dog-biscuit-ceremony-set\/\" \/>\n<meta property=\"og:locale\" content=\"fr_FR\" \/>\n<meta property=\"og:type\" content=\"article\" \/>\n<meta property=\"og:title\" content=\"Design Social Club - Dog Biscuit Ceremony, 2020 - Design Social Club\" \/>\n<meta property=\"og:description\" content=\"Un protocole d\u2019hospitalit\u00e9 qui en \u00e9cho d\u2019un des plus beaux rituels humain, c\u00e9l\u00e8bre la relation entre l\u2019homme et le chien.\" \/>\n<meta property=\"og:url\" content=\"https:\/\/designsocialclub.com\/index.php\/dog-biscuit-ceremony-set-design-social-club-dog-biscuit-ceremony-set\/\" \/>\n<meta property=\"og:site_name\" content=\"Design Social Club\" \/>\n<meta property=\"article:modified_time\" content=\"2020-07-04T13:27:52+00:00\" \/>\n<meta property=\"og:image\" content=\"http:\/\/designsocialclub.com\/wp-content\/uploads\/2018\/04\/turn-right-arrow-with-broken-line.png\" \/>\n<meta name=\"twitter:card\" content=\"summary_large_image\" \/>\n<meta name=\"twitter:label1\" content=\"Dur\u00e9e de lecture estim\u00e9e\" \/>\n\t<meta name=\"twitter:data1\" content=\"3 minutes\" \/>\n<script type=\"application\/ld+json\" class=\"yoast-schema-graph\">{\"@context\":\"https:\/\/schema.org\",\"@graph\":[{\"@type\":\"WebPage\",\"@id\":\"https:\/\/designsocialclub.com\/index.php\/dog-biscuit-ceremony-set-design-social-club-dog-biscuit-ceremony-set\/\",\"url\":\"https:\/\/designsocialclub.com\/index.php\/dog-biscuit-ceremony-set-design-social-club-dog-biscuit-ceremony-set\/\",\"name\":\"Design Social Club - Dog Biscuit Ceremony, 2020 - Design Social Club\",\"isPartOf\":{\"@id\":\"https:\/\/designsocialclub.com\/#website\"},\"datePublished\":\"2020-07-04T13:12:56+00:00\",\"dateModified\":\"2020-07-04T13:27:52+00:00\",\"description\":\"Un protocole d\u2019hospitalit\u00e9 qui en \u00e9cho d\u2019un des plus beaux rituels humain, c\u00e9l\u00e8bre la relation entre l\u2019homme et le chien.\",\"breadcrumb\":{\"@id\":\"https:\/\/designsocialclub.com\/index.php\/dog-biscuit-ceremony-set-design-social-club-dog-biscuit-ceremony-set\/#breadcrumb\"},\"inLanguage\":\"fr-FR\",\"potentialAction\":[{\"@type\":\"ReadAction\",\"target\":[\"https:\/\/designsocialclub.com\/index.php\/dog-biscuit-ceremony-set-design-social-club-dog-biscuit-ceremony-set\/\"]}]},{\"@type\":\"BreadcrumbList\",\"@id\":\"https:\/\/designsocialclub.com\/index.php\/dog-biscuit-ceremony-set-design-social-club-dog-biscuit-ceremony-set\/#breadcrumb\",\"itemListElement\":[{\"@type\":\"ListItem\",\"position\":1,\"name\":\"Accueil\",\"item\":\"https:\/\/designsocialclub.com\/\"},{\"@type\":\"ListItem\",\"position\":2,\"name\":\"Dog Biscuit Ceremony Set &#8211; Design Social Club &#8211; Dog Biscuit Ceremony Set\"}]},{\"@type\":\"WebSite\",\"@id\":\"https:\/\/designsocialclub.com\/#website\",\"url\":\"https:\/\/designsocialclub.com\/\",\"name\":\"Design Social Club\",\"description\":\"Manufacture abstraite pour objets concrets\",\"potentialAction\":[{\"@type\":\"SearchAction\",\"target\":{\"@type\":\"EntryPoint\",\"urlTemplate\":\"https:\/\/designsocialclub.com\/?s={search_term_string}\"},\"query-input\":\"required name=search_term_string\"}],\"inLanguage\":\"fr-FR\"}]}<\/script>\n<!-- \/ Yoast SEO plugin. -->","yoast_head_json":{"title":"Design Social Club - Dog Biscuit Ceremony, 2020 - Design Social Club","description":"Un protocole d\u2019hospitalit\u00e9 qui en \u00e9cho d\u2019un des plus beaux rituels humain, c\u00e9l\u00e8bre la relation entre l\u2019homme et le chien.","robots":{"index":"index","follow":"follow","max-snippet":"max-snippet:-1","max-image-preview":"max-image-preview:large","max-video-preview":"max-video-preview:-1"},"canonical":"https:\/\/designsocialclub.com\/index.php\/dog-biscuit-ceremony-set-design-social-club-dog-biscuit-ceremony-set\/","og_locale":"fr_FR","og_type":"article","og_title":"Design Social Club - Dog Biscuit Ceremony, 2020 - Design Social Club","og_description":"Un protocole d\u2019hospitalit\u00e9 qui en \u00e9cho d\u2019un des plus beaux rituels humain, c\u00e9l\u00e8bre la relation entre l\u2019homme et le chien.","og_url":"https:\/\/designsocialclub.com\/index.php\/dog-biscuit-ceremony-set-design-social-club-dog-biscuit-ceremony-set\/","og_site_name":"Design Social Club","article_modified_time":"2020-07-04T13:27:52+00:00","og_image":[{"url":"http:\/\/designsocialclub.com\/wp-content\/uploads\/2018\/04\/turn-right-arrow-with-broken-line.png"}],"twitter_card":"summary_large_image","twitter_misc":{"Dur\u00e9e de lecture estim\u00e9e":"3 minutes"},"schema":{"@context":"https:\/\/schema.org","@graph":[{"@type":"WebPage","@id":"https:\/\/designsocialclub.com\/index.php\/dog-biscuit-ceremony-set-design-social-club-dog-biscuit-ceremony-set\/","url":"https:\/\/designsocialclub.com\/index.php\/dog-biscuit-ceremony-set-design-social-club-dog-biscuit-ceremony-set\/","name":"Design Social Club - Dog Biscuit Ceremony, 2020 - Design Social Club","isPartOf":{"@id":"https:\/\/designsocialclub.com\/#website"},"datePublished":"2020-07-04T13:12:56+00:00","dateModified":"2020-07-04T13:27:52+00:00","description":"Un protocole d\u2019hospitalit\u00e9 qui en \u00e9cho d\u2019un des plus beaux rituels humain, c\u00e9l\u00e8bre la relation entre l\u2019homme et le chien.","breadcrumb":{"@id":"https:\/\/designsocialclub.com\/index.php\/dog-biscuit-ceremony-set-design-social-club-dog-biscuit-ceremony-set\/#breadcrumb"},"inLanguage":"fr-FR","potentialAction":[{"@type":"ReadAction","target":["https:\/\/designsocialclub.com\/index.php\/dog-biscuit-ceremony-set-design-social-club-dog-biscuit-ceremony-set\/"]}]},{"@type":"BreadcrumbList","@id":"https:\/\/designsocialclub.com\/index.php\/dog-biscuit-ceremony-set-design-social-club-dog-biscuit-ceremony-set\/#breadcrumb","itemListElement":[{"@type":"ListItem","position":1,"name":"Accueil","item":"https:\/\/designsocialclub.com\/"},{"@type":"ListItem","position":2,"name":"Dog Biscuit Ceremony Set &#8211; Design Social Club &#8211; Dog Biscuit Ceremony Set"}]},{"@type":"WebSite","@id":"https:\/\/designsocialclub.com\/#website","url":"https:\/\/designsocialclub.com\/","name":"Design Social Club","description":"Manufacture abstraite pour objets concrets","potentialAction":[{"@type":"SearchAction","target":{"@type":"EntryPoint","urlTemplate":"https:\/\/designsocialclub.com\/?s={search_term_string}"},"query-input":"required name=search_term_string"}],"inLanguage":"fr-FR"}]}},"jetpack_sharing_enabled":true,"jetpack_shortlink":"https:\/\/wp.me\/P8jKvp-52h","_links":{"self":[{"href":"https:\/\/designsocialclub.com\/index.php\/wp-json\/wp\/v2\/pages\/19361"}],"collection":[{"href":"https:\/\/designsocialclub.com\/index.php\/wp-json\/wp\/v2\/pages"}],"about":[{"href":"https:\/\/designsocialclub.com\/index.php\/wp-json\/wp\/v2\/types\/page"}],"author":[{"embeddable":true,"href":"https:\/\/designsocialclub.com\/index.php\/wp-json\/wp\/v2\/users\/1"}],"replies":[{"embeddable":true,"href":"https:\/\/designsocialclub.com\/index.php\/wp-json\/wp\/v2\/comments?post=19361"}],"version-history":[{"count":3,"href":"https:\/\/designsocialclub.com\/index.php\/wp-json\/wp\/v2\/pages\/19361\/revisions"}],"predecessor-version":[{"id":19375,"href":"https:\/\/designsocialclub.com\/index.php\/wp-json\/wp\/v2\/pages\/19361\/revisions\/19375"}],"wp:attachment":[{"href":"https:\/\/designsocialclub.com\/index.php\/wp-json\/wp\/v2\/media?parent=19361"}],"curies":[{"name":"wp","href":"https:\/\/api.w.org\/{rel}","templated":true}]}}