{"id":23396,"date":"2020-10-05T23:19:46","date_gmt":"2020-10-05T22:19:46","guid":{"rendered":"https:\/\/designsocialclub.com\/?page_id=23396"},"modified":"2020-10-24T17:04:19","modified_gmt":"2020-10-24T16:04:19","slug":"superponcho-designsocialclub-superponcho-2","status":"publish","type":"page","link":"https:\/\/designsocialclub.com\/index.php\/superponcho-designsocialclub-superponcho-2\/","title":{"rendered":"Super Poncho &#8211; Design Social Club &#8211; Super Poncho"},"content":{"rendered":"<section  class=\"content-section full-width with-col cover no-padding no-margin    content-section-69decfd68c894\"><div class=\"row vc_row-fluid\"><div class=\"wpb_column col-md-3 align-center wow fadeInDown\" data-wow-delay=\"3s\" data-wow-duration=\"8s\"><div class=\"section-text text-block \" ><p><a href=\"http:\/\/designsocialclub.com\/index.php\/projects-designsocialclub-projects\/\"><img loading=\"lazy\" class=\"aligncenter wp-image-4391\" src=\"https:\/\/i0.wp.com\/designsocialclub.com\/wp-content\/uploads\/2018\/04\/turn-right-arrow-with-broken-line.png?resize=78%2C78\" alt=\"\" width=\"78\" height=\"78\" data-recalc-dims=\"1\" \/><\/a><\/p>\n<\/div><\/div><div class=\"wpb_column col-md-3 wow fadeInDown\" data-wow-delay=\"3s\" data-wow-duration=\"8s\"><\/div><div class=\"wpb_column col-md-3\"><\/div><div class=\"wpb_column col-md-3\"><\/div><\/div><\/section><section  class=\"content-section full-width with-col cover no-padding no-margin    content-section-69decfd68cb7f\"><div class=\"row vc_row-fluid\"><div class=\"wpb_column col-md-12\"><div  class=\"fullwidth-slider owl-carousel\"><div class=\"container relative\"><div  class=\"full-block align-center\" ><img src=\"https:\/\/i0.wp.com\/designsocialclub.com\/wp-content\/uploads\/2020\/10\/SP2-2.jpg?resize=640%2C480&#038;ssl=1\"  width=\"640\" height=\"480\" alt=\"\" title=\"\" data-recalc-dims=\"1\" \/><\/div><\/div><div class=\"container relative\"><div  class=\"full-block align-center\" ><img src=\"https:\/\/i0.wp.com\/designsocialclub.com\/wp-content\/uploads\/2020\/10\/SP4R-2.jpg?resize=640%2C480&#038;ssl=1\"  width=\"640\" height=\"480\" alt=\"\" title=\"\" data-recalc-dims=\"1\" \/><\/div><\/div><div class=\"container relative\"><div  class=\"full-block align-center\" ><img src=\"https:\/\/i0.wp.com\/designsocialclub.com\/wp-content\/uploads\/2020\/10\/SP3RHD-1.jpg?resize=640%2C480&#038;ssl=1\"  width=\"640\" height=\"480\" alt=\"\" title=\"\" data-recalc-dims=\"1\" \/><\/div><\/div><div class=\"container relative\"><div  class=\"full-block align-center\" ><img src=\"https:\/\/i0.wp.com\/designsocialclub.com\/wp-content\/uploads\/2020\/10\/SP5R-1.jpg?resize=640%2C480&#038;ssl=1\"  width=\"640\" height=\"480\" alt=\"\" title=\"\" data-recalc-dims=\"1\" \/><\/div><\/div><div class=\"container relative\"><div  class=\"full-block align-center\" ><img src=\"https:\/\/i0.wp.com\/designsocialclub.com\/wp-content\/uploads\/2020\/10\/SP12D-1.jpg?resize=640%2C470&#038;ssl=1\"  width=\"640\" height=\"470\" alt=\"\" title=\"\" data-recalc-dims=\"1\" \/><\/div><\/div><\/div><div class=\"section-text text-block align-center\" style=\"color:#ffffff;\"><p><span style=\"font-size: 14px\">.<\/span><\/p>\n<\/div><\/div><\/div><\/section><section  class=\"content-section full-width with-col cover no-padding no-margin    content-section-69decfd68e2a6\"><div class=\"row vc_row-fluid\"><div class=\"wpb_column col-md-3 align-center\"><\/div><div class=\"wpb_column col-md-3\"><div class=\"section-text text-block \" ><div class=\"page\" title=\"Page 3\">\n<div class=\"layoutArea\">\n<div class=\"column\">\n<p><b>SUPER PONCHO<\/b>, 2020<\/p>\n<\/div>\n<\/div>\n<\/div>\n<\/div><div class=\"section-text text-block \" ><div class=\"page\" title=\"Page 3\">\n<div class=\"layoutArea\">\n<div class=\"column\">\n<p><em>Travail collaboratif avec The Natural Studio, durant une r\u00e9sidence artistique r\u00e9alis\u00e9e \u00e0 Buenos Aires (Argentine)<\/em><\/p>\n<\/div>\n<\/div>\n<\/div>\n<\/div><\/div><div class=\"wpb_column col-md-3\"><div class=\"section-text text-block \" ><div class=\"page\" title=\"Page 3\">\n<div class=\"layoutArea\">\n<div class=\"column\">\n<div class=\"page\" title=\"Page 43\">\n<div class=\"layoutArea\">\n<div class=\"column\">\n<p><em>Sac \u00e0 dos<\/em><br \/>\nCoton, Bache polyethylene<br \/>\nH : 150 X 150 cm<\/p>\n<p><span style=\"font-size: 14px\"><em><a href=\"https:\/\/designsocialclub.com\/index.php\/helloyou-designsocialclub-helloyou\/\" target=\"_blank\" rel=\"noopener noreferrer\">Prix sur demande<\/a><\/em><\/span><\/p>\n<\/div>\n<\/div>\n<\/div>\n<\/div>\n<\/div>\n<\/div>\n<\/div><\/div><div class=\"wpb_column col-md-3\"><\/div><\/div><\/section><section  class=\"content-section full-width with-col cover no-padding no-margin    content-section-69decfd68eaf6\"><div class=\"row vc_row-fluid\"><div class=\"wpb_column col-md-3 align-center\"><\/div><div class=\"wpb_column col-md-6\"><div class=\"section-text text-block \" ><div style=\"width: 640px;\" class=\"wp-video\"><!--[if lt IE 9]><script>document.createElement('video');<\/script><![endif]-->\n<video class=\"wp-video-shortcode\" id=\"video-23396-1\" width=\"640\" height=\"360\" poster=\"https:\/\/designsocialclub.com\/wp-content\/uploads\/2020\/10\/Capture-d\u2019\u00e9cran-2020-10-24-\u00e0-17.52.49.png\" preload=\"metadata\" controls=\"controls\"><source type=\"video\/mp4\" src=\"https:\/\/designsocialclub.com\/wp-content\/uploads\/2020\/10\/SUPERPANCHOLIGHT.mp4?_=1\" \/><a href=\"https:\/\/designsocialclub.com\/wp-content\/uploads\/2020\/10\/SUPERPANCHOLIGHT.mp4\">https:\/\/designsocialclub.com\/wp-content\/uploads\/2020\/10\/SUPERPANCHOLIGHT.mp4<\/a><\/video><\/div>\n<\/div><div class=\"section-text text-block align-center\" style=\"color:#ffffff;\"><p>.<\/p>\n<\/div><div class=\"section-text text-block \" ><div class=\"page\" title=\"Page 3\">\n<div class=\"layoutArea\">\n<div class=\"column\">\n<div class=\"page\" title=\"Page 33\">\n<div class=\"layoutArea\">\n<div class=\"column\">\n<div class=\"page\" title=\"Page 17\">\n<div class=\"layoutArea\">\n<div class=\"column\">\n<div class=\"page\" title=\"Page 3\">\n<div class=\"section\">\n<div class=\"layoutArea\">\n<div class=\"column\">\n<p style=\"text-align: justify\">Faire mieux avec moins, a partir de peu il faut penser un objet utile, fonctionnel et \u00e0 l\u2019\u00e9preuve du temps. Ici, les boites de conserve deviennent des voitures pour enfants et les bidons se transforment en boite de rangements, dans les familles africaines le quotidien s\u2019am\u00e9liore gr\u00e2ce \u00e0 la culture de l\u2019art du \u00ab\u00a0<i>bricolage<\/i>\u00a0\u00bb. C\u2019est en Ethiopie dans la ville d\u2019Addis Abeba que ce sont rencontr\u00e9 ce duo de designers. Tous deux en chemin d\u2019une longue route, l\u2019un parcourait le monde depuis Chos Malal, petite ville aux portes de la Patagonie, et l\u2019autre avait quitt\u00e9 l\u2019Auvergne fran\u00e7aise pour arpenter les routes d\u2019Afrique de l\u2019est. Une exp\u00e9rience pour chacun qui leur a permis de tisser un lien commun autour de l\u2019ing\u00e9niosit\u00e9 africaine. <i>The Natural Studio<\/i> et le <i>Design Social Club<\/i> ont voulus ainsi associ\u00e9s leur comp\u00e9tences pour aborder ensemble l\u2019art de la d\u00e9brouillardise dans un travail au coeur d\u2019une th\u00e9matique qui les relie, le voyage.<\/p>\n<p style=\"text-align: justify\"><i>Super Pancho<\/i> est un bagage \u00e9l\u00e9mentaire qui assure le transport et la protection du voyageur, un compagnon de route fiable et s\u00e9curisant. Un sac con\u00e7u comme une combinaison de pliages qui offre a l\u2019aide d\u2019une croix centrale, un principe constructif simple qui permet d\u2019adapter le contenant au contenu. En conservant une fonctionnalit\u00e9 traditionnel de sac \u00e0 dos, il peu contenir ainsi de gros volumes ou de plus petit. Ce jeu subtile d\u2019origami permet<span class=\"Apple-converted-space\">\u00a0 <\/span>d\u2019obtenir un volume \u00e9tanche et adapt\u00e9 \u00e0 ce qu\u2019il transporte. Une fois d\u00e9pli\u00e9, le sac devient une toile de protection. Etendu sur le sol cette derni\u00e8re prot\u00e8ge de l\u2019humidit\u00e9, tendu entre deux appuis elle cache du soleil et du vent, v\u00eatu comme une cape elle prot\u00e8ge de la pluie. Un outil essentiel pour s\u2019adapter car le voyage vous am\u00e8ne parfois \u00e0 l\u2019exp\u00e9rience du monde naturel en dehors des protections de nos villes. Une r\u00e9alit\u00e9 climatique qui s\u2019impose sur le continent africain comme dans beaucoup de r\u00e9gions du monde et dont tous voyageurs \u00e0 d\u00e9j\u00e0 fait l\u2019exp\u00e9rience. Un principe fonctionnel facile \u00e0<span class=\"Apple-converted-space\">\u00a0 <\/span>fabriquer, qui soutien aussi une valeur social en se voulant libre de droit. Les plans peuvent ainsi \u00eatre consult\u00e9 et modifi\u00e9 par tous.<\/p>\n<p style=\"text-align: justify\"><i>Super Pancho<\/i> est avant tout un principe constructif transformant une simple toile en un outil ing\u00e9nieux qui invite au plus modeste des voyages. Un bagage \u00e9l\u00e9mentaire \u00e0 la port\u00e9 de quiconque aspire au d\u00e9part. Des mati\u00e8res bon march\u00e9s s\u2019assemble autour d\u2019un design radical qui exprime une beaut\u00e9 brute, laissant ainsi ressentir les d\u00e9coupes, coutures et assemblages. Ce duo de designers offre \u00e0 d\u00e9couvrir un design sauvage dans l\u2019esprit \u00ab\u00a0<i>Do It Yourself\u00a0<\/i>\u00bb, une invitation au voyage exprim\u00e9 dans un principe constructif, esth\u00e9tique, fonctionnel et po\u00e9tique.<span class=\"Apple-converted-space\">\u00a0<\/span><\/p>\n<\/div>\n<\/div>\n<\/div>\n<\/div>\n<\/div>\n<\/div>\n<\/div>\n<\/div>\n<\/div>\n<\/div>\n<\/div>\n<\/div>\n<\/div>\n<\/div><\/div><div class=\"wpb_column col-md-3\"><\/div><\/div><\/section><section  class=\"content-section full-width is-fluid cover no-padding no-margin    content-section-69decfd68f4be\"><div class=\"row vc_row-fluid\"><div class=\"wpb_column col-md-12 align-center\"><div class=\"section-text text-block align-center\" style=\"color:#ffffff;\"><p>.<\/p>\n<\/div><\/div><\/div><\/section><section  class=\"content-section full-width is-fluid cover no-padding no-margin    content-section-69decfd68f595\"><div class=\"row vc_row-fluid\"><div class=\"wpb_column col-md-12 align-center\"><div class=\"section-text text-block align-center\" style=\"color:#ffffff;\"><p>www.designsocialclub.com<\/p>\n<\/div><\/div><\/div><\/section>\n","protected":false},"excerpt":{"rendered":". SUPER PONCHO, 2020 Travail collaboratif avec The Natural Studio, durant une r\u00e9sidence artistique r\u00e9alis\u00e9e \u00e0 Buenos Aires (Argentine) Sac \u00e0 dos Coton, Bache polyethylene H : 150 X 150 cm Prix sur demande https:\/\/designsocialclub.com\/wp-content\/uploads\/2020\/10\/SUPERPANCHOLIGHT.mp4 . Faire mieux avec moins, a partir de peu il faut penser un objet utile, fonctionnel et \u00e0 l\u2019\u00e9preuve du","protected":false},"author":1,"featured_media":0,"parent":0,"menu_order":0,"comment_status":"closed","ping_status":"closed","template":"","meta":{"jetpack_post_was_ever_published":false},"yoast_head":"<!-- This site is optimized with the Yoast SEO plugin v20.8 - https:\/\/yoast.com\/wordpress\/plugins\/seo\/ -->\n<title>Design Social Club - Super Poncho, 2020 \/ Argentine R\u00e9sidence<\/title>\n<meta name=\"description\" content=\"Super Pancho est avant tout un principe constructif transformant une simple toile en un outil ing\u00e9nieux qui invite au plus modeste des voyages...\" \/>\n<meta name=\"robots\" content=\"index, follow, max-snippet:-1, max-image-preview:large, max-video-preview:-1\" \/>\n<link rel=\"canonical\" href=\"https:\/\/designsocialclub.com\/index.php\/superponcho-designsocialclub-superponcho-2\/\" \/>\n<meta property=\"og:locale\" content=\"fr_FR\" \/>\n<meta property=\"og:type\" content=\"article\" \/>\n<meta property=\"og:title\" content=\"Design Social Club - Super Poncho, 2020 \/ Argentine R\u00e9sidence\" \/>\n<meta property=\"og:description\" content=\"Super Pancho est avant tout un principe constructif transformant une simple toile en un outil ing\u00e9nieux qui invite au plus modeste des voyages...\" \/>\n<meta property=\"og:url\" content=\"https:\/\/designsocialclub.com\/index.php\/superponcho-designsocialclub-superponcho-2\/\" \/>\n<meta property=\"og:site_name\" content=\"Design Social Club\" \/>\n<meta property=\"article:modified_time\" content=\"2020-10-24T16:04:19+00:00\" \/>\n<meta property=\"og:image\" content=\"http:\/\/designsocialclub.com\/wp-content\/uploads\/2018\/04\/turn-right-arrow-with-broken-line.png\" \/>\n<meta name=\"twitter:card\" content=\"summary_large_image\" \/>\n<meta name=\"twitter:label1\" content=\"Dur\u00e9e de lecture estim\u00e9e\" \/>\n\t<meta name=\"twitter:data1\" content=\"4 minutes\" \/>\n<script type=\"application\/ld+json\" class=\"yoast-schema-graph\">{\"@context\":\"https:\/\/schema.org\",\"@graph\":[{\"@type\":\"WebPage\",\"@id\":\"https:\/\/designsocialclub.com\/index.php\/superponcho-designsocialclub-superponcho-2\/\",\"url\":\"https:\/\/designsocialclub.com\/index.php\/superponcho-designsocialclub-superponcho-2\/\",\"name\":\"Design Social Club - Super Poncho, 2020 \/ Argentine R\u00e9sidence\",\"isPartOf\":{\"@id\":\"https:\/\/designsocialclub.com\/#website\"},\"datePublished\":\"2020-10-05T22:19:46+00:00\",\"dateModified\":\"2020-10-24T16:04:19+00:00\",\"description\":\"Super Pancho est avant tout un principe constructif transformant une simple toile en un outil ing\u00e9nieux qui invite au plus modeste des voyages...\",\"breadcrumb\":{\"@id\":\"https:\/\/designsocialclub.com\/index.php\/superponcho-designsocialclub-superponcho-2\/#breadcrumb\"},\"inLanguage\":\"fr-FR\",\"potentialAction\":[{\"@type\":\"ReadAction\",\"target\":[\"https:\/\/designsocialclub.com\/index.php\/superponcho-designsocialclub-superponcho-2\/\"]}]},{\"@type\":\"BreadcrumbList\",\"@id\":\"https:\/\/designsocialclub.com\/index.php\/superponcho-designsocialclub-superponcho-2\/#breadcrumb\",\"itemListElement\":[{\"@type\":\"ListItem\",\"position\":1,\"name\":\"Accueil\",\"item\":\"https:\/\/designsocialclub.com\/\"},{\"@type\":\"ListItem\",\"position\":2,\"name\":\"Super Poncho &#8211; Design Social Club &#8211; Super Poncho\"}]},{\"@type\":\"WebSite\",\"@id\":\"https:\/\/designsocialclub.com\/#website\",\"url\":\"https:\/\/designsocialclub.com\/\",\"name\":\"Design Social Club\",\"description\":\"Manufacture abstraite pour objets concrets\",\"potentialAction\":[{\"@type\":\"SearchAction\",\"target\":{\"@type\":\"EntryPoint\",\"urlTemplate\":\"https:\/\/designsocialclub.com\/?s={search_term_string}\"},\"query-input\":\"required name=search_term_string\"}],\"inLanguage\":\"fr-FR\"}]}<\/script>\n<!-- \/ Yoast SEO plugin. -->","yoast_head_json":{"title":"Design Social Club - Super Poncho, 2020 \/ Argentine R\u00e9sidence","description":"Super Pancho est avant tout un principe constructif transformant une simple toile en un outil ing\u00e9nieux qui invite au plus modeste des voyages...","robots":{"index":"index","follow":"follow","max-snippet":"max-snippet:-1","max-image-preview":"max-image-preview:large","max-video-preview":"max-video-preview:-1"},"canonical":"https:\/\/designsocialclub.com\/index.php\/superponcho-designsocialclub-superponcho-2\/","og_locale":"fr_FR","og_type":"article","og_title":"Design Social Club - Super Poncho, 2020 \/ Argentine R\u00e9sidence","og_description":"Super Pancho est avant tout un principe constructif transformant une simple toile en un outil ing\u00e9nieux qui invite au plus modeste des voyages...","og_url":"https:\/\/designsocialclub.com\/index.php\/superponcho-designsocialclub-superponcho-2\/","og_site_name":"Design Social Club","article_modified_time":"2020-10-24T16:04:19+00:00","og_image":[{"url":"http:\/\/designsocialclub.com\/wp-content\/uploads\/2018\/04\/turn-right-arrow-with-broken-line.png"}],"twitter_card":"summary_large_image","twitter_misc":{"Dur\u00e9e de lecture estim\u00e9e":"4 minutes"},"schema":{"@context":"https:\/\/schema.org","@graph":[{"@type":"WebPage","@id":"https:\/\/designsocialclub.com\/index.php\/superponcho-designsocialclub-superponcho-2\/","url":"https:\/\/designsocialclub.com\/index.php\/superponcho-designsocialclub-superponcho-2\/","name":"Design Social Club - Super Poncho, 2020 \/ Argentine R\u00e9sidence","isPartOf":{"@id":"https:\/\/designsocialclub.com\/#website"},"datePublished":"2020-10-05T22:19:46+00:00","dateModified":"2020-10-24T16:04:19+00:00","description":"Super Pancho est avant tout un principe constructif transformant une simple toile en un outil ing\u00e9nieux qui invite au plus modeste des voyages...","breadcrumb":{"@id":"https:\/\/designsocialclub.com\/index.php\/superponcho-designsocialclub-superponcho-2\/#breadcrumb"},"inLanguage":"fr-FR","potentialAction":[{"@type":"ReadAction","target":["https:\/\/designsocialclub.com\/index.php\/superponcho-designsocialclub-superponcho-2\/"]}]},{"@type":"BreadcrumbList","@id":"https:\/\/designsocialclub.com\/index.php\/superponcho-designsocialclub-superponcho-2\/#breadcrumb","itemListElement":[{"@type":"ListItem","position":1,"name":"Accueil","item":"https:\/\/designsocialclub.com\/"},{"@type":"ListItem","position":2,"name":"Super Poncho &#8211; Design Social Club &#8211; Super Poncho"}]},{"@type":"WebSite","@id":"https:\/\/designsocialclub.com\/#website","url":"https:\/\/designsocialclub.com\/","name":"Design Social Club","description":"Manufacture abstraite pour objets concrets","potentialAction":[{"@type":"SearchAction","target":{"@type":"EntryPoint","urlTemplate":"https:\/\/designsocialclub.com\/?s={search_term_string}"},"query-input":"required name=search_term_string"}],"inLanguage":"fr-FR"}]}},"jetpack_sharing_enabled":true,"jetpack_shortlink":"https:\/\/wp.me\/P8jKvp-65m","_links":{"self":[{"href":"https:\/\/designsocialclub.com\/index.php\/wp-json\/wp\/v2\/pages\/23396"}],"collection":[{"href":"https:\/\/designsocialclub.com\/index.php\/wp-json\/wp\/v2\/pages"}],"about":[{"href":"https:\/\/designsocialclub.com\/index.php\/wp-json\/wp\/v2\/types\/page"}],"author":[{"embeddable":true,"href":"https:\/\/designsocialclub.com\/index.php\/wp-json\/wp\/v2\/users\/1"}],"replies":[{"embeddable":true,"href":"https:\/\/designsocialclub.com\/index.php\/wp-json\/wp\/v2\/comments?post=23396"}],"version-history":[{"count":10,"href":"https:\/\/designsocialclub.com\/index.php\/wp-json\/wp\/v2\/pages\/23396\/revisions"}],"predecessor-version":[{"id":24285,"href":"https:\/\/designsocialclub.com\/index.php\/wp-json\/wp\/v2\/pages\/23396\/revisions\/24285"}],"wp:attachment":[{"href":"https:\/\/designsocialclub.com\/index.php\/wp-json\/wp\/v2\/media?parent=23396"}],"curies":[{"name":"wp","href":"https:\/\/api.w.org\/{rel}","templated":true}]}}