{"id":36296,"date":"2021-08-28T21:05:51","date_gmt":"2021-08-28T20:05:51","guid":{"rendered":"https:\/\/designsocialclub.com\/?page_id=36296"},"modified":"2021-08-28T22:17:55","modified_gmt":"2021-08-28T21:17:55","slug":"belly-designsocialclub-belly","status":"publish","type":"page","link":"https:\/\/designsocialclub.com\/index.php\/belly-designsocialclub-belly\/","title":{"rendered":"BELLY &#8211; Design Social Club &#8211; BELLY"},"content":{"rendered":"<section  class=\"content-section full-width with-col cover no-padding no-margin    content-section-69deddca7b7de\"><div class=\"row vc_row-fluid\"><div class=\"wpb_column col-md-3 align-center wow fadeInDown\" data-wow-delay=\"3s\" data-wow-duration=\"8s\"><div class=\"section-text text-block \" ><p><a href=\"http:\/\/designsocialclub.com\/index.php\/projects-designsocialclub-projects\/\"><img loading=\"lazy\" class=\"aligncenter wp-image-4391\" src=\"https:\/\/i0.wp.com\/designsocialclub.com\/wp-content\/uploads\/2018\/04\/turn-right-arrow-with-broken-line.png?resize=78%2C78\" alt=\"\" width=\"78\" height=\"78\" data-recalc-dims=\"1\" \/><\/a><\/p>\n<\/div><\/div><div class=\"wpb_column col-md-3 wow fadeInDown\" data-wow-delay=\"3s\" data-wow-duration=\"8s\"><\/div><div class=\"wpb_column col-md-3\"><\/div><div class=\"wpb_column col-md-3\"><\/div><\/div><\/section><section  class=\"content-section full-width with-col cover no-padding no-margin    content-section-69deddca7bb96\"><div class=\"row vc_row-fluid\"><div class=\"wpb_column col-md-12\"><div  class=\"fullwidth-slider owl-carousel\"><div class=\"container relative\"><div  class=\"full-block align-center\" ><img src=\"https:\/\/i0.wp.com\/designsocialclub.com\/wp-content\/uploads\/2021\/08\/BELLY2-1.jpg?resize=640%2C478&#038;ssl=1\"  width=\"640\" height=\"478\" alt=\"\" title=\"\" data-recalc-dims=\"1\" \/><\/div><\/div><div class=\"container relative\"><div  class=\"full-block align-center\" ><img src=\"https:\/\/i0.wp.com\/designsocialclub.com\/wp-content\/uploads\/2021\/08\/BELLY4-1.jpg?resize=640%2C477&#038;ssl=1\"  width=\"640\" height=\"477\" alt=\"\" title=\"\" data-recalc-dims=\"1\" \/><\/div><\/div><div class=\"container relative\"><div  class=\"full-block align-center\" ><img src=\"https:\/\/i0.wp.com\/designsocialclub.com\/wp-content\/uploads\/2021\/08\/BELLY1.jpg?resize=640%2C480&#038;ssl=1\"  width=\"640\" height=\"480\" alt=\"\" title=\"\" data-recalc-dims=\"1\" \/><\/div><\/div><div class=\"container relative\"><div  class=\"full-block align-center\" ><img src=\"https:\/\/i0.wp.com\/designsocialclub.com\/wp-content\/uploads\/2021\/08\/IMG_3452.jpg?resize=640%2C480&#038;ssl=1\"  width=\"640\" height=\"480\" alt=\"\" title=\"\" data-recalc-dims=\"1\" \/><\/div><\/div><div class=\"container relative\"><div  class=\"full-block align-center\" ><img src=\"https:\/\/i0.wp.com\/designsocialclub.com\/wp-content\/uploads\/2021\/08\/ENSEMBLE2-1.jpg?resize=640%2C482&#038;ssl=1\"  width=\"640\" height=\"482\" alt=\"\" title=\"\" data-recalc-dims=\"1\" \/><\/div><\/div><\/div><div class=\"section-text text-block align-center\" style=\"color:#ffffff;\"><p><span style=\"font-size: 14px\">.<\/span><\/p>\n<\/div><\/div><\/div><\/section><section  class=\"content-section full-width with-col cover no-padding no-margin    content-section-69deddca7deb5\"><div class=\"row vc_row-fluid\"><div class=\"wpb_column col-md-3 align-center\"><\/div><div class=\"wpb_column col-md-3\"><div class=\"section-text text-block \" ><div class=\"page\" title=\"Page 3\">\n<div class=\"layoutArea\">\n<div class=\"column\">\n<p><b>BELLY<\/b>, 2021 \/\u00a0S\u00e9rie Oasis<\/p>\n<p><span style=\"font-size: 14px\"><em><a href=\"https:\/\/designsocialclub.com\/index.php\/helloyou-designsocialclub-helloyou\/\" target=\"_blank\" rel=\"noopener noreferrer\">Prix sur demande<\/a><\/em><\/span><\/p>\n<\/div>\n<\/div>\n<\/div>\n<\/div><\/div><div class=\"wpb_column col-md-3\"><div class=\"section-text text-block \" ><div class=\"page\" title=\"Page 3\">\n<div class=\"layoutArea\">\n<div class=\"column\">\n<div class=\"page\" title=\"Page 43\">\n<div class=\"layoutArea\">\n<div class=\"column\">\n<p><em>Table<\/em><br \/>\nInox, dorure aluminium, verre<br \/>\nH : 75 X 140 cm<\/p>\n<\/div>\n<\/div>\n<\/div>\n<\/div>\n<\/div>\n<\/div>\n<\/div><\/div><div class=\"wpb_column col-md-3\"><\/div><\/div><\/section><section  class=\"content-section full-width with-col cover no-padding no-margin    content-section-69deddca7e805\"><div class=\"row vc_row-fluid\"><div class=\"wpb_column col-md-2 align-center\"><\/div><div class=\"wpb_column col-md-4\"><div class=\"section-text text-block \" ><div class=\"page\" title=\"Page 3\">\n<div class=\"layoutArea\">\n<div class=\"column\">\n<div class=\"page\" title=\"Page 33\">\n<div class=\"layoutArea\">\n<div class=\"column\">\n<div class=\"page\" title=\"Page 17\">\n<div class=\"layoutArea\">\n<div class=\"column\">\n<p style=\"text-align: right\"><i>Belly<\/i> est pour l\u2019oasis la strate interm\u00e9diaire celle qui offre nourriture en abondance par ces nombreux arbres fruitiers qui prosp\u00e8rent dans cet environnement prot\u00e9g\u00e9.<span class=\"Apple-converted-space\">\u00a0<\/span><\/p>\n<\/div>\n<\/div>\n<\/div>\n<\/div>\n<\/div>\n<\/div>\n<\/div>\n<\/div>\n<\/div>\n<\/div><\/div><div class=\"wpb_column col-md-4\"><div class=\"section-text text-block \" ><div class=\"page\" title=\"Page 10\">\n<div class=\"layoutArea\">\n<div class=\"column\">\n<p>D\u00e9pourvu de v\u00e9g\u00e9tation, hostile \u00e0 la moindre forme de vie, expos\u00e9 en permanence \u00e0 un soleil de plomb et balay\u00e9 par des vents dess\u00e9chants, le d\u00e9sert est un environnement extr\u00eame. Lieu mystique de la fuite, le d\u00e9sert ne stimule pas l\u2019imagination, mais en ce lieu o\u00f9 il n\u2019y a rien, c\u2019est la pens\u00e9e qui est mise \u00e0 rude \u00e9preuves. Une exp\u00e9rience qui r\u00e9v\u00e8le \u00e0 celui qui en revient un lien subtil entre un d\u00e9sert physique et psychologique. D\u00e9sert de sable ou vie d\u00e9sertique il peu \u00eatre tr\u00e8s loin ou bien tr\u00e8s proche. Dans un quotidien priv\u00e9 de sens, orchestr\u00e9 par une m\u00e9canique qui rejette le libre arbitre pour imposer des croyances orient\u00e9es par les peurs, les rep\u00e8res s\u2019effacent et les sensations s\u2019\u00e9vincent, il perturbe le chemin et dissipe le but. Bouscul\u00e9 par les mirages, le sens de la vie se dissout pour devenir \u00e0 son tour d\u00e9sertique et absurde. L\u2019oasis, illusion ou r\u00e9alit\u00e9, semble<span class=\"Apple-converted-space\">\u00a0 <\/span>se dessiner soudainement dans ce paysage chaotique. Une m\u00e9canique naturelle qui rassure et offre un climat fertile pour se retrouver. Un refuge dont la structure particuli\u00e8re surprend et rassure. Une m\u00e9canique bien orchestr\u00e9e qui offre abondance dans un milieu o\u00f9 rien ne prend vie. Obtenu par une symbiose de trois strates v\u00e9g\u00e9tales, la plus \u00e9lev\u00e9e, celle du palmier dattier, s\u2019ouvre comme un parasol dans ce milieu o\u00f9 l\u2019ensoleillement est terrible. A l\u2019ombre de cette canope pousse les arbres fruitiers qui en plus d\u2019offrir de g\u00e9n\u00e9reux fruits assure la protection de la derni\u00e8re strate, occup\u00e9e quant \u00e0 elle par un jardin vari\u00e9 o\u00f9 poussent c\u00e9r\u00e9ales et l\u00e9gumes.<span class=\"Apple-converted-space\">\u00a0<\/span><\/p>\n<p>Ce jouant de ces associations, la s\u00e9rie <i>Oasis<\/i> sugg\u00e8re une r\u00e9flexion sur une existence parfois d\u00e9sertique o\u00f9 se confondent mirages et r\u00e9alit\u00e9s. Une po\u00e9sie par l\u2019objet qui prend la forme syst\u00e9mique d\u2019un oasis et mime les diff\u00e9rentes strates qui le compose. Table, luminaire et tapis entres dans la salle \u00e0 manger comme un mirage qui \u00e9merveille par des couleurs et des mati\u00e8res au contour flou. Un cadre propice aux moments de partage qui comme la source d\u2019eau reste l\u2019\u00e9l\u00e9ment essentiel \u00e0 la naissance de cet<i> Oasis<\/i>.<span class=\"Apple-converted-space\">\u00a0<\/span><\/p>\n<\/div>\n<\/div>\n<\/div>\n<\/div><\/div><div class=\"wpb_column col-md-2\"><\/div><\/div><\/section><section  class=\"content-section full-width is-fluid cover no-padding no-margin    content-section-69deddca7f21c\"><div class=\"row vc_row-fluid\"><div class=\"wpb_column col-md-12 align-center\"><div class=\"section-text text-block align-center\" style=\"color:#ffffff;\"><p>.<\/p>\n<\/div><\/div><\/div><\/section><section  class=\"content-section full-width is-fluid cover no-padding no-margin    content-section-69deddca7f302\"><div class=\"row vc_row-fluid\"><div class=\"wpb_column col-md-12 align-center\"><div class=\"section-text text-block align-center\" style=\"color:#ffffff;\"><p>www.designsocialclub.com<\/p>\n<\/div><\/div><\/div><\/section>\n","protected":false},"excerpt":{"rendered":". BELLY, 2021 \/\u00a0S\u00e9rie Oasis Prix sur demande Table Inox, dorure aluminium, verre H : 75 X 140 cm Belly est pour l\u2019oasis la strate interm\u00e9diaire celle qui offre nourriture en abondance par ces nombreux arbres fruitiers qui prosp\u00e8rent dans cet environnement prot\u00e9g\u00e9.\u00a0 D\u00e9pourvu de v\u00e9g\u00e9tation, hostile \u00e0 la moindre forme de vie, expos\u00e9 en","protected":false},"author":1,"featured_media":0,"parent":0,"menu_order":0,"comment_status":"closed","ping_status":"closed","template":"","meta":{"jetpack_post_was_ever_published":false},"yoast_head":"<!-- This site is optimized with the Yoast SEO plugin v20.8 - https:\/\/yoast.com\/wordpress\/plugins\/seo\/ -->\n<title>Design Social Club - BELLY, 2021 \/ S\u00e9rie Oasis - Design Social Club<\/title>\n<meta name=\"description\" content=\"Belly est pour l\u2019oasis la strate interm\u00e9diaire celle qui offre nourriture en abondance par ces nombreux arbres fruitiers qui prosp\u00e8rent...\" \/>\n<meta name=\"robots\" content=\"index, follow, max-snippet:-1, max-image-preview:large, max-video-preview:-1\" \/>\n<link rel=\"canonical\" href=\"https:\/\/designsocialclub.com\/index.php\/belly-designsocialclub-belly\/\" \/>\n<meta property=\"og:locale\" content=\"fr_FR\" \/>\n<meta property=\"og:type\" content=\"article\" \/>\n<meta property=\"og:title\" content=\"Design Social Club - BELLY, 2021 \/ S\u00e9rie Oasis - Design Social Club\" \/>\n<meta property=\"og:description\" content=\"Belly est pour l\u2019oasis la strate interm\u00e9diaire celle qui offre nourriture en abondance par ces nombreux arbres fruitiers qui prosp\u00e8rent...\" \/>\n<meta property=\"og:url\" content=\"https:\/\/designsocialclub.com\/index.php\/belly-designsocialclub-belly\/\" \/>\n<meta property=\"og:site_name\" content=\"Design Social Club\" \/>\n<meta property=\"article:modified_time\" content=\"2021-08-28T21:17:55+00:00\" \/>\n<meta property=\"og:image\" content=\"http:\/\/designsocialclub.com\/wp-content\/uploads\/2018\/04\/turn-right-arrow-with-broken-line.png\" \/>\n<meta name=\"twitter:card\" content=\"summary_large_image\" \/>\n<meta name=\"twitter:label1\" content=\"Dur\u00e9e de lecture estim\u00e9e\" \/>\n\t<meta name=\"twitter:data1\" content=\"4 minutes\" \/>\n<script type=\"application\/ld+json\" class=\"yoast-schema-graph\">{\"@context\":\"https:\/\/schema.org\",\"@graph\":[{\"@type\":\"WebPage\",\"@id\":\"https:\/\/designsocialclub.com\/index.php\/belly-designsocialclub-belly\/\",\"url\":\"https:\/\/designsocialclub.com\/index.php\/belly-designsocialclub-belly\/\",\"name\":\"Design Social Club - BELLY, 2021 \/ S\u00e9rie Oasis - Design Social Club\",\"isPartOf\":{\"@id\":\"https:\/\/designsocialclub.com\/#website\"},\"datePublished\":\"2021-08-28T20:05:51+00:00\",\"dateModified\":\"2021-08-28T21:17:55+00:00\",\"description\":\"Belly est pour l\u2019oasis la strate interm\u00e9diaire celle qui offre nourriture en abondance par ces nombreux arbres fruitiers qui prosp\u00e8rent...\",\"breadcrumb\":{\"@id\":\"https:\/\/designsocialclub.com\/index.php\/belly-designsocialclub-belly\/#breadcrumb\"},\"inLanguage\":\"fr-FR\",\"potentialAction\":[{\"@type\":\"ReadAction\",\"target\":[\"https:\/\/designsocialclub.com\/index.php\/belly-designsocialclub-belly\/\"]}]},{\"@type\":\"BreadcrumbList\",\"@id\":\"https:\/\/designsocialclub.com\/index.php\/belly-designsocialclub-belly\/#breadcrumb\",\"itemListElement\":[{\"@type\":\"ListItem\",\"position\":1,\"name\":\"Accueil\",\"item\":\"https:\/\/designsocialclub.com\/\"},{\"@type\":\"ListItem\",\"position\":2,\"name\":\"BELLY &#8211; Design Social Club &#8211; BELLY\"}]},{\"@type\":\"WebSite\",\"@id\":\"https:\/\/designsocialclub.com\/#website\",\"url\":\"https:\/\/designsocialclub.com\/\",\"name\":\"Design Social Club\",\"description\":\"Manufacture abstraite pour objets concrets\",\"potentialAction\":[{\"@type\":\"SearchAction\",\"target\":{\"@type\":\"EntryPoint\",\"urlTemplate\":\"https:\/\/designsocialclub.com\/?s={search_term_string}\"},\"query-input\":\"required name=search_term_string\"}],\"inLanguage\":\"fr-FR\"}]}<\/script>\n<!-- \/ Yoast SEO plugin. -->","yoast_head_json":{"title":"Design Social Club - BELLY, 2021 \/ S\u00e9rie Oasis - Design Social Club","description":"Belly est pour l\u2019oasis la strate interm\u00e9diaire celle qui offre nourriture en abondance par ces nombreux arbres fruitiers qui prosp\u00e8rent...","robots":{"index":"index","follow":"follow","max-snippet":"max-snippet:-1","max-image-preview":"max-image-preview:large","max-video-preview":"max-video-preview:-1"},"canonical":"https:\/\/designsocialclub.com\/index.php\/belly-designsocialclub-belly\/","og_locale":"fr_FR","og_type":"article","og_title":"Design Social Club - BELLY, 2021 \/ S\u00e9rie Oasis - Design Social Club","og_description":"Belly est pour l\u2019oasis la strate interm\u00e9diaire celle qui offre nourriture en abondance par ces nombreux arbres fruitiers qui prosp\u00e8rent...","og_url":"https:\/\/designsocialclub.com\/index.php\/belly-designsocialclub-belly\/","og_site_name":"Design Social Club","article_modified_time":"2021-08-28T21:17:55+00:00","og_image":[{"url":"http:\/\/designsocialclub.com\/wp-content\/uploads\/2018\/04\/turn-right-arrow-with-broken-line.png"}],"twitter_card":"summary_large_image","twitter_misc":{"Dur\u00e9e de lecture estim\u00e9e":"4 minutes"},"schema":{"@context":"https:\/\/schema.org","@graph":[{"@type":"WebPage","@id":"https:\/\/designsocialclub.com\/index.php\/belly-designsocialclub-belly\/","url":"https:\/\/designsocialclub.com\/index.php\/belly-designsocialclub-belly\/","name":"Design Social Club - BELLY, 2021 \/ S\u00e9rie Oasis - Design Social Club","isPartOf":{"@id":"https:\/\/designsocialclub.com\/#website"},"datePublished":"2021-08-28T20:05:51+00:00","dateModified":"2021-08-28T21:17:55+00:00","description":"Belly est pour l\u2019oasis la strate interm\u00e9diaire celle qui offre nourriture en abondance par ces nombreux arbres fruitiers qui prosp\u00e8rent...","breadcrumb":{"@id":"https:\/\/designsocialclub.com\/index.php\/belly-designsocialclub-belly\/#breadcrumb"},"inLanguage":"fr-FR","potentialAction":[{"@type":"ReadAction","target":["https:\/\/designsocialclub.com\/index.php\/belly-designsocialclub-belly\/"]}]},{"@type":"BreadcrumbList","@id":"https:\/\/designsocialclub.com\/index.php\/belly-designsocialclub-belly\/#breadcrumb","itemListElement":[{"@type":"ListItem","position":1,"name":"Accueil","item":"https:\/\/designsocialclub.com\/"},{"@type":"ListItem","position":2,"name":"BELLY &#8211; Design Social Club &#8211; BELLY"}]},{"@type":"WebSite","@id":"https:\/\/designsocialclub.com\/#website","url":"https:\/\/designsocialclub.com\/","name":"Design Social Club","description":"Manufacture abstraite pour objets concrets","potentialAction":[{"@type":"SearchAction","target":{"@type":"EntryPoint","urlTemplate":"https:\/\/designsocialclub.com\/?s={search_term_string}"},"query-input":"required name=search_term_string"}],"inLanguage":"fr-FR"}]}},"jetpack_sharing_enabled":true,"jetpack_shortlink":"https:\/\/wp.me\/P8jKvp-9rq","_links":{"self":[{"href":"https:\/\/designsocialclub.com\/index.php\/wp-json\/wp\/v2\/pages\/36296"}],"collection":[{"href":"https:\/\/designsocialclub.com\/index.php\/wp-json\/wp\/v2\/pages"}],"about":[{"href":"https:\/\/designsocialclub.com\/index.php\/wp-json\/wp\/v2\/types\/page"}],"author":[{"embeddable":true,"href":"https:\/\/designsocialclub.com\/index.php\/wp-json\/wp\/v2\/users\/1"}],"replies":[{"embeddable":true,"href":"https:\/\/designsocialclub.com\/index.php\/wp-json\/wp\/v2\/comments?post=36296"}],"version-history":[{"count":5,"href":"https:\/\/designsocialclub.com\/index.php\/wp-json\/wp\/v2\/pages\/36296\/revisions"}],"predecessor-version":[{"id":36340,"href":"https:\/\/designsocialclub.com\/index.php\/wp-json\/wp\/v2\/pages\/36296\/revisions\/36340"}],"wp:attachment":[{"href":"https:\/\/designsocialclub.com\/index.php\/wp-json\/wp\/v2\/media?parent=36296"}],"curies":[{"name":"wp","href":"https:\/\/api.w.org\/{rel}","templated":true}]}}