{"id":4228,"date":"2018-04-08T13:31:02","date_gmt":"2018-04-08T12:31:02","guid":{"rendered":"http:\/\/designsocialclub.com\/?page_id=4228"},"modified":"2021-08-30T07:40:29","modified_gmt":"2021-08-30T06:40:29","slug":"welcome-design-social-club-welcome-2","status":"publish","type":"page","link":"https:\/\/designsocialclub.com\/","title":{"rendered":"Bonjour &#8211; Design Social Club &#8211; Bonjour"},"content":{"rendered":"<section  class=\"content-section full-width with-col cover no-padding no-margin    content-section-69fb26da2f8f2\"><div class=\"row vc_row-fluid\"><div class=\"wpb_column col-md-12 align-center\"><div class=\"section-text text-block \" style=\"color:rgba(242,242,242,0.01);\"><p><span style=\"font-size: 8px\">.<\/span><\/p>\n<\/div><\/div><\/div><\/section><section  class=\"content-section full-width with-col cover no-padding no-margin    content-section-69fb26da2fabe\"><div class=\"row vc_row-fluid\"><div class=\"wpb_column col-md-3 align-center\"><\/div><div class=\"wpb_column col-md-3 wow bounceInLeft\" data-wow-delay=\"2s\" data-wow-duration=\"6s\"><div class=\"section-text text-block align-center\" ><p><a href=\"http:\/\/designsocialclub.com\/index.php\/projects-designsocialclub-projects\/\"><img loading=\"lazy\" class=\"aligncenter wp-image-5033\" src=\"https:\/\/i0.wp.com\/designsocialclub.com\/wp-content\/uploads\/2019\/05\/Sans-titre-1.png?resize=417%2C140\" alt=\"\" width=\"417\" height=\"140\" data-recalc-dims=\"1\" \/><\/a><\/p>\n<\/div><\/div><div class=\"wpb_column col-md-3 wow bounceInRight\" data-wow-delay=\"3s\" data-wow-duration=\"6s\"><div class=\"section-text text-block align-right\" ><p><a href=\"https:\/\/designsocialclub.com\/index.php\/info-designsocialclub-info\/\"><img loading=\"lazy\" class=\"aligncenter wp-image-5034\" src=\"https:\/\/i0.wp.com\/designsocialclub.com\/wp-content\/uploads\/2019\/05\/e.png?resize=445%2C140\" alt=\"\" width=\"445\" height=\"140\" data-recalc-dims=\"1\" \/><\/a><\/p>\n<\/div><\/div><div class=\"wpb_column col-md-3\"><\/div><\/div><\/section><section  class=\"content-section full-width with-col cover no-padding no-margin    content-section-69fb26da2fd61\"><div class=\"row vc_row-fluid\"><div class=\"wpb_column col-md-3 wow bounceInLeft\" data-wow-delay=\"2s\" data-wow-duration=\"6s\"><\/div><div class=\"wpb_column col-md-6\"><div class=\"section-text text-block \" ><p><a href=\"http:\/\/designsocialclub.com\/index.php\/about-designsocialclub-about\/\"><img loading=\"lazy\" class=\"aligncenter wp-image-5035\" src=\"https:\/\/i0.wp.com\/designsocialclub.com\/wp-content\/uploads\/2019\/05\/a.png?resize=119%2C55\" alt=\"\" width=\"119\" height=\"55\" data-recalc-dims=\"1\" \/><\/a><\/p>\n<\/div><\/div><div class=\"wpb_column col-md-3\"><\/div><\/div><\/section><section  class=\"content-section full-width with-col cover no-padding no-margin    content-section-69fb26da2fed2\"><div class=\"row vc_row-fluid\"><div class=\"wpb_column col-md-12\"><div class=\"section-text text-block \" ><p><img loading=\"lazy\" class=\"aligncenter wp-image-5045\" src=\"https:\/\/i0.wp.com\/designsocialclub.com\/wp-content\/uploads\/2019\/05\/LOGOblack.png?resize=277%2C290\" alt=\"\" width=\"277\" height=\"290\" data-recalc-dims=\"1\" \/><\/p>\n<\/div><\/div><\/div><\/section><section  class=\"content-section full-width with-col cover no-padding no-margin    content-section-69fb26da2ffc8\"><div class=\"row vc_row-fluid\"><div class=\"wpb_column col-md-3 align-center\"><div class=\"section-text text-block \" style=\"color:rgba(242,242,242,0.01);\"><p><span style=\"font-size: 8px\">Design Social Club, bonjour !<\/span><\/p>\n<\/div><\/div><div class=\"wpb_column col-md-3 wow bounceInLeft\" data-wow-delay=\"2s\" data-wow-duration=\"6s\"><div class=\"section-text text-block align-right\" ><p><a href=\"https:\/\/designsocialclub.com\/index.php\/store-2\/\" target=\"_blank\" rel=\"noopener noreferrer\"><img loading=\"lazy\" class=\"aligncenter wp-image-5210\" src=\"https:\/\/i0.wp.com\/designsocialclub.com\/wp-content\/uploads\/2019\/06\/store.png?resize=195%2C80&#038;ssl=1\" alt=\"\" width=\"195\" height=\"80\" data-recalc-dims=\"1\" \/><\/a><\/p>\n<\/div><\/div><div class=\"wpb_column col-md-3 wow bounceInRight\" data-wow-delay=\"2s\" data-wow-duration=\"6s\"><div class=\"section-text text-block \" ><p><a href=\"http:\/\/designsocialclub.com\/index.php\/helloyou-designsocialclub-helloyou\/\"><img loading=\"lazy\" class=\"aligncenter wp-image-5036\" src=\"https:\/\/i0.wp.com\/designsocialclub.com\/wp-content\/uploads\/2019\/05\/c.png?resize=425%2C140\" alt=\"\" width=\"425\" height=\"140\" data-recalc-dims=\"1\" \/><\/a><\/p>\n<\/div><\/div><div class=\"wpb_column col-md-3\"><div class=\"section-text text-block \" style=\"color:#f2f2f2;\"><p><a href=\"http:\/\/designsocialclub.com\/index.php\/welcome-design-social-club-welcome\/\"><img loading=\"lazy\" class=\"aligncenter wp-image-4648\" src=\"https:\/\/i0.wp.com\/designsocialclub.com\/wp-content\/uploads\/2018\/04\/french.png?resize=100%2C50\" alt=\"\" width=\"100\" height=\"50\" data-recalc-dims=\"1\" \/><\/a><\/p>\n<\/div><\/div><\/div><\/section><section  class=\"content-section full-width with-col cover no-padding no-margin    content-section-69fb26da303a7\"><div class=\"row vc_row-fluid\"><div class=\"wpb_column col-md-12 align-center\"><div class=\"section-text text-block \" style=\"color:#ffffff;\"><div class=\"page\" title=\"Page 45\">\n<div class=\"layoutArea\">\n<div class=\"column\">\n<p style=\"text-align: center\">www.designsocialclub.com<br \/>\n<span style=\"color: #ffffff\"><a style=\"color: #ffffff\" href=\"https:\/\/designsocialclub.com\/index.php\/mentionslegales\/\" target=\"_blank\" rel=\"noopener noreferrer\">Mentions l\u00e9gales<\/a><a style=\"color: #ffffff\" href=\"https:\/\/designsocialclub.com\/index.php\/mentionslegales\/\" target=\"_blank\" rel=\"noopener noreferrer\">\u00a0 \/ <\/a><a style=\"color: #ffffff\" href=\"https:\/\/designsocialclub.com\/index.php\/legal\/\" target=\"_blank\" rel=\"noopener noreferrer\">CGV<\/a>\u00a0\/ <a style=\"color: #ffffff\" href=\"https:\/\/designsocialclub.com\/index.php\/droitderetractation\/\" target=\"_blank\" rel=\"noopener noreferrer\">Formulaire de r\u00e9tractation<\/a>\u00a0\/ <a style=\"color: #ffffff\" href=\"https:\/\/designsocialclub.com\/index.php\/politique-de-confidentialite\/\" target=\"_blank\" rel=\"noopener noreferrer\">Politique de confidentialit\u00e9<\/a><\/span><br \/>\nDesignSocialClub\u00a92019<\/p>\n<\/div>\n<\/div>\n<\/div>\n<\/div><\/div><\/div><\/section>\n","protected":false},"excerpt":{"rendered":". Design Social Club, bonjour ! www.designsocialclub.com Mentions l\u00e9gales\u00a0 \/ CGV\u00a0\/ Formulaire de r\u00e9tractation\u00a0\/ Politique de confidentialit\u00e9 DesignSocialClub\u00a92019","protected":false},"author":1,"featured_media":0,"parent":0,"menu_order":0,"comment_status":"closed","ping_status":"closed","template":"","meta":{"jetpack_post_was_ever_published":false},"yoast_head":"<!-- This site is optimized with the Yoast SEO plugin v20.8 - https:\/\/yoast.com\/wordpress\/plugins\/seo\/ -->\n<title>Design Social Club - Manufacture abstraite pour objets concrets<\/title>\n<meta name=\"description\" content=\"Le Design Social Club est une unit\u00e9 de production pluridisciplinaire d\u00e9di\u00e9e \u00e0 l\u2019exp\u00e9rimentation de pistes permettant d\u2019am\u00e9liorer la qualit\u00e9 de vie.\" \/>\n<meta name=\"robots\" content=\"index, follow, max-snippet:-1, max-image-preview:large, max-video-preview:-1\" \/>\n<link rel=\"canonical\" href=\"https:\/\/designsocialclub.com\/\" \/>\n<meta property=\"og:locale\" content=\"fr_FR\" \/>\n<meta property=\"og:type\" content=\"article\" \/>\n<meta property=\"og:title\" content=\"Design Social Club - Manufacture abstraite pour objets concrets\" \/>\n<meta property=\"og:description\" content=\"Le Design Social Club est une unit\u00e9 de production pluridisciplinaire d\u00e9di\u00e9e \u00e0 l\u2019exp\u00e9rimentation de pistes permettant d\u2019am\u00e9liorer la qualit\u00e9 de vie.\" \/>\n<meta property=\"og:url\" content=\"https:\/\/designsocialclub.com\/\" \/>\n<meta property=\"og:site_name\" content=\"Design Social Club\" \/>\n<meta property=\"article:modified_time\" content=\"2021-08-30T06:40:29+00:00\" \/>\n<meta property=\"og:image\" content=\"http:\/\/designsocialclub.com\/wp-content\/uploads\/2019\/05\/Sans-titre-1.png\" \/>\n<meta name=\"twitter:card\" content=\"summary_large_image\" \/>\n<meta name=\"twitter:label1\" content=\"Dur\u00e9e de lecture estim\u00e9e\" \/>\n\t<meta name=\"twitter:data1\" content=\"1 minute\" \/>\n<script type=\"application\/ld+json\" class=\"yoast-schema-graph\">{\"@context\":\"https:\/\/schema.org\",\"@graph\":[{\"@type\":\"WebPage\",\"@id\":\"https:\/\/designsocialclub.com\/\",\"url\":\"https:\/\/designsocialclub.com\/\",\"name\":\"Design Social Club - Manufacture abstraite pour objets concrets\",\"isPartOf\":{\"@id\":\"https:\/\/designsocialclub.com\/#website\"},\"datePublished\":\"2018-04-08T12:31:02+00:00\",\"dateModified\":\"2021-08-30T06:40:29+00:00\",\"description\":\"Le Design Social Club est une unit\u00e9 de production pluridisciplinaire d\u00e9di\u00e9e \u00e0 l\u2019exp\u00e9rimentation de pistes permettant d\u2019am\u00e9liorer la qualit\u00e9 de vie.\",\"breadcrumb\":{\"@id\":\"https:\/\/designsocialclub.com\/#breadcrumb\"},\"inLanguage\":\"fr-FR\",\"potentialAction\":[{\"@type\":\"ReadAction\",\"target\":[\"https:\/\/designsocialclub.com\/\"]}]},{\"@type\":\"BreadcrumbList\",\"@id\":\"https:\/\/designsocialclub.com\/#breadcrumb\",\"itemListElement\":[{\"@type\":\"ListItem\",\"position\":1,\"name\":\"Accueil\",\"item\":\"https:\/\/designsocialclub.com\/\"},{\"@type\":\"ListItem\",\"position\":2,\"name\":\"Bonjour &#8211; Design Social Club &#8211; Bonjour\"}]},{\"@type\":\"WebSite\",\"@id\":\"https:\/\/designsocialclub.com\/#website\",\"url\":\"https:\/\/designsocialclub.com\/\",\"name\":\"Design Social Club\",\"description\":\"Manufacture abstraite pour objets concrets\",\"potentialAction\":[{\"@type\":\"SearchAction\",\"target\":{\"@type\":\"EntryPoint\",\"urlTemplate\":\"https:\/\/designsocialclub.com\/?s={search_term_string}\"},\"query-input\":\"required name=search_term_string\"}],\"inLanguage\":\"fr-FR\"}]}<\/script>\n<!-- \/ Yoast SEO plugin. -->","yoast_head_json":{"title":"Design Social Club - Manufacture abstraite pour objets concrets","description":"Le Design Social Club est une unit\u00e9 de production pluridisciplinaire d\u00e9di\u00e9e \u00e0 l\u2019exp\u00e9rimentation de pistes permettant d\u2019am\u00e9liorer la qualit\u00e9 de vie.","robots":{"index":"index","follow":"follow","max-snippet":"max-snippet:-1","max-image-preview":"max-image-preview:large","max-video-preview":"max-video-preview:-1"},"canonical":"https:\/\/designsocialclub.com\/","og_locale":"fr_FR","og_type":"article","og_title":"Design Social Club - Manufacture abstraite pour objets concrets","og_description":"Le Design Social Club est une unit\u00e9 de production pluridisciplinaire d\u00e9di\u00e9e \u00e0 l\u2019exp\u00e9rimentation de pistes permettant d\u2019am\u00e9liorer la qualit\u00e9 de vie.","og_url":"https:\/\/designsocialclub.com\/","og_site_name":"Design Social Club","article_modified_time":"2021-08-30T06:40:29+00:00","og_image":[{"url":"http:\/\/designsocialclub.com\/wp-content\/uploads\/2019\/05\/Sans-titre-1.png"}],"twitter_card":"summary_large_image","twitter_misc":{"Dur\u00e9e de lecture estim\u00e9e":"1 minute"},"schema":{"@context":"https:\/\/schema.org","@graph":[{"@type":"WebPage","@id":"https:\/\/designsocialclub.com\/","url":"https:\/\/designsocialclub.com\/","name":"Design Social Club - Manufacture abstraite pour objets concrets","isPartOf":{"@id":"https:\/\/designsocialclub.com\/#website"},"datePublished":"2018-04-08T12:31:02+00:00","dateModified":"2021-08-30T06:40:29+00:00","description":"Le Design Social Club est une unit\u00e9 de production pluridisciplinaire d\u00e9di\u00e9e \u00e0 l\u2019exp\u00e9rimentation de pistes permettant d\u2019am\u00e9liorer la qualit\u00e9 de vie.","breadcrumb":{"@id":"https:\/\/designsocialclub.com\/#breadcrumb"},"inLanguage":"fr-FR","potentialAction":[{"@type":"ReadAction","target":["https:\/\/designsocialclub.com\/"]}]},{"@type":"BreadcrumbList","@id":"https:\/\/designsocialclub.com\/#breadcrumb","itemListElement":[{"@type":"ListItem","position":1,"name":"Accueil","item":"https:\/\/designsocialclub.com\/"},{"@type":"ListItem","position":2,"name":"Bonjour &#8211; Design Social Club &#8211; Bonjour"}]},{"@type":"WebSite","@id":"https:\/\/designsocialclub.com\/#website","url":"https:\/\/designsocialclub.com\/","name":"Design Social Club","description":"Manufacture abstraite pour objets concrets","potentialAction":[{"@type":"SearchAction","target":{"@type":"EntryPoint","urlTemplate":"https:\/\/designsocialclub.com\/?s={search_term_string}"},"query-input":"required name=search_term_string"}],"inLanguage":"fr-FR"}]}},"jetpack_sharing_enabled":true,"jetpack_shortlink":"https:\/\/wp.me\/P8jKvp-16c","_links":{"self":[{"href":"https:\/\/designsocialclub.com\/index.php\/wp-json\/wp\/v2\/pages\/4228"}],"collection":[{"href":"https:\/\/designsocialclub.com\/index.php\/wp-json\/wp\/v2\/pages"}],"about":[{"href":"https:\/\/designsocialclub.com\/index.php\/wp-json\/wp\/v2\/types\/page"}],"author":[{"embeddable":true,"href":"https:\/\/designsocialclub.com\/index.php\/wp-json\/wp\/v2\/users\/1"}],"replies":[{"embeddable":true,"href":"https:\/\/designsocialclub.com\/index.php\/wp-json\/wp\/v2\/comments?post=4228"}],"version-history":[{"count":122,"href":"https:\/\/designsocialclub.com\/index.php\/wp-json\/wp\/v2\/pages\/4228\/revisions"}],"predecessor-version":[{"id":36157,"href":"https:\/\/designsocialclub.com\/index.php\/wp-json\/wp\/v2\/pages\/4228\/revisions\/36157"}],"wp:attachment":[{"href":"https:\/\/designsocialclub.com\/index.php\/wp-json\/wp\/v2\/media?parent=4228"}],"curies":[{"name":"wp","href":"https:\/\/api.w.org\/{rel}","templated":true}]}}