{"id":4302,"date":"2018-04-08T14:00:34","date_gmt":"2018-04-08T13:00:34","guid":{"rendered":"http:\/\/designsocialclub.com\/?page_id=4302"},"modified":"2021-08-28T21:22:15","modified_gmt":"2021-08-28T20:22:15","slug":"projects-designsocialclub-projects","status":"publish","type":"page","link":"https:\/\/designsocialclub.com\/index.php\/projects-designsocialclub-projects\/","title":{"rendered":"Projects &#8211; Design Social Club &#8211; Projects"},"content":{"rendered":"<section  class=\"content-section full-width is-fluid cover no-padding no-margin    content-section-69debb370d368\"><div class=\"row vc_row-fluid\"><div class=\"wpb_column col-md-12 align-center\"><div class=\"section-text text-block \" ><p><span style=\"font-size: 20px\">.<\/span><\/p>\n<\/div><\/div><\/div><\/section><section  class=\"content-section full-width with-col cover no-padding no-margin    content-section-69debb370d5b7\"><div class=\"row vc_row-fluid\"><div class=\"wpb_column col-md-3 align-center wow fadeInDown\" data-wow-delay=\"3s\" data-wow-duration=\"8s\"><div class=\"section-text text-block \" ><p><a href=\"http:\/\/designsocialclub.com\/\"><img loading=\"lazy\" class=\"aligncenter wp-image-4391\" src=\"https:\/\/i0.wp.com\/designsocialclub.com\/wp-content\/uploads\/2018\/04\/turn-right-arrow-with-broken-line.png?resize=78%2C78\" alt=\"\" width=\"78\" height=\"78\" data-recalc-dims=\"1\" \/><\/a><\/p>\n<\/div><\/div><div class=\"wpb_column col-md-3\"><div class=\"section-text text-block align-center\" ><p><img loading=\"lazy\" class=\"wp-image-5033 aligncenter\" src=\"https:\/\/i0.wp.com\/designsocialclub.com\/wp-content\/uploads\/2019\/05\/Sans-titre-1.png?resize=417%2C140\" alt=\"\" width=\"417\" height=\"140\" data-recalc-dims=\"1\" \/><\/p>\n<\/div><\/div><div class=\"wpb_column col-md-3 wow fadeInDown\" data-wow-delay=\"3s\" data-wow-duration=\"3s\"><\/div><div class=\"wpb_column col-md-3\"><\/div><\/div><\/section><section  class=\"content-section full-width is-fluid cover no-padding no-margin    content-section-69debb370d813\"><div class=\"row vc_row-fluid\"><div class=\"wpb_column col-md-3 align-center\"><\/div><div class=\"wpb_column col-md-3\"><div class=\"section-text text-block \" ><p>.<\/p>\n<\/div><\/div><div class=\"wpb_column col-md-3 wow fadeInDown\" data-wow-delay=\"3s\" data-wow-duration=\"3s\"><\/div><div class=\"wpb_column col-md-3\"><\/div><\/div><\/section><section  class=\"content-section full-width with-col cover no-padding no-margin    content-section-69debb370d8fe\"><div class=\"row vc_row-fluid\"><div class=\"wpb_column col-md-2\"><\/div><div class=\"wpb_column col-md-4\"><div  class=\"full-block align-center\" ><a href=\"https:\/\/designsocialclub.com\/index.php\/belly-designsocialclub-belly\/\" title=\"BELLY\"><img src=\"https:\/\/i0.wp.com\/designsocialclub.com\/wp-content\/uploads\/2021\/08\/BELLY1-copie.jpg?resize=640%2C640&#038;ssl=1\"  width=\"640\" height=\"640\" alt=\"\" title=\"\" data-recalc-dims=\"1\" \/><\/a><\/div><div class=\"section-text text-block \" ><p><strong>BELLY\/Oasis.\u00a0<\/strong>Design Social Club 2021 \u00a0<a href=\"https:\/\/designsocialclub.com\/index.php\/belly-designsocialclub-belly\/\">+<\/a><\/p>\n<\/div><div  class=\"full-block align-center\" ><a href=\"https:\/\/designsocialclub.com\/index.php\/dog-biscuit-ceremony-set-design-social-club-dog-biscuit-ceremony-set\/\" title=\"Dog Biscuit Ceremony Set \u2013 Design Social Club \u2013 Dog Biscuit Ceremony Set\"><img src=\"https:\/\/i0.wp.com\/designsocialclub.com\/wp-content\/uploads\/2020\/07\/DC1C-copie.jpg?resize=640%2C640&#038;ssl=1\"  width=\"640\" height=\"640\" alt=\"\" title=\"\" data-recalc-dims=\"1\" \/><\/a><\/div><div class=\"section-text text-block \" ><p><strong>Ceremony Set \/ Dog Biscuit Ceremony.\u00a0<\/strong>Design Social Club 2020 \u00a0<a href=\"https:\/\/designsocialclub.com\/index.php\/dog-biscuit-ceremony-set-design-social-club-dog-biscuit-ceremony-set\/\">+<\/a><\/p>\n<\/div><div  class=\"full-block align-center\" ><a href=\"http:\/\/designsocialclub.com\/index.php\/masitawesi-designsocialclub-masitawesi\/\"><img src=\"https:\/\/i0.wp.com\/designsocialclub.com\/wp-content\/uploads\/2018\/04\/IMG_E1645-copie-1.jpg?resize=640%2C643&#038;ssl=1\"  width=\"640\" height=\"643\" alt=\"\" title=\"\" data-recalc-dims=\"1\" \/><\/a><\/div><div class=\"section-text text-block \" ><p><strong>MASITAWESI\/Open room 102.\u00a0<\/strong>Design Social Club 2018 \u00a0<a href=\"http:\/\/designsocialclub.com\/index.php\/masitawesi-designsocialclub-masitawesi\/\">+<\/a><\/p>\n<\/div><div  class=\"full-block align-center\" ><a href=\"https:\/\/designsocialclub.com\/index.php\/superponcho-designsocialclub-superponcho-2\/\"><img src=\"https:\/\/i0.wp.com\/designsocialclub.com\/wp-content\/uploads\/2020\/10\/SP12D-copie.jpg?resize=640%2C639&#038;ssl=1\"  width=\"640\" height=\"639\" alt=\"\" title=\"\" data-recalc-dims=\"1\" \/><\/a><\/div><div class=\"section-text text-block \" ><p><strong>Super Poncho.\u00a0<\/strong>Design Social Club X The Natural Studio 2020 \u00a0<a href=\"https:\/\/designsocialclub.com\/index.php\/superponcho-designsocialclub-superponcho-2\/\">+<\/a><\/p>\n<\/div><div  class=\"full-block align-center\" ><a href=\"https:\/\/designsocialclub.com\/index.php\/grass-designsocialclub-grass\/\"><img src=\"https:\/\/i0.wp.com\/designsocialclub.com\/wp-content\/uploads\/2021\/08\/GRASS1-1.jpg?resize=640%2C640&#038;ssl=1\"  width=\"640\" height=\"640\" alt=\"\" title=\"\" data-recalc-dims=\"1\" \/><\/a><\/div><div class=\"section-text text-block \" ><p><strong>GRASS.\u00a0<\/strong>Design Social Club 2021 \u00a0<a href=\"https:\/\/designsocialclub.com\/index.php\/grass-designsocialclub-grass\/\">+<\/a><\/p>\n<\/div><div  class=\"full-block align-center\" ><a href=\"https:\/\/designsocialclub.com\/index.php\/deviantshow-designsocialclub-deviantshow\/\"><img src=\"https:\/\/i0.wp.com\/designsocialclub.com\/wp-content\/uploads\/2019\/06\/DEVIANT1-copie.jpg?resize=640%2C640&#038;ssl=1\"  width=\"640\" height=\"640\" alt=\"\" title=\"\" data-recalc-dims=\"1\" \/><\/a><\/div><div class=\"section-text text-block \" ><p><strong>Deviant Show\/Modern Circus.\u00a0<\/strong>Design Social Club X Bruno Knop 2018 \u00a0<a href=\"https:\/\/designsocialclub.com\/index.php\/deviantshow-designsocialclub-deviantshow\/\">+<\/a><\/p>\n<\/div><div  class=\"full-block align-center\" ><a href=\"http:\/\/designsocialclub.com\/index.php\/99h99-designsocialclub-99h99\/\"><img src=\"https:\/\/i0.wp.com\/designsocialclub.com\/wp-content\/uploads\/2018\/03\/IMG_8958-copie.jpg?resize=640%2C639&#038;ssl=1\"  width=\"640\" height=\"639\" alt=\"\" title=\"\" data-recalc-dims=\"1\" \/><\/a><\/div><div class=\"section-text text-block \" ><p><strong>99H99\/Objets Rituels.\u00a0<\/strong>Design Social Club 2017 \u00a0<a href=\"http:\/\/designsocialclub.com\/index.php\/99h99-designsocialclub-99h99\/\">+ <\/a><\/p>\n<\/div><div  class=\"full-block align-center\" ><a href=\"http:\/\/designsocialclub.com\/index.php\/stoop-designsocialclub-stoop\/\"><img src=\"https:\/\/i0.wp.com\/designsocialclub.com\/wp-content\/uploads\/2018\/03\/IMG_5151-copie.jpg?resize=640%2C632&#038;ssl=1\"  width=\"640\" height=\"632\" alt=\"\" title=\"\" data-recalc-dims=\"1\" \/><\/a><\/div><div class=\"section-text text-block \" ><p><strong>STOOP\/In Front.\u00a0<\/strong>Design Social Club 2016 \u00a0<a href=\"http:\/\/designsocialclub.com\/index.php\/stoop-designsocialclub-stoop\/\">+ <\/a><\/p>\n<\/div><div  class=\"full-block align-center\" ><a href=\"http:\/\/designsocialclub.com\/index.php\/anityadukkha-designsocialclub-anityadukkha\/\"><img src=\"https:\/\/i0.wp.com\/designsocialclub.com\/wp-content\/uploads\/2018\/03\/MG_1595_PRINT-copie.jpg?resize=640%2C641&#038;ssl=1\"  width=\"640\" height=\"641\" alt=\"\" title=\"\" data-recalc-dims=\"1\" \/><\/a><\/div><div class=\"section-text text-block \" ><p><strong>ANITYA DUKKHA\/Japa.\u00a0<\/strong>Design Social Club 2015 \u00a0<a href=\"http:\/\/designsocialclub.com\/index.php\/anityadukkha-designsocialclub-anityadukkha\/\">+ <\/a><\/p>\n<\/div><div  class=\"full-block align-center\" ><a href=\"http:\/\/designsocialclub.com\/index.php\/karman-designsocialclub-karman\/\"><img src=\"https:\/\/i0.wp.com\/designsocialclub.com\/wp-content\/uploads\/2018\/03\/MG_1532_2_PRINT-copie.jpg?resize=640%2C639&#038;ssl=1\"  width=\"640\" height=\"639\" alt=\"\" title=\"\" data-recalc-dims=\"1\" \/><\/a><\/div><div class=\"section-text text-block \" ><p><strong>KARMAN\/Japa.\u00a0<\/strong>Design Social Club 2015 \u00a0<a href=\"http:\/\/designsocialclub.com\/index.php\/karman-designsocialclub-karman\/\">+ <\/a><\/p>\n<\/div><\/div><div class=\"wpb_column col-md-4\"><div  class=\"full-block align-center\" ><a href=\"https:\/\/designsocialclub.com\/index.php\/palm-designsocialclub-palm\/\"><img src=\"https:\/\/i0.wp.com\/designsocialclub.com\/wp-content\/uploads\/2021\/08\/PALM3.jpg?resize=640%2C640&#038;ssl=1\"  width=\"640\" height=\"640\" alt=\"\" title=\"\" data-recalc-dims=\"1\" \/><\/a><\/div><div class=\"section-text text-block \" ><p><strong>PALM\/Oasis.\u00a0<\/strong>Design Social Club 2021 \u00a0<a href=\"https:\/\/designsocialclub.com\/index.php\/palm-designsocialclub-palm\/\">+<\/a><\/p>\n<\/div><div  class=\"full-block align-center\" ><a href=\"http:\/\/designsocialclub.com\/index.php\/20h50-designsocialclub-20h50\/\"><img src=\"https:\/\/i0.wp.com\/designsocialclub.com\/wp-content\/uploads\/2018\/03\/IMG_8791-copie.jpg?resize=640%2C640&#038;ssl=1\"  width=\"640\" height=\"640\" alt=\"\" title=\"\" data-recalc-dims=\"1\" \/><\/a><\/div><div class=\"section-text text-block \" ><p><strong>20H50\/Objets Rituels.\u00a0<\/strong>Design Social Club 2017 \u00a0<a href=\"http:\/\/designsocialclub.com\/index.php\/20h50-designsocialclub-20h50\/\">+ <\/a><\/p>\n<\/div><div  class=\"full-block align-center\" ><a href=\"https:\/\/designsocialclub.com\/index.php\/realityshow-designsocialclub-realityshow\/\"><img src=\"https:\/\/i0.wp.com\/designsocialclub.com\/wp-content\/uploads\/2019\/06\/REALITY1Z-copie.jpg?resize=640%2C640&#038;ssl=1\"  width=\"640\" height=\"640\" alt=\"\" title=\"\" data-recalc-dims=\"1\" \/><\/a><\/div><div class=\"section-text text-block \" ><p><strong>Reality Show\/Modern Circus.\u00a0<\/strong>Design Social Club X Bruno Knop 2018 \u00a0<a href=\"https:\/\/designsocialclub.com\/index.php\/realityshow-designsocialclub-realityshow\/\">+<\/a><\/p>\n<\/div><div  class=\"full-block align-center\" ><a href=\"http:\/\/designsocialclub.com\/index.php\/6h30-designsocialclub-6h30\/\"><img src=\"https:\/\/i0.wp.com\/designsocialclub.com\/wp-content\/uploads\/2018\/03\/IMG_8858-copie.jpg?resize=640%2C641&#038;ssl=1\"  width=\"640\" height=\"641\" alt=\"\" title=\"\" data-recalc-dims=\"1\" \/><\/a><\/div><div class=\"section-text text-block \" ><p><strong>6H30\/Objets Rituels.\u00a0<\/strong>Design Social Club 2017 \u00a0<a href=\"http:\/\/designsocialclub.com\/index.php\/6h30-designsocialclub-6h30\/\">+ <\/a><\/p>\n<\/div><div  class=\"full-block align-center\" ><a href=\"http:\/\/designsocialclub.com\/index.php\/mefelisefi-designsocialclub-mefelisefi\/\"><img src=\"https:\/\/i0.wp.com\/designsocialclub.com\/wp-content\/uploads\/2018\/04\/IMG_E1613-copie-1.jpg?resize=640%2C640&#038;ssl=1\"  width=\"640\" height=\"640\" alt=\"\" title=\"\" data-recalc-dims=\"1\" \/><\/a><\/div><div class=\"section-text text-block \" ><p><strong>MEFELISEFI\/Open room 102.\u00a0<\/strong>Design Social Club 2018 \u00a0<a href=\"http:\/\/designsocialclub.com\/index.php\/mefelisefi-designsocialclub-mefelisefi\/\">+<\/a><\/p>\n<\/div><div  class=\"full-block align-center\" ><a href=\"https:\/\/designsocialclub.com\/index.php\/grotesqueshow-designsocialclub-grotesqueshow\/\"><img src=\"https:\/\/i0.wp.com\/designsocialclub.com\/wp-content\/uploads\/2019\/06\/GROTESQUE2-copie.jpg?resize=640%2C640&#038;ssl=1\"  width=\"640\" height=\"640\" alt=\"\" title=\"\" data-recalc-dims=\"1\" \/><\/a><\/div><div class=\"section-text text-block \" ><p><strong>Grotesque Show\/Modern Circus.\u00a0<\/strong>Design Social Club X Bruno Knop 2018 \u00a0<a href=\"https:\/\/designsocialclub.com\/index.php\/grotesqueshow-designsocialclub-grotesqueshow\/\">+<\/a><\/p>\n<\/div><div  class=\"full-block align-center\" ><a href=\"http:\/\/designsocialclub.com\/index.php\/charpaya-designsocialclub-charpaya\/\"><img src=\"https:\/\/i0.wp.com\/designsocialclub.com\/wp-content\/uploads\/2018\/03\/IMG_5067-copie-2.jpg?resize=640%2C638&#038;ssl=1\"  width=\"640\" height=\"638\" alt=\"\" title=\"\" data-recalc-dims=\"1\" \/><\/a><\/div><div class=\"section-text text-block \" ><p><strong>CHARPAYA\/In Front.\u00a0<\/strong>Design Social Club 2016 \u00a0<a href=\"http:\/\/designsocialclub.com\/index.php\/charpaya-designsocialclub-charpaya\/\">+ <\/a><\/p>\n<\/div><div  class=\"full-block align-center\" ><a href=\"http:\/\/designsocialclub.com\/index.php\/hamaca-designsocialclub-hamaca\/\"><img src=\"https:\/\/i0.wp.com\/designsocialclub.com\/wp-content\/uploads\/2018\/03\/IMG_5109-copie-2-2.jpg?resize=640%2C640&#038;ssl=1\"  width=\"640\" height=\"640\" alt=\"\" title=\"\" data-recalc-dims=\"1\" \/><\/a><\/div><div class=\"section-text text-block \" ><p><strong>HAMACA\/In Front.\u00a0<\/strong>Design Social Club 2016 \u00a0<a href=\"http:\/\/designsocialclub.com\/index.php\/hamaca-designsocialclub-hamaca\/\">+ <\/a><\/p>\n<\/div><div  class=\"full-block align-center\" ><a href=\"http:\/\/designsocialclub.com\/index.php\/anatman-designsocialclub-anatman\/\"><img src=\"https:\/\/i0.wp.com\/designsocialclub.com\/wp-content\/uploads\/2018\/03\/MG_1643-R\u00e9cup\u00e9r\u00e9_PRINT-copie-2.jpg?resize=640%2C650&#038;ssl=1\"  width=\"640\" height=\"650\" alt=\"\" title=\"\" data-recalc-dims=\"1\" \/><\/a><\/div><div class=\"section-text text-block \" ><p><strong>ANATMAN\/Japa.\u00a0<\/strong>Design Social Club 2014 \u00a0<a href=\"http:\/\/designsocialclub.com\/index.php\/anatman-designsocialclub-anatman\/\">+ <\/a><\/p>\n<\/div><div  class=\"full-block align-center\" ><a href=\"http:\/\/designsocialclub.com\/index.php\/lewuti-designsocialclub-lewuti\/\"><img src=\"https:\/\/i0.wp.com\/designsocialclub.com\/wp-content\/uploads\/2018\/04\/IMG_1630-copie-1.jpg?resize=640%2C640&#038;ssl=1\"  width=\"640\" height=\"640\" alt=\"\" title=\"\" data-recalc-dims=\"1\" \/><\/a><\/div><div class=\"section-text text-block \" ><p><strong>LEWUT&rsquo;I\/Open room 102.\u00a0<\/strong>Design Social Club 2018 \u00a0<a href=\"http:\/\/designsocialclub.com\/index.php\/lewuti-designsocialclub-lewuti\/\">+<\/a><\/p>\n<\/div><\/div><div class=\"wpb_column col-md-2\"><\/div><\/div><\/section><section  class=\"content-section full-width is-fluid cover no-padding no-margin    content-section-69debb37118ab\"><div class=\"row vc_row-fluid\"><div class=\"wpb_column col-md-12 align-center\"><div class=\"section-text text-block align-center\" style=\"color:#ffffff;\"><p>.<\/p>\n<\/div><div class=\"section-text text-block align-center\" style=\"color:#ffffff;\"><p>www.designsocialclub.com<\/p>\n<\/div><\/div><\/div><\/section>\n","protected":false},"excerpt":{"rendered":". . BELLY\/Oasis.\u00a0Design Social Club 2021 \u00a0+ Ceremony Set \/ Dog Biscuit Ceremony.\u00a0Design Social Club 2020 \u00a0+ MASITAWESI\/Open room 102.\u00a0Design Social Club 2018 \u00a0+ Super Poncho.\u00a0Design Social Club X The Natural Studio 2020 \u00a0+ GRASS.\u00a0Design Social Club 2021 \u00a0+ Deviant Show\/Modern Circus.\u00a0Design Social Club X Bruno Knop 2018 \u00a0+ 99H99\/Objets Rituels.\u00a0Design Social Club 2017 \u00a0+","protected":false},"author":1,"featured_media":0,"parent":0,"menu_order":0,"comment_status":"closed","ping_status":"closed","template":"","meta":{"jetpack_post_was_ever_published":false},"yoast_head":"<!-- This site is optimized with the Yoast SEO plugin v20.8 - https:\/\/yoast.com\/wordpress\/plugins\/seo\/ -->\n<title>Design Social Club - Exp\u00e9riences r\u00e9alis\u00e9s au sein du Design Social Club<\/title>\n<meta name=\"description\" content=\"Une liste des exp\u00e9riences r\u00e9alis\u00e9s au sein du Design Social Club. Des productions uniques, ind\u00e9pendantes et qui poss\u00e8dent toutes leur propre histoire.\" \/>\n<meta name=\"robots\" content=\"index, follow, max-snippet:-1, max-image-preview:large, max-video-preview:-1\" \/>\n<link rel=\"canonical\" href=\"https:\/\/designsocialclub.com\/index.php\/projects-designsocialclub-projects\/\" \/>\n<meta property=\"og:locale\" content=\"fr_FR\" \/>\n<meta property=\"og:type\" content=\"article\" \/>\n<meta property=\"og:title\" content=\"Design Social Club - Exp\u00e9riences r\u00e9alis\u00e9s au sein du Design Social Club\" \/>\n<meta property=\"og:description\" content=\"Une liste des exp\u00e9riences r\u00e9alis\u00e9s au sein du Design Social Club. Des productions uniques, ind\u00e9pendantes et qui poss\u00e8dent toutes leur propre histoire.\" \/>\n<meta property=\"og:url\" content=\"https:\/\/designsocialclub.com\/index.php\/projects-designsocialclub-projects\/\" \/>\n<meta property=\"og:site_name\" content=\"Design Social Club\" \/>\n<meta property=\"article:modified_time\" content=\"2021-08-28T20:22:15+00:00\" \/>\n<meta property=\"og:image\" content=\"http:\/\/designsocialclub.com\/wp-content\/uploads\/2018\/04\/turn-right-arrow-with-broken-line.png\" \/>\n<meta name=\"twitter:card\" content=\"summary_large_image\" \/>\n<meta name=\"twitter:label1\" content=\"Dur\u00e9e de lecture estim\u00e9e\" \/>\n\t<meta name=\"twitter:data1\" content=\"4 minutes\" \/>\n<script type=\"application\/ld+json\" class=\"yoast-schema-graph\">{\"@context\":\"https:\/\/schema.org\",\"@graph\":[{\"@type\":\"WebPage\",\"@id\":\"https:\/\/designsocialclub.com\/index.php\/projects-designsocialclub-projects\/\",\"url\":\"https:\/\/designsocialclub.com\/index.php\/projects-designsocialclub-projects\/\",\"name\":\"Design Social Club - Exp\u00e9riences r\u00e9alis\u00e9s au sein du Design Social Club\",\"isPartOf\":{\"@id\":\"https:\/\/designsocialclub.com\/#website\"},\"datePublished\":\"2018-04-08T13:00:34+00:00\",\"dateModified\":\"2021-08-28T20:22:15+00:00\",\"description\":\"Une liste des exp\u00e9riences r\u00e9alis\u00e9s au sein du Design Social Club. Des productions uniques, ind\u00e9pendantes et qui poss\u00e8dent toutes leur propre histoire.\",\"breadcrumb\":{\"@id\":\"https:\/\/designsocialclub.com\/index.php\/projects-designsocialclub-projects\/#breadcrumb\"},\"inLanguage\":\"fr-FR\",\"potentialAction\":[{\"@type\":\"ReadAction\",\"target\":[\"https:\/\/designsocialclub.com\/index.php\/projects-designsocialclub-projects\/\"]}]},{\"@type\":\"BreadcrumbList\",\"@id\":\"https:\/\/designsocialclub.com\/index.php\/projects-designsocialclub-projects\/#breadcrumb\",\"itemListElement\":[{\"@type\":\"ListItem\",\"position\":1,\"name\":\"Accueil\",\"item\":\"https:\/\/designsocialclub.com\/\"},{\"@type\":\"ListItem\",\"position\":2,\"name\":\"Projects &#8211; Design Social Club &#8211; Projects\"}]},{\"@type\":\"WebSite\",\"@id\":\"https:\/\/designsocialclub.com\/#website\",\"url\":\"https:\/\/designsocialclub.com\/\",\"name\":\"Design Social Club\",\"description\":\"Manufacture abstraite pour objets concrets\",\"potentialAction\":[{\"@type\":\"SearchAction\",\"target\":{\"@type\":\"EntryPoint\",\"urlTemplate\":\"https:\/\/designsocialclub.com\/?s={search_term_string}\"},\"query-input\":\"required name=search_term_string\"}],\"inLanguage\":\"fr-FR\"}]}<\/script>\n<!-- \/ Yoast SEO plugin. -->","yoast_head_json":{"title":"Design Social Club - Exp\u00e9riences r\u00e9alis\u00e9s au sein du Design Social Club","description":"Une liste des exp\u00e9riences r\u00e9alis\u00e9s au sein du Design Social Club. Des productions uniques, ind\u00e9pendantes et qui poss\u00e8dent toutes leur propre histoire.","robots":{"index":"index","follow":"follow","max-snippet":"max-snippet:-1","max-image-preview":"max-image-preview:large","max-video-preview":"max-video-preview:-1"},"canonical":"https:\/\/designsocialclub.com\/index.php\/projects-designsocialclub-projects\/","og_locale":"fr_FR","og_type":"article","og_title":"Design Social Club - Exp\u00e9riences r\u00e9alis\u00e9s au sein du Design Social Club","og_description":"Une liste des exp\u00e9riences r\u00e9alis\u00e9s au sein du Design Social Club. Des productions uniques, ind\u00e9pendantes et qui poss\u00e8dent toutes leur propre histoire.","og_url":"https:\/\/designsocialclub.com\/index.php\/projects-designsocialclub-projects\/","og_site_name":"Design Social Club","article_modified_time":"2021-08-28T20:22:15+00:00","og_image":[{"url":"http:\/\/designsocialclub.com\/wp-content\/uploads\/2018\/04\/turn-right-arrow-with-broken-line.png"}],"twitter_card":"summary_large_image","twitter_misc":{"Dur\u00e9e de lecture estim\u00e9e":"4 minutes"},"schema":{"@context":"https:\/\/schema.org","@graph":[{"@type":"WebPage","@id":"https:\/\/designsocialclub.com\/index.php\/projects-designsocialclub-projects\/","url":"https:\/\/designsocialclub.com\/index.php\/projects-designsocialclub-projects\/","name":"Design Social Club - Exp\u00e9riences r\u00e9alis\u00e9s au sein du Design Social Club","isPartOf":{"@id":"https:\/\/designsocialclub.com\/#website"},"datePublished":"2018-04-08T13:00:34+00:00","dateModified":"2021-08-28T20:22:15+00:00","description":"Une liste des exp\u00e9riences r\u00e9alis\u00e9s au sein du Design Social Club. Des productions uniques, ind\u00e9pendantes et qui poss\u00e8dent toutes leur propre histoire.","breadcrumb":{"@id":"https:\/\/designsocialclub.com\/index.php\/projects-designsocialclub-projects\/#breadcrumb"},"inLanguage":"fr-FR","potentialAction":[{"@type":"ReadAction","target":["https:\/\/designsocialclub.com\/index.php\/projects-designsocialclub-projects\/"]}]},{"@type":"BreadcrumbList","@id":"https:\/\/designsocialclub.com\/index.php\/projects-designsocialclub-projects\/#breadcrumb","itemListElement":[{"@type":"ListItem","position":1,"name":"Accueil","item":"https:\/\/designsocialclub.com\/"},{"@type":"ListItem","position":2,"name":"Projects &#8211; Design Social Club &#8211; Projects"}]},{"@type":"WebSite","@id":"https:\/\/designsocialclub.com\/#website","url":"https:\/\/designsocialclub.com\/","name":"Design Social Club","description":"Manufacture abstraite pour objets concrets","potentialAction":[{"@type":"SearchAction","target":{"@type":"EntryPoint","urlTemplate":"https:\/\/designsocialclub.com\/?s={search_term_string}"},"query-input":"required name=search_term_string"}],"inLanguage":"fr-FR"}]}},"jetpack_sharing_enabled":true,"jetpack_shortlink":"https:\/\/wp.me\/P8jKvp-17o","_links":{"self":[{"href":"https:\/\/designsocialclub.com\/index.php\/wp-json\/wp\/v2\/pages\/4302"}],"collection":[{"href":"https:\/\/designsocialclub.com\/index.php\/wp-json\/wp\/v2\/pages"}],"about":[{"href":"https:\/\/designsocialclub.com\/index.php\/wp-json\/wp\/v2\/types\/page"}],"author":[{"embeddable":true,"href":"https:\/\/designsocialclub.com\/index.php\/wp-json\/wp\/v2\/users\/1"}],"replies":[{"embeddable":true,"href":"https:\/\/designsocialclub.com\/index.php\/wp-json\/wp\/v2\/comments?post=4302"}],"version-history":[{"count":57,"href":"https:\/\/designsocialclub.com\/index.php\/wp-json\/wp\/v2\/pages\/4302\/revisions"}],"predecessor-version":[{"id":36314,"href":"https:\/\/designsocialclub.com\/index.php\/wp-json\/wp\/v2\/pages\/4302\/revisions\/36314"}],"wp:attachment":[{"href":"https:\/\/designsocialclub.com\/index.php\/wp-json\/wp\/v2\/media?parent=4302"}],"curies":[{"name":"wp","href":"https:\/\/api.w.org\/{rel}","templated":true}]}}