{"id":4379,"date":"2018-04-08T14:09:54","date_gmt":"2018-04-08T13:09:54","guid":{"rendered":"http:\/\/designsocialclub.com\/?page_id=4379"},"modified":"2019-07-23T13:40:32","modified_gmt":"2019-07-23T12:40:32","slug":"anatman-designsocialclub-anatman","status":"publish","type":"page","link":"https:\/\/designsocialclub.com\/index.php\/anatman-designsocialclub-anatman\/","title":{"rendered":"Anatman &#8211; Design Social Club &#8211; Anatman"},"content":{"rendered":"<section  class=\"content-section full-width with-col cover no-padding no-margin    content-section-69e19913243e7\"><div class=\"row vc_row-fluid\"><div class=\"wpb_column col-md-3 align-center wow fadeInDown\" data-wow-delay=\"3s\" data-wow-duration=\"8s\"><div class=\"section-text text-block \" ><p><a href=\"http:\/\/designsocialclub.com\/index.php\/projects-designsocialclub-projects\/\"><img loading=\"lazy\" class=\"aligncenter wp-image-4391\" src=\"https:\/\/i0.wp.com\/designsocialclub.com\/wp-content\/uploads\/2018\/04\/turn-right-arrow-with-broken-line.png?resize=78%2C78\" alt=\"\" width=\"78\" height=\"78\" data-recalc-dims=\"1\" \/><\/a><\/p>\n<\/div><\/div><div class=\"wpb_column col-md-3 wow fadeInDown\" data-wow-delay=\"3s\" data-wow-duration=\"8s\"><\/div><div class=\"wpb_column col-md-3\"><\/div><div class=\"wpb_column col-md-3\"><\/div><\/div><\/section><section  class=\"content-section full-width with-col cover no-padding no-margin    content-section-69e19913246a2\"><div class=\"row vc_row-fluid\"><div class=\"wpb_column col-md-12\"><div  class=\"fullwidth-slider owl-carousel\"><div class=\"container relative\"><div  class=\"full-block align-center\" ><img src=\"https:\/\/i0.wp.com\/designsocialclub.com\/wp-content\/uploads\/2016\/12\/anatman-meuble-rangement-japa-2.jpg?resize=640%2C427&#038;ssl=1\"  width=\"640\" height=\"427\" alt=\"\" title=\"\" data-recalc-dims=\"1\" \/><\/div><\/div><div class=\"container relative\"><div  class=\"full-block align-center\" ><img src=\"https:\/\/i0.wp.com\/designsocialclub.com\/wp-content\/uploads\/2016\/12\/anatman-meuble-rangement-japa-3.jpg?resize=640%2C427&#038;ssl=1\"  width=\"640\" height=\"427\" alt=\"\" title=\"\" data-recalc-dims=\"1\" \/><\/div><\/div><div class=\"container relative\"><div  class=\"full-block align-center\" ><img src=\"https:\/\/i0.wp.com\/designsocialclub.com\/wp-content\/uploads\/2016\/12\/anatman-meuble-rangement-japa-1.jpg?resize=640%2C427&#038;ssl=1\"  width=\"640\" height=\"427\" alt=\"\" title=\"\" data-recalc-dims=\"1\" \/><\/div><\/div><div class=\"container relative\"><div  class=\"full-block align-center\" ><img src=\"https:\/\/i0.wp.com\/designsocialclub.com\/wp-content\/uploads\/2016\/12\/anatman-meuble-rangement-japa-4.jpg?resize=640%2C427&#038;ssl=1\"  width=\"640\" height=\"427\" alt=\"\" title=\"\" data-recalc-dims=\"1\" \/><\/div><\/div><\/div><div class=\"section-text text-block align-center\" style=\"color:#ffffff;\"><p><span style=\"font-size: 14px\">.<\/span><\/p>\n<\/div><\/div><\/div><\/section><section  class=\"content-section full-width with-col cover no-padding no-margin    content-section-69e1991325a5e\"><div class=\"row vc_row-fluid\"><div class=\"wpb_column col-md-3 align-center\"><\/div><div class=\"wpb_column col-md-3\"><div class=\"section-text text-block \" ><div class=\"page\" title=\"Page 3\">\n<div class=\"layoutArea\">\n<div class=\"column\">\n<p><strong>ANATMAN<\/strong>, 2014 \/\u00a0S\u00e9rie Japa<\/p>\n<p><span style=\"font-size: 14px\"><em><a href=\"https:\/\/designsocialclub.com\/index.php\/helloyou-designsocialclub-helloyou\/\" target=\"_blank\" rel=\"noopener noreferrer\">Prix sur demande<\/a><\/em><\/span><\/p>\n<\/div>\n<\/div>\n<\/div>\n<\/div><\/div><div class=\"wpb_column col-md-3\"><div class=\"section-text text-block \" ><div class=\"page\" title=\"Page 3\">\n<div class=\"layoutArea\">\n<div class=\"column\">\n<p><em>Meuble de rangement<\/em><br \/>\nBois de h\u00eatre, m\u00e9tal \u00e9maill\u00e9.<br \/>\nH : 180 X 30 X 58 cm<\/p>\n<\/div>\n<\/div>\n<\/div>\n<\/div><\/div><div class=\"wpb_column col-md-3\"><\/div><\/div><\/section><section  class=\"content-section full-width with-col cover no-padding no-margin    content-section-69e19913260cf\"><div class=\"row vc_row-fluid\"><div class=\"wpb_column col-md-2 align-center\"><\/div><div class=\"wpb_column col-md-4\"><div class=\"section-text text-block \" ><div class=\"page\" title=\"Page 3\">\n<div class=\"layoutArea\">\n<div class=\"column\">\n<div class=\"page\" title=\"Page 33\">\n<div class=\"layoutArea\">\n<div class=\"column\">\n<p style=\"text-align: right\">Anatman fait r\u00e9f\u00e9rence au principe d\u2019interd\u00e9pendance, au fait que tout les \u00e9l\u00e9ments pr\u00e9sents dans le monde soient en interaction et d\u00e9pendent des autres pour exister. Ce meuble de rangement dispose de deux faces distinctes, chacune d\u2019elles est reli\u00e9e \u00e0 l\u2019autre par un lien en bois amovible. Pour disposer un objet il est n\u00e9cessaire d\u2019agir sur une face tout en gardant \u00e0 l\u2019esprit que cette action aura une cons\u00e9quence sur la face qui lui est oppos\u00e9e. En pla\u00e7ant par exemple un livre \u00e0 l\u2019horizontal, le n\u00e9gatif de ce dernier peu cr\u00e9er une \u00e9tag\u00e8re sur la surface oppos\u00e9e ou bien faire tomber le vase qui s\u2019y trouve. L\u2019usage permet de mettre en lumi\u00e8re le fait que chaque action peu avoir des cons\u00e9quences sur des \u00e9l\u00e9ments que nous ne voyons pas.<\/p>\n<\/div>\n<\/div>\n<\/div>\n<\/div>\n<\/div>\n<\/div>\n<\/div><\/div><div class=\"wpb_column col-md-4\"><div class=\"section-text text-block \" ><div class=\"page\" title=\"Page 3\">\n<div class=\"layoutArea\">\n<div class=\"column\">\n<div class=\"page\" title=\"Page 33\">\n<div class=\"layoutArea\">\n<div class=\"column\">\n<div class=\"page\" title=\"Page 30\">\n<div class=\"layoutArea\">\n<div class=\"column\">\n<p style=\"text-align: left\">Japa est un terme Sanskrit qui d\u00e9signe une technique consistant \u00e0 r\u00e9p\u00e9ter m\u00e9caniquement un nom de divinit\u00e9 ou un mantra pour entrer dans un exercice m\u00e9ditatif. Selon les sp\u00e9cialistes, si l\u2019on arrive \u00e0 concentrer toute son attention et \u00e0 se repr\u00e9senter l\u2019id\u00e9al auquel correspond l\u2019\u00e9l\u00e9ment r\u00e9p\u00e9t\u00e9, le japa peut permettre de trouver les r\u00e9ponses aux questions qui se posent. Ce proc\u00e9d\u00e9 est ici exploit\u00e9 au travers d\u2019objets domestiques dont l\u2019usage r\u00e9p\u00e9t\u00e9 au quotidien vient rappeler une notion afin de servir de point de d\u00e9part pour une r\u00e9flexion. Chacune des pi\u00e8ces a \u00e9t\u00e9 pens\u00e9e autour de la symbolique de son usage pour inviter \u00e0 r\u00e9fl\u00e9chir sur le sens que ce dernier v\u00e9hicule.<\/p>\n<\/div>\n<\/div>\n<\/div>\n<\/div>\n<\/div>\n<\/div>\n<\/div>\n<\/div>\n<\/div>\n<\/div><\/div><div class=\"wpb_column col-md-2\"><\/div><\/div><\/section><section  class=\"content-section full-width is-fluid cover no-padding no-margin    content-section-69e1991326707\"><div class=\"row vc_row-fluid\"><div class=\"wpb_column col-md-12 align-center\"><div class=\"section-text text-block align-center\" style=\"color:#ffffff;\"><p>.<\/p>\n<\/div><\/div><\/div><\/section><section  class=\"content-section full-width is-fluid cover no-padding no-margin    content-section-69e19913267d9\"><div class=\"row vc_row-fluid\"><div class=\"wpb_column col-md-12 align-center\"><div class=\"section-text text-block align-center\" style=\"color:#ffffff;\"><p>www.designsocialclub.com<\/p>\n<\/div><\/div><\/div><\/section>\n","protected":false},"excerpt":{"rendered":". ANATMAN, 2014 \/\u00a0S\u00e9rie Japa Prix sur demande Meuble de rangement Bois de h\u00eatre, m\u00e9tal \u00e9maill\u00e9. H : 180 X 30 X 58 cm Anatman fait r\u00e9f\u00e9rence au principe d\u2019interd\u00e9pendance, au fait que tout les \u00e9l\u00e9ments pr\u00e9sents dans le monde soient en interaction et d\u00e9pendent des autres pour exister. Ce meuble de rangement dispose de","protected":false},"author":1,"featured_media":0,"parent":0,"menu_order":0,"comment_status":"closed","ping_status":"closed","template":"","meta":{"jetpack_post_was_ever_published":false},"yoast_head":"<!-- This site is optimized with the Yoast SEO plugin v20.8 - https:\/\/yoast.com\/wordpress\/plugins\/seo\/ -->\n<title>Design Social Club - Anatman, 2014 \/ S\u00e9rie Japa - Design Social Club<\/title>\n<meta name=\"description\" content=\"Anatman est un meuble de rangement avec deux faces distinctes, chacune d\u2019elles est reli\u00e9e \u00e0 l\u2019autre par un lien en bois amovible...\" \/>\n<meta name=\"robots\" content=\"index, follow, max-snippet:-1, max-image-preview:large, max-video-preview:-1\" \/>\n<link rel=\"canonical\" href=\"https:\/\/designsocialclub.com\/index.php\/anatman-designsocialclub-anatman\/\" \/>\n<meta property=\"og:locale\" content=\"fr_FR\" \/>\n<meta property=\"og:type\" content=\"article\" \/>\n<meta property=\"og:title\" content=\"Design Social Club - Anatman, 2014 \/ S\u00e9rie Japa - Design Social Club\" \/>\n<meta property=\"og:description\" content=\"Anatman est un meuble de rangement avec deux faces distinctes, chacune d\u2019elles est reli\u00e9e \u00e0 l\u2019autre par un lien en bois amovible...\" \/>\n<meta property=\"og:url\" content=\"https:\/\/designsocialclub.com\/index.php\/anatman-designsocialclub-anatman\/\" \/>\n<meta property=\"og:site_name\" content=\"Design Social Club\" \/>\n<meta property=\"article:modified_time\" content=\"2019-07-23T12:40:32+00:00\" \/>\n<meta property=\"og:image\" content=\"http:\/\/designsocialclub.com\/wp-content\/uploads\/2018\/04\/turn-right-arrow-with-broken-line.png\" \/>\n<meta name=\"twitter:card\" content=\"summary_large_image\" \/>\n<meta name=\"twitter:label1\" content=\"Dur\u00e9e de lecture estim\u00e9e\" \/>\n\t<meta name=\"twitter:data1\" content=\"3 minutes\" \/>\n<script type=\"application\/ld+json\" class=\"yoast-schema-graph\">{\"@context\":\"https:\/\/schema.org\",\"@graph\":[{\"@type\":\"WebPage\",\"@id\":\"https:\/\/designsocialclub.com\/index.php\/anatman-designsocialclub-anatman\/\",\"url\":\"https:\/\/designsocialclub.com\/index.php\/anatman-designsocialclub-anatman\/\",\"name\":\"Design Social Club - Anatman, 2014 \/ S\u00e9rie Japa - Design Social Club\",\"isPartOf\":{\"@id\":\"https:\/\/designsocialclub.com\/#website\"},\"datePublished\":\"2018-04-08T13:09:54+00:00\",\"dateModified\":\"2019-07-23T12:40:32+00:00\",\"description\":\"Anatman est un meuble de rangement avec deux faces distinctes, chacune d\u2019elles est reli\u00e9e \u00e0 l\u2019autre par un lien en bois amovible...\",\"breadcrumb\":{\"@id\":\"https:\/\/designsocialclub.com\/index.php\/anatman-designsocialclub-anatman\/#breadcrumb\"},\"inLanguage\":\"fr-FR\",\"potentialAction\":[{\"@type\":\"ReadAction\",\"target\":[\"https:\/\/designsocialclub.com\/index.php\/anatman-designsocialclub-anatman\/\"]}]},{\"@type\":\"BreadcrumbList\",\"@id\":\"https:\/\/designsocialclub.com\/index.php\/anatman-designsocialclub-anatman\/#breadcrumb\",\"itemListElement\":[{\"@type\":\"ListItem\",\"position\":1,\"name\":\"Accueil\",\"item\":\"https:\/\/designsocialclub.com\/\"},{\"@type\":\"ListItem\",\"position\":2,\"name\":\"Anatman &#8211; Design Social Club &#8211; Anatman\"}]},{\"@type\":\"WebSite\",\"@id\":\"https:\/\/designsocialclub.com\/#website\",\"url\":\"https:\/\/designsocialclub.com\/\",\"name\":\"Design Social Club\",\"description\":\"Manufacture abstraite pour objets concrets\",\"potentialAction\":[{\"@type\":\"SearchAction\",\"target\":{\"@type\":\"EntryPoint\",\"urlTemplate\":\"https:\/\/designsocialclub.com\/?s={search_term_string}\"},\"query-input\":\"required name=search_term_string\"}],\"inLanguage\":\"fr-FR\"}]}<\/script>\n<!-- \/ Yoast SEO plugin. -->","yoast_head_json":{"title":"Design Social Club - Anatman, 2014 \/ S\u00e9rie Japa - Design Social Club","description":"Anatman est un meuble de rangement avec deux faces distinctes, chacune d\u2019elles est reli\u00e9e \u00e0 l\u2019autre par un lien en bois amovible...","robots":{"index":"index","follow":"follow","max-snippet":"max-snippet:-1","max-image-preview":"max-image-preview:large","max-video-preview":"max-video-preview:-1"},"canonical":"https:\/\/designsocialclub.com\/index.php\/anatman-designsocialclub-anatman\/","og_locale":"fr_FR","og_type":"article","og_title":"Design Social Club - Anatman, 2014 \/ S\u00e9rie Japa - Design Social Club","og_description":"Anatman est un meuble de rangement avec deux faces distinctes, chacune d\u2019elles est reli\u00e9e \u00e0 l\u2019autre par un lien en bois amovible...","og_url":"https:\/\/designsocialclub.com\/index.php\/anatman-designsocialclub-anatman\/","og_site_name":"Design Social Club","article_modified_time":"2019-07-23T12:40:32+00:00","og_image":[{"url":"http:\/\/designsocialclub.com\/wp-content\/uploads\/2018\/04\/turn-right-arrow-with-broken-line.png"}],"twitter_card":"summary_large_image","twitter_misc":{"Dur\u00e9e de lecture estim\u00e9e":"3 minutes"},"schema":{"@context":"https:\/\/schema.org","@graph":[{"@type":"WebPage","@id":"https:\/\/designsocialclub.com\/index.php\/anatman-designsocialclub-anatman\/","url":"https:\/\/designsocialclub.com\/index.php\/anatman-designsocialclub-anatman\/","name":"Design Social Club - Anatman, 2014 \/ S\u00e9rie Japa - Design Social Club","isPartOf":{"@id":"https:\/\/designsocialclub.com\/#website"},"datePublished":"2018-04-08T13:09:54+00:00","dateModified":"2019-07-23T12:40:32+00:00","description":"Anatman est un meuble de rangement avec deux faces distinctes, chacune d\u2019elles est reli\u00e9e \u00e0 l\u2019autre par un lien en bois amovible...","breadcrumb":{"@id":"https:\/\/designsocialclub.com\/index.php\/anatman-designsocialclub-anatman\/#breadcrumb"},"inLanguage":"fr-FR","potentialAction":[{"@type":"ReadAction","target":["https:\/\/designsocialclub.com\/index.php\/anatman-designsocialclub-anatman\/"]}]},{"@type":"BreadcrumbList","@id":"https:\/\/designsocialclub.com\/index.php\/anatman-designsocialclub-anatman\/#breadcrumb","itemListElement":[{"@type":"ListItem","position":1,"name":"Accueil","item":"https:\/\/designsocialclub.com\/"},{"@type":"ListItem","position":2,"name":"Anatman &#8211; Design Social Club &#8211; Anatman"}]},{"@type":"WebSite","@id":"https:\/\/designsocialclub.com\/#website","url":"https:\/\/designsocialclub.com\/","name":"Design Social Club","description":"Manufacture abstraite pour objets concrets","potentialAction":[{"@type":"SearchAction","target":{"@type":"EntryPoint","urlTemplate":"https:\/\/designsocialclub.com\/?s={search_term_string}"},"query-input":"required name=search_term_string"}],"inLanguage":"fr-FR"}]}},"jetpack_sharing_enabled":true,"jetpack_shortlink":"https:\/\/wp.me\/P8jKvp-18D","_links":{"self":[{"href":"https:\/\/designsocialclub.com\/index.php\/wp-json\/wp\/v2\/pages\/4379"}],"collection":[{"href":"https:\/\/designsocialclub.com\/index.php\/wp-json\/wp\/v2\/pages"}],"about":[{"href":"https:\/\/designsocialclub.com\/index.php\/wp-json\/wp\/v2\/types\/page"}],"author":[{"embeddable":true,"href":"https:\/\/designsocialclub.com\/index.php\/wp-json\/wp\/v2\/users\/1"}],"replies":[{"embeddable":true,"href":"https:\/\/designsocialclub.com\/index.php\/wp-json\/wp\/v2\/comments?post=4379"}],"version-history":[{"count":16,"href":"https:\/\/designsocialclub.com\/index.php\/wp-json\/wp\/v2\/pages\/4379\/revisions"}],"predecessor-version":[{"id":6450,"href":"https:\/\/designsocialclub.com\/index.php\/wp-json\/wp\/v2\/pages\/4379\/revisions\/6450"}],"wp:attachment":[{"href":"https:\/\/designsocialclub.com\/index.php\/wp-json\/wp\/v2\/media?parent=4379"}],"curies":[{"name":"wp","href":"https:\/\/api.w.org\/{rel}","templated":true}]}}