{"id":4521,"date":"2018-04-08T22:26:33","date_gmt":"2018-04-08T21:26:33","guid":{"rendered":"http:\/\/designsocialclub.com\/?page_id=4521"},"modified":"2019-07-23T13:38:48","modified_gmt":"2019-07-23T12:38:48","slug":"6h30-designsocialclub-6h30","status":"publish","type":"page","link":"https:\/\/designsocialclub.com\/index.php\/6h30-designsocialclub-6h30\/","title":{"rendered":"6H30 &#8211; Design Social Club &#8211; 6H30"},"content":{"rendered":"<section  class=\"content-section full-width with-col cover no-padding no-margin    content-section-6a008c23282de\"><div class=\"row vc_row-fluid\"><div class=\"wpb_column col-md-3 align-center wow fadeInDown\" data-wow-delay=\"3s\" data-wow-duration=\"8s\"><div class=\"section-text text-block \" ><p><a href=\"http:\/\/designsocialclub.com\/index.php\/projects-designsocialclub-projects\/\"><img loading=\"lazy\" class=\"aligncenter wp-image-4391\" src=\"https:\/\/i0.wp.com\/designsocialclub.com\/wp-content\/uploads\/2018\/04\/turn-right-arrow-with-broken-line.png?resize=78%2C78\" alt=\"\" width=\"78\" height=\"78\" data-recalc-dims=\"1\" \/><\/a><\/p>\n<\/div><\/div><div class=\"wpb_column col-md-3 wow fadeInDown\" data-wow-delay=\"3s\" data-wow-duration=\"8s\"><\/div><div class=\"wpb_column col-md-3\"><\/div><div class=\"wpb_column col-md-3\"><\/div><\/div><\/section><section  class=\"content-section full-width with-col cover no-padding no-margin    content-section-6a008c232858c\"><div class=\"row vc_row-fluid\"><div class=\"wpb_column col-md-12\"><div  class=\"fullwidth-slider owl-carousel\"><div class=\"container relative\"><div  class=\"full-block align-center\" ><img src=\"https:\/\/i0.wp.com\/designsocialclub.com\/wp-content\/uploads\/2018\/04\/IMG_8883-1.jpg?resize=640%2C427&#038;ssl=1\"  width=\"640\" height=\"427\" alt=\"\" title=\"\" data-recalc-dims=\"1\" \/><\/div><\/div><div class=\"container relative\"><div  class=\"full-block align-center\" ><img src=\"https:\/\/i0.wp.com\/designsocialclub.com\/wp-content\/uploads\/2018\/04\/IMG_8870.jpg?resize=640%2C427&#038;ssl=1\"  width=\"640\" height=\"427\" alt=\"\" title=\"\" data-recalc-dims=\"1\" \/><\/div><\/div><div class=\"container relative\"><div  class=\"full-block align-center\" ><img src=\"https:\/\/i0.wp.com\/designsocialclub.com\/wp-content\/uploads\/2018\/04\/IMG_8892.jpg?resize=640%2C427&#038;ssl=1\"  width=\"640\" height=\"427\" alt=\"\" title=\"\" data-recalc-dims=\"1\" \/><\/div><\/div><div class=\"container relative\"><div  class=\"full-block align-center\" ><img src=\"https:\/\/i0.wp.com\/designsocialclub.com\/wp-content\/uploads\/2018\/04\/IMG_8849.jpg?resize=640%2C427&#038;ssl=1\"  width=\"640\" height=\"427\" alt=\"\" title=\"\" data-recalc-dims=\"1\" \/><\/div><\/div><\/div><div class=\"section-text text-block align-center\" style=\"color:#ffffff;\"><p><span style=\"font-size: 14px\">.<\/span><\/p>\n<\/div><\/div><\/div><\/section><section  class=\"content-section full-width with-col cover no-padding no-margin    content-section-6a008c2329afc\"><div class=\"row vc_row-fluid\"><div class=\"wpb_column col-md-3 align-center\"><\/div><div class=\"wpb_column col-md-3\"><div class=\"section-text text-block \" ><div class=\"page\" title=\"Page 3\">\n<div class=\"layoutArea\">\n<div class=\"column\">\n<p><b>6H30<\/b>, 2017 \/\u00a0S\u00e9rie Objets Rituels<\/p>\n<p><span style=\"font-size: 14px\"><em><a href=\"https:\/\/designsocialclub.com\/index.php\/helloyou-designsocialclub-helloyou\/\" target=\"_blank\" rel=\"noopener noreferrer\">Prix sur demande<\/a><\/em><\/span><\/p>\n<\/div>\n<\/div>\n<\/div>\n<\/div><\/div><div class=\"wpb_column col-md-3\"><div class=\"section-text text-block \" ><div class=\"page\" title=\"Page 3\">\n<div class=\"layoutArea\">\n<div class=\"column\">\n<div class=\"page\" title=\"Page 43\">\n<div class=\"layoutArea\">\n<div class=\"column\">\n<div class=\"page\" title=\"Page 43\">\n<div class=\"layoutArea\">\n<div class=\"column\">\n<p><em>Plateau<\/em><br \/>\nBois, m\u00e9tal laqu\u00e9, marbrure.<br \/>\nH : 42 X 65 cm<\/p>\n<\/div>\n<\/div>\n<\/div>\n<\/div>\n<\/div>\n<\/div>\n<\/div>\n<\/div>\n<\/div>\n<\/div><\/div><div class=\"wpb_column col-md-3\"><\/div><\/div><\/section><section  class=\"content-section full-width with-col cover no-padding no-margin    content-section-6a008c232a2fc\"><div class=\"row vc_row-fluid\"><div class=\"wpb_column col-md-2 align-center\"><\/div><div class=\"wpb_column col-md-4\"><div class=\"section-text text-block \" ><div class=\"page\" title=\"Page 3\">\n<div class=\"layoutArea\">\n<div class=\"column\">\n<div class=\"page\" title=\"Page 33\">\n<div class=\"layoutArea\">\n<div class=\"column\">\n<div class=\"page\" title=\"Page 17\">\n<div class=\"layoutArea\">\n<div class=\"column\">\n<div class=\"page\" title=\"Page 13\">\n<div class=\"layoutArea\">\n<div class=\"column\">\n<p style=\"text-align: right\">Ce rituel est \u00e0 produire le matin, avant toutes autres actions. La partie centrale se remplit d\u2019une lecture dont le sujet doit \u00eatre choisi avec le plus grand soin car il rassemble les premi\u00e8res pens\u00e9es de la journ\u00e9e. A cet instant le cerveau est nettoy\u00e9 des r\u00e9flexions de la veille, il est propice \u00e0 la projection d\u2019id\u00e9e et au r\u00eave \u00e9veill\u00e9. Le second compartiment rectangulaire accueil un carnet de note pour en relever les sujets les plus brillants. Pour les autres parties arrondies, toutes suggestions de repas \u00e9quilibr\u00e9s. Ce rite invite \u00e0 percevoir ce premier temps comme un temps pour soi avant de consacrer le reste de la journ\u00e9e aux autres. Il se r\u00e9alisera seul, en pr\u00e9sence de convives il est pr\u00e9f\u00e9rable d\u2019appliquer le c\u00e9r\u00e9monial du \u00ab bonjour \u00bb.<\/p>\n<\/div>\n<\/div>\n<\/div>\n<\/div>\n<\/div>\n<\/div>\n<\/div>\n<\/div>\n<\/div>\n<\/div>\n<\/div>\n<\/div>\n<\/div><\/div><div class=\"wpb_column col-md-4\"><div class=\"section-text text-block \" ><div class=\"page\" title=\"Page 10\">\n<div class=\"layoutArea\">\n<div class=\"column\">\n<div class=\"page\" title=\"Page 10\">\n<div class=\"layoutArea\">\n<div class=\"column\">\n<p>Les objets rituels sont des objets domestiques qui n\u2019ont pas re\u00e7us de sacralisation et n\u2019appartiennent pas \u00e0 un sanctuaire mais qui pourtant sont utilis\u00e9s dans le cadre de rites religieux. D\u2019une mani\u00e8re plus large, un rituel est une pratique r\u00e9alis\u00e9e avec exactitude et pr\u00e9caution dans un contexte donn\u00e9. Parfois plus v\u00e9cues que r\u00e9fl\u00e9chies, ces traditions constituent au fond la richesse de l\u2019existence humaine. Quoi qu\u2019on puisse penser des religions, les objets domestiques quant \u00e0 eux influencent d\u2019une mani\u00e8re ou d\u2019une autre le fonctionnement de nos rites et habitudes.\u00a0Ce lien impalpable est ici exploit\u00e9 pour dessiner le contours de nouveaux rituels adapt\u00e9s aux croyances actuelles. En s\u2019appuyant sur des notions communes de bonheur comme contempler les \u00e9toiles, prendre du temps pour soit ou encore se regarder sourire, ces rites se mat\u00e9rialisent au travers des objets afin de p\u00e9n\u00e9trer plus facilement dans notre quotidien. Ces dispositifs h\u00e9t\u00e9roclites ont tous une forme et une fonction qui guident le geste afin de produire un acte ordonn\u00e9 dans une situation pr\u00e9cise. Les textures et effets de mati\u00e8res on \u00e9t\u00e9 pens\u00e9s autour de la symbolique des couleurs. Une tonalit\u00e9 dor\u00e9 aborde chacun de rituels pour en rappeler le caract\u00e8re sacr\u00e9. Qu\u2019ils soient occasionnels ou quotidiens, ces c\u00e9r\u00e9moniaux assurent \u00e0 l\u2019utilisateur un changement d\u2019\u00e9tat entre l\u2019avant et l\u2019apr\u00e8s.<\/p>\n<\/div>\n<\/div>\n<\/div>\n<\/div>\n<\/div>\n<\/div>\n<\/div><\/div><div class=\"wpb_column col-md-2\"><\/div><\/div><\/section><section  class=\"content-section full-width is-fluid cover no-padding no-margin    content-section-6a008c232aa27\"><div class=\"row vc_row-fluid\"><div class=\"wpb_column col-md-12 align-center\"><div class=\"section-text text-block align-center\" style=\"color:#ffffff;\"><p>.<\/p>\n<\/div><\/div><\/div><\/section><section  class=\"content-section full-width is-fluid cover no-padding no-margin    content-section-6a008c232aafd\"><div class=\"row vc_row-fluid\"><div class=\"wpb_column col-md-12 align-center\"><div class=\"section-text text-block align-center\" style=\"color:#ffffff;\"><p>www.designsocialclub.com<\/p>\n<\/div><\/div><\/div><\/section>\n","protected":false},"excerpt":{"rendered":". 6H30, 2017 \/\u00a0S\u00e9rie Objets Rituels Prix sur demande Plateau Bois, m\u00e9tal laqu\u00e9, marbrure. H : 42 X 65 cm Ce rituel est \u00e0 produire le matin, avant toutes autres actions. La partie centrale se remplit d\u2019une lecture dont le sujet doit \u00eatre choisi avec le plus grand soin car il rassemble les premi\u00e8res pens\u00e9es","protected":false},"author":1,"featured_media":0,"parent":0,"menu_order":0,"comment_status":"closed","ping_status":"closed","template":"","meta":{"jetpack_post_was_ever_published":false},"yoast_head":"<!-- This site is optimized with the Yoast SEO plugin v20.8 - https:\/\/yoast.com\/wordpress\/plugins\/seo\/ -->\n<title>Design Social Club - 6H30, 2017 \/ S\u00e9rie Objets Rituels - Design Social Club<\/title>\n<meta name=\"description\" content=\"Ce rite invite \u00e0 percevoir ce premier temps comme un temps pour soi avant de consacrer le reste de la journ\u00e9e aux autres.\" \/>\n<meta name=\"robots\" content=\"index, follow, max-snippet:-1, max-image-preview:large, max-video-preview:-1\" \/>\n<link rel=\"canonical\" href=\"https:\/\/designsocialclub.com\/index.php\/6h30-designsocialclub-6h30\/\" \/>\n<meta property=\"og:locale\" content=\"fr_FR\" \/>\n<meta property=\"og:type\" content=\"article\" \/>\n<meta property=\"og:title\" content=\"Design Social Club - 6H30, 2017 \/ S\u00e9rie Objets Rituels - Design Social Club\" \/>\n<meta property=\"og:description\" content=\"Ce rite invite \u00e0 percevoir ce premier temps comme un temps pour soi avant de consacrer le reste de la journ\u00e9e aux autres.\" \/>\n<meta property=\"og:url\" content=\"https:\/\/designsocialclub.com\/index.php\/6h30-designsocialclub-6h30\/\" \/>\n<meta property=\"og:site_name\" content=\"Design Social Club\" \/>\n<meta property=\"article:modified_time\" content=\"2019-07-23T12:38:48+00:00\" \/>\n<meta property=\"og:image\" content=\"http:\/\/designsocialclub.com\/wp-content\/uploads\/2018\/04\/turn-right-arrow-with-broken-line.png\" \/>\n<meta name=\"twitter:card\" content=\"summary_large_image\" \/>\n<meta name=\"twitter:label1\" content=\"Dur\u00e9e de lecture estim\u00e9e\" \/>\n\t<meta name=\"twitter:data1\" content=\"3 minutes\" \/>\n<script type=\"application\/ld+json\" class=\"yoast-schema-graph\">{\"@context\":\"https:\/\/schema.org\",\"@graph\":[{\"@type\":\"WebPage\",\"@id\":\"https:\/\/designsocialclub.com\/index.php\/6h30-designsocialclub-6h30\/\",\"url\":\"https:\/\/designsocialclub.com\/index.php\/6h30-designsocialclub-6h30\/\",\"name\":\"Design Social Club - 6H30, 2017 \/ S\u00e9rie Objets Rituels - Design Social Club\",\"isPartOf\":{\"@id\":\"https:\/\/designsocialclub.com\/#website\"},\"datePublished\":\"2018-04-08T21:26:33+00:00\",\"dateModified\":\"2019-07-23T12:38:48+00:00\",\"description\":\"Ce rite invite \u00e0 percevoir ce premier temps comme un temps pour soi avant de consacrer le reste de la journ\u00e9e aux autres.\",\"breadcrumb\":{\"@id\":\"https:\/\/designsocialclub.com\/index.php\/6h30-designsocialclub-6h30\/#breadcrumb\"},\"inLanguage\":\"fr-FR\",\"potentialAction\":[{\"@type\":\"ReadAction\",\"target\":[\"https:\/\/designsocialclub.com\/index.php\/6h30-designsocialclub-6h30\/\"]}]},{\"@type\":\"BreadcrumbList\",\"@id\":\"https:\/\/designsocialclub.com\/index.php\/6h30-designsocialclub-6h30\/#breadcrumb\",\"itemListElement\":[{\"@type\":\"ListItem\",\"position\":1,\"name\":\"Accueil\",\"item\":\"https:\/\/designsocialclub.com\/\"},{\"@type\":\"ListItem\",\"position\":2,\"name\":\"6H30 &#8211; Design Social Club &#8211; 6H30\"}]},{\"@type\":\"WebSite\",\"@id\":\"https:\/\/designsocialclub.com\/#website\",\"url\":\"https:\/\/designsocialclub.com\/\",\"name\":\"Design Social Club\",\"description\":\"Manufacture abstraite pour objets concrets\",\"potentialAction\":[{\"@type\":\"SearchAction\",\"target\":{\"@type\":\"EntryPoint\",\"urlTemplate\":\"https:\/\/designsocialclub.com\/?s={search_term_string}\"},\"query-input\":\"required name=search_term_string\"}],\"inLanguage\":\"fr-FR\"}]}<\/script>\n<!-- \/ Yoast SEO plugin. -->","yoast_head_json":{"title":"Design Social Club - 6H30, 2017 \/ S\u00e9rie Objets Rituels - Design Social Club","description":"Ce rite invite \u00e0 percevoir ce premier temps comme un temps pour soi avant de consacrer le reste de la journ\u00e9e aux autres.","robots":{"index":"index","follow":"follow","max-snippet":"max-snippet:-1","max-image-preview":"max-image-preview:large","max-video-preview":"max-video-preview:-1"},"canonical":"https:\/\/designsocialclub.com\/index.php\/6h30-designsocialclub-6h30\/","og_locale":"fr_FR","og_type":"article","og_title":"Design Social Club - 6H30, 2017 \/ S\u00e9rie Objets Rituels - Design Social Club","og_description":"Ce rite invite \u00e0 percevoir ce premier temps comme un temps pour soi avant de consacrer le reste de la journ\u00e9e aux autres.","og_url":"https:\/\/designsocialclub.com\/index.php\/6h30-designsocialclub-6h30\/","og_site_name":"Design Social Club","article_modified_time":"2019-07-23T12:38:48+00:00","og_image":[{"url":"http:\/\/designsocialclub.com\/wp-content\/uploads\/2018\/04\/turn-right-arrow-with-broken-line.png"}],"twitter_card":"summary_large_image","twitter_misc":{"Dur\u00e9e de lecture estim\u00e9e":"3 minutes"},"schema":{"@context":"https:\/\/schema.org","@graph":[{"@type":"WebPage","@id":"https:\/\/designsocialclub.com\/index.php\/6h30-designsocialclub-6h30\/","url":"https:\/\/designsocialclub.com\/index.php\/6h30-designsocialclub-6h30\/","name":"Design Social Club - 6H30, 2017 \/ S\u00e9rie Objets Rituels - Design Social Club","isPartOf":{"@id":"https:\/\/designsocialclub.com\/#website"},"datePublished":"2018-04-08T21:26:33+00:00","dateModified":"2019-07-23T12:38:48+00:00","description":"Ce rite invite \u00e0 percevoir ce premier temps comme un temps pour soi avant de consacrer le reste de la journ\u00e9e aux autres.","breadcrumb":{"@id":"https:\/\/designsocialclub.com\/index.php\/6h30-designsocialclub-6h30\/#breadcrumb"},"inLanguage":"fr-FR","potentialAction":[{"@type":"ReadAction","target":["https:\/\/designsocialclub.com\/index.php\/6h30-designsocialclub-6h30\/"]}]},{"@type":"BreadcrumbList","@id":"https:\/\/designsocialclub.com\/index.php\/6h30-designsocialclub-6h30\/#breadcrumb","itemListElement":[{"@type":"ListItem","position":1,"name":"Accueil","item":"https:\/\/designsocialclub.com\/"},{"@type":"ListItem","position":2,"name":"6H30 &#8211; Design Social Club &#8211; 6H30"}]},{"@type":"WebSite","@id":"https:\/\/designsocialclub.com\/#website","url":"https:\/\/designsocialclub.com\/","name":"Design Social Club","description":"Manufacture abstraite pour objets concrets","potentialAction":[{"@type":"SearchAction","target":{"@type":"EntryPoint","urlTemplate":"https:\/\/designsocialclub.com\/?s={search_term_string}"},"query-input":"required name=search_term_string"}],"inLanguage":"fr-FR"}]}},"jetpack_sharing_enabled":true,"jetpack_shortlink":"https:\/\/wp.me\/P8jKvp-1aV","_links":{"self":[{"href":"https:\/\/designsocialclub.com\/index.php\/wp-json\/wp\/v2\/pages\/4521"}],"collection":[{"href":"https:\/\/designsocialclub.com\/index.php\/wp-json\/wp\/v2\/pages"}],"about":[{"href":"https:\/\/designsocialclub.com\/index.php\/wp-json\/wp\/v2\/types\/page"}],"author":[{"embeddable":true,"href":"https:\/\/designsocialclub.com\/index.php\/wp-json\/wp\/v2\/users\/1"}],"replies":[{"embeddable":true,"href":"https:\/\/designsocialclub.com\/index.php\/wp-json\/wp\/v2\/comments?post=4521"}],"version-history":[{"count":6,"href":"https:\/\/designsocialclub.com\/index.php\/wp-json\/wp\/v2\/pages\/4521\/revisions"}],"predecessor-version":[{"id":6446,"href":"https:\/\/designsocialclub.com\/index.php\/wp-json\/wp\/v2\/pages\/4521\/revisions\/6446"}],"wp:attachment":[{"href":"https:\/\/designsocialclub.com\/index.php\/wp-json\/wp\/v2\/media?parent=4521"}],"curies":[{"name":"wp","href":"https:\/\/api.w.org\/{rel}","templated":true}]}}