{"id":4539,"date":"2018-04-08T22:45:22","date_gmt":"2018-04-08T21:45:22","guid":{"rendered":"http:\/\/designsocialclub.com\/?page_id=4539"},"modified":"2019-07-23T13:45:21","modified_gmt":"2019-07-23T12:45:21","slug":"hamaca-designsocialclub-hamaca","status":"publish","type":"page","link":"https:\/\/designsocialclub.com\/index.php\/hamaca-designsocialclub-hamaca\/","title":{"rendered":"Hamaca &#8211; Design Social Club &#8211; Hamaca"},"content":{"rendered":"<section  class=\"content-section full-width with-col cover no-padding no-margin    content-section-69ded1231697b\"><div class=\"row vc_row-fluid\"><div class=\"wpb_column col-md-3 align-center wow fadeInDown\" data-wow-delay=\"3s\" data-wow-duration=\"8s\"><div class=\"section-text text-block \" ><p><a href=\"http:\/\/designsocialclub.com\/index.php\/projects-designsocialclub-projects\/\"><img loading=\"lazy\" class=\"aligncenter wp-image-4391\" src=\"https:\/\/i0.wp.com\/designsocialclub.com\/wp-content\/uploads\/2018\/04\/turn-right-arrow-with-broken-line.png?resize=78%2C78\" alt=\"\" width=\"78\" height=\"78\" data-recalc-dims=\"1\" \/><\/a><\/p>\n<\/div><\/div><div class=\"wpb_column col-md-3 wow fadeInDown\" data-wow-delay=\"3s\" data-wow-duration=\"8s\"><\/div><div class=\"wpb_column col-md-3\"><\/div><div class=\"wpb_column col-md-3\"><\/div><\/div><\/section><section  class=\"content-section full-width with-col cover no-padding no-margin    content-section-69ded12316c6f\"><div class=\"row vc_row-fluid\"><div class=\"wpb_column col-md-12\"><div  class=\"fullwidth-slider owl-carousel\"><div class=\"container relative\"><div  class=\"full-block align-center\" ><img src=\"https:\/\/i0.wp.com\/designsocialclub.com\/wp-content\/uploads\/2017\/03\/Hamaca_assise_image1.jpg?resize=640%2C427&#038;ssl=1\"  width=\"640\" height=\"427\" alt=\"\" title=\"\" data-recalc-dims=\"1\" \/><\/div><\/div><div class=\"container relative\"><div  class=\"full-block align-center\" ><img src=\"https:\/\/i0.wp.com\/designsocialclub.com\/wp-content\/uploads\/2017\/03\/Hamaca_assise_image4.jpg?resize=640%2C427&#038;ssl=1\"  width=\"640\" height=\"427\" alt=\"\" title=\"\" data-recalc-dims=\"1\" \/><\/div><\/div><div class=\"container relative\"><div  class=\"full-block align-center\" ><img src=\"https:\/\/i0.wp.com\/designsocialclub.com\/wp-content\/uploads\/2017\/03\/Hamaca_assise_image3.jpg?resize=640%2C427&#038;ssl=1\"  width=\"640\" height=\"427\" alt=\"\" title=\"\" data-recalc-dims=\"1\" \/><\/div><\/div><div class=\"container relative\"><div  class=\"full-block align-center\" ><img src=\"https:\/\/i0.wp.com\/designsocialclub.com\/wp-content\/uploads\/2017\/03\/Hamaca_assise_image2.jpg?resize=640%2C427&#038;ssl=1\"  width=\"640\" height=\"427\" alt=\"\" title=\"\" data-recalc-dims=\"1\" \/><\/div><\/div><\/div><div class=\"section-text text-block align-center\" style=\"color:#ffffff;\"><p><span style=\"font-size: 14px\">.<\/span><\/p>\n<\/div><\/div><\/div><\/section><section  class=\"content-section full-width with-col cover no-padding no-margin    content-section-69ded123183e3\"><div class=\"row vc_row-fluid\"><div class=\"wpb_column col-md-3 align-center\"><\/div><div class=\"wpb_column col-md-3\"><div class=\"section-text text-block \" ><div class=\"page\" title=\"Page 3\">\n<div class=\"layoutArea\">\n<div class=\"column\">\n<p><b>HAMACA<\/b>, 2016 \/\u00a0S\u00e9rie In Front<\/p>\n<p><span style=\"font-size: 14px\"><em><a href=\"https:\/\/designsocialclub.com\/index.php\/helloyou-designsocialclub-helloyou\/\" target=\"_blank\" rel=\"noopener noreferrer\">Prix sur demande<\/a><\/em><\/span><\/p>\n<\/div>\n<\/div>\n<\/div>\n<\/div><\/div><div class=\"wpb_column col-md-3\"><div class=\"section-text text-block \" ><div class=\"page\" title=\"Page 3\">\n<div class=\"layoutArea\">\n<div class=\"column\">\n<div class=\"page\" title=\"Page 43\">\n<div class=\"layoutArea\">\n<div class=\"column\">\n<div class=\"page\" title=\"Page 44\">\n<div class=\"layoutArea\">\n<div class=\"column\">\n<p><em>Assise<\/em><br \/>\nM\u00e9tal laqu\u00e9, polyester, bois, c\u00e9ramique.<br \/>\nH : 100 X 180 X 120 cm<\/p>\n<\/div>\n<\/div>\n<\/div>\n<\/div>\n<\/div>\n<\/div>\n<\/div>\n<\/div>\n<\/div>\n<\/div><\/div><div class=\"wpb_column col-md-3\"><\/div><\/div><\/section><section  class=\"content-section full-width with-col cover no-padding no-margin    content-section-69ded12318aeb\"><div class=\"row vc_row-fluid\"><div class=\"wpb_column col-md-2 align-center\"><\/div><div class=\"wpb_column col-md-4\"><div class=\"section-text text-block \" ><div class=\"page\" title=\"Page 3\">\n<div class=\"layoutArea\">\n<div class=\"column\">\n<div class=\"page\" title=\"Page 33\">\n<div class=\"layoutArea\">\n<div class=\"column\">\n<div class=\"page\" title=\"Page 17\">\n<div class=\"layoutArea\">\n<div class=\"column\">\n<div class=\"page\" title=\"Page 27\">\n<div class=\"layoutArea\">\n<div class=\"column\">\n<p style=\"text-align: right\">Dans sa forme la plus primaire, c\u2019est un filet de p\u00eache qui relie ses deux points d\u2019ancrages. Utilis\u00e9 au d\u00e9part dans les pays du Sud, il constituait un support destin\u00e9 \u00e0 s\u2019asseoir au-dessus du sol afin d\u2019\u00e9viter d\u2019\u00eatre envahi par les insectes. Il peu \u00e9galement s\u2019installer au dessus d\u2019une table donnant ainsi la possibilit\u00e9 d\u2019y travailler. Inspir\u00e9 par la vie des c\u00f4tes de Sihanoukville, Hamaca d\u00e9cline un rythme singulier qui accompagne aussi bien le labeur que la d\u00e9tente.<\/p>\n<\/div>\n<\/div>\n<\/div>\n<\/div>\n<\/div>\n<\/div>\n<\/div>\n<\/div>\n<\/div>\n<\/div>\n<\/div>\n<\/div>\n<\/div><\/div><div class=\"wpb_column col-md-4\"><div class=\"section-text text-block \" ><div class=\"page\" title=\"Page 20\">\n<div class=\"layoutArea\">\n<div class=\"column\">\n<p>Trop priv\u00e9 pour \u00eatre autre chose qu\u2019un lieu de passage et trop public pour \u00eatre consid\u00e9r\u00e9 par ses habitants, la zone qui entoure les portes d\u2019entr\u00e9e est pourtant le th\u00e9\u00e2tre de la rencontre entre l\u2019espace individuel et l\u2019espace collectif. Cette sc\u00e8ne sert ici de point de d\u00e9part pour une s\u00e9rie pens\u00e9e autour du seuil. Inspir\u00e9 des pratiques de cultures lointaines, cet ensemble explore la fronti\u00e8re de nos habitations pour tenter de la sociabiliser d\u2019avantage. Chaque mod\u00e8le reprend une habitude d\u2019usage rencontr\u00e9e sur le pas de porte d\u2019une culture diff\u00e9rente.<\/p>\n<\/div>\n<\/div>\n<\/div>\n<\/div><\/div><div class=\"wpb_column col-md-2\"><\/div><\/div><\/section><section  class=\"content-section full-width is-fluid cover no-padding no-margin    content-section-69ded123190de\"><div class=\"row vc_row-fluid\"><div class=\"wpb_column col-md-12 align-center\"><div class=\"section-text text-block align-center\" style=\"color:#ffffff;\"><p>.<\/p>\n<\/div><\/div><\/div><\/section><section  class=\"content-section full-width is-fluid cover no-padding no-margin    content-section-69ded123191a7\"><div class=\"row vc_row-fluid\"><div class=\"wpb_column col-md-12 align-center\"><div class=\"section-text text-block align-center\" style=\"color:#ffffff;\"><p>www.designsocialclub.com<\/p>\n<\/div><\/div><\/div><\/section>\n","protected":false},"excerpt":{"rendered":". HAMACA, 2016 \/\u00a0S\u00e9rie In Front Prix sur demande Assise M\u00e9tal laqu\u00e9, polyester, bois, c\u00e9ramique. H : 100 X 180 X 120 cm Dans sa forme la plus primaire, c\u2019est un filet de p\u00eache qui relie ses deux points d\u2019ancrages. Utilis\u00e9 au d\u00e9part dans les pays du Sud, il constituait un support destin\u00e9 \u00e0 s\u2019asseoir","protected":false},"author":1,"featured_media":0,"parent":0,"menu_order":0,"comment_status":"closed","ping_status":"closed","template":"","meta":{"jetpack_post_was_ever_published":false},"yoast_head":"<!-- This site is optimized with the Yoast SEO plugin v20.8 - https:\/\/yoast.com\/wordpress\/plugins\/seo\/ -->\n<title>Design Social Club - Hamaca, 2016 \/ S\u00e9rie In Front - Design Social Club<\/title>\n<meta name=\"description\" content=\"Inspir\u00e9 par la vie des c\u00f4tes de Sihanoukville, Hamaca d\u00e9cline un rythme singulier qui accompagne aussi bien le labeur que la d\u00e9tente.\" \/>\n<meta name=\"robots\" content=\"index, follow, max-snippet:-1, max-image-preview:large, max-video-preview:-1\" \/>\n<link rel=\"canonical\" href=\"https:\/\/designsocialclub.com\/index.php\/hamaca-designsocialclub-hamaca\/\" \/>\n<meta property=\"og:locale\" content=\"fr_FR\" \/>\n<meta property=\"og:type\" content=\"article\" \/>\n<meta property=\"og:title\" content=\"Design Social Club - Hamaca, 2016 \/ S\u00e9rie In Front - Design Social Club\" \/>\n<meta property=\"og:description\" content=\"Inspir\u00e9 par la vie des c\u00f4tes de Sihanoukville, Hamaca d\u00e9cline un rythme singulier qui accompagne aussi bien le labeur que la d\u00e9tente.\" \/>\n<meta property=\"og:url\" content=\"https:\/\/designsocialclub.com\/index.php\/hamaca-designsocialclub-hamaca\/\" \/>\n<meta property=\"og:site_name\" content=\"Design Social Club\" \/>\n<meta property=\"article:modified_time\" content=\"2019-07-23T12:45:21+00:00\" \/>\n<meta property=\"og:image\" content=\"http:\/\/designsocialclub.com\/wp-content\/uploads\/2018\/04\/turn-right-arrow-with-broken-line.png\" \/>\n<meta name=\"twitter:card\" content=\"summary_large_image\" \/>\n<meta name=\"twitter:label1\" content=\"Dur\u00e9e de lecture estim\u00e9e\" \/>\n\t<meta name=\"twitter:data1\" content=\"2 minutes\" \/>\n<script type=\"application\/ld+json\" class=\"yoast-schema-graph\">{\"@context\":\"https:\/\/schema.org\",\"@graph\":[{\"@type\":\"WebPage\",\"@id\":\"https:\/\/designsocialclub.com\/index.php\/hamaca-designsocialclub-hamaca\/\",\"url\":\"https:\/\/designsocialclub.com\/index.php\/hamaca-designsocialclub-hamaca\/\",\"name\":\"Design Social Club - Hamaca, 2016 \/ S\u00e9rie In Front - Design Social Club\",\"isPartOf\":{\"@id\":\"https:\/\/designsocialclub.com\/#website\"},\"datePublished\":\"2018-04-08T21:45:22+00:00\",\"dateModified\":\"2019-07-23T12:45:21+00:00\",\"description\":\"Inspir\u00e9 par la vie des c\u00f4tes de Sihanoukville, Hamaca d\u00e9cline un rythme singulier qui accompagne aussi bien le labeur que la d\u00e9tente.\",\"breadcrumb\":{\"@id\":\"https:\/\/designsocialclub.com\/index.php\/hamaca-designsocialclub-hamaca\/#breadcrumb\"},\"inLanguage\":\"fr-FR\",\"potentialAction\":[{\"@type\":\"ReadAction\",\"target\":[\"https:\/\/designsocialclub.com\/index.php\/hamaca-designsocialclub-hamaca\/\"]}]},{\"@type\":\"BreadcrumbList\",\"@id\":\"https:\/\/designsocialclub.com\/index.php\/hamaca-designsocialclub-hamaca\/#breadcrumb\",\"itemListElement\":[{\"@type\":\"ListItem\",\"position\":1,\"name\":\"Accueil\",\"item\":\"https:\/\/designsocialclub.com\/\"},{\"@type\":\"ListItem\",\"position\":2,\"name\":\"Hamaca &#8211; Design Social Club &#8211; Hamaca\"}]},{\"@type\":\"WebSite\",\"@id\":\"https:\/\/designsocialclub.com\/#website\",\"url\":\"https:\/\/designsocialclub.com\/\",\"name\":\"Design Social Club\",\"description\":\"Manufacture abstraite pour objets concrets\",\"potentialAction\":[{\"@type\":\"SearchAction\",\"target\":{\"@type\":\"EntryPoint\",\"urlTemplate\":\"https:\/\/designsocialclub.com\/?s={search_term_string}\"},\"query-input\":\"required name=search_term_string\"}],\"inLanguage\":\"fr-FR\"}]}<\/script>\n<!-- \/ Yoast SEO plugin. -->","yoast_head_json":{"title":"Design Social Club - Hamaca, 2016 \/ S\u00e9rie In Front - Design Social Club","description":"Inspir\u00e9 par la vie des c\u00f4tes de Sihanoukville, Hamaca d\u00e9cline un rythme singulier qui accompagne aussi bien le labeur que la d\u00e9tente.","robots":{"index":"index","follow":"follow","max-snippet":"max-snippet:-1","max-image-preview":"max-image-preview:large","max-video-preview":"max-video-preview:-1"},"canonical":"https:\/\/designsocialclub.com\/index.php\/hamaca-designsocialclub-hamaca\/","og_locale":"fr_FR","og_type":"article","og_title":"Design Social Club - Hamaca, 2016 \/ S\u00e9rie In Front - Design Social Club","og_description":"Inspir\u00e9 par la vie des c\u00f4tes de Sihanoukville, Hamaca d\u00e9cline un rythme singulier qui accompagne aussi bien le labeur que la d\u00e9tente.","og_url":"https:\/\/designsocialclub.com\/index.php\/hamaca-designsocialclub-hamaca\/","og_site_name":"Design Social Club","article_modified_time":"2019-07-23T12:45:21+00:00","og_image":[{"url":"http:\/\/designsocialclub.com\/wp-content\/uploads\/2018\/04\/turn-right-arrow-with-broken-line.png"}],"twitter_card":"summary_large_image","twitter_misc":{"Dur\u00e9e de lecture estim\u00e9e":"2 minutes"},"schema":{"@context":"https:\/\/schema.org","@graph":[{"@type":"WebPage","@id":"https:\/\/designsocialclub.com\/index.php\/hamaca-designsocialclub-hamaca\/","url":"https:\/\/designsocialclub.com\/index.php\/hamaca-designsocialclub-hamaca\/","name":"Design Social Club - Hamaca, 2016 \/ S\u00e9rie In Front - Design Social Club","isPartOf":{"@id":"https:\/\/designsocialclub.com\/#website"},"datePublished":"2018-04-08T21:45:22+00:00","dateModified":"2019-07-23T12:45:21+00:00","description":"Inspir\u00e9 par la vie des c\u00f4tes de Sihanoukville, Hamaca d\u00e9cline un rythme singulier qui accompagne aussi bien le labeur que la d\u00e9tente.","breadcrumb":{"@id":"https:\/\/designsocialclub.com\/index.php\/hamaca-designsocialclub-hamaca\/#breadcrumb"},"inLanguage":"fr-FR","potentialAction":[{"@type":"ReadAction","target":["https:\/\/designsocialclub.com\/index.php\/hamaca-designsocialclub-hamaca\/"]}]},{"@type":"BreadcrumbList","@id":"https:\/\/designsocialclub.com\/index.php\/hamaca-designsocialclub-hamaca\/#breadcrumb","itemListElement":[{"@type":"ListItem","position":1,"name":"Accueil","item":"https:\/\/designsocialclub.com\/"},{"@type":"ListItem","position":2,"name":"Hamaca &#8211; Design Social Club &#8211; Hamaca"}]},{"@type":"WebSite","@id":"https:\/\/designsocialclub.com\/#website","url":"https:\/\/designsocialclub.com\/","name":"Design Social Club","description":"Manufacture abstraite pour objets concrets","potentialAction":[{"@type":"SearchAction","target":{"@type":"EntryPoint","urlTemplate":"https:\/\/designsocialclub.com\/?s={search_term_string}"},"query-input":"required name=search_term_string"}],"inLanguage":"fr-FR"}]}},"jetpack_sharing_enabled":true,"jetpack_shortlink":"https:\/\/wp.me\/P8jKvp-1bd","_links":{"self":[{"href":"https:\/\/designsocialclub.com\/index.php\/wp-json\/wp\/v2\/pages\/4539"}],"collection":[{"href":"https:\/\/designsocialclub.com\/index.php\/wp-json\/wp\/v2\/pages"}],"about":[{"href":"https:\/\/designsocialclub.com\/index.php\/wp-json\/wp\/v2\/types\/page"}],"author":[{"embeddable":true,"href":"https:\/\/designsocialclub.com\/index.php\/wp-json\/wp\/v2\/users\/1"}],"replies":[{"embeddable":true,"href":"https:\/\/designsocialclub.com\/index.php\/wp-json\/wp\/v2\/comments?post=4539"}],"version-history":[{"count":5,"href":"https:\/\/designsocialclub.com\/index.php\/wp-json\/wp\/v2\/pages\/4539\/revisions"}],"predecessor-version":[{"id":6458,"href":"https:\/\/designsocialclub.com\/index.php\/wp-json\/wp\/v2\/pages\/4539\/revisions\/6458"}],"wp:attachment":[{"href":"https:\/\/designsocialclub.com\/index.php\/wp-json\/wp\/v2\/media?parent=4539"}],"curies":[{"name":"wp","href":"https:\/\/api.w.org\/{rel}","templated":true}]}}