{"id":4541,"date":"2018-04-08T22:53:12","date_gmt":"2018-04-08T21:53:12","guid":{"rendered":"http:\/\/designsocialclub.com\/?page_id=4541"},"modified":"2019-07-23T13:42:06","modified_gmt":"2019-07-23T12:42:06","slug":"charpaya-designsocialclub-charpaya","status":"publish","type":"page","link":"https:\/\/designsocialclub.com\/index.php\/charpaya-designsocialclub-charpaya\/","title":{"rendered":"Charpaya- Design Social Club &#8211; Charpaya"},"content":{"rendered":"<section  class=\"content-section full-width with-col cover no-padding no-margin    content-section-69deb96eec05b\"><div class=\"row vc_row-fluid\"><div class=\"wpb_column col-md-3 align-center wow fadeInDown\" data-wow-delay=\"3s\" data-wow-duration=\"8s\"><div class=\"section-text text-block \" ><p><a href=\"http:\/\/designsocialclub.com\/index.php\/projects-designsocialclub-projects\/\"><img loading=\"lazy\" class=\"aligncenter wp-image-4391\" src=\"https:\/\/i0.wp.com\/designsocialclub.com\/wp-content\/uploads\/2018\/04\/turn-right-arrow-with-broken-line.png?resize=78%2C78\" alt=\"\" width=\"78\" height=\"78\" data-recalc-dims=\"1\" \/><\/a><\/p>\n<\/div><\/div><div class=\"wpb_column col-md-3 wow fadeInDown\" data-wow-delay=\"3s\" data-wow-duration=\"8s\"><\/div><div class=\"wpb_column col-md-3\"><\/div><div class=\"wpb_column col-md-3\"><\/div><\/div><\/section><section  class=\"content-section full-width with-col cover no-padding no-margin    content-section-69deb96eec319\"><div class=\"row vc_row-fluid\"><div class=\"wpb_column col-md-12\"><div  class=\"fullwidth-slider owl-carousel\"><div class=\"container relative\"><div  class=\"full-block align-center\" ><img src=\"https:\/\/i0.wp.com\/designsocialclub.com\/wp-content\/uploads\/2017\/03\/Charpaya_assise_image2.jpg?resize=640%2C427&#038;ssl=1\"  width=\"640\" height=\"427\" alt=\"\" title=\"\" data-recalc-dims=\"1\" \/><\/div><\/div><div class=\"container relative\"><div  class=\"full-block align-center\" ><img src=\"https:\/\/i0.wp.com\/designsocialclub.com\/wp-content\/uploads\/2017\/03\/IMG_5100-1.jpg?resize=640%2C427&#038;ssl=1\"  width=\"640\" height=\"427\" alt=\"\" title=\"\" data-recalc-dims=\"1\" \/><\/div><\/div><div class=\"container relative\"><div  class=\"full-block align-center\" ><img src=\"https:\/\/i0.wp.com\/designsocialclub.com\/wp-content\/uploads\/2017\/03\/Charpaya_assise_image3.jpg?resize=640%2C427&#038;ssl=1\"  width=\"640\" height=\"427\" alt=\"\" title=\"\" data-recalc-dims=\"1\" \/><\/div><\/div><div class=\"container relative\"><div  class=\"full-block align-center\" ><img src=\"https:\/\/i0.wp.com\/designsocialclub.com\/wp-content\/uploads\/2017\/03\/Charpaya_assise_image4.jpg?resize=640%2C427&#038;ssl=1\"  width=\"640\" height=\"427\" alt=\"\" title=\"\" data-recalc-dims=\"1\" \/><\/div><\/div><\/div><div class=\"section-text text-block align-center\" style=\"color:#ffffff;\"><p><span style=\"font-size: 14px\">.<\/span><\/p>\n<\/div><\/div><\/div><\/section><section  class=\"content-section full-width with-col cover no-padding no-margin    content-section-69deb96eed4c8\"><div class=\"row vc_row-fluid\"><div class=\"wpb_column col-md-3 align-center\"><\/div><div class=\"wpb_column col-md-3\"><div class=\"section-text text-block \" ><div class=\"page\" title=\"Page 3\">\n<div class=\"layoutArea\">\n<div class=\"column\">\n<p><b>CHARPAYA<\/b>, 2016 \/\u00a0S\u00e9rie In Front<\/p>\n<p><span style=\"font-size: 14px\"><em><a href=\"https:\/\/designsocialclub.com\/index.php\/helloyou-designsocialclub-helloyou\/\" target=\"_blank\" rel=\"noopener noreferrer\">Prix sur demande<\/a><\/em><\/span><\/p>\n<\/div>\n<\/div>\n<\/div>\n<\/div><\/div><div class=\"wpb_column col-md-3\"><div class=\"section-text text-block \" ><div class=\"page\" title=\"Page 3\">\n<div class=\"layoutArea\">\n<div class=\"column\">\n<div class=\"page\" title=\"Page 43\">\n<div class=\"layoutArea\">\n<div class=\"column\">\n<div class=\"page\" title=\"Page 44\">\n<div class=\"layoutArea\">\n<div class=\"column\">\n<div class=\"page\" title=\"Page 44\">\n<div class=\"layoutArea\">\n<div class=\"column\">\n<p><em>Assise<\/em><br \/>\nCoton, m\u00e9tal laqu\u00e9.<br \/>\nH : 50 X 180 X 60 cm<\/p>\n<\/div>\n<\/div>\n<\/div>\n<\/div>\n<\/div>\n<\/div>\n<\/div>\n<\/div>\n<\/div>\n<\/div>\n<\/div>\n<\/div>\n<\/div><\/div><div class=\"wpb_column col-md-3\"><\/div><\/div><\/section><section  class=\"content-section full-width with-col cover no-padding no-margin    content-section-69deb96eedc80\"><div class=\"row vc_row-fluid\"><div class=\"wpb_column col-md-2 align-center\"><\/div><div class=\"wpb_column col-md-4\"><div class=\"section-text text-block \" ><div class=\"page\" title=\"Page 3\">\n<div class=\"layoutArea\">\n<div class=\"column\">\n<div class=\"page\" title=\"Page 33\">\n<div class=\"layoutArea\">\n<div class=\"column\">\n<div class=\"page\" title=\"Page 17\">\n<div class=\"layoutArea\">\n<div class=\"column\">\n<div class=\"page\" title=\"Page 27\">\n<div class=\"layoutArea\">\n<div class=\"column\">\n<div class=\"page\" title=\"Page 24\">\n<div class=\"layoutArea\">\n<div class=\"column\">\n<p style=\"text-align: right\">Son nom signifie \u00ab quatre (char) pieds (paya) \u00bb. Cette structure rectangulaire agit comme un cadre pour des sangles tiss\u00e9es. A son origine, cet assemblage est le lit de l\u2019homme pauvre dans les r\u00e9gions rurales de l\u2019Inde. Charpaya est un objet hybride, il se veut entre la table de travail et le lit de repos. Le tissage au plus juste permet d\u2019obtenir une surface rigide permettant d\u2019oeuvrer tandis que la souplesse des liens apporte le confort n\u00e9cessaire pour se reposer.<\/p>\n<\/div>\n<\/div>\n<\/div>\n<\/div>\n<\/div>\n<\/div>\n<\/div>\n<\/div>\n<\/div>\n<\/div>\n<\/div>\n<\/div>\n<\/div>\n<\/div>\n<\/div>\n<\/div><\/div><div class=\"wpb_column col-md-4\"><div class=\"section-text text-block \" ><div class=\"page\" title=\"Page 20\">\n<div class=\"layoutArea\">\n<div class=\"column\">\n<p>Trop priv\u00e9 pour \u00eatre autre chose qu\u2019un lieu de passage et trop public pour \u00eatre consid\u00e9r\u00e9 par ses habitants, la zone qui entoure les portes d\u2019entr\u00e9e est pourtant le th\u00e9\u00e2tre de la rencontre entre l\u2019espace individuel et l\u2019espace collectif. Cette sc\u00e8ne sert ici de point de d\u00e9part pour une s\u00e9rie pens\u00e9e autour du seuil. Inspir\u00e9 des pratiques de cultures lointaines, cet ensemble explore la fronti\u00e8re de nos habitations pour tenter de la sociabiliser d\u2019avantage. Chaque mod\u00e8le reprend une habitude d\u2019usage rencontr\u00e9e sur le pas de porte d\u2019une culture diff\u00e9rente.<\/p>\n<\/div>\n<\/div>\n<\/div>\n<\/div><\/div><div class=\"wpb_column col-md-2\"><\/div><\/div><\/section><section  class=\"content-section full-width is-fluid cover no-padding no-margin    content-section-69deb96eee2bc\"><div class=\"row vc_row-fluid\"><div class=\"wpb_column col-md-12 align-center\"><div class=\"section-text text-block align-center\" style=\"color:#ffffff;\"><p>.<\/p>\n<\/div><\/div><\/div><\/section><section  class=\"content-section full-width is-fluid cover no-padding no-margin    content-section-69deb96eee37e\"><div class=\"row vc_row-fluid\"><div class=\"wpb_column col-md-12 align-center\"><div class=\"section-text text-block align-center\" style=\"color:#ffffff;\"><p>www.designsocialclub.com<\/p>\n<\/div><\/div><\/div><\/section>\n","protected":false},"excerpt":{"rendered":". CHARPAYA, 2016 \/\u00a0S\u00e9rie In Front Prix sur demande Assise Coton, m\u00e9tal laqu\u00e9. H : 50 X 180 X 60 cm Son nom signifie \u00ab quatre (char) pieds (paya) \u00bb. Cette structure rectangulaire agit comme un cadre pour des sangles tiss\u00e9es. A son origine, cet assemblage est le lit de l\u2019homme pauvre dans les r\u00e9gions","protected":false},"author":1,"featured_media":0,"parent":0,"menu_order":0,"comment_status":"closed","ping_status":"closed","template":"","meta":{"jetpack_post_was_ever_published":false},"yoast_head":"<!-- This site is optimized with the Yoast SEO plugin v20.8 - https:\/\/yoast.com\/wordpress\/plugins\/seo\/ -->\n<title>Design Social Club - Charpaya, 2016 \/ S\u00e9rie In Front - Design Social Club<\/title>\n<meta name=\"description\" content=\"A son origine, cet assemblage est le lit de l\u2019homme pauvre dans les r\u00e9gions rurales de l\u2019Inde. Charpaya est un objet hybride...\" \/>\n<meta name=\"robots\" content=\"index, follow, max-snippet:-1, max-image-preview:large, max-video-preview:-1\" \/>\n<link rel=\"canonical\" href=\"https:\/\/designsocialclub.com\/index.php\/charpaya-designsocialclub-charpaya\/\" \/>\n<meta property=\"og:locale\" content=\"fr_FR\" \/>\n<meta property=\"og:type\" content=\"article\" \/>\n<meta property=\"og:title\" content=\"Design Social Club - Charpaya, 2016 \/ S\u00e9rie In Front - Design Social Club\" \/>\n<meta property=\"og:description\" content=\"A son origine, cet assemblage est le lit de l\u2019homme pauvre dans les r\u00e9gions rurales de l\u2019Inde. Charpaya est un objet hybride...\" \/>\n<meta property=\"og:url\" content=\"https:\/\/designsocialclub.com\/index.php\/charpaya-designsocialclub-charpaya\/\" \/>\n<meta property=\"og:site_name\" content=\"Design Social Club\" \/>\n<meta property=\"article:modified_time\" content=\"2019-07-23T12:42:06+00:00\" \/>\n<meta property=\"og:image\" content=\"http:\/\/designsocialclub.com\/wp-content\/uploads\/2018\/04\/turn-right-arrow-with-broken-line.png\" \/>\n<meta name=\"twitter:card\" content=\"summary_large_image\" \/>\n<meta name=\"twitter:label1\" content=\"Dur\u00e9e de lecture estim\u00e9e\" \/>\n\t<meta name=\"twitter:data1\" content=\"2 minutes\" \/>\n<script type=\"application\/ld+json\" class=\"yoast-schema-graph\">{\"@context\":\"https:\/\/schema.org\",\"@graph\":[{\"@type\":\"WebPage\",\"@id\":\"https:\/\/designsocialclub.com\/index.php\/charpaya-designsocialclub-charpaya\/\",\"url\":\"https:\/\/designsocialclub.com\/index.php\/charpaya-designsocialclub-charpaya\/\",\"name\":\"Design Social Club - Charpaya, 2016 \/ S\u00e9rie In Front - Design Social Club\",\"isPartOf\":{\"@id\":\"https:\/\/designsocialclub.com\/#website\"},\"datePublished\":\"2018-04-08T21:53:12+00:00\",\"dateModified\":\"2019-07-23T12:42:06+00:00\",\"description\":\"A son origine, cet assemblage est le lit de l\u2019homme pauvre dans les r\u00e9gions rurales de l\u2019Inde. Charpaya est un objet hybride...\",\"breadcrumb\":{\"@id\":\"https:\/\/designsocialclub.com\/index.php\/charpaya-designsocialclub-charpaya\/#breadcrumb\"},\"inLanguage\":\"fr-FR\",\"potentialAction\":[{\"@type\":\"ReadAction\",\"target\":[\"https:\/\/designsocialclub.com\/index.php\/charpaya-designsocialclub-charpaya\/\"]}]},{\"@type\":\"BreadcrumbList\",\"@id\":\"https:\/\/designsocialclub.com\/index.php\/charpaya-designsocialclub-charpaya\/#breadcrumb\",\"itemListElement\":[{\"@type\":\"ListItem\",\"position\":1,\"name\":\"Accueil\",\"item\":\"https:\/\/designsocialclub.com\/\"},{\"@type\":\"ListItem\",\"position\":2,\"name\":\"Charpaya- Design Social Club &#8211; Charpaya\"}]},{\"@type\":\"WebSite\",\"@id\":\"https:\/\/designsocialclub.com\/#website\",\"url\":\"https:\/\/designsocialclub.com\/\",\"name\":\"Design Social Club\",\"description\":\"Manufacture abstraite pour objets concrets\",\"potentialAction\":[{\"@type\":\"SearchAction\",\"target\":{\"@type\":\"EntryPoint\",\"urlTemplate\":\"https:\/\/designsocialclub.com\/?s={search_term_string}\"},\"query-input\":\"required name=search_term_string\"}],\"inLanguage\":\"fr-FR\"}]}<\/script>\n<!-- \/ Yoast SEO plugin. -->","yoast_head_json":{"title":"Design Social Club - Charpaya, 2016 \/ S\u00e9rie In Front - Design Social Club","description":"A son origine, cet assemblage est le lit de l\u2019homme pauvre dans les r\u00e9gions rurales de l\u2019Inde. Charpaya est un objet hybride...","robots":{"index":"index","follow":"follow","max-snippet":"max-snippet:-1","max-image-preview":"max-image-preview:large","max-video-preview":"max-video-preview:-1"},"canonical":"https:\/\/designsocialclub.com\/index.php\/charpaya-designsocialclub-charpaya\/","og_locale":"fr_FR","og_type":"article","og_title":"Design Social Club - Charpaya, 2016 \/ S\u00e9rie In Front - Design Social Club","og_description":"A son origine, cet assemblage est le lit de l\u2019homme pauvre dans les r\u00e9gions rurales de l\u2019Inde. Charpaya est un objet hybride...","og_url":"https:\/\/designsocialclub.com\/index.php\/charpaya-designsocialclub-charpaya\/","og_site_name":"Design Social Club","article_modified_time":"2019-07-23T12:42:06+00:00","og_image":[{"url":"http:\/\/designsocialclub.com\/wp-content\/uploads\/2018\/04\/turn-right-arrow-with-broken-line.png"}],"twitter_card":"summary_large_image","twitter_misc":{"Dur\u00e9e de lecture estim\u00e9e":"2 minutes"},"schema":{"@context":"https:\/\/schema.org","@graph":[{"@type":"WebPage","@id":"https:\/\/designsocialclub.com\/index.php\/charpaya-designsocialclub-charpaya\/","url":"https:\/\/designsocialclub.com\/index.php\/charpaya-designsocialclub-charpaya\/","name":"Design Social Club - Charpaya, 2016 \/ S\u00e9rie In Front - Design Social Club","isPartOf":{"@id":"https:\/\/designsocialclub.com\/#website"},"datePublished":"2018-04-08T21:53:12+00:00","dateModified":"2019-07-23T12:42:06+00:00","description":"A son origine, cet assemblage est le lit de l\u2019homme pauvre dans les r\u00e9gions rurales de l\u2019Inde. Charpaya est un objet hybride...","breadcrumb":{"@id":"https:\/\/designsocialclub.com\/index.php\/charpaya-designsocialclub-charpaya\/#breadcrumb"},"inLanguage":"fr-FR","potentialAction":[{"@type":"ReadAction","target":["https:\/\/designsocialclub.com\/index.php\/charpaya-designsocialclub-charpaya\/"]}]},{"@type":"BreadcrumbList","@id":"https:\/\/designsocialclub.com\/index.php\/charpaya-designsocialclub-charpaya\/#breadcrumb","itemListElement":[{"@type":"ListItem","position":1,"name":"Accueil","item":"https:\/\/designsocialclub.com\/"},{"@type":"ListItem","position":2,"name":"Charpaya- Design Social Club &#8211; Charpaya"}]},{"@type":"WebSite","@id":"https:\/\/designsocialclub.com\/#website","url":"https:\/\/designsocialclub.com\/","name":"Design Social Club","description":"Manufacture abstraite pour objets concrets","potentialAction":[{"@type":"SearchAction","target":{"@type":"EntryPoint","urlTemplate":"https:\/\/designsocialclub.com\/?s={search_term_string}"},"query-input":"required name=search_term_string"}],"inLanguage":"fr-FR"}]}},"jetpack_sharing_enabled":true,"jetpack_shortlink":"https:\/\/wp.me\/P8jKvp-1bf","_links":{"self":[{"href":"https:\/\/designsocialclub.com\/index.php\/wp-json\/wp\/v2\/pages\/4541"}],"collection":[{"href":"https:\/\/designsocialclub.com\/index.php\/wp-json\/wp\/v2\/pages"}],"about":[{"href":"https:\/\/designsocialclub.com\/index.php\/wp-json\/wp\/v2\/types\/page"}],"author":[{"embeddable":true,"href":"https:\/\/designsocialclub.com\/index.php\/wp-json\/wp\/v2\/users\/1"}],"replies":[{"embeddable":true,"href":"https:\/\/designsocialclub.com\/index.php\/wp-json\/wp\/v2\/comments?post=4541"}],"version-history":[{"count":5,"href":"https:\/\/designsocialclub.com\/index.php\/wp-json\/wp\/v2\/pages\/4541\/revisions"}],"predecessor-version":[{"id":6454,"href":"https:\/\/designsocialclub.com\/index.php\/wp-json\/wp\/v2\/pages\/4541\/revisions\/6454"}],"wp:attachment":[{"href":"https:\/\/designsocialclub.com\/index.php\/wp-json\/wp\/v2\/media?parent=4541"}],"curies":[{"name":"wp","href":"https:\/\/api.w.org\/{rel}","templated":true}]}}