{"id":4547,"date":"2018-04-08T23:09:08","date_gmt":"2018-04-08T22:09:08","guid":{"rendered":"http:\/\/designsocialclub.com\/?page_id=4547"},"modified":"2019-07-23T13:41:19","modified_gmt":"2019-07-23T12:41:19","slug":"anityadukkha-designsocialclub-anityadukkha","status":"publish","type":"page","link":"https:\/\/designsocialclub.com\/index.php\/anityadukkha-designsocialclub-anityadukkha\/","title":{"rendered":"Anitya Dukkha &#8211; Design Social Club &#8211; Anitya Dukkha"},"content":{"rendered":"<section  class=\"content-section full-width with-col cover no-padding no-margin    content-section-69f3236e1362a\"><div class=\"row vc_row-fluid\"><div class=\"wpb_column col-md-3 align-center wow fadeInDown\" data-wow-delay=\"3s\" data-wow-duration=\"8s\"><div class=\"section-text text-block \" ><p><a href=\"http:\/\/designsocialclub.com\/index.php\/projects-designsocialclub-projects\/\"><img loading=\"lazy\" class=\"aligncenter wp-image-4391\" src=\"https:\/\/i0.wp.com\/designsocialclub.com\/wp-content\/uploads\/2018\/04\/turn-right-arrow-with-broken-line.png?resize=78%2C78\" alt=\"\" width=\"78\" height=\"78\" data-recalc-dims=\"1\" \/><\/a><\/p>\n<\/div><\/div><div class=\"wpb_column col-md-3 wow fadeInDown\" data-wow-delay=\"3s\" data-wow-duration=\"8s\"><\/div><div class=\"wpb_column col-md-3\"><\/div><div class=\"wpb_column col-md-3\"><\/div><\/div><\/section><section  class=\"content-section full-width with-col cover no-padding no-margin    content-section-69f3236e13960\"><div class=\"row vc_row-fluid\"><div class=\"wpb_column col-md-12\"><div  class=\"fullwidth-slider owl-carousel\"><div class=\"container relative\"><div  class=\"full-block align-center\" ><img src=\"https:\/\/i0.wp.com\/designsocialclub.com\/wp-content\/uploads\/2016\/12\/anitya-dukkha-luminaire-japa-1.jpg?resize=640%2C427&#038;ssl=1\"  width=\"640\" height=\"427\" alt=\"\" title=\"\" data-recalc-dims=\"1\" \/><\/div><\/div><div class=\"container relative\"><div  class=\"full-block align-center\" ><img src=\"https:\/\/i0.wp.com\/designsocialclub.com\/wp-content\/uploads\/2016\/12\/anitya-dukkha-luminaire-japa-3.jpg?resize=640%2C427&#038;ssl=1\"  width=\"640\" height=\"427\" alt=\"\" title=\"\" data-recalc-dims=\"1\" \/><\/div><\/div><div class=\"container relative\"><div  class=\"full-block align-center\" ><img src=\"https:\/\/i0.wp.com\/designsocialclub.com\/wp-content\/uploads\/2016\/12\/anitya-dukkha-luminaire-japa-4.jpg?resize=640%2C427&#038;ssl=1\"  width=\"640\" height=\"427\" alt=\"\" title=\"\" data-recalc-dims=\"1\" \/><\/div><\/div><div class=\"container relative\"><div  class=\"full-block align-center\" ><img src=\"https:\/\/i0.wp.com\/designsocialclub.com\/wp-content\/uploads\/2016\/12\/anitya-dukkha-luminaire-japa-2.jpg?resize=640%2C427&#038;ssl=1\"  width=\"640\" height=\"427\" alt=\"\" title=\"\" data-recalc-dims=\"1\" \/><\/div><\/div><\/div><div class=\"section-text text-block align-center\" style=\"color:#ffffff;\"><p><span style=\"font-size: 14px\">.<\/span><\/p>\n<\/div><\/div><\/div><\/section><section  class=\"content-section full-width with-col cover no-padding no-margin    content-section-69f3236e14a69\"><div class=\"row vc_row-fluid\"><div class=\"wpb_column col-md-3 align-center\"><\/div><div class=\"wpb_column col-md-3\"><div class=\"section-text text-block \" ><div class=\"page\" title=\"Page 3\">\n<div class=\"layoutArea\">\n<div class=\"column\">\n<p><b>ANITYA DUKKHA<\/b>, 2015 \/\u00a0S\u00e9rie\u00a0Japa<\/p>\n<p><span style=\"font-size: 14px\"><em><a href=\"https:\/\/designsocialclub.com\/index.php\/helloyou-designsocialclub-helloyou\/\" target=\"_blank\" rel=\"noopener noreferrer\">Prix sur demande<\/a><\/em><\/span><\/p>\n<\/div>\n<\/div>\n<\/div>\n<\/div><\/div><div class=\"wpb_column col-md-3\"><div class=\"section-text text-block \" ><div class=\"page\" title=\"Page 3\">\n<div class=\"layoutArea\">\n<div class=\"column\">\n<div class=\"page\" title=\"Page 43\">\n<div class=\"layoutArea\">\n<div class=\"column\">\n<div class=\"page\" title=\"Page 44\">\n<div class=\"layoutArea\">\n<div class=\"column\">\n<div class=\"page\" title=\"Page 44\">\n<div class=\"layoutArea\">\n<div class=\"column\">\n<p><em>Luminaire<\/em><br \/>\nM\u00e9tal laqu\u00e9, bois de h\u00eatre, ciment.<br \/>\nH : 180 X 30 X 58 cm<\/p>\n<\/div>\n<\/div>\n<\/div>\n<\/div>\n<\/div>\n<\/div>\n<\/div>\n<\/div>\n<\/div>\n<\/div>\n<\/div>\n<\/div>\n<\/div><\/div><div class=\"wpb_column col-md-3\"><\/div><\/div><\/section><section  class=\"content-section full-width with-col cover no-padding no-margin    content-section-69f3236e1522c\"><div class=\"row vc_row-fluid\"><div class=\"wpb_column col-md-2 align-center\"><\/div><div class=\"wpb_column col-md-4\"><div class=\"section-text text-block \" ><div class=\"page\" title=\"Page 3\">\n<div class=\"layoutArea\">\n<div class=\"column\">\n<div class=\"page\" title=\"Page 33\">\n<div class=\"layoutArea\">\n<div class=\"column\">\n<div class=\"page\" title=\"Page 17\">\n<div class=\"layoutArea\">\n<div class=\"column\">\n<div class=\"page\" title=\"Page 27\">\n<div class=\"layoutArea\">\n<div class=\"column\">\n<div class=\"page\" title=\"Page 24\">\n<div class=\"layoutArea\">\n<div class=\"column\">\n<div class=\"page\" title=\"Page 34\">\n<div class=\"layoutArea\">\n<div class=\"column\">\n<p style=\"text-align: right\">Anitya Dukkha \u00e9voque l\u2019impermanence, le fait que tout est en constante \u00e9volution, qu\u2019il n\u2019y a rien de permanent. Ce principe r\u00e9git \u00e9galement nos envies qui ne peuvent \u00eatre satisfaites de mani\u00e8re ultime et d\u00e9finitive, ce qui am\u00e8ne \u00e0 trouver le plaisir dans la recherche et non pas dans l\u2019\u00e9quilibre m\u00eame. Ce dispositif se compose de disques perfor\u00e9s dont la rotation assure le scintillement de la lumi\u00e8re. Les contrepoids amovibles du balancier doivent \u00eatre in\u00e9gaux pour assurer le mouvement. Cette agitation est le r\u00e9sultat de la qu\u00eate de l\u2019\u00e9quilibre et cesse lorsque ce dernier est atteint. Cette m\u00e9canique rappel par son usage que l\u2019harmonie se trouve dans la recherche et non dans le but.<\/p>\n<\/div>\n<\/div>\n<\/div>\n<\/div>\n<\/div>\n<\/div>\n<\/div>\n<\/div>\n<\/div>\n<\/div>\n<\/div>\n<\/div>\n<\/div>\n<\/div>\n<\/div>\n<\/div>\n<\/div>\n<\/div>\n<\/div><\/div><div class=\"wpb_column col-md-4\"><div class=\"section-text text-block \" ><div class=\"page\" title=\"Page 20\">\n<div class=\"layoutArea\">\n<div class=\"column\">\n<div class=\"page\" title=\"Page 30\">\n<div class=\"layoutArea\">\n<div class=\"column\">\n<p>Japa est un terme Sanskrit qui d\u00e9signe une technique consistant \u00e0 r\u00e9p\u00e9ter m\u00e9caniquement un nom de divinit\u00e9 ou un mantra pour entrer dans un exercice m\u00e9ditatif. Selon les sp\u00e9cialistes, si l\u2019on arrive \u00e0 concentrer toute son attention et \u00e0 se repr\u00e9senter l\u2019id\u00e9al auquel correspond l\u2019\u00e9l\u00e9ment r\u00e9p\u00e9t\u00e9, le japa peut permettre de trouver les r\u00e9ponses aux questions qui se posent. Ce proc\u00e9d\u00e9 est ici exploit\u00e9 au travers d\u2019objets domestiques dont l\u2019usage r\u00e9p\u00e9t\u00e9 au quotidien vient rappeler une notion afin de servir de point de d\u00e9part pour une r\u00e9flexion. Chacune des pi\u00e8ces a \u00e9t\u00e9 pens\u00e9e autour de la symbolique de son usage pour inviter \u00e0 r\u00e9fl\u00e9chir sur le sens que ce dernier v\u00e9hicule.<\/p>\n<\/div>\n<\/div>\n<\/div>\n<\/div>\n<\/div>\n<\/div>\n<\/div><\/div><div class=\"wpb_column col-md-2\"><\/div><\/div><\/section><section  class=\"content-section full-width is-fluid cover no-padding no-margin    content-section-69f3236e159a8\"><div class=\"row vc_row-fluid\"><div class=\"wpb_column col-md-12 align-center\"><div class=\"section-text text-block align-center\" style=\"color:#ffffff;\"><p>.<\/p>\n<\/div><\/div><\/div><\/section><section  class=\"content-section full-width is-fluid cover no-padding no-margin    content-section-69f3236e15a6b\"><div class=\"row vc_row-fluid\"><div class=\"wpb_column col-md-12 align-center\"><div class=\"section-text text-block align-center\" style=\"color:#ffffff;\"><p>www.designsocialclub.com<\/p>\n<\/div><\/div><\/div><\/section>\n","protected":false},"excerpt":{"rendered":". ANITYA DUKKHA, 2015 \/\u00a0S\u00e9rie\u00a0Japa Prix sur demande Luminaire M\u00e9tal laqu\u00e9, bois de h\u00eatre, ciment. H : 180 X 30 X 58 cm Anitya Dukkha \u00e9voque l\u2019impermanence, le fait que tout est en constante \u00e9volution, qu\u2019il n\u2019y a rien de permanent. Ce principe r\u00e9git \u00e9galement nos envies qui ne peuvent \u00eatre satisfaites de mani\u00e8re ultime","protected":false},"author":1,"featured_media":0,"parent":0,"menu_order":0,"comment_status":"closed","ping_status":"closed","template":"","meta":{"jetpack_post_was_ever_published":false},"yoast_head":"<!-- This site is optimized with the Yoast SEO plugin v20.8 - https:\/\/yoast.com\/wordpress\/plugins\/seo\/ -->\n<title>Design Social Club - Anitya Dukkha, 2015 \/ S\u00e9rie Japa - Design Social Club<\/title>\n<meta name=\"description\" content=\"Cette agitation est le r\u00e9sultat de la qu\u00eate de l\u2019\u00e9quilibre peut \u00eatre que l\u2019harmonie se trouve dans la recherche et non dans le but...\" \/>\n<meta name=\"robots\" content=\"index, follow, max-snippet:-1, max-image-preview:large, max-video-preview:-1\" \/>\n<link rel=\"canonical\" href=\"https:\/\/designsocialclub.com\/index.php\/anityadukkha-designsocialclub-anityadukkha\/\" \/>\n<meta property=\"og:locale\" content=\"fr_FR\" \/>\n<meta property=\"og:type\" content=\"article\" \/>\n<meta property=\"og:title\" content=\"Design Social Club - Anitya Dukkha, 2015 \/ S\u00e9rie Japa - Design Social Club\" \/>\n<meta property=\"og:description\" content=\"Cette agitation est le r\u00e9sultat de la qu\u00eate de l\u2019\u00e9quilibre peut \u00eatre que l\u2019harmonie se trouve dans la recherche et non dans le but...\" \/>\n<meta property=\"og:url\" content=\"https:\/\/designsocialclub.com\/index.php\/anityadukkha-designsocialclub-anityadukkha\/\" \/>\n<meta property=\"og:site_name\" content=\"Design Social Club\" \/>\n<meta property=\"article:modified_time\" content=\"2019-07-23T12:41:19+00:00\" \/>\n<meta property=\"og:image\" content=\"http:\/\/designsocialclub.com\/wp-content\/uploads\/2018\/04\/turn-right-arrow-with-broken-line.png\" \/>\n<meta name=\"twitter:card\" content=\"summary_large_image\" \/>\n<meta name=\"twitter:label1\" content=\"Dur\u00e9e de lecture estim\u00e9e\" \/>\n\t<meta name=\"twitter:data1\" content=\"3 minutes\" \/>\n<script type=\"application\/ld+json\" class=\"yoast-schema-graph\">{\"@context\":\"https:\/\/schema.org\",\"@graph\":[{\"@type\":\"WebPage\",\"@id\":\"https:\/\/designsocialclub.com\/index.php\/anityadukkha-designsocialclub-anityadukkha\/\",\"url\":\"https:\/\/designsocialclub.com\/index.php\/anityadukkha-designsocialclub-anityadukkha\/\",\"name\":\"Design Social Club - Anitya Dukkha, 2015 \/ S\u00e9rie Japa - Design Social Club\",\"isPartOf\":{\"@id\":\"https:\/\/designsocialclub.com\/#website\"},\"datePublished\":\"2018-04-08T22:09:08+00:00\",\"dateModified\":\"2019-07-23T12:41:19+00:00\",\"description\":\"Cette agitation est le r\u00e9sultat de la qu\u00eate de l\u2019\u00e9quilibre peut \u00eatre que l\u2019harmonie se trouve dans la recherche et non dans le but...\",\"breadcrumb\":{\"@id\":\"https:\/\/designsocialclub.com\/index.php\/anityadukkha-designsocialclub-anityadukkha\/#breadcrumb\"},\"inLanguage\":\"fr-FR\",\"potentialAction\":[{\"@type\":\"ReadAction\",\"target\":[\"https:\/\/designsocialclub.com\/index.php\/anityadukkha-designsocialclub-anityadukkha\/\"]}]},{\"@type\":\"BreadcrumbList\",\"@id\":\"https:\/\/designsocialclub.com\/index.php\/anityadukkha-designsocialclub-anityadukkha\/#breadcrumb\",\"itemListElement\":[{\"@type\":\"ListItem\",\"position\":1,\"name\":\"Accueil\",\"item\":\"https:\/\/designsocialclub.com\/\"},{\"@type\":\"ListItem\",\"position\":2,\"name\":\"Anitya Dukkha &#8211; Design Social Club &#8211; Anitya Dukkha\"}]},{\"@type\":\"WebSite\",\"@id\":\"https:\/\/designsocialclub.com\/#website\",\"url\":\"https:\/\/designsocialclub.com\/\",\"name\":\"Design Social Club\",\"description\":\"Manufacture abstraite pour objets concrets\",\"potentialAction\":[{\"@type\":\"SearchAction\",\"target\":{\"@type\":\"EntryPoint\",\"urlTemplate\":\"https:\/\/designsocialclub.com\/?s={search_term_string}\"},\"query-input\":\"required name=search_term_string\"}],\"inLanguage\":\"fr-FR\"}]}<\/script>\n<!-- \/ Yoast SEO plugin. -->","yoast_head_json":{"title":"Design Social Club - Anitya Dukkha, 2015 \/ S\u00e9rie Japa - Design Social Club","description":"Cette agitation est le r\u00e9sultat de la qu\u00eate de l\u2019\u00e9quilibre peut \u00eatre que l\u2019harmonie se trouve dans la recherche et non dans le but...","robots":{"index":"index","follow":"follow","max-snippet":"max-snippet:-1","max-image-preview":"max-image-preview:large","max-video-preview":"max-video-preview:-1"},"canonical":"https:\/\/designsocialclub.com\/index.php\/anityadukkha-designsocialclub-anityadukkha\/","og_locale":"fr_FR","og_type":"article","og_title":"Design Social Club - Anitya Dukkha, 2015 \/ S\u00e9rie Japa - Design Social Club","og_description":"Cette agitation est le r\u00e9sultat de la qu\u00eate de l\u2019\u00e9quilibre peut \u00eatre que l\u2019harmonie se trouve dans la recherche et non dans le but...","og_url":"https:\/\/designsocialclub.com\/index.php\/anityadukkha-designsocialclub-anityadukkha\/","og_site_name":"Design Social Club","article_modified_time":"2019-07-23T12:41:19+00:00","og_image":[{"url":"http:\/\/designsocialclub.com\/wp-content\/uploads\/2018\/04\/turn-right-arrow-with-broken-line.png"}],"twitter_card":"summary_large_image","twitter_misc":{"Dur\u00e9e de lecture estim\u00e9e":"3 minutes"},"schema":{"@context":"https:\/\/schema.org","@graph":[{"@type":"WebPage","@id":"https:\/\/designsocialclub.com\/index.php\/anityadukkha-designsocialclub-anityadukkha\/","url":"https:\/\/designsocialclub.com\/index.php\/anityadukkha-designsocialclub-anityadukkha\/","name":"Design Social Club - Anitya Dukkha, 2015 \/ S\u00e9rie Japa - Design Social Club","isPartOf":{"@id":"https:\/\/designsocialclub.com\/#website"},"datePublished":"2018-04-08T22:09:08+00:00","dateModified":"2019-07-23T12:41:19+00:00","description":"Cette agitation est le r\u00e9sultat de la qu\u00eate de l\u2019\u00e9quilibre peut \u00eatre que l\u2019harmonie se trouve dans la recherche et non dans le but...","breadcrumb":{"@id":"https:\/\/designsocialclub.com\/index.php\/anityadukkha-designsocialclub-anityadukkha\/#breadcrumb"},"inLanguage":"fr-FR","potentialAction":[{"@type":"ReadAction","target":["https:\/\/designsocialclub.com\/index.php\/anityadukkha-designsocialclub-anityadukkha\/"]}]},{"@type":"BreadcrumbList","@id":"https:\/\/designsocialclub.com\/index.php\/anityadukkha-designsocialclub-anityadukkha\/#breadcrumb","itemListElement":[{"@type":"ListItem","position":1,"name":"Accueil","item":"https:\/\/designsocialclub.com\/"},{"@type":"ListItem","position":2,"name":"Anitya Dukkha &#8211; Design Social Club &#8211; Anitya Dukkha"}]},{"@type":"WebSite","@id":"https:\/\/designsocialclub.com\/#website","url":"https:\/\/designsocialclub.com\/","name":"Design Social Club","description":"Manufacture abstraite pour objets concrets","potentialAction":[{"@type":"SearchAction","target":{"@type":"EntryPoint","urlTemplate":"https:\/\/designsocialclub.com\/?s={search_term_string}"},"query-input":"required name=search_term_string"}],"inLanguage":"fr-FR"}]}},"jetpack_sharing_enabled":true,"jetpack_shortlink":"https:\/\/wp.me\/P8jKvp-1bl","_links":{"self":[{"href":"https:\/\/designsocialclub.com\/index.php\/wp-json\/wp\/v2\/pages\/4547"}],"collection":[{"href":"https:\/\/designsocialclub.com\/index.php\/wp-json\/wp\/v2\/pages"}],"about":[{"href":"https:\/\/designsocialclub.com\/index.php\/wp-json\/wp\/v2\/types\/page"}],"author":[{"embeddable":true,"href":"https:\/\/designsocialclub.com\/index.php\/wp-json\/wp\/v2\/users\/1"}],"replies":[{"embeddable":true,"href":"https:\/\/designsocialclub.com\/index.php\/wp-json\/wp\/v2\/comments?post=4547"}],"version-history":[{"count":7,"href":"https:\/\/designsocialclub.com\/index.php\/wp-json\/wp\/v2\/pages\/4547\/revisions"}],"predecessor-version":[{"id":6452,"href":"https:\/\/designsocialclub.com\/index.php\/wp-json\/wp\/v2\/pages\/4547\/revisions\/6452"}],"wp:attachment":[{"href":"https:\/\/designsocialclub.com\/index.php\/wp-json\/wp\/v2\/media?parent=4547"}],"curies":[{"name":"wp","href":"https:\/\/api.w.org\/{rel}","templated":true}]}}