{"id":4593,"date":"2018-04-15T10:51:59","date_gmt":"2018-04-15T09:51:59","guid":{"rendered":"http:\/\/designsocialclub.com\/?page_id=4593"},"modified":"2019-07-23T13:41:44","modified_gmt":"2019-07-23T12:41:44","slug":"anityadukkha-designsocialclub-anityadukkha-2","status":"publish","type":"page","link":"https:\/\/designsocialclub.com\/index.php\/anityadukkha-designsocialclub-anityadukkha-2\/","title":{"rendered":"Anitya Dukkha &#8211; Design Social Club &#8211; Anitya Dukkha &#8211; ENTXT"},"content":{"rendered":"<section  class=\"content-section full-width with-col cover no-padding no-margin    content-section-69e144eedd602\"><div class=\"row vc_row-fluid\"><div class=\"wpb_column col-md-3 align-center wow fadeInDown\" data-wow-delay=\"3s\" data-wow-duration=\"8s\"><div class=\"section-text text-block \" ><p><a href=\"http:\/\/designsocialclub.com\/index.php\/projects-designsocialclub-projects-2\/\"><img loading=\"lazy\" class=\"aligncenter wp-image-4391\" src=\"https:\/\/i0.wp.com\/designsocialclub.com\/wp-content\/uploads\/2018\/04\/turn-right-arrow-with-broken-line.png?resize=78%2C78\" alt=\"\" width=\"78\" height=\"78\" data-recalc-dims=\"1\" \/><\/a><\/p>\n<\/div><\/div><div class=\"wpb_column col-md-3 wow fadeInDown\" data-wow-delay=\"3s\" data-wow-duration=\"8s\"><\/div><div class=\"wpb_column col-md-3\"><\/div><div class=\"wpb_column col-md-3\"><\/div><\/div><\/section><section  class=\"content-section full-width with-col cover no-padding no-margin    content-section-69e144eedd845\"><div class=\"row vc_row-fluid\"><div class=\"wpb_column col-md-12\"><div  class=\"fullwidth-slider owl-carousel\"><div class=\"container relative\"><div  class=\"full-block align-center\" ><img src=\"https:\/\/i0.wp.com\/designsocialclub.com\/wp-content\/uploads\/2016\/12\/anitya-dukkha-luminaire-japa-1.jpg?resize=640%2C427&#038;ssl=1\"  width=\"640\" height=\"427\" alt=\"\" title=\"\" data-recalc-dims=\"1\" \/><\/div><\/div><div class=\"container relative\"><div  class=\"full-block align-center\" ><img src=\"https:\/\/i0.wp.com\/designsocialclub.com\/wp-content\/uploads\/2016\/12\/anitya-dukkha-luminaire-japa-3.jpg?resize=640%2C427&#038;ssl=1\"  width=\"640\" height=\"427\" alt=\"\" title=\"\" data-recalc-dims=\"1\" \/><\/div><\/div><div class=\"container relative\"><div  class=\"full-block align-center\" ><img src=\"https:\/\/i0.wp.com\/designsocialclub.com\/wp-content\/uploads\/2016\/12\/anitya-dukkha-luminaire-japa-4.jpg?resize=640%2C427&#038;ssl=1\"  width=\"640\" height=\"427\" alt=\"\" title=\"\" data-recalc-dims=\"1\" \/><\/div><\/div><div class=\"container relative\"><div  class=\"full-block align-center\" ><img src=\"https:\/\/i0.wp.com\/designsocialclub.com\/wp-content\/uploads\/2016\/12\/anitya-dukkha-luminaire-japa-2.jpg?resize=640%2C427&#038;ssl=1\"  width=\"640\" height=\"427\" alt=\"\" title=\"\" data-recalc-dims=\"1\" \/><\/div><\/div><\/div><div class=\"section-text text-block align-center\" style=\"color:#ffffff;\"><p><span style=\"font-size: 14px\">.<\/span><\/p>\n<\/div><\/div><\/div><\/section><section  class=\"content-section full-width with-col cover no-padding no-margin    content-section-69e144eede925\"><div class=\"row vc_row-fluid\"><div class=\"wpb_column col-md-3 align-center\"><\/div><div class=\"wpb_column col-md-3\"><div class=\"section-text text-block \" ><div class=\"page\" title=\"Page 3\">\n<div class=\"layoutArea\">\n<div class=\"column\">\n<p><b>ANITYA DUKKHA<\/b>, 2015 \/ Japa series<\/p>\n<p><span style=\"font-size: 14px\"><em><a href=\"https:\/\/designsocialclub.com\/index.php\/helloyou-designsocialclub-helloyou-2\/\" target=\"_blank\" rel=\"noopener noreferrer\">Priced on request<\/a><\/em><\/span><\/p>\n<\/div>\n<\/div>\n<\/div>\n<\/div><\/div><div class=\"wpb_column col-md-3\"><div class=\"section-text text-block \" ><div class=\"page\" title=\"Page 3\">\n<div class=\"layoutArea\">\n<div class=\"column\">\n<div class=\"page\" title=\"Page 43\">\n<div class=\"layoutArea\">\n<div class=\"column\">\n<div class=\"page\" title=\"Page 44\">\n<div class=\"layoutArea\">\n<div class=\"column\">\n<div class=\"page\" title=\"Page 44\">\n<div class=\"layoutArea\">\n<div class=\"column\">\n<p><em>Floor lamp<\/em><br \/>\nPainted metal, beech wood, cement.<br \/>\nH : 180 X 30 X 58 cm<\/p>\n<\/div>\n<\/div>\n<\/div>\n<\/div>\n<\/div>\n<\/div>\n<\/div>\n<\/div>\n<\/div>\n<\/div>\n<\/div>\n<\/div>\n<\/div><\/div><div class=\"wpb_column col-md-3\"><\/div><\/div><\/section><section  class=\"content-section full-width with-col cover no-padding no-margin    content-section-69e144eedf06a\"><div class=\"row vc_row-fluid\"><div class=\"wpb_column col-md-2 align-center\"><\/div><div class=\"wpb_column col-md-4\"><div class=\"section-text text-block \" ><div class=\"page\" title=\"Page 3\">\n<div class=\"layoutArea\">\n<div class=\"column\">\n<div class=\"page\" title=\"Page 33\">\n<div class=\"layoutArea\">\n<div class=\"column\">\n<div class=\"page\" title=\"Page 17\">\n<div class=\"layoutArea\">\n<div class=\"column\">\n<div class=\"page\" title=\"Page 27\">\n<div class=\"layoutArea\">\n<div class=\"column\">\n<div class=\"page\" title=\"Page 24\">\n<div class=\"layoutArea\">\n<div class=\"column\">\n<div class=\"page\" title=\"Page 34\">\n<div class=\"layoutArea\">\n<div class=\"column\">\n<p style=\"text-align: right\">\u00ab\u00a0Anitya\u00a0\u00bb refers to impermanence or to the fact that everything is constantly changing, that there is nothing permanent. Our desires are also subject to this phenomenon, so we cannot be satisfied ultimately and definitively. \u00ab\u00a0Dukkha\u00a0\u00bb refers to the suffering associated with this.\u00a0In the same way as this mechanism, we are moved by the imbalance between what we have and what we want.\u00a0This floor lamp, consisting of perforated discs mounted on an axle, is assembled with a series of gears in order for each disc to rotate to rotate in the opposite direction to its neighbour. Its use consists in creating an imbalance on the pendulum which composes it in order to start the system rotation.\u00a0The greatest weight causes the rotation. The light, passing only through the holes of the rotating disks, begins to scintillate.<\/p>\n<\/div>\n<\/div>\n<\/div>\n<\/div>\n<\/div>\n<\/div>\n<\/div>\n<\/div>\n<\/div>\n<\/div>\n<\/div>\n<\/div>\n<\/div>\n<\/div>\n<\/div>\n<\/div>\n<\/div>\n<\/div>\n<\/div><\/div><div class=\"wpb_column col-md-4\"><div class=\"section-text text-block \" ><div class=\"page\" title=\"Page 20\">\n<div class=\"layoutArea\">\n<div class=\"column\">\n<div class=\"page\" title=\"Page 30\">\n<div class=\"layoutArea\">\n<div class=\"column\">\n<p>This furniture series has been designed in such a way that the use illustrates a truth. Repeated daily, it invites us to reflect on the meaning it conveys.\u00a0Japa is a hindu technique based on the mechanical repetition of a divine name or a mantra so as to enter into meditation. Japa can be done aloud, in a low voice, silently mouthing the words or mentally. Specialists consider purely mental japa to be the most effective. If we can concentrate all our attention and imagine the ideal to which the repeated element corresponds, then we can find some answers to the questions we are asking ourselves.\u00a0To put away a book, to adjust the lighting in a room or to sit down on a chair are examples of uses that we repeat and which could serve as a starting point for reflection.<\/p>\n<\/div>\n<\/div>\n<\/div>\n<\/div>\n<\/div>\n<\/div>\n<\/div><\/div><div class=\"wpb_column col-md-2\"><\/div><\/div><\/section><section  class=\"content-section full-width is-fluid cover no-padding no-margin    content-section-69e144eedf7ef\"><div class=\"row vc_row-fluid\"><div class=\"wpb_column col-md-12 align-center\"><div class=\"section-text text-block align-center\" style=\"color:#ffffff;\"><p>.<\/p>\n<\/div><\/div><\/div><\/section><section  class=\"content-section full-width is-fluid cover no-padding no-margin    content-section-69e144eedf8bb\"><div class=\"row vc_row-fluid\"><div class=\"wpb_column col-md-12 align-center\"><div class=\"section-text text-block align-center\" style=\"color:#ffffff;\"><p>www.designsocialclub.com<\/p>\n<\/div><\/div><\/div><\/section>\n","protected":false},"excerpt":{"rendered":". ANITYA DUKKHA, 2015 \/ Japa series Priced on request Floor lamp Painted metal, beech wood, cement. H : 180 X 30 X 58 cm \u00ab\u00a0Anitya\u00a0\u00bb refers to impermanence or to the fact that everything is constantly changing, that there is nothing permanent. Our desires are also subject to this phenomenon, so we cannot be","protected":false},"author":1,"featured_media":0,"parent":0,"menu_order":0,"comment_status":"closed","ping_status":"closed","template":"","meta":{"jetpack_post_was_ever_published":false},"yoast_head":"<!-- This site is optimized with the Yoast SEO plugin v20.8 - https:\/\/yoast.com\/wordpress\/plugins\/seo\/ -->\n<title>Design Social Club - Anitya Dukkha, 2015 \/ S\u00e9rie Japa - Design Social Club<\/title>\n<meta name=\"description\" content=\"Cette agitation est le r\u00e9sultat de la qu\u00eate de l\u2019\u00e9quilibre peut \u00eatre que l\u2019harmonie se trouve dans la recherche et non dans le but...\" \/>\n<meta name=\"robots\" content=\"index, follow, max-snippet:-1, max-image-preview:large, max-video-preview:-1\" \/>\n<link rel=\"canonical\" href=\"https:\/\/designsocialclub.com\/index.php\/anityadukkha-designsocialclub-anityadukkha-2\/\" \/>\n<meta property=\"og:locale\" content=\"fr_FR\" \/>\n<meta property=\"og:type\" content=\"article\" \/>\n<meta property=\"og:title\" content=\"Design Social Club - Anitya Dukkha, 2015 \/ S\u00e9rie Japa - Design Social Club\" \/>\n<meta property=\"og:description\" content=\"Cette agitation est le r\u00e9sultat de la qu\u00eate de l\u2019\u00e9quilibre peut \u00eatre que l\u2019harmonie se trouve dans la recherche et non dans le but...\" \/>\n<meta property=\"og:url\" content=\"https:\/\/designsocialclub.com\/index.php\/anityadukkha-designsocialclub-anityadukkha-2\/\" \/>\n<meta property=\"og:site_name\" content=\"Design Social Club\" \/>\n<meta property=\"article:modified_time\" content=\"2019-07-23T12:41:44+00:00\" \/>\n<meta property=\"og:image\" content=\"http:\/\/designsocialclub.com\/wp-content\/uploads\/2018\/04\/turn-right-arrow-with-broken-line.png\" \/>\n<meta name=\"twitter:card\" content=\"summary_large_image\" \/>\n<meta name=\"twitter:label1\" content=\"Dur\u00e9e de lecture estim\u00e9e\" \/>\n\t<meta name=\"twitter:data1\" content=\"3 minutes\" \/>\n<script type=\"application\/ld+json\" class=\"yoast-schema-graph\">{\"@context\":\"https:\/\/schema.org\",\"@graph\":[{\"@type\":\"WebPage\",\"@id\":\"https:\/\/designsocialclub.com\/index.php\/anityadukkha-designsocialclub-anityadukkha-2\/\",\"url\":\"https:\/\/designsocialclub.com\/index.php\/anityadukkha-designsocialclub-anityadukkha-2\/\",\"name\":\"Design Social Club - Anitya Dukkha, 2015 \/ S\u00e9rie Japa - Design Social Club\",\"isPartOf\":{\"@id\":\"https:\/\/designsocialclub.com\/#website\"},\"datePublished\":\"2018-04-15T09:51:59+00:00\",\"dateModified\":\"2019-07-23T12:41:44+00:00\",\"description\":\"Cette agitation est le r\u00e9sultat de la qu\u00eate de l\u2019\u00e9quilibre peut \u00eatre que l\u2019harmonie se trouve dans la recherche et non dans le but...\",\"breadcrumb\":{\"@id\":\"https:\/\/designsocialclub.com\/index.php\/anityadukkha-designsocialclub-anityadukkha-2\/#breadcrumb\"},\"inLanguage\":\"fr-FR\",\"potentialAction\":[{\"@type\":\"ReadAction\",\"target\":[\"https:\/\/designsocialclub.com\/index.php\/anityadukkha-designsocialclub-anityadukkha-2\/\"]}]},{\"@type\":\"BreadcrumbList\",\"@id\":\"https:\/\/designsocialclub.com\/index.php\/anityadukkha-designsocialclub-anityadukkha-2\/#breadcrumb\",\"itemListElement\":[{\"@type\":\"ListItem\",\"position\":1,\"name\":\"Accueil\",\"item\":\"https:\/\/designsocialclub.com\/\"},{\"@type\":\"ListItem\",\"position\":2,\"name\":\"Anitya Dukkha &#8211; Design Social Club &#8211; Anitya Dukkha &#8211; ENTXT\"}]},{\"@type\":\"WebSite\",\"@id\":\"https:\/\/designsocialclub.com\/#website\",\"url\":\"https:\/\/designsocialclub.com\/\",\"name\":\"Design Social Club\",\"description\":\"Manufacture abstraite pour objets concrets\",\"potentialAction\":[{\"@type\":\"SearchAction\",\"target\":{\"@type\":\"EntryPoint\",\"urlTemplate\":\"https:\/\/designsocialclub.com\/?s={search_term_string}\"},\"query-input\":\"required name=search_term_string\"}],\"inLanguage\":\"fr-FR\"}]}<\/script>\n<!-- \/ Yoast SEO plugin. -->","yoast_head_json":{"title":"Design Social Club - Anitya Dukkha, 2015 \/ S\u00e9rie Japa - Design Social Club","description":"Cette agitation est le r\u00e9sultat de la qu\u00eate de l\u2019\u00e9quilibre peut \u00eatre que l\u2019harmonie se trouve dans la recherche et non dans le but...","robots":{"index":"index","follow":"follow","max-snippet":"max-snippet:-1","max-image-preview":"max-image-preview:large","max-video-preview":"max-video-preview:-1"},"canonical":"https:\/\/designsocialclub.com\/index.php\/anityadukkha-designsocialclub-anityadukkha-2\/","og_locale":"fr_FR","og_type":"article","og_title":"Design Social Club - Anitya Dukkha, 2015 \/ S\u00e9rie Japa - Design Social Club","og_description":"Cette agitation est le r\u00e9sultat de la qu\u00eate de l\u2019\u00e9quilibre peut \u00eatre que l\u2019harmonie se trouve dans la recherche et non dans le but...","og_url":"https:\/\/designsocialclub.com\/index.php\/anityadukkha-designsocialclub-anityadukkha-2\/","og_site_name":"Design Social Club","article_modified_time":"2019-07-23T12:41:44+00:00","og_image":[{"url":"http:\/\/designsocialclub.com\/wp-content\/uploads\/2018\/04\/turn-right-arrow-with-broken-line.png"}],"twitter_card":"summary_large_image","twitter_misc":{"Dur\u00e9e de lecture estim\u00e9e":"3 minutes"},"schema":{"@context":"https:\/\/schema.org","@graph":[{"@type":"WebPage","@id":"https:\/\/designsocialclub.com\/index.php\/anityadukkha-designsocialclub-anityadukkha-2\/","url":"https:\/\/designsocialclub.com\/index.php\/anityadukkha-designsocialclub-anityadukkha-2\/","name":"Design Social Club - Anitya Dukkha, 2015 \/ S\u00e9rie Japa - Design Social Club","isPartOf":{"@id":"https:\/\/designsocialclub.com\/#website"},"datePublished":"2018-04-15T09:51:59+00:00","dateModified":"2019-07-23T12:41:44+00:00","description":"Cette agitation est le r\u00e9sultat de la qu\u00eate de l\u2019\u00e9quilibre peut \u00eatre que l\u2019harmonie se trouve dans la recherche et non dans le but...","breadcrumb":{"@id":"https:\/\/designsocialclub.com\/index.php\/anityadukkha-designsocialclub-anityadukkha-2\/#breadcrumb"},"inLanguage":"fr-FR","potentialAction":[{"@type":"ReadAction","target":["https:\/\/designsocialclub.com\/index.php\/anityadukkha-designsocialclub-anityadukkha-2\/"]}]},{"@type":"BreadcrumbList","@id":"https:\/\/designsocialclub.com\/index.php\/anityadukkha-designsocialclub-anityadukkha-2\/#breadcrumb","itemListElement":[{"@type":"ListItem","position":1,"name":"Accueil","item":"https:\/\/designsocialclub.com\/"},{"@type":"ListItem","position":2,"name":"Anitya Dukkha &#8211; Design Social Club &#8211; Anitya Dukkha &#8211; ENTXT"}]},{"@type":"WebSite","@id":"https:\/\/designsocialclub.com\/#website","url":"https:\/\/designsocialclub.com\/","name":"Design Social Club","description":"Manufacture abstraite pour objets concrets","potentialAction":[{"@type":"SearchAction","target":{"@type":"EntryPoint","urlTemplate":"https:\/\/designsocialclub.com\/?s={search_term_string}"},"query-input":"required name=search_term_string"}],"inLanguage":"fr-FR"}]}},"jetpack_sharing_enabled":true,"jetpack_shortlink":"https:\/\/wp.me\/P8jKvp-1c5","_links":{"self":[{"href":"https:\/\/designsocialclub.com\/index.php\/wp-json\/wp\/v2\/pages\/4593"}],"collection":[{"href":"https:\/\/designsocialclub.com\/index.php\/wp-json\/wp\/v2\/pages"}],"about":[{"href":"https:\/\/designsocialclub.com\/index.php\/wp-json\/wp\/v2\/types\/page"}],"author":[{"embeddable":true,"href":"https:\/\/designsocialclub.com\/index.php\/wp-json\/wp\/v2\/users\/1"}],"replies":[{"embeddable":true,"href":"https:\/\/designsocialclub.com\/index.php\/wp-json\/wp\/v2\/comments?post=4593"}],"version-history":[{"count":6,"href":"https:\/\/designsocialclub.com\/index.php\/wp-json\/wp\/v2\/pages\/4593\/revisions"}],"predecessor-version":[{"id":6453,"href":"https:\/\/designsocialclub.com\/index.php\/wp-json\/wp\/v2\/pages\/4593\/revisions\/6453"}],"wp:attachment":[{"href":"https:\/\/designsocialclub.com\/index.php\/wp-json\/wp\/v2\/media?parent=4593"}],"curies":[{"name":"wp","href":"https:\/\/api.w.org\/{rel}","templated":true}]}}