{"id":4600,"date":"2018-04-15T10:35:51","date_gmt":"2018-04-15T09:35:51","guid":{"rendered":"http:\/\/designsocialclub.com\/?page_id=4600"},"modified":"2019-07-23T13:38:23","modified_gmt":"2019-07-23T12:38:23","slug":"20h50-designsocialclub-20h50-2","status":"publish","type":"page","link":"https:\/\/designsocialclub.com\/index.php\/20h50-designsocialclub-20h50-2\/","title":{"rendered":"20H50 &#8211; Design Social Club &#8211; 20H50 &#8211; ENTXT"},"content":{"rendered":"<section  class=\"content-section full-width with-col cover no-padding no-margin    content-section-69e144d387a2f\"><div class=\"row vc_row-fluid\"><div class=\"wpb_column col-md-3 align-center wow fadeInDown\" data-wow-delay=\"3s\" data-wow-duration=\"8s\"><div class=\"section-text text-block \" ><p><a href=\"http:\/\/designsocialclub.com\/index.php\/projects-designsocialclub-projects-2\/\"><img loading=\"lazy\" class=\"aligncenter wp-image-4391\" src=\"https:\/\/i0.wp.com\/designsocialclub.com\/wp-content\/uploads\/2018\/04\/turn-right-arrow-with-broken-line.png?resize=78%2C78\" alt=\"\" width=\"78\" height=\"78\" data-recalc-dims=\"1\" \/><\/a><\/p>\n<\/div><\/div><div class=\"wpb_column col-md-3 wow fadeInDown\" data-wow-delay=\"3s\" data-wow-duration=\"8s\"><\/div><div class=\"wpb_column col-md-3\"><\/div><div class=\"wpb_column col-md-3\"><\/div><\/div><\/section><section  class=\"content-section full-width with-col cover no-padding no-margin    content-section-69e144d387d19\"><div class=\"row vc_row-fluid\"><div class=\"wpb_column col-md-12\"><div  class=\"fullwidth-slider owl-carousel\"><div class=\"container relative\"><div  class=\"full-block align-center\" ><img src=\"https:\/\/i0.wp.com\/designsocialclub.com\/wp-content\/uploads\/2018\/04\/IMG_8787.jpg?resize=640%2C427&#038;ssl=1\"  width=\"640\" height=\"427\" alt=\"\" title=\"\" data-recalc-dims=\"1\" \/><\/div><\/div><div class=\"container relative\"><div  class=\"full-block align-center\" ><img src=\"https:\/\/i0.wp.com\/designsocialclub.com\/wp-content\/uploads\/2018\/04\/IMG_8775.jpg?resize=640%2C427&#038;ssl=1\"  width=\"640\" height=\"427\" alt=\"\" title=\"\" data-recalc-dims=\"1\" \/><\/div><\/div><div class=\"container relative\"><div  class=\"full-block align-center\" ><img src=\"https:\/\/i0.wp.com\/designsocialclub.com\/wp-content\/uploads\/2018\/04\/IMG_8763.jpg?resize=640%2C427&#038;ssl=1\"  width=\"640\" height=\"427\" alt=\"\" title=\"\" data-recalc-dims=\"1\" \/><\/div><\/div><div class=\"container relative\"><div  class=\"full-block align-center\" ><img src=\"https:\/\/i0.wp.com\/designsocialclub.com\/wp-content\/uploads\/2018\/04\/IMG_8791.jpg?resize=640%2C427&#038;ssl=1\"  width=\"640\" height=\"427\" alt=\"\" title=\"\" data-recalc-dims=\"1\" \/><\/div><\/div><\/div><div class=\"section-text text-block align-center\" style=\"color:#ffffff;\"><p><span style=\"font-size: 14px\">.<\/span><\/p>\n<\/div><\/div><\/div><\/section><section  class=\"content-section full-width with-col cover no-padding no-margin    content-section-69e144d38931e\"><div class=\"row vc_row-fluid\"><div class=\"wpb_column col-md-3 align-center\"><\/div><div class=\"wpb_column col-md-3\"><div class=\"section-text text-block \" ><div class=\"page\" title=\"Page 3\">\n<div class=\"layoutArea\">\n<div class=\"column\">\n<p><b>20H50<\/b>, 2017 \/ Objets Rituels series<\/p>\n<p><span style=\"font-size: 14px\"><em><a href=\"https:\/\/designsocialclub.com\/index.php\/helloyou-designsocialclub-helloyou-2\/\" target=\"_blank\" rel=\"noopener noreferrer\">Priced on request<\/a><\/em><\/span><\/p>\n<\/div>\n<\/div>\n<\/div>\n<\/div><\/div><div class=\"wpb_column col-md-3\"><div class=\"section-text text-block \" ><div class=\"page\" title=\"Page 3\">\n<div class=\"layoutArea\">\n<div class=\"column\">\n<div class=\"page\" title=\"Page 43\">\n<div class=\"layoutArea\">\n<div class=\"column\">\n<p><em>Candelstick<\/em><br \/>\nTerrazzo,\u00a0painted metal.<br \/>\nH : 14 X 19 cm<\/p>\n<\/div>\n<\/div>\n<\/div>\n<\/div>\n<\/div>\n<\/div>\n<\/div><\/div><div class=\"wpb_column col-md-3\"><\/div><\/div><\/section><section  class=\"content-section full-width with-col cover no-padding no-margin    content-section-69e144d389a9c\"><div class=\"row vc_row-fluid\"><div class=\"wpb_column col-md-2 align-center\"><\/div><div class=\"wpb_column col-md-4\"><div class=\"section-text text-block \" ><div class=\"page\" title=\"Page 3\">\n<div class=\"layoutArea\">\n<div class=\"column\">\n<div class=\"page\" title=\"Page 33\">\n<div class=\"layoutArea\">\n<div class=\"column\">\n<div class=\"page\" title=\"Page 17\">\n<div class=\"layoutArea\">\n<div class=\"column\">\n<div class=\"page\" title=\"Page 2\">\n<div class=\"layoutArea\">\n<div class=\"column\">\n<div class=\"page\" title=\"Page 2\">\n<div class=\"layoutArea\">\n<div class=\"column\">\n<p style=\"text-align: right\">This ritual is to be realized in the evening.<br \/>\nUnderlined by the reflect of the stones, it is the contemplative look of a child to the stars, it is the moment between the action and the rest.<br \/>\nThis ritual can be done alone or with others.<br \/>\nThe flame of the candle offers a contemplative atmosphere, it is at the same time favorable to introspection but also to conversation. The fragrance of incense calls the senses to come back mindfully to the moment.<br \/>\nThis harmonious whole offers a calm ritual between the hustle and bustle of the day and the rest of the night.<br \/>\nThe ritual is limited to the lifetime of the incandescent elements.<\/p>\n<\/div>\n<\/div>\n<\/div>\n<\/div>\n<\/div>\n<\/div>\n<\/div>\n<\/div>\n<\/div>\n<\/div>\n<\/div>\n<\/div>\n<\/div>\n<\/div>\n<\/div>\n<\/div><\/div><div class=\"wpb_column col-md-4\"><div class=\"section-text text-block \" ><div class=\"page\" title=\"Page 1\">\n<div class=\"layoutArea\">\n<div class=\"column\">\n<p>Ritual objects are household objects that have not been sanctified and do not belong to a sanctuary but are used in religious rites. In a broader sense, a ritual is a practice performed with precision and care in a given context. Usually more experienced than thought, these traditions are part of the richness of human existence. Whatever one may think of religions, domestic objects do influence the way our rites and habits work.\u00a0This impalpable link is used here to draw the contour of new rituals adapted to current beliefs. By relying on common notions of happiness such as gazing at the stars, taking time for oneself or looking at each other smiling, these rites take shape through objects in order to enter more easily into our daily life. These diverse devices all have a form and a function that guide the gesture to produce a specific act in a given situation. The textures and effects of materials have been thought around the symbolism of colors. A golden tone touches on each ritual to recall its sacredness. Whether casual or daily, they provide the user with a change of state before and after the ceremony.<\/p>\n<\/div>\n<\/div>\n<\/div>\n<\/div><\/div><div class=\"wpb_column col-md-2\"><\/div><\/div><\/section><section  class=\"content-section full-width is-fluid cover no-padding no-margin    content-section-69e144d38a2eb\"><div class=\"row vc_row-fluid\"><div class=\"wpb_column col-md-12 align-center\"><div class=\"section-text text-block align-center\" style=\"color:#ffffff;\"><p>.<\/p>\n<\/div><\/div><\/div><\/section><section  class=\"content-section full-width is-fluid cover no-padding no-margin    content-section-69e144d38a3e4\"><div class=\"row vc_row-fluid\"><div class=\"wpb_column col-md-12 align-center\"><div class=\"section-text text-block align-center\" style=\"color:#ffffff;\"><p>www.designsocialclub.com<\/p>\n<\/div><\/div><\/div><\/section>\n","protected":false},"excerpt":{"rendered":". 20H50, 2017 \/ Objets Rituels series Priced on request Candelstick Terrazzo,\u00a0painted metal. H : 14 X 19 cm This ritual is to be realized in the evening. Underlined by the reflect of the stones, it is the contemplative look of a child to the stars, it is the moment between the action and the","protected":false},"author":1,"featured_media":0,"parent":0,"menu_order":0,"comment_status":"closed","ping_status":"closed","template":"","meta":{"jetpack_post_was_ever_published":false},"yoast_head":"<!-- This site is optimized with the Yoast SEO plugin v20.8 - https:\/\/yoast.com\/wordpress\/plugins\/seo\/ -->\n<title>Design Social Club - 20H50, 2017 \/ S\u00e9rie Objets Rituels - Design Social Club<\/title>\n<meta name=\"description\" content=\"Ce rituel est \u00e0 produire le soir. Soulign\u00e9 par le reflet de ses pierres, 20H50 est le regard contemplatif d\u2019un enfant port\u00e9 sur les \u00e9toiles...\" \/>\n<meta name=\"robots\" content=\"index, follow, max-snippet:-1, max-image-preview:large, max-video-preview:-1\" \/>\n<link rel=\"canonical\" href=\"https:\/\/designsocialclub.com\/index.php\/20h50-designsocialclub-20h50-2\/\" \/>\n<meta property=\"og:locale\" content=\"fr_FR\" \/>\n<meta property=\"og:type\" content=\"article\" \/>\n<meta property=\"og:title\" content=\"Design Social Club - 20H50, 2017 \/ S\u00e9rie Objets Rituels - Design Social Club\" \/>\n<meta property=\"og:description\" content=\"Ce rituel est \u00e0 produire le soir. Soulign\u00e9 par le reflet de ses pierres, 20H50 est le regard contemplatif d\u2019un enfant port\u00e9 sur les \u00e9toiles...\" \/>\n<meta property=\"og:url\" content=\"https:\/\/designsocialclub.com\/index.php\/20h50-designsocialclub-20h50-2\/\" \/>\n<meta property=\"og:site_name\" content=\"Design Social Club\" \/>\n<meta property=\"article:modified_time\" content=\"2019-07-23T12:38:23+00:00\" \/>\n<meta property=\"og:image\" content=\"http:\/\/designsocialclub.com\/wp-content\/uploads\/2018\/04\/turn-right-arrow-with-broken-line.png\" \/>\n<meta name=\"twitter:card\" content=\"summary_large_image\" \/>\n<meta name=\"twitter:label1\" content=\"Dur\u00e9e de lecture estim\u00e9e\" \/>\n\t<meta name=\"twitter:data1\" content=\"3 minutes\" \/>\n<script type=\"application\/ld+json\" class=\"yoast-schema-graph\">{\"@context\":\"https:\/\/schema.org\",\"@graph\":[{\"@type\":\"WebPage\",\"@id\":\"https:\/\/designsocialclub.com\/index.php\/20h50-designsocialclub-20h50-2\/\",\"url\":\"https:\/\/designsocialclub.com\/index.php\/20h50-designsocialclub-20h50-2\/\",\"name\":\"Design Social Club - 20H50, 2017 \/ S\u00e9rie Objets Rituels - Design Social Club\",\"isPartOf\":{\"@id\":\"https:\/\/designsocialclub.com\/#website\"},\"datePublished\":\"2018-04-15T09:35:51+00:00\",\"dateModified\":\"2019-07-23T12:38:23+00:00\",\"description\":\"Ce rituel est \u00e0 produire le soir. Soulign\u00e9 par le reflet de ses pierres, 20H50 est le regard contemplatif d\u2019un enfant port\u00e9 sur les \u00e9toiles...\",\"breadcrumb\":{\"@id\":\"https:\/\/designsocialclub.com\/index.php\/20h50-designsocialclub-20h50-2\/#breadcrumb\"},\"inLanguage\":\"fr-FR\",\"potentialAction\":[{\"@type\":\"ReadAction\",\"target\":[\"https:\/\/designsocialclub.com\/index.php\/20h50-designsocialclub-20h50-2\/\"]}]},{\"@type\":\"BreadcrumbList\",\"@id\":\"https:\/\/designsocialclub.com\/index.php\/20h50-designsocialclub-20h50-2\/#breadcrumb\",\"itemListElement\":[{\"@type\":\"ListItem\",\"position\":1,\"name\":\"Accueil\",\"item\":\"https:\/\/designsocialclub.com\/\"},{\"@type\":\"ListItem\",\"position\":2,\"name\":\"20H50 &#8211; Design Social Club &#8211; 20H50 &#8211; ENTXT\"}]},{\"@type\":\"WebSite\",\"@id\":\"https:\/\/designsocialclub.com\/#website\",\"url\":\"https:\/\/designsocialclub.com\/\",\"name\":\"Design Social Club\",\"description\":\"Manufacture abstraite pour objets concrets\",\"potentialAction\":[{\"@type\":\"SearchAction\",\"target\":{\"@type\":\"EntryPoint\",\"urlTemplate\":\"https:\/\/designsocialclub.com\/?s={search_term_string}\"},\"query-input\":\"required name=search_term_string\"}],\"inLanguage\":\"fr-FR\"}]}<\/script>\n<!-- \/ Yoast SEO plugin. -->","yoast_head_json":{"title":"Design Social Club - 20H50, 2017 \/ S\u00e9rie Objets Rituels - Design Social Club","description":"Ce rituel est \u00e0 produire le soir. Soulign\u00e9 par le reflet de ses pierres, 20H50 est le regard contemplatif d\u2019un enfant port\u00e9 sur les \u00e9toiles...","robots":{"index":"index","follow":"follow","max-snippet":"max-snippet:-1","max-image-preview":"max-image-preview:large","max-video-preview":"max-video-preview:-1"},"canonical":"https:\/\/designsocialclub.com\/index.php\/20h50-designsocialclub-20h50-2\/","og_locale":"fr_FR","og_type":"article","og_title":"Design Social Club - 20H50, 2017 \/ S\u00e9rie Objets Rituels - Design Social Club","og_description":"Ce rituel est \u00e0 produire le soir. Soulign\u00e9 par le reflet de ses pierres, 20H50 est le regard contemplatif d\u2019un enfant port\u00e9 sur les \u00e9toiles...","og_url":"https:\/\/designsocialclub.com\/index.php\/20h50-designsocialclub-20h50-2\/","og_site_name":"Design Social Club","article_modified_time":"2019-07-23T12:38:23+00:00","og_image":[{"url":"http:\/\/designsocialclub.com\/wp-content\/uploads\/2018\/04\/turn-right-arrow-with-broken-line.png"}],"twitter_card":"summary_large_image","twitter_misc":{"Dur\u00e9e de lecture estim\u00e9e":"3 minutes"},"schema":{"@context":"https:\/\/schema.org","@graph":[{"@type":"WebPage","@id":"https:\/\/designsocialclub.com\/index.php\/20h50-designsocialclub-20h50-2\/","url":"https:\/\/designsocialclub.com\/index.php\/20h50-designsocialclub-20h50-2\/","name":"Design Social Club - 20H50, 2017 \/ S\u00e9rie Objets Rituels - Design Social Club","isPartOf":{"@id":"https:\/\/designsocialclub.com\/#website"},"datePublished":"2018-04-15T09:35:51+00:00","dateModified":"2019-07-23T12:38:23+00:00","description":"Ce rituel est \u00e0 produire le soir. Soulign\u00e9 par le reflet de ses pierres, 20H50 est le regard contemplatif d\u2019un enfant port\u00e9 sur les \u00e9toiles...","breadcrumb":{"@id":"https:\/\/designsocialclub.com\/index.php\/20h50-designsocialclub-20h50-2\/#breadcrumb"},"inLanguage":"fr-FR","potentialAction":[{"@type":"ReadAction","target":["https:\/\/designsocialclub.com\/index.php\/20h50-designsocialclub-20h50-2\/"]}]},{"@type":"BreadcrumbList","@id":"https:\/\/designsocialclub.com\/index.php\/20h50-designsocialclub-20h50-2\/#breadcrumb","itemListElement":[{"@type":"ListItem","position":1,"name":"Accueil","item":"https:\/\/designsocialclub.com\/"},{"@type":"ListItem","position":2,"name":"20H50 &#8211; Design Social Club &#8211; 20H50 &#8211; ENTXT"}]},{"@type":"WebSite","@id":"https:\/\/designsocialclub.com\/#website","url":"https:\/\/designsocialclub.com\/","name":"Design Social Club","description":"Manufacture abstraite pour objets concrets","potentialAction":[{"@type":"SearchAction","target":{"@type":"EntryPoint","urlTemplate":"https:\/\/designsocialclub.com\/?s={search_term_string}"},"query-input":"required name=search_term_string"}],"inLanguage":"fr-FR"}]}},"jetpack_sharing_enabled":true,"jetpack_shortlink":"https:\/\/wp.me\/P8jKvp-1cc","_links":{"self":[{"href":"https:\/\/designsocialclub.com\/index.php\/wp-json\/wp\/v2\/pages\/4600"}],"collection":[{"href":"https:\/\/designsocialclub.com\/index.php\/wp-json\/wp\/v2\/pages"}],"about":[{"href":"https:\/\/designsocialclub.com\/index.php\/wp-json\/wp\/v2\/types\/page"}],"author":[{"embeddable":true,"href":"https:\/\/designsocialclub.com\/index.php\/wp-json\/wp\/v2\/users\/1"}],"replies":[{"embeddable":true,"href":"https:\/\/designsocialclub.com\/index.php\/wp-json\/wp\/v2\/comments?post=4600"}],"version-history":[{"count":8,"href":"https:\/\/designsocialclub.com\/index.php\/wp-json\/wp\/v2\/pages\/4600\/revisions"}],"predecessor-version":[{"id":6445,"href":"https:\/\/designsocialclub.com\/index.php\/wp-json\/wp\/v2\/pages\/4600\/revisions\/6445"}],"wp:attachment":[{"href":"https:\/\/designsocialclub.com\/index.php\/wp-json\/wp\/v2\/media?parent=4600"}],"curies":[{"name":"wp","href":"https:\/\/api.w.org\/{rel}","templated":true}]}}