{"id":4884,"date":"2018-11-26T20:24:22","date_gmt":"2018-11-26T19:24:22","guid":{"rendered":"http:\/\/designsocialclub.com\/?page_id=4884"},"modified":"2020-10-17T09:33:44","modified_gmt":"2020-10-17T08:33:44","slug":"mefelisefi-designsocialclub-mefelisefi-2","status":"publish","type":"page","link":"https:\/\/designsocialclub.com\/index.php\/mefelisefi-designsocialclub-mefelisefi-2\/","title":{"rendered":"Mefelisefi &#8211; Design Social Club &#8211; Mefelisefi &#8211; ENTXT"},"content":{"rendered":"<section  class=\"content-section full-width with-col cover no-padding no-margin    content-section-6a0864846b6b9\"><div class=\"row vc_row-fluid\"><div class=\"wpb_column col-md-3 align-center wow fadeInDown\" data-wow-delay=\"3s\" data-wow-duration=\"8s\"><div class=\"section-text text-block \" ><p><a href=\"http:\/\/designsocialclub.com\/index.php\/projects-designsocialclub-projects-2\/\"><img loading=\"lazy\" class=\"aligncenter wp-image-4391\" src=\"https:\/\/i0.wp.com\/designsocialclub.com\/wp-content\/uploads\/2018\/04\/turn-right-arrow-with-broken-line.png?resize=78%2C78\" alt=\"\" width=\"78\" height=\"78\" data-recalc-dims=\"1\" \/><\/a><\/p>\n<\/div><\/div><div class=\"wpb_column col-md-3 wow fadeInDown\" data-wow-delay=\"3s\" data-wow-duration=\"8s\"><\/div><div class=\"wpb_column col-md-3\"><\/div><div class=\"wpb_column col-md-3\"><\/div><\/div><\/section><section  class=\"content-section full-width with-col cover no-padding no-margin    content-section-6a0864846b982\"><div class=\"row vc_row-fluid\"><div class=\"wpb_column col-md-12\"><div  class=\"fullwidth-slider owl-carousel\"><div class=\"container relative\"><div  class=\"full-block align-center\" ><img src=\"https:\/\/i0.wp.com\/designsocialclub.com\/wp-content\/uploads\/2018\/11\/17-copie-3.jpg?resize=640%2C480&#038;ssl=1\"  width=\"640\" height=\"480\" alt=\"\" title=\"\" data-recalc-dims=\"1\" \/><\/div><\/div><div class=\"container relative\"><div  class=\"full-block align-center\" ><img src=\"https:\/\/i0.wp.com\/designsocialclub.com\/wp-content\/uploads\/2018\/11\/IMG_E1613.jpg?resize=640%2C480&#038;ssl=1\"  width=\"640\" height=\"480\" alt=\"\" title=\"\" data-recalc-dims=\"1\" \/><\/div><\/div><div class=\"container relative\"><div  class=\"full-block align-center\" ><img src=\"https:\/\/i0.wp.com\/designsocialclub.com\/wp-content\/uploads\/2018\/11\/18-copie.jpg?resize=640%2C480&#038;ssl=1\"  width=\"640\" height=\"480\" alt=\"\" title=\"\" data-recalc-dims=\"1\" \/><\/div><\/div><div class=\"container relative\"><div  class=\"full-block align-center\" ><img src=\"https:\/\/i0.wp.com\/designsocialclub.com\/wp-content\/uploads\/2018\/11\/IMG_E1617.jpg?resize=640%2C480&#038;ssl=1\"  width=\"640\" height=\"480\" alt=\"\" title=\"\" data-recalc-dims=\"1\" \/><\/div><\/div><\/div><div class=\"section-text text-block align-center\" style=\"color:#ffffff;\"><p><span style=\"font-size: 14px\">.<\/span><\/p>\n<\/div><\/div><\/div><\/section><section  class=\"content-section full-width with-col cover no-padding no-margin    content-section-6a0864846d0cf\"><div class=\"row vc_row-fluid\"><div class=\"wpb_column col-md-3 align-center\"><\/div><div class=\"wpb_column col-md-3\"><div class=\"section-text text-block \" ><div class=\"page\" title=\"Page 3\">\n<div class=\"layoutArea\">\n<div class=\"column\">\n<p><b>MEFELISEFI<\/b>, 2018 \/ Open Room 102 series<\/p>\n<\/div>\n<\/div>\n<\/div>\n<\/div><div class=\"section-text text-block \" ><div class=\"page\" title=\"Page 3\">\n<div class=\"layoutArea\">\n<div class=\"column\">\n<p><em>Work carried out during an artistic residency in the village of Lalibella (Ethiopia)<\/em><\/p>\n<p><span style=\"font-size: 14px\"><em><a href=\"https:\/\/designsocialclub.com\/index.php\/helloyou-designsocialclub-helloyou-2\/\" target=\"_blank\" rel=\"noopener noreferrer\">Priced on request<\/a><\/em><\/span><\/p>\n<\/div>\n<\/div>\n<\/div>\n<\/div><\/div><div class=\"wpb_column col-md-3\"><div class=\"section-text text-block \" ><div class=\"page\" title=\"Page 3\">\n<div class=\"layoutArea\">\n<div class=\"column\">\n<div class=\"page\" title=\"Page 43\">\n<div class=\"layoutArea\">\n<div class=\"column\">\n<p><em>Desk<\/em><br \/>\nPainted metal, wood,\u00a0used tank<br \/>\nH : 90 X 96 X 60 cm<\/p>\n<\/div>\n<\/div>\n<\/div>\n<\/div>\n<\/div>\n<\/div>\n<\/div><\/div><div class=\"wpb_column col-md-3\"><\/div><\/div><\/section><section  class=\"content-section full-width with-col cover no-padding no-margin    content-section-6a0864846dca6\"><div class=\"row vc_row-fluid\"><div class=\"wpb_column col-md-2 align-center\"><\/div><div class=\"wpb_column col-md-4\"><div class=\"section-text text-block \" ><div class=\"page\" title=\"Page 3\">\n<div class=\"layoutArea\">\n<div class=\"column\">\n<div class=\"page\" title=\"Page 33\">\n<div class=\"layoutArea\">\n<div class=\"column\">\n<div class=\"page\" title=\"Page 17\">\n<div class=\"layoutArea\">\n<div class=\"column\">\n<p style=\"text-align: right\">Similar to a table with drawers, this office table is before everything a place to study. It is very different from a dining table as it calls for intellectual activity, reflexion and theoretical practise.\u00a0Furthermore, the footstool brings the necessary comfort to rest the physical activity of the body and devote oneself fully to the thinking exercise.<\/p>\n<\/div>\n<\/div>\n<\/div>\n<\/div>\n<\/div>\n<\/div>\n<\/div>\n<\/div>\n<\/div>\n<\/div><\/div><div class=\"wpb_column col-md-4\"><div class=\"section-text text-block \" ><p><i>Open Room 102<\/i> is a set of office furniture composed by a desk, a portable lamp and a library. These three items are intended to be placed in a room in order to inspire intellectual activity and creative thinking.\u00a0This set was created in the context of a residency established in the village of Lalibela, northern Ethiopia.In way of building the foundation of an independent workshop, this series served as a practical exercise for participants, who received plans, tools and techniques for free during this exchange. Each creation has been thoroughly thought and built with local materials and simple techniques in order to be easily reproduced on site. More to improving the daily life by making its participants autonomous, the design and manufacturing process of <i>Open Room 102<\/i> deals with a meaningful topic in a country where education is an ideal for a large part of the population.<\/p>\n<\/div><\/div><div class=\"wpb_column col-md-2\"><\/div><\/div><\/section><section  class=\"content-section full-width is-fluid cover no-padding no-margin    content-section-6a0864846e3bc\"><div class=\"row vc_row-fluid\"><div class=\"wpb_column col-md-12 align-center\"><div class=\"section-text text-block align-center\" style=\"color:#ffffff;\"><p>.<\/p>\n<\/div><\/div><\/div><\/section><section  class=\"content-section full-width is-fluid cover no-padding no-margin    content-section-6a0864846e510\"><div class=\"row vc_row-fluid\"><div class=\"wpb_column col-md-12 align-center\"><div class=\"section-text text-block align-center\" style=\"color:#ffffff;\"><p>www.designsocialclub.com<\/p>\n<\/div><\/div><\/div><\/section>\n","protected":false},"excerpt":{"rendered":". MEFELISEFI, 2018 \/ Open Room 102 series Work carried out during an artistic residency in the village of Lalibella (Ethiopia) Priced on request Desk Painted metal, wood,\u00a0used tank H : 90 X 96 X 60 cm Similar to a table with drawers, this office table is before everything a place to study. It is","protected":false},"author":1,"featured_media":0,"parent":0,"menu_order":0,"comment_status":"closed","ping_status":"closed","template":"","meta":{"jetpack_post_was_ever_published":false},"yoast_head":"<!-- This site is optimized with the Yoast SEO plugin v20.8 - https:\/\/yoast.com\/wordpress\/plugins\/seo\/ -->\n<title>Design Social Club - Mefelisefi, 2018 \/ S\u00e9rie Open Room 102 - Design Social Club<\/title>\n<meta name=\"description\" content=\"A la diff\u00e9rence d\u2019une table \u00e0 manger, il invite au travail intellectuel, \u00e0 la r\u00e9flexion et \u00e0 la pratique th\u00e9orique...\" \/>\n<meta name=\"robots\" content=\"index, follow, max-snippet:-1, max-image-preview:large, max-video-preview:-1\" \/>\n<link rel=\"canonical\" href=\"https:\/\/designsocialclub.com\/index.php\/mefelisefi-designsocialclub-mefelisefi-2\/\" \/>\n<meta property=\"og:locale\" content=\"fr_FR\" \/>\n<meta property=\"og:type\" content=\"article\" \/>\n<meta property=\"og:title\" content=\"Design Social Club - Mefelisefi, 2018 \/ S\u00e9rie Open Room 102 - Design Social Club\" \/>\n<meta property=\"og:description\" content=\"A la diff\u00e9rence d\u2019une table \u00e0 manger, il invite au travail intellectuel, \u00e0 la r\u00e9flexion et \u00e0 la pratique th\u00e9orique...\" \/>\n<meta property=\"og:url\" content=\"https:\/\/designsocialclub.com\/index.php\/mefelisefi-designsocialclub-mefelisefi-2\/\" \/>\n<meta property=\"og:site_name\" content=\"Design Social Club\" \/>\n<meta property=\"article:modified_time\" content=\"2020-10-17T08:33:44+00:00\" \/>\n<meta property=\"og:image\" content=\"http:\/\/designsocialclub.com\/wp-content\/uploads\/2018\/04\/turn-right-arrow-with-broken-line.png\" \/>\n<meta name=\"twitter:card\" content=\"summary_large_image\" \/>\n<meta name=\"twitter:label1\" content=\"Dur\u00e9e de lecture estim\u00e9e\" \/>\n\t<meta name=\"twitter:data1\" content=\"2 minutes\" \/>\n<script type=\"application\/ld+json\" class=\"yoast-schema-graph\">{\"@context\":\"https:\/\/schema.org\",\"@graph\":[{\"@type\":\"WebPage\",\"@id\":\"https:\/\/designsocialclub.com\/index.php\/mefelisefi-designsocialclub-mefelisefi-2\/\",\"url\":\"https:\/\/designsocialclub.com\/index.php\/mefelisefi-designsocialclub-mefelisefi-2\/\",\"name\":\"Design Social Club - Mefelisefi, 2018 \/ S\u00e9rie Open Room 102 - Design Social Club\",\"isPartOf\":{\"@id\":\"https:\/\/designsocialclub.com\/#website\"},\"datePublished\":\"2018-11-26T19:24:22+00:00\",\"dateModified\":\"2020-10-17T08:33:44+00:00\",\"description\":\"A la diff\u00e9rence d\u2019une table \u00e0 manger, il invite au travail intellectuel, \u00e0 la r\u00e9flexion et \u00e0 la pratique th\u00e9orique...\",\"breadcrumb\":{\"@id\":\"https:\/\/designsocialclub.com\/index.php\/mefelisefi-designsocialclub-mefelisefi-2\/#breadcrumb\"},\"inLanguage\":\"fr-FR\",\"potentialAction\":[{\"@type\":\"ReadAction\",\"target\":[\"https:\/\/designsocialclub.com\/index.php\/mefelisefi-designsocialclub-mefelisefi-2\/\"]}]},{\"@type\":\"BreadcrumbList\",\"@id\":\"https:\/\/designsocialclub.com\/index.php\/mefelisefi-designsocialclub-mefelisefi-2\/#breadcrumb\",\"itemListElement\":[{\"@type\":\"ListItem\",\"position\":1,\"name\":\"Accueil\",\"item\":\"https:\/\/designsocialclub.com\/\"},{\"@type\":\"ListItem\",\"position\":2,\"name\":\"Mefelisefi &#8211; Design Social Club &#8211; Mefelisefi &#8211; ENTXT\"}]},{\"@type\":\"WebSite\",\"@id\":\"https:\/\/designsocialclub.com\/#website\",\"url\":\"https:\/\/designsocialclub.com\/\",\"name\":\"Design Social Club\",\"description\":\"Manufacture abstraite pour objets concrets\",\"potentialAction\":[{\"@type\":\"SearchAction\",\"target\":{\"@type\":\"EntryPoint\",\"urlTemplate\":\"https:\/\/designsocialclub.com\/?s={search_term_string}\"},\"query-input\":\"required name=search_term_string\"}],\"inLanguage\":\"fr-FR\"}]}<\/script>\n<!-- \/ Yoast SEO plugin. -->","yoast_head_json":{"title":"Design Social Club - Mefelisefi, 2018 \/ S\u00e9rie Open Room 102 - Design Social Club","description":"A la diff\u00e9rence d\u2019une table \u00e0 manger, il invite au travail intellectuel, \u00e0 la r\u00e9flexion et \u00e0 la pratique th\u00e9orique...","robots":{"index":"index","follow":"follow","max-snippet":"max-snippet:-1","max-image-preview":"max-image-preview:large","max-video-preview":"max-video-preview:-1"},"canonical":"https:\/\/designsocialclub.com\/index.php\/mefelisefi-designsocialclub-mefelisefi-2\/","og_locale":"fr_FR","og_type":"article","og_title":"Design Social Club - Mefelisefi, 2018 \/ S\u00e9rie Open Room 102 - Design Social Club","og_description":"A la diff\u00e9rence d\u2019une table \u00e0 manger, il invite au travail intellectuel, \u00e0 la r\u00e9flexion et \u00e0 la pratique th\u00e9orique...","og_url":"https:\/\/designsocialclub.com\/index.php\/mefelisefi-designsocialclub-mefelisefi-2\/","og_site_name":"Design Social Club","article_modified_time":"2020-10-17T08:33:44+00:00","og_image":[{"url":"http:\/\/designsocialclub.com\/wp-content\/uploads\/2018\/04\/turn-right-arrow-with-broken-line.png"}],"twitter_card":"summary_large_image","twitter_misc":{"Dur\u00e9e de lecture estim\u00e9e":"2 minutes"},"schema":{"@context":"https:\/\/schema.org","@graph":[{"@type":"WebPage","@id":"https:\/\/designsocialclub.com\/index.php\/mefelisefi-designsocialclub-mefelisefi-2\/","url":"https:\/\/designsocialclub.com\/index.php\/mefelisefi-designsocialclub-mefelisefi-2\/","name":"Design Social Club - Mefelisefi, 2018 \/ S\u00e9rie Open Room 102 - Design Social Club","isPartOf":{"@id":"https:\/\/designsocialclub.com\/#website"},"datePublished":"2018-11-26T19:24:22+00:00","dateModified":"2020-10-17T08:33:44+00:00","description":"A la diff\u00e9rence d\u2019une table \u00e0 manger, il invite au travail intellectuel, \u00e0 la r\u00e9flexion et \u00e0 la pratique th\u00e9orique...","breadcrumb":{"@id":"https:\/\/designsocialclub.com\/index.php\/mefelisefi-designsocialclub-mefelisefi-2\/#breadcrumb"},"inLanguage":"fr-FR","potentialAction":[{"@type":"ReadAction","target":["https:\/\/designsocialclub.com\/index.php\/mefelisefi-designsocialclub-mefelisefi-2\/"]}]},{"@type":"BreadcrumbList","@id":"https:\/\/designsocialclub.com\/index.php\/mefelisefi-designsocialclub-mefelisefi-2\/#breadcrumb","itemListElement":[{"@type":"ListItem","position":1,"name":"Accueil","item":"https:\/\/designsocialclub.com\/"},{"@type":"ListItem","position":2,"name":"Mefelisefi &#8211; Design Social Club &#8211; Mefelisefi &#8211; ENTXT"}]},{"@type":"WebSite","@id":"https:\/\/designsocialclub.com\/#website","url":"https:\/\/designsocialclub.com\/","name":"Design Social Club","description":"Manufacture abstraite pour objets concrets","potentialAction":[{"@type":"SearchAction","target":{"@type":"EntryPoint","urlTemplate":"https:\/\/designsocialclub.com\/?s={search_term_string}"},"query-input":"required name=search_term_string"}],"inLanguage":"fr-FR"}]}},"jetpack_sharing_enabled":true,"jetpack_shortlink":"https:\/\/wp.me\/P8jKvp-1gM","_links":{"self":[{"href":"https:\/\/designsocialclub.com\/index.php\/wp-json\/wp\/v2\/pages\/4884"}],"collection":[{"href":"https:\/\/designsocialclub.com\/index.php\/wp-json\/wp\/v2\/pages"}],"about":[{"href":"https:\/\/designsocialclub.com\/index.php\/wp-json\/wp\/v2\/types\/page"}],"author":[{"embeddable":true,"href":"https:\/\/designsocialclub.com\/index.php\/wp-json\/wp\/v2\/users\/1"}],"replies":[{"embeddable":true,"href":"https:\/\/designsocialclub.com\/index.php\/wp-json\/wp\/v2\/comments?post=4884"}],"version-history":[{"count":7,"href":"https:\/\/designsocialclub.com\/index.php\/wp-json\/wp\/v2\/pages\/4884\/revisions"}],"predecessor-version":[{"id":23946,"href":"https:\/\/designsocialclub.com\/index.php\/wp-json\/wp\/v2\/pages\/4884\/revisions\/23946"}],"wp:attachment":[{"href":"https:\/\/designsocialclub.com\/index.php\/wp-json\/wp\/v2\/media?parent=4884"}],"curies":[{"name":"wp","href":"https:\/\/api.w.org\/{rel}","templated":true}]}}