{"id":4887,"date":"2018-11-26T20:39:32","date_gmt":"2018-11-26T19:39:32","guid":{"rendered":"http:\/\/designsocialclub.com\/?page_id=4887"},"modified":"2020-10-17T09:36:07","modified_gmt":"2020-10-17T08:36:07","slug":"lewuti-designsocialclub-lewuti","status":"publish","type":"page","link":"https:\/\/designsocialclub.com\/index.php\/lewuti-designsocialclub-lewuti\/","title":{"rendered":"Lewut&rsquo;i- Design Social Club &#8211; Lewut&rsquo;i"},"content":{"rendered":"<section  class=\"content-section full-width with-col cover no-padding no-margin    content-section-69df27bc1fd40\"><div class=\"row vc_row-fluid\"><div class=\"wpb_column col-md-3 align-center wow fadeInDown\" data-wow-delay=\"3s\" data-wow-duration=\"8s\"><div class=\"section-text text-block \" ><p><a href=\"http:\/\/designsocialclub.com\/index.php\/projects-designsocialclub-projects\/\"><img loading=\"lazy\" class=\"aligncenter wp-image-4391\" src=\"https:\/\/i0.wp.com\/designsocialclub.com\/wp-content\/uploads\/2018\/04\/turn-right-arrow-with-broken-line.png?resize=78%2C78\" alt=\"\" width=\"78\" height=\"78\" data-recalc-dims=\"1\" \/><\/a><\/p>\n<\/div><\/div><div class=\"wpb_column col-md-3 wow fadeInDown\" data-wow-delay=\"3s\" data-wow-duration=\"8s\"><\/div><div class=\"wpb_column col-md-3\"><\/div><div class=\"wpb_column col-md-3\"><\/div><\/div><\/section><section  class=\"content-section full-width with-col cover no-padding no-margin    content-section-69df27bc200af\"><div class=\"row vc_row-fluid\"><div class=\"wpb_column col-md-12\"><div  class=\"fullwidth-slider owl-carousel\"><div class=\"container relative\"><div  class=\"full-block align-center\" ><img src=\"https:\/\/i0.wp.com\/designsocialclub.com\/wp-content\/uploads\/2018\/11\/21-copie-3.jpg?resize=640%2C480&#038;ssl=1\"  width=\"640\" height=\"480\" alt=\"\" title=\"\" data-recalc-dims=\"1\" \/><\/div><\/div><div class=\"container relative\"><div  class=\"full-block align-center\" ><img src=\"https:\/\/i0.wp.com\/designsocialclub.com\/wp-content\/uploads\/2018\/11\/IMG_1630.jpg?resize=640%2C480&#038;ssl=1\"  width=\"640\" height=\"480\" alt=\"\" title=\"\" data-recalc-dims=\"1\" \/><\/div><\/div><div class=\"container relative\"><div  class=\"full-block align-center\" ><img src=\"https:\/\/i0.wp.com\/designsocialclub.com\/wp-content\/uploads\/2018\/11\/22-copie.jpg?resize=640%2C479&#038;ssl=1\"  width=\"640\" height=\"479\" alt=\"\" title=\"\" data-recalc-dims=\"1\" \/><\/div><\/div><div class=\"container relative\"><div  class=\"full-block align-center\" ><img src=\"https:\/\/i0.wp.com\/designsocialclub.com\/wp-content\/uploads\/2018\/11\/IMG_E1629-copie.jpg?resize=640%2C480&#038;ssl=1\"  width=\"640\" height=\"480\" alt=\"\" title=\"\" data-recalc-dims=\"1\" \/><\/div><\/div><\/div><div class=\"section-text text-block align-center\" style=\"color:#ffffff;\"><p><span style=\"font-size: 14px\">.<\/span><\/p>\n<\/div><\/div><\/div><\/section><section  class=\"content-section full-width with-col cover no-padding no-margin    content-section-69df27bc21354\"><div class=\"row vc_row-fluid\"><div class=\"wpb_column col-md-3 align-center\"><\/div><div class=\"wpb_column col-md-3\"><div class=\"section-text text-block \" ><div class=\"page\" title=\"Page 3\">\n<div class=\"layoutArea\">\n<div class=\"column\">\n<p><b>LEWUT&rsquo;I<\/b>, 2018 \/\u00a0S\u00e9rie\u00a0Open Room 102<\/p>\n<\/div>\n<\/div>\n<\/div>\n<\/div><div class=\"section-text text-block \" ><div class=\"page\" title=\"Page 3\">\n<div class=\"layoutArea\">\n<div class=\"column\">\n<p><em>Travail r\u00e9alis\u00e9 durant une r\u00e9sidence artistique dans le village de Lalibella (Ethiopie)<\/em><\/p>\n<p><span style=\"font-size: 14px\"><em><a href=\"https:\/\/designsocialclub.com\/index.php\/helloyou-designsocialclub-helloyou\/\" target=\"_blank\" rel=\"noopener noreferrer\">Prix sur demande<\/a><\/em><\/span><\/p>\n<\/div>\n<\/div>\n<\/div>\n<\/div><\/div><div class=\"wpb_column col-md-3\"><div class=\"section-text text-block \" ><div class=\"page\" title=\"Page 3\">\n<div class=\"layoutArea\">\n<div class=\"column\">\n<div class=\"page\" title=\"Page 43\">\n<div class=\"layoutArea\">\n<div class=\"column\">\n<p><i>Luminaire<\/i><br \/>\nMetal, Bidon usag\u00e9<br \/>\nH : 30\u00a0X 25 X 15 cm<\/p>\n<\/div>\n<\/div>\n<\/div>\n<\/div>\n<\/div>\n<\/div>\n<\/div><\/div><div class=\"wpb_column col-md-3\"><\/div><\/div><\/section><section  class=\"content-section full-width with-col cover no-padding no-margin    content-section-69df27bc21d87\"><div class=\"row vc_row-fluid\"><div class=\"wpb_column col-md-2 align-center\"><\/div><div class=\"wpb_column col-md-4\"><div class=\"section-text text-block \" ><div class=\"page\" title=\"Page 3\">\n<div class=\"layoutArea\">\n<div class=\"column\">\n<div class=\"page\" title=\"Page 33\">\n<div class=\"layoutArea\">\n<div class=\"column\">\n<div class=\"page\" title=\"Page 17\">\n<div class=\"layoutArea\">\n<div class=\"column\">\n<p style=\"text-align: right\">La luminosit\u00e9 naturelle varie selon le d\u00e9roulement de la journ\u00e9e. Pour suivre une dynamique similaire, il est n\u00e9cessaire de pouvoir faire varier l\u2019intensit\u00e9 lumineuse des lieux de vie. Cette lampe apporte une lumi\u00e8re douce et tamis\u00e9e pour trouver sa place entre le feu du n\u00e9on et la profondeur de la nuit.<\/p>\n<\/div>\n<\/div>\n<\/div>\n<\/div>\n<\/div>\n<\/div>\n<\/div>\n<\/div>\n<\/div>\n<\/div><\/div><div class=\"wpb_column col-md-4\"><div class=\"section-text text-block \" ><p><i>Open Room\u00a0 102\u00a0<\/i> est un ensemble de bureau compos\u00e9 d\u2019une table \u00e0 \u00e9crire, d\u2019une lampe d\u2019appoint et d\u2019une biblioth\u00e8que. Ces trois pi\u00e8ces se destinent \u00e0 l\u2019agr\u00e9ment d\u2019un lieu dont la fonction appelle le travail intellectuel et la pens\u00e9e cr\u00e9ative.\u00a0Cette s\u00e9rie a \u00e9t\u00e9 con\u00e7ue dans le cadre d\u2019une r\u00e9sidence r\u00e9alis\u00e9e dans le village de Lalibela, au\u00a0 nord de l\u2019Ethiopie. Dans la percepective de construire les bases d\u2019un atelier de production ind\u00e9pendant, cette s\u00e9rie \u00e0 servie d\u2019exercice pratique pour des participants, qui ce sont vue recevoir plans, outils et techniques au cours de cet \u00e9change.\u00a0Chaque pi\u00e8ce a \u00e9t\u00e9 r\u00e9fl\u00e9chie avec des mat\u00e9riaux accessibles et des techniques simples pour pouvoir \u00eatre facilement reproduite sur place.\u00a0En plus d\u2019am\u00e9liorer le quotidien en rendant ses participants autonomes, <i>Open Room 102<\/i> aborde par sa conception et sa m\u00e9thode de production un sujet rempli de sens dans un pays o\u00f9 l\u2019\u00e9ducation est toujours un id\u00e9al pour une part de la population.<\/p>\n<\/div><\/div><div class=\"wpb_column col-md-2\"><\/div><\/div><\/section><section  class=\"content-section full-width is-fluid cover no-padding no-margin    content-section-69df27bc223d1\"><div class=\"row vc_row-fluid\"><div class=\"wpb_column col-md-12 align-center\"><div class=\"section-text text-block align-center\" style=\"color:#ffffff;\"><p>.<\/p>\n<\/div><\/div><\/div><\/section><section  class=\"content-section full-width is-fluid cover no-padding no-margin    content-section-69df27bc224df\"><div class=\"row vc_row-fluid\"><div class=\"wpb_column col-md-12 align-center\"><div class=\"section-text text-block align-center\" style=\"color:#ffffff;\"><p>www.designsocialclub.com<\/p>\n<\/div><\/div><\/div><\/section>\n","protected":false},"excerpt":{"rendered":". LEWUT'I, 2018 \/\u00a0S\u00e9rie\u00a0Open Room 102 Travail r\u00e9alis\u00e9 durant une r\u00e9sidence artistique dans le village de Lalibella (Ethiopie) Prix sur demande Luminaire Metal, Bidon usag\u00e9 H : 30\u00a0X 25 X 15 cm La luminosit\u00e9 naturelle varie selon le d\u00e9roulement de la journ\u00e9e. Pour suivre une dynamique similaire, il est n\u00e9cessaire de pouvoir faire varier l\u2019intensit\u00e9","protected":false},"author":1,"featured_media":0,"parent":0,"menu_order":0,"comment_status":"closed","ping_status":"closed","template":"","meta":{"jetpack_post_was_ever_published":false},"yoast_head":"<!-- This site is optimized with the Yoast SEO plugin v20.8 - https:\/\/yoast.com\/wordpress\/plugins\/seo\/ -->\n<title>Design Social Club - Lewut&#039;i, 2018 \/ S\u00e9rie Open Room 102 - Design Social Club<\/title>\n<meta name=\"description\" content=\"Cette lampe apporte une lumi\u00e8re douce et tamis\u00e9e pour trouver sa place entre le feu du n\u00e9on et la profondeur de la nuit...\" \/>\n<meta name=\"robots\" content=\"index, follow, max-snippet:-1, max-image-preview:large, max-video-preview:-1\" \/>\n<link rel=\"canonical\" href=\"https:\/\/designsocialclub.com\/index.php\/lewuti-designsocialclub-lewuti\/\" \/>\n<meta property=\"og:locale\" content=\"fr_FR\" \/>\n<meta property=\"og:type\" content=\"article\" \/>\n<meta property=\"og:title\" content=\"Design Social Club - Lewut&#039;i, 2018 \/ S\u00e9rie Open Room 102 - Design Social Club\" \/>\n<meta property=\"og:description\" content=\"Cette lampe apporte une lumi\u00e8re douce et tamis\u00e9e pour trouver sa place entre le feu du n\u00e9on et la profondeur de la nuit...\" \/>\n<meta property=\"og:url\" content=\"https:\/\/designsocialclub.com\/index.php\/lewuti-designsocialclub-lewuti\/\" \/>\n<meta property=\"og:site_name\" content=\"Design Social Club\" \/>\n<meta property=\"article:modified_time\" content=\"2020-10-17T08:36:07+00:00\" \/>\n<meta property=\"og:image\" content=\"http:\/\/designsocialclub.com\/wp-content\/uploads\/2018\/04\/turn-right-arrow-with-broken-line.png\" \/>\n<meta name=\"twitter:card\" content=\"summary_large_image\" \/>\n<meta name=\"twitter:label1\" content=\"Dur\u00e9e de lecture estim\u00e9e\" \/>\n\t<meta name=\"twitter:data1\" content=\"3 minutes\" \/>\n<script type=\"application\/ld+json\" class=\"yoast-schema-graph\">{\"@context\":\"https:\/\/schema.org\",\"@graph\":[{\"@type\":\"WebPage\",\"@id\":\"https:\/\/designsocialclub.com\/index.php\/lewuti-designsocialclub-lewuti\/\",\"url\":\"https:\/\/designsocialclub.com\/index.php\/lewuti-designsocialclub-lewuti\/\",\"name\":\"Design Social Club - Lewut'i, 2018 \/ S\u00e9rie Open Room 102 - Design Social Club\",\"isPartOf\":{\"@id\":\"https:\/\/designsocialclub.com\/#website\"},\"datePublished\":\"2018-11-26T19:39:32+00:00\",\"dateModified\":\"2020-10-17T08:36:07+00:00\",\"description\":\"Cette lampe apporte une lumi\u00e8re douce et tamis\u00e9e pour trouver sa place entre le feu du n\u00e9on et la profondeur de la nuit...\",\"breadcrumb\":{\"@id\":\"https:\/\/designsocialclub.com\/index.php\/lewuti-designsocialclub-lewuti\/#breadcrumb\"},\"inLanguage\":\"fr-FR\",\"potentialAction\":[{\"@type\":\"ReadAction\",\"target\":[\"https:\/\/designsocialclub.com\/index.php\/lewuti-designsocialclub-lewuti\/\"]}]},{\"@type\":\"BreadcrumbList\",\"@id\":\"https:\/\/designsocialclub.com\/index.php\/lewuti-designsocialclub-lewuti\/#breadcrumb\",\"itemListElement\":[{\"@type\":\"ListItem\",\"position\":1,\"name\":\"Accueil\",\"item\":\"https:\/\/designsocialclub.com\/\"},{\"@type\":\"ListItem\",\"position\":2,\"name\":\"Lewut&rsquo;i- Design Social Club &#8211; Lewut&rsquo;i\"}]},{\"@type\":\"WebSite\",\"@id\":\"https:\/\/designsocialclub.com\/#website\",\"url\":\"https:\/\/designsocialclub.com\/\",\"name\":\"Design Social Club\",\"description\":\"Manufacture abstraite pour objets concrets\",\"potentialAction\":[{\"@type\":\"SearchAction\",\"target\":{\"@type\":\"EntryPoint\",\"urlTemplate\":\"https:\/\/designsocialclub.com\/?s={search_term_string}\"},\"query-input\":\"required name=search_term_string\"}],\"inLanguage\":\"fr-FR\"}]}<\/script>\n<!-- \/ Yoast SEO plugin. -->","yoast_head_json":{"title":"Design Social Club - Lewut'i, 2018 \/ S\u00e9rie Open Room 102 - Design Social Club","description":"Cette lampe apporte une lumi\u00e8re douce et tamis\u00e9e pour trouver sa place entre le feu du n\u00e9on et la profondeur de la nuit...","robots":{"index":"index","follow":"follow","max-snippet":"max-snippet:-1","max-image-preview":"max-image-preview:large","max-video-preview":"max-video-preview:-1"},"canonical":"https:\/\/designsocialclub.com\/index.php\/lewuti-designsocialclub-lewuti\/","og_locale":"fr_FR","og_type":"article","og_title":"Design Social Club - Lewut'i, 2018 \/ S\u00e9rie Open Room 102 - Design Social Club","og_description":"Cette lampe apporte une lumi\u00e8re douce et tamis\u00e9e pour trouver sa place entre le feu du n\u00e9on et la profondeur de la nuit...","og_url":"https:\/\/designsocialclub.com\/index.php\/lewuti-designsocialclub-lewuti\/","og_site_name":"Design Social Club","article_modified_time":"2020-10-17T08:36:07+00:00","og_image":[{"url":"http:\/\/designsocialclub.com\/wp-content\/uploads\/2018\/04\/turn-right-arrow-with-broken-line.png"}],"twitter_card":"summary_large_image","twitter_misc":{"Dur\u00e9e de lecture estim\u00e9e":"3 minutes"},"schema":{"@context":"https:\/\/schema.org","@graph":[{"@type":"WebPage","@id":"https:\/\/designsocialclub.com\/index.php\/lewuti-designsocialclub-lewuti\/","url":"https:\/\/designsocialclub.com\/index.php\/lewuti-designsocialclub-lewuti\/","name":"Design Social Club - Lewut'i, 2018 \/ S\u00e9rie Open Room 102 - Design Social Club","isPartOf":{"@id":"https:\/\/designsocialclub.com\/#website"},"datePublished":"2018-11-26T19:39:32+00:00","dateModified":"2020-10-17T08:36:07+00:00","description":"Cette lampe apporte une lumi\u00e8re douce et tamis\u00e9e pour trouver sa place entre le feu du n\u00e9on et la profondeur de la nuit...","breadcrumb":{"@id":"https:\/\/designsocialclub.com\/index.php\/lewuti-designsocialclub-lewuti\/#breadcrumb"},"inLanguage":"fr-FR","potentialAction":[{"@type":"ReadAction","target":["https:\/\/designsocialclub.com\/index.php\/lewuti-designsocialclub-lewuti\/"]}]},{"@type":"BreadcrumbList","@id":"https:\/\/designsocialclub.com\/index.php\/lewuti-designsocialclub-lewuti\/#breadcrumb","itemListElement":[{"@type":"ListItem","position":1,"name":"Accueil","item":"https:\/\/designsocialclub.com\/"},{"@type":"ListItem","position":2,"name":"Lewut&rsquo;i- Design Social Club &#8211; Lewut&rsquo;i"}]},{"@type":"WebSite","@id":"https:\/\/designsocialclub.com\/#website","url":"https:\/\/designsocialclub.com\/","name":"Design Social Club","description":"Manufacture abstraite pour objets concrets","potentialAction":[{"@type":"SearchAction","target":{"@type":"EntryPoint","urlTemplate":"https:\/\/designsocialclub.com\/?s={search_term_string}"},"query-input":"required name=search_term_string"}],"inLanguage":"fr-FR"}]}},"jetpack_sharing_enabled":true,"jetpack_shortlink":"https:\/\/wp.me\/P8jKvp-1gP","_links":{"self":[{"href":"https:\/\/designsocialclub.com\/index.php\/wp-json\/wp\/v2\/pages\/4887"}],"collection":[{"href":"https:\/\/designsocialclub.com\/index.php\/wp-json\/wp\/v2\/pages"}],"about":[{"href":"https:\/\/designsocialclub.com\/index.php\/wp-json\/wp\/v2\/types\/page"}],"author":[{"embeddable":true,"href":"https:\/\/designsocialclub.com\/index.php\/wp-json\/wp\/v2\/users\/1"}],"replies":[{"embeddable":true,"href":"https:\/\/designsocialclub.com\/index.php\/wp-json\/wp\/v2\/comments?post=4887"}],"version-history":[{"count":6,"href":"https:\/\/designsocialclub.com\/index.php\/wp-json\/wp\/v2\/pages\/4887\/revisions"}],"predecessor-version":[{"id":23951,"href":"https:\/\/designsocialclub.com\/index.php\/wp-json\/wp\/v2\/pages\/4887\/revisions\/23951"}],"wp:attachment":[{"href":"https:\/\/designsocialclub.com\/index.php\/wp-json\/wp\/v2\/media?parent=4887"}],"curies":[{"name":"wp","href":"https:\/\/api.w.org\/{rel}","templated":true}]}}