{"id":4901,"date":"2018-11-26T21:10:45","date_gmt":"2018-11-26T20:10:45","guid":{"rendered":"http:\/\/designsocialclub.com\/?page_id=4901"},"modified":"2020-10-17T09:35:49","modified_gmt":"2020-10-17T08:35:49","slug":"masitawesi-designsocialclub-masitawesi","status":"publish","type":"page","link":"https:\/\/designsocialclub.com\/index.php\/masitawesi-designsocialclub-masitawesi\/","title":{"rendered":"Masitawesi- Design Social Club &#8211; Masitawesi"},"content":{"rendered":"<section  class=\"content-section full-width with-col cover no-padding no-margin    content-section-69ded0da1b2d0\"><div class=\"row vc_row-fluid\"><div class=\"wpb_column col-md-3 align-center wow fadeInDown\" data-wow-delay=\"3s\" data-wow-duration=\"8s\"><div class=\"section-text text-block \" ><p><a href=\"http:\/\/designsocialclub.com\/index.php\/projects-designsocialclub-projects\/\"><img loading=\"lazy\" class=\"aligncenter wp-image-4391\" src=\"https:\/\/i0.wp.com\/designsocialclub.com\/wp-content\/uploads\/2018\/04\/turn-right-arrow-with-broken-line.png?resize=78%2C78\" alt=\"\" width=\"78\" height=\"78\" data-recalc-dims=\"1\" \/><\/a><\/p>\n<\/div><\/div><div class=\"wpb_column col-md-3 wow fadeInDown\" data-wow-delay=\"3s\" data-wow-duration=\"8s\"><\/div><div class=\"wpb_column col-md-3\"><\/div><div class=\"wpb_column col-md-3\"><\/div><\/div><\/section><section  class=\"content-section full-width with-col cover no-padding no-margin    content-section-69ded0da1b59e\"><div class=\"row vc_row-fluid\"><div class=\"wpb_column col-md-12\"><div  class=\"fullwidth-slider owl-carousel\"><div class=\"container relative\"><div  class=\"full-block align-center\" ><img src=\"https:\/\/i0.wp.com\/designsocialclub.com\/wp-content\/uploads\/2018\/11\/19-copie-3.jpg?resize=640%2C479&#038;ssl=1\"  width=\"640\" height=\"479\" alt=\"\" title=\"\" data-recalc-dims=\"1\" \/><\/div><\/div><div class=\"container relative\"><div  class=\"full-block align-center\" ><img src=\"https:\/\/i0.wp.com\/designsocialclub.com\/wp-content\/uploads\/2018\/11\/IMG_E1645-copie-2.jpg?resize=640%2C480&#038;ssl=1\"  width=\"640\" height=\"480\" alt=\"\" title=\"\" data-recalc-dims=\"1\" \/><\/div><\/div><div class=\"container relative\"><div  class=\"full-block align-center\" ><img src=\"https:\/\/i0.wp.com\/designsocialclub.com\/wp-content\/uploads\/2018\/11\/20-copie.jpg?resize=640%2C480&#038;ssl=1\"  width=\"640\" height=\"480\" alt=\"\" title=\"\" data-recalc-dims=\"1\" \/><\/div><\/div><div class=\"container relative\"><div  class=\"full-block align-center\" ><img src=\"https:\/\/i0.wp.com\/designsocialclub.com\/wp-content\/uploads\/2018\/11\/IMG_E1648-copie.jpg?resize=640%2C480&#038;ssl=1\"  width=\"640\" height=\"480\" alt=\"\" title=\"\" data-recalc-dims=\"1\" \/><\/div><\/div><\/div><div class=\"section-text text-block align-center\" style=\"color:#ffffff;\"><p><span style=\"font-size: 14px\">.<\/span><\/p>\n<\/div><\/div><\/div><\/section><section  class=\"content-section full-width with-col cover no-padding no-margin    content-section-69ded0da1ca32\"><div class=\"row vc_row-fluid\"><div class=\"wpb_column col-md-3 align-center\"><\/div><div class=\"wpb_column col-md-3\"><div class=\"section-text text-block \" ><div class=\"page\" title=\"Page 3\">\n<div class=\"layoutArea\">\n<div class=\"column\">\n<p><b>MASITAWESI<\/b>, 2018 \/\u00a0S\u00e9rie\u00a0Open Room 102<\/p>\n<\/div>\n<\/div>\n<\/div>\n<\/div><div class=\"section-text text-block \" ><div class=\"page\" title=\"Page 3\">\n<div class=\"layoutArea\">\n<div class=\"column\">\n<p><em>Travail r\u00e9alis\u00e9 durant une r\u00e9sidence artistique dans le village de Lalibella (Ethiopie)<\/em><\/p>\n<p><span style=\"font-size: 14px\"><em><a href=\"https:\/\/designsocialclub.com\/index.php\/helloyou-designsocialclub-helloyou\/\" target=\"_blank\" rel=\"noopener noreferrer\">Prix sur demande<\/a><\/em><\/span><\/p>\n<\/div>\n<\/div>\n<\/div>\n<\/div><\/div><div class=\"wpb_column col-md-3\"><div class=\"section-text text-block \" ><div class=\"page\" title=\"Page 3\">\n<div class=\"layoutArea\">\n<div class=\"column\">\n<div class=\"page\" title=\"Page 43\">\n<div class=\"layoutArea\">\n<div class=\"column\">\n<p><i>Biblioth\u00e8que<\/i><br \/>\nMetal laqu\u00e9, bois<br \/>\nH : 115 X 50 X 30 cm<\/p>\n<\/div>\n<\/div>\n<\/div>\n<\/div>\n<\/div>\n<\/div>\n<\/div><\/div><div class=\"wpb_column col-md-3\"><\/div><\/div><\/section><section  class=\"content-section full-width with-col cover no-padding no-margin    content-section-69ded0da1d265\"><div class=\"row vc_row-fluid\"><div class=\"wpb_column col-md-2 align-center\"><\/div><div class=\"wpb_column col-md-4\"><div class=\"section-text text-block \" ><div class=\"page\" title=\"Page 3\">\n<div class=\"layoutArea\">\n<div class=\"column\">\n<div class=\"page\" title=\"Page 33\">\n<div class=\"layoutArea\">\n<div class=\"column\">\n<div class=\"page\" title=\"Page 17\">\n<div class=\"layoutArea\">\n<div class=\"column\">\n<p style=\"text-align: right\">Compos\u00e9e d\u2019\u00e9tag\u00e8res horizontales, cette biblioth\u00e8que se destine \u00e0 la conservation des connaissances. Elle peut \u00eatre per\u00e7ue comme une extension de la m\u00e9moire; en ce sens, elle permet \u00e0 tout moment de retrouver une r\u00e9f\u00e9rence. De plus, qu\u2019il s\u2019agisse de manuscrits ou de toute autre chose, la vue directe de ces objets stimule la cr\u00e9ativit\u00e9 en rappelant \u00e0 la m\u00e9moire certaines id\u00e9es.<\/p>\n<\/div>\n<\/div>\n<\/div>\n<\/div>\n<\/div>\n<\/div>\n<\/div>\n<\/div>\n<\/div>\n<\/div><\/div><div class=\"wpb_column col-md-4\"><div class=\"section-text text-block \" ><p><i>Open Room\u00a0 102\u00a0<\/i> est un ensemble de bureau compos\u00e9 d\u2019une table \u00e0 \u00e9crire, d\u2019une lampe d\u2019appoint et d\u2019une biblioth\u00e8que. Ces trois pi\u00e8ces se destinent \u00e0 l\u2019agr\u00e9ment d\u2019un lieu dont la fonction appelle le travail intellectuel et la pens\u00e9e cr\u00e9ative. Cette s\u00e9rie a \u00e9t\u00e9 con\u00e7ue dans le cadre d\u2019une r\u00e9sidence r\u00e9alis\u00e9e dans le village de Lalibela, au\u00a0 nord de l\u2019Ethiopie. Dans la percepective de construire les bases d\u2019un atelier de production ind\u00e9pendant, cette s\u00e9rie \u00e0 servie d\u2019exercice pratique pour des participants, qui ce sont vue recevoir plans, outils et techniques au cours de cet \u00e9change. Chaque pi\u00e8ce a \u00e9t\u00e9 r\u00e9fl\u00e9chie avec des mat\u00e9riaux accessibles et des techniques simples pour pouvoir \u00eatre facilement reproduite sur place. En plus d\u2019am\u00e9liorer le quotidien en rendant ses participants autonomes, <i>Open Room 102<\/i> aborde par sa conception et sa m\u00e9thode de production un sujet rempli de sens dans un pays o\u00f9 l\u2019\u00e9ducation est toujours un id\u00e9al pour une part de la population.<\/p>\n<\/div><\/div><div class=\"wpb_column col-md-2\"><\/div><\/div><\/section><section  class=\"content-section full-width is-fluid cover no-padding no-margin    content-section-69ded0da1d6e7\"><div class=\"row vc_row-fluid\"><div class=\"wpb_column col-md-12 align-center\"><div class=\"section-text text-block align-center\" style=\"color:#ffffff;\"><p>.<\/p>\n<\/div><\/div><\/div><\/section><section  class=\"content-section full-width is-fluid cover no-padding no-margin    content-section-69ded0da1d7a7\"><div class=\"row vc_row-fluid\"><div class=\"wpb_column col-md-12 align-center\"><div class=\"section-text text-block align-center\" style=\"color:#ffffff;\"><p>www.designsocialclub.com<\/p>\n<\/div><\/div><\/div><\/section>\n","protected":false},"excerpt":{"rendered":". MASITAWESI, 2018 \/\u00a0S\u00e9rie\u00a0Open Room 102 Travail r\u00e9alis\u00e9 durant une r\u00e9sidence artistique dans le village de Lalibella (Ethiopie) Prix sur demande Biblioth\u00e8que Metal laqu\u00e9, bois H : 115 X 50 X 30 cm Compos\u00e9e d\u2019\u00e9tag\u00e8res horizontales, cette biblioth\u00e8que se destine \u00e0 la conservation des connaissances. Elle peut \u00eatre per\u00e7ue comme une extension de la m\u00e9moire;","protected":false},"author":1,"featured_media":0,"parent":0,"menu_order":0,"comment_status":"closed","ping_status":"closed","template":"","meta":{"jetpack_post_was_ever_published":false},"yoast_head":"<!-- This site is optimized with the Yoast SEO plugin v20.8 - https:\/\/yoast.com\/wordpress\/plugins\/seo\/ -->\n<title>Design Social Club - Masitawesi, 2018 \/ S\u00e9rie Open Room 102 - Design Social Club<\/title>\n<meta name=\"description\" content=\"Elle peut \u00eatre per\u00e7ue comme une extension de la m\u00e9moire; en ce sens, elle permet \u00e0 tout moment de retrouver une r\u00e9f\u00e9rence...\" \/>\n<meta name=\"robots\" content=\"index, follow, max-snippet:-1, max-image-preview:large, max-video-preview:-1\" \/>\n<link rel=\"canonical\" href=\"https:\/\/designsocialclub.com\/index.php\/masitawesi-designsocialclub-masitawesi\/\" \/>\n<meta property=\"og:locale\" content=\"fr_FR\" \/>\n<meta property=\"og:type\" content=\"article\" \/>\n<meta property=\"og:title\" content=\"Design Social Club - Masitawesi, 2018 \/ S\u00e9rie Open Room 102 - Design Social Club\" \/>\n<meta property=\"og:description\" content=\"Elle peut \u00eatre per\u00e7ue comme une extension de la m\u00e9moire; en ce sens, elle permet \u00e0 tout moment de retrouver une r\u00e9f\u00e9rence...\" \/>\n<meta property=\"og:url\" content=\"https:\/\/designsocialclub.com\/index.php\/masitawesi-designsocialclub-masitawesi\/\" \/>\n<meta property=\"og:site_name\" content=\"Design Social Club\" \/>\n<meta property=\"article:modified_time\" content=\"2020-10-17T08:35:49+00:00\" \/>\n<meta property=\"og:image\" content=\"http:\/\/designsocialclub.com\/wp-content\/uploads\/2018\/04\/turn-right-arrow-with-broken-line.png\" \/>\n<meta name=\"twitter:card\" content=\"summary_large_image\" \/>\n<meta name=\"twitter:label1\" content=\"Dur\u00e9e de lecture estim\u00e9e\" \/>\n\t<meta name=\"twitter:data1\" content=\"3 minutes\" \/>\n<script type=\"application\/ld+json\" class=\"yoast-schema-graph\">{\"@context\":\"https:\/\/schema.org\",\"@graph\":[{\"@type\":\"WebPage\",\"@id\":\"https:\/\/designsocialclub.com\/index.php\/masitawesi-designsocialclub-masitawesi\/\",\"url\":\"https:\/\/designsocialclub.com\/index.php\/masitawesi-designsocialclub-masitawesi\/\",\"name\":\"Design Social Club - Masitawesi, 2018 \/ S\u00e9rie Open Room 102 - Design Social Club\",\"isPartOf\":{\"@id\":\"https:\/\/designsocialclub.com\/#website\"},\"datePublished\":\"2018-11-26T20:10:45+00:00\",\"dateModified\":\"2020-10-17T08:35:49+00:00\",\"description\":\"Elle peut \u00eatre per\u00e7ue comme une extension de la m\u00e9moire; en ce sens, elle permet \u00e0 tout moment de retrouver une r\u00e9f\u00e9rence...\",\"breadcrumb\":{\"@id\":\"https:\/\/designsocialclub.com\/index.php\/masitawesi-designsocialclub-masitawesi\/#breadcrumb\"},\"inLanguage\":\"fr-FR\",\"potentialAction\":[{\"@type\":\"ReadAction\",\"target\":[\"https:\/\/designsocialclub.com\/index.php\/masitawesi-designsocialclub-masitawesi\/\"]}]},{\"@type\":\"BreadcrumbList\",\"@id\":\"https:\/\/designsocialclub.com\/index.php\/masitawesi-designsocialclub-masitawesi\/#breadcrumb\",\"itemListElement\":[{\"@type\":\"ListItem\",\"position\":1,\"name\":\"Accueil\",\"item\":\"https:\/\/designsocialclub.com\/\"},{\"@type\":\"ListItem\",\"position\":2,\"name\":\"Masitawesi- Design Social Club &#8211; Masitawesi\"}]},{\"@type\":\"WebSite\",\"@id\":\"https:\/\/designsocialclub.com\/#website\",\"url\":\"https:\/\/designsocialclub.com\/\",\"name\":\"Design Social Club\",\"description\":\"Manufacture abstraite pour objets concrets\",\"potentialAction\":[{\"@type\":\"SearchAction\",\"target\":{\"@type\":\"EntryPoint\",\"urlTemplate\":\"https:\/\/designsocialclub.com\/?s={search_term_string}\"},\"query-input\":\"required name=search_term_string\"}],\"inLanguage\":\"fr-FR\"}]}<\/script>\n<!-- \/ Yoast SEO plugin. -->","yoast_head_json":{"title":"Design Social Club - Masitawesi, 2018 \/ S\u00e9rie Open Room 102 - Design Social Club","description":"Elle peut \u00eatre per\u00e7ue comme une extension de la m\u00e9moire; en ce sens, elle permet \u00e0 tout moment de retrouver une r\u00e9f\u00e9rence...","robots":{"index":"index","follow":"follow","max-snippet":"max-snippet:-1","max-image-preview":"max-image-preview:large","max-video-preview":"max-video-preview:-1"},"canonical":"https:\/\/designsocialclub.com\/index.php\/masitawesi-designsocialclub-masitawesi\/","og_locale":"fr_FR","og_type":"article","og_title":"Design Social Club - Masitawesi, 2018 \/ S\u00e9rie Open Room 102 - Design Social Club","og_description":"Elle peut \u00eatre per\u00e7ue comme une extension de la m\u00e9moire; en ce sens, elle permet \u00e0 tout moment de retrouver une r\u00e9f\u00e9rence...","og_url":"https:\/\/designsocialclub.com\/index.php\/masitawesi-designsocialclub-masitawesi\/","og_site_name":"Design Social Club","article_modified_time":"2020-10-17T08:35:49+00:00","og_image":[{"url":"http:\/\/designsocialclub.com\/wp-content\/uploads\/2018\/04\/turn-right-arrow-with-broken-line.png"}],"twitter_card":"summary_large_image","twitter_misc":{"Dur\u00e9e de lecture estim\u00e9e":"3 minutes"},"schema":{"@context":"https:\/\/schema.org","@graph":[{"@type":"WebPage","@id":"https:\/\/designsocialclub.com\/index.php\/masitawesi-designsocialclub-masitawesi\/","url":"https:\/\/designsocialclub.com\/index.php\/masitawesi-designsocialclub-masitawesi\/","name":"Design Social Club - Masitawesi, 2018 \/ S\u00e9rie Open Room 102 - Design Social Club","isPartOf":{"@id":"https:\/\/designsocialclub.com\/#website"},"datePublished":"2018-11-26T20:10:45+00:00","dateModified":"2020-10-17T08:35:49+00:00","description":"Elle peut \u00eatre per\u00e7ue comme une extension de la m\u00e9moire; en ce sens, elle permet \u00e0 tout moment de retrouver une r\u00e9f\u00e9rence...","breadcrumb":{"@id":"https:\/\/designsocialclub.com\/index.php\/masitawesi-designsocialclub-masitawesi\/#breadcrumb"},"inLanguage":"fr-FR","potentialAction":[{"@type":"ReadAction","target":["https:\/\/designsocialclub.com\/index.php\/masitawesi-designsocialclub-masitawesi\/"]}]},{"@type":"BreadcrumbList","@id":"https:\/\/designsocialclub.com\/index.php\/masitawesi-designsocialclub-masitawesi\/#breadcrumb","itemListElement":[{"@type":"ListItem","position":1,"name":"Accueil","item":"https:\/\/designsocialclub.com\/"},{"@type":"ListItem","position":2,"name":"Masitawesi- Design Social Club &#8211; Masitawesi"}]},{"@type":"WebSite","@id":"https:\/\/designsocialclub.com\/#website","url":"https:\/\/designsocialclub.com\/","name":"Design Social Club","description":"Manufacture abstraite pour objets concrets","potentialAction":[{"@type":"SearchAction","target":{"@type":"EntryPoint","urlTemplate":"https:\/\/designsocialclub.com\/?s={search_term_string}"},"query-input":"required name=search_term_string"}],"inLanguage":"fr-FR"}]}},"jetpack_sharing_enabled":true,"jetpack_shortlink":"https:\/\/wp.me\/P8jKvp-1h3","_links":{"self":[{"href":"https:\/\/designsocialclub.com\/index.php\/wp-json\/wp\/v2\/pages\/4901"}],"collection":[{"href":"https:\/\/designsocialclub.com\/index.php\/wp-json\/wp\/v2\/pages"}],"about":[{"href":"https:\/\/designsocialclub.com\/index.php\/wp-json\/wp\/v2\/types\/page"}],"author":[{"embeddable":true,"href":"https:\/\/designsocialclub.com\/index.php\/wp-json\/wp\/v2\/users\/1"}],"replies":[{"embeddable":true,"href":"https:\/\/designsocialclub.com\/index.php\/wp-json\/wp\/v2\/comments?post=4901"}],"version-history":[{"count":7,"href":"https:\/\/designsocialclub.com\/index.php\/wp-json\/wp\/v2\/pages\/4901\/revisions"}],"predecessor-version":[{"id":23950,"href":"https:\/\/designsocialclub.com\/index.php\/wp-json\/wp\/v2\/pages\/4901\/revisions\/23950"}],"wp:attachment":[{"href":"https:\/\/designsocialclub.com\/index.php\/wp-json\/wp\/v2\/media?parent=4901"}],"curies":[{"name":"wp","href":"https:\/\/api.w.org\/{rel}","templated":true}]}}