{"id":5040,"date":"2019-05-19T12:14:11","date_gmt":"2019-05-19T11:14:11","guid":{"rendered":"http:\/\/designsocialclub.com\/?page_id=5040"},"modified":"2021-12-08T14:17:49","modified_gmt":"2021-12-08T13:17:49","slug":"about-designsocialclub-about","status":"publish","type":"page","link":"https:\/\/designsocialclub.com\/index.php\/about-designsocialclub-about\/","title":{"rendered":"About &#8211; Design Social Club &#8211; About"},"content":{"rendered":"<section  class=\"content-section full-width with-col cover no-padding no-margin    content-section-69e1b838cc974\"><div class=\"row vc_row-fluid\"><div class=\"wpb_column col-md-12 align-center wow fadeInDown\" data-wow-delay=\"2s\" data-wow-duration=\"8s\"><div class=\"section-text text-block \" style=\"color:#ffffff;\"><p>.<\/p>\n<\/div><\/div><\/div><\/section><section  class=\"content-section full-width with-col cover no-padding no-margin    content-section-69e1b838ccb17\"><div class=\"row vc_row-fluid\"><div class=\"wpb_column col-md-3 align-center wow fadeInDown\" data-wow-delay=\"3s\" data-wow-duration=\"8s\"><div class=\"section-text text-block \" ><p><a href=\"http:\/\/designsocialclub.com\/\"><img loading=\"lazy\" class=\"aligncenter wp-image-4391\" src=\"https:\/\/i0.wp.com\/designsocialclub.com\/wp-content\/uploads\/2018\/04\/turn-right-arrow-with-broken-line.png?resize=78%2C78\" alt=\"\" width=\"78\" height=\"78\" data-recalc-dims=\"1\" \/><\/a><\/p>\n<\/div><\/div><div class=\"wpb_column col-md-3\"><\/div><div class=\"wpb_column col-md-3\"><div class=\"section-text text-block align-right\" ><p><img loading=\"lazy\" class=\"aligncenter wp-image-5035\" src=\"https:\/\/i0.wp.com\/designsocialclub.com\/wp-content\/uploads\/2019\/05\/a.png?resize=205%2C95\" alt=\"\" width=\"205\" height=\"95\" data-recalc-dims=\"1\" \/><\/p>\n<\/div><\/div><\/div><\/section><section  class=\"content-section full-width with-col cover no-padding no-margin    content-section-69e1b838ccd77\"><div class=\"row vc_row-fluid\"><div class=\"wpb_column col-md-12 align-center\"><div class=\"section-text text-block \" style=\"color:#ffffff;\"><p>.<\/p>\n<\/div><\/div><\/div><\/section><section  class=\"content-section full-width with-col cover no-padding no-margin    content-section-69e1b838cce2c\"><div class=\"row vc_row-fluid\"><div class=\"wpb_column col-md-3 align-center\"><\/div><div class=\"wpb_column col-md-6\"><div class=\"section-text text-block \" ><p style=\"text-align: justify\">\u00ab\u00a0A l\u2019heure o\u00f9 la terre semble tirer le signal d\u2019alarme face \u00e0 une soci\u00e9t\u00e9 moderne obnubil\u00e9e par la consommation, il devient n\u00e9cessaire de changer notre perception du monde pour faire \u00e9voluer nos habitudes de vie vers un futur prosp\u00e8re.<span class=\"Apple-converted-space\">\u00a0<\/span><\/p>\n<p style=\"text-align: justify\">De cette mission le <i>Design Social Club<\/i> en a fait sa priorit\u00e9, cette organisation s\u2019appuie sur le syst\u00e8me productif \u00e0 l\u2019origine de nos maux pour cr\u00e9er des travaux utopistes oeuvrant<span class=\"Apple-converted-space\">\u00a0 <\/span>pour une r\u00e9flexion profonde sur notre relation \u00e0 l\u2019objet. Le design n\u2019est d\u00e9sormais plus un outil au service du \u00ab\u00a0faire vendre\u00a0\u00bb mais un support permettant de d\u00e9battre de la vie.<span class=\"Apple-converted-space\">\u00a0<\/span><\/p>\n<p style=\"text-align: justify\">La lisibilit\u00e9 de ce travail oscille entre la forme, la fonction et l\u2019usage. Comme en peinture, la premi\u00e8re lecture aborde un rendu pictural, une esth\u00e9tique<span class=\"Apple-converted-space\">\u00a0 <\/span>propre \u00e0 l\u2019apparence physique. Le second temps, plus abstrait, \u00e9voque sa fonction en imposant un r\u00f4le \u00e0 la forme. C&rsquo;est alors que se dessine l\u2019usage, cette zone libre, qui permet de nous projeter au travers de l\u2019objet. Nous abordons le monde ainsi, sous cet angle d\u00e9multipli\u00e9 et par l\u2019association d\u2019images, nous amenons le visiteur \u00e0 confronter l\u2019objet \u00e0 la pratique pour questionner ce lien impalpable qui relie l\u2019homme \u00e0 son environnement. L\u2019oeuvre ainsi con\u00e7ue ne se limite pas \u00e0 son contour formel pour en dicter une fin mais s\u2019appuie sur sa mat\u00e9rialit\u00e9 pour servir un discours ouvrant \u00e0 la r\u00e9flexion. Au d\u00e9triment de son pass\u00e9 ali\u00e9nateur, l\u2019objet se pr\u00e9sente ainsi comme<span class=\"Apple-converted-space\">\u00a0 <\/span>un outil lib\u00e9rateur de pens\u00e9es.<span class=\"Apple-converted-space\">\u00a0<\/span><\/p>\n<p style=\"text-align: justify\">Le monde qui nous entoure peut \u00eatre per\u00e7u suivant ce que nous voyons, suivant ce pour quoi il a \u00e9t\u00e9 fait ou bien suivant les possibilit\u00e9s qu\u2019il nous offre. Ce dernier point de vue est aujourd\u2019hui, la pierre angulaire du travail du <i>Design Social Club<\/i>.\u00a0\u00bb<\/p>\n<p style=\"text-align: justify\"><b>Design Social Club, d\u00e9cembre 2018.<\/b><\/p>\n<\/div><div class=\"section-text text-block \" style=\"color:#ffffff;\"><p>.<\/p>\n<\/div><div class=\"section-text text-block align-center\" style=\"color:#ffffff;\"><p style=\"text-align: center\"><a href=\"https:\/\/designsocialclub.com\/wp-content\/uploads\/2021\/12\/SERIOUSSTUFF21.pdf\" target=\"_blank\" rel=\"noopener noreferrer\"><img loading=\"lazy\" class=\"aligncenter wp-image-40408\" src=\"https:\/\/i0.wp.com\/designsocialclub.com\/wp-content\/uploads\/2021\/12\/BATSERIOUSSINT-1.jpg?resize=142%2C142&#038;ssl=1\" alt=\"\" width=\"142\" height=\"142\" data-recalc-dims=\"1\" \/><\/a><\/p>\n<p style=\"text-align: center\"><em><strong><span style=\"font-family: helvetica, arial, sans-serif\"><a href=\"https:\/\/designsocialclub.com\/wp-content\/uploads\/2021\/12\/SERIOUSSTUFF21.pdf\" target=\"_blank\" rel=\"noopener noreferrer\">TELECHARGER SERIOUS STUFF 2017\/21<\/a><\/span><\/strong><\/em><\/p>\n<\/div><div class=\"section-text text-block \" style=\"color:#ffffff;\"><p>.<\/p>\n<\/div><div class=\"section-text text-block align-center\" style=\"color:#ffffff;\"><p style=\"text-align: center\"><a href=\"http:\/\/designsocialclub.com\/wp-content\/uploads\/2018\/04\/Design-Social-Club-Toys-Book-2018..pdf\" target=\"_blank\" rel=\"noopener noreferrer\"><img loading=\"lazy\" class=\"aligncenter wp-image-4791\" src=\"https:\/\/i0.wp.com\/designsocialclub.com\/wp-content\/uploads\/2018\/04\/Design-Social-Club-Toys-Book-2018_web.pdf-copie.png?resize=142%2C200\" alt=\"\" width=\"142\" height=\"200\" data-recalc-dims=\"1\" \/><\/a><\/p>\n<p style=\"text-align: center\"><span style=\"font-family: helvetica, arial, sans-serif\"><strong><em><a href=\"http:\/\/designsocialclub.com\/wp-content\/uploads\/2018\/04\/Design-Social-Club-Toys-Book-2018..pdf\" target=\"_blank\" rel=\"noopener noreferrer\">TELECHARGER TOYS BOOK 2014\/17<\/a><\/em><\/strong><\/span><\/p>\n<\/div><div class=\"section-text text-block \" style=\"color:#ffffff;\"><p>.<\/p>\n<\/div><div class=\"section-text text-block \" ><p><img loading=\"lazy\" class=\"aligncenter wp-image-5042\" src=\"https:\/\/i0.wp.com\/designsocialclub.com\/wp-content\/uploads\/2019\/05\/cr.png?resize=268%2C96\" alt=\"\" width=\"268\" height=\"96\" data-recalc-dims=\"1\" \/><\/p>\n<\/div><div class=\"section-text text-block \" ><p><a href=\"https:\/\/www.instagram.com\/mekbib_tadesse\/\" target=\"_blank\" rel=\"noopener noreferrer\">Mekbib Tadesse<\/a> (cr\u00e9dits photo) &#8211;\u00a0<a href=\"http:\/\/alexandradavy.fr\" target=\"_blank\" rel=\"noopener noreferrer\">Alexandra Davy<\/a>\u00a0(cr\u00e9dits photos) &#8211;\u00a0<a href=\"https:\/\/fr.linkedin.com\/in\/agathe-micoulaud-8791046b\/xx\" target=\"_blank\" rel=\"noopener noreferrer\">Aghate Micoulaud<\/a>\u00a0(traductions) &#8211;\u00a0<a href=\"http:\/\/louiseporte.wixsite.com\/louiseporte\" target=\"_blank\" rel=\"noopener noreferrer\">Louise Porte<\/a>\u00a0(cr\u00e9dits photos) &#8211; &amp; Friends&#8230;<\/p>\n<\/div><\/div><div class=\"wpb_column col-md-3 wow bounceInRight\" data-wow-delay=\"4s\" data-wow-duration=\"6s\"><\/div><\/div><\/section><section  class=\"content-section full-width is-fluid cover no-padding no-margin    content-section-69e1b838cd921\"><div class=\"row vc_row-fluid\"><div class=\"wpb_column col-md-12 align-center\"><div class=\"section-text text-block \" style=\"color:#ffffff;\"><p>.<\/p>\n<\/div><div class=\"section-text text-block align-center\" style=\"color:#ffffff;\"><p>www.designsocialclub.com<\/p>\n<\/div><\/div><\/div><\/section>\n","protected":false},"excerpt":{"rendered":". . \u00ab\u00a0A l\u2019heure o\u00f9 la terre semble tirer le signal d\u2019alarme face \u00e0 une soci\u00e9t\u00e9 moderne obnubil\u00e9e par la consommation, il devient n\u00e9cessaire de changer notre perception du monde pour faire \u00e9voluer nos habitudes de vie vers un futur prosp\u00e8re.\u00a0 De cette mission le Design Social Club en a fait sa priorit\u00e9, cette organisation","protected":false},"author":1,"featured_media":0,"parent":0,"menu_order":0,"comment_status":"closed","ping_status":"closed","template":"","meta":{"jetpack_post_was_ever_published":false},"yoast_head":"<!-- This site is optimized with the Yoast SEO plugin v20.8 - https:\/\/yoast.com\/wordpress\/plugins\/seo\/ -->\n<title>Design Social Club - About<\/title>\n<meta name=\"description\" content=\"A propos du Design Social Club\" \/>\n<meta name=\"robots\" content=\"index, follow, max-snippet:-1, max-image-preview:large, max-video-preview:-1\" \/>\n<link rel=\"canonical\" href=\"https:\/\/designsocialclub.com\/index.php\/about-designsocialclub-about\/\" \/>\n<meta property=\"og:locale\" content=\"fr_FR\" \/>\n<meta property=\"og:type\" content=\"article\" \/>\n<meta property=\"og:title\" content=\"Design Social Club - About\" \/>\n<meta property=\"og:description\" content=\"A propos du Design Social Club\" \/>\n<meta property=\"og:url\" content=\"https:\/\/designsocialclub.com\/index.php\/about-designsocialclub-about\/\" \/>\n<meta property=\"og:site_name\" content=\"Design Social Club\" \/>\n<meta property=\"article:modified_time\" content=\"2021-12-08T13:17:49+00:00\" \/>\n<meta property=\"og:image\" content=\"http:\/\/designsocialclub.com\/wp-content\/uploads\/2018\/04\/turn-right-arrow-with-broken-line.png\" \/>\n<meta name=\"twitter:card\" content=\"summary_large_image\" \/>\n<meta name=\"twitter:label1\" content=\"Dur\u00e9e de lecture estim\u00e9e\" \/>\n\t<meta name=\"twitter:data1\" content=\"3 minutes\" \/>\n<script type=\"application\/ld+json\" class=\"yoast-schema-graph\">{\"@context\":\"https:\/\/schema.org\",\"@graph\":[{\"@type\":\"WebPage\",\"@id\":\"https:\/\/designsocialclub.com\/index.php\/about-designsocialclub-about\/\",\"url\":\"https:\/\/designsocialclub.com\/index.php\/about-designsocialclub-about\/\",\"name\":\"Design Social Club - About\",\"isPartOf\":{\"@id\":\"https:\/\/designsocialclub.com\/#website\"},\"datePublished\":\"2019-05-19T11:14:11+00:00\",\"dateModified\":\"2021-12-08T13:17:49+00:00\",\"description\":\"A propos du Design Social Club\",\"breadcrumb\":{\"@id\":\"https:\/\/designsocialclub.com\/index.php\/about-designsocialclub-about\/#breadcrumb\"},\"inLanguage\":\"fr-FR\",\"potentialAction\":[{\"@type\":\"ReadAction\",\"target\":[\"https:\/\/designsocialclub.com\/index.php\/about-designsocialclub-about\/\"]}]},{\"@type\":\"BreadcrumbList\",\"@id\":\"https:\/\/designsocialclub.com\/index.php\/about-designsocialclub-about\/#breadcrumb\",\"itemListElement\":[{\"@type\":\"ListItem\",\"position\":1,\"name\":\"Accueil\",\"item\":\"https:\/\/designsocialclub.com\/\"},{\"@type\":\"ListItem\",\"position\":2,\"name\":\"About &#8211; Design Social Club &#8211; About\"}]},{\"@type\":\"WebSite\",\"@id\":\"https:\/\/designsocialclub.com\/#website\",\"url\":\"https:\/\/designsocialclub.com\/\",\"name\":\"Design Social Club\",\"description\":\"Manufacture abstraite pour objets concrets\",\"potentialAction\":[{\"@type\":\"SearchAction\",\"target\":{\"@type\":\"EntryPoint\",\"urlTemplate\":\"https:\/\/designsocialclub.com\/?s={search_term_string}\"},\"query-input\":\"required name=search_term_string\"}],\"inLanguage\":\"fr-FR\"}]}<\/script>\n<!-- \/ Yoast SEO plugin. -->","yoast_head_json":{"title":"Design Social Club - About","description":"A propos du Design Social Club","robots":{"index":"index","follow":"follow","max-snippet":"max-snippet:-1","max-image-preview":"max-image-preview:large","max-video-preview":"max-video-preview:-1"},"canonical":"https:\/\/designsocialclub.com\/index.php\/about-designsocialclub-about\/","og_locale":"fr_FR","og_type":"article","og_title":"Design Social Club - About","og_description":"A propos du Design Social Club","og_url":"https:\/\/designsocialclub.com\/index.php\/about-designsocialclub-about\/","og_site_name":"Design Social Club","article_modified_time":"2021-12-08T13:17:49+00:00","og_image":[{"url":"http:\/\/designsocialclub.com\/wp-content\/uploads\/2018\/04\/turn-right-arrow-with-broken-line.png"}],"twitter_card":"summary_large_image","twitter_misc":{"Dur\u00e9e de lecture estim\u00e9e":"3 minutes"},"schema":{"@context":"https:\/\/schema.org","@graph":[{"@type":"WebPage","@id":"https:\/\/designsocialclub.com\/index.php\/about-designsocialclub-about\/","url":"https:\/\/designsocialclub.com\/index.php\/about-designsocialclub-about\/","name":"Design Social Club - About","isPartOf":{"@id":"https:\/\/designsocialclub.com\/#website"},"datePublished":"2019-05-19T11:14:11+00:00","dateModified":"2021-12-08T13:17:49+00:00","description":"A propos du Design Social Club","breadcrumb":{"@id":"https:\/\/designsocialclub.com\/index.php\/about-designsocialclub-about\/#breadcrumb"},"inLanguage":"fr-FR","potentialAction":[{"@type":"ReadAction","target":["https:\/\/designsocialclub.com\/index.php\/about-designsocialclub-about\/"]}]},{"@type":"BreadcrumbList","@id":"https:\/\/designsocialclub.com\/index.php\/about-designsocialclub-about\/#breadcrumb","itemListElement":[{"@type":"ListItem","position":1,"name":"Accueil","item":"https:\/\/designsocialclub.com\/"},{"@type":"ListItem","position":2,"name":"About &#8211; Design Social Club &#8211; About"}]},{"@type":"WebSite","@id":"https:\/\/designsocialclub.com\/#website","url":"https:\/\/designsocialclub.com\/","name":"Design Social Club","description":"Manufacture abstraite pour objets concrets","potentialAction":[{"@type":"SearchAction","target":{"@type":"EntryPoint","urlTemplate":"https:\/\/designsocialclub.com\/?s={search_term_string}"},"query-input":"required name=search_term_string"}],"inLanguage":"fr-FR"}]}},"jetpack_sharing_enabled":true,"jetpack_shortlink":"https:\/\/wp.me\/P8jKvp-1ji","_links":{"self":[{"href":"https:\/\/designsocialclub.com\/index.php\/wp-json\/wp\/v2\/pages\/5040"}],"collection":[{"href":"https:\/\/designsocialclub.com\/index.php\/wp-json\/wp\/v2\/pages"}],"about":[{"href":"https:\/\/designsocialclub.com\/index.php\/wp-json\/wp\/v2\/types\/page"}],"author":[{"embeddable":true,"href":"https:\/\/designsocialclub.com\/index.php\/wp-json\/wp\/v2\/users\/1"}],"replies":[{"embeddable":true,"href":"https:\/\/designsocialclub.com\/index.php\/wp-json\/wp\/v2\/comments?post=5040"}],"version-history":[{"count":9,"href":"https:\/\/designsocialclub.com\/index.php\/wp-json\/wp\/v2\/pages\/5040\/revisions"}],"predecessor-version":[{"id":40411,"href":"https:\/\/designsocialclub.com\/index.php\/wp-json\/wp\/v2\/pages\/5040\/revisions\/40411"}],"wp:attachment":[{"href":"https:\/\/designsocialclub.com\/index.php\/wp-json\/wp\/v2\/media?parent=5040"}],"curies":[{"name":"wp","href":"https:\/\/api.w.org\/{rel}","templated":true}]}}