{"id":5102,"date":"2019-06-05T17:25:08","date_gmt":"2019-06-05T16:25:08","guid":{"rendered":"https:\/\/designsocialclub.com\/?page_id=5102"},"modified":"2020-10-17T09:39:56","modified_gmt":"2020-10-17T08:39:56","slug":"deviantshow-designsocialclub-deviantshow","status":"publish","type":"page","link":"https:\/\/designsocialclub.com\/index.php\/deviantshow-designsocialclub-deviantshow\/","title":{"rendered":"Deviant Show &#8211; Design Social Club &#8211; Deviant Show"},"content":{"rendered":"<section  class=\"content-section full-width with-col cover no-padding no-margin    content-section-69ded123159e1\"><div class=\"row vc_row-fluid\"><div class=\"wpb_column col-md-3 align-center wow fadeInDown\" data-wow-delay=\"3s\" data-wow-duration=\"8s\"><div class=\"section-text text-block \" ><p><a href=\"http:\/\/designsocialclub.com\/index.php\/projects-designsocialclub-projects\/\"><img loading=\"lazy\" class=\"aligncenter wp-image-4391\" src=\"https:\/\/i0.wp.com\/designsocialclub.com\/wp-content\/uploads\/2018\/04\/turn-right-arrow-with-broken-line.png?resize=78%2C78\" alt=\"\" width=\"78\" height=\"78\" data-recalc-dims=\"1\" \/><\/a><\/p>\n<\/div><\/div><div class=\"wpb_column col-md-3 wow fadeInDown\" data-wow-delay=\"3s\" data-wow-duration=\"8s\"><\/div><div class=\"wpb_column col-md-3\"><\/div><div class=\"wpb_column col-md-3\"><\/div><\/div><\/section><section  class=\"content-section full-width with-col cover no-padding no-margin    content-section-69ded12315cee\"><div class=\"row vc_row-fluid\"><div class=\"wpb_column col-md-12\"><div  class=\"fullwidth-slider owl-carousel\"><div class=\"container relative\"><div  class=\"full-block align-center\" ><img src=\"https:\/\/i0.wp.com\/designsocialclub.com\/wp-content\/uploads\/2019\/06\/DEVIANT3.jpg?resize=640%2C509&#038;ssl=1\"  width=\"640\" height=\"509\" alt=\"\" title=\"\" data-recalc-dims=\"1\" \/><\/div><\/div><div class=\"container relative\"><div  class=\"full-block align-center\" ><img src=\"https:\/\/i0.wp.com\/designsocialclub.com\/wp-content\/uploads\/2019\/06\/DEVIANT4.jpg?resize=640%2C506&#038;ssl=1\"  width=\"640\" height=\"506\" alt=\"\" title=\"\" data-recalc-dims=\"1\" \/><\/div><\/div><div class=\"container relative\"><div  class=\"full-block align-center\" ><img src=\"https:\/\/i0.wp.com\/designsocialclub.com\/wp-content\/uploads\/2019\/06\/DEVIANT2.jpg?resize=640%2C508&#038;ssl=1\"  width=\"640\" height=\"508\" alt=\"\" title=\"\" data-recalc-dims=\"1\" \/><\/div><\/div><div class=\"container relative\"><div  class=\"full-block align-center\" ><img src=\"https:\/\/i0.wp.com\/designsocialclub.com\/wp-content\/uploads\/2019\/06\/DEVIANT1.jpg?resize=640%2C508&#038;ssl=1\"  width=\"640\" height=\"508\" alt=\"\" title=\"\" data-recalc-dims=\"1\" \/><\/div><\/div><\/div><div class=\"section-text text-block align-center\" style=\"color:#ffffff;\"><p><span style=\"font-size: 14px\">.<\/span><\/p>\n<\/div><\/div><\/div><\/section><section  class=\"content-section full-width with-col cover no-padding no-margin    content-section-69ded1231713a\"><div class=\"row vc_row-fluid\"><div class=\"wpb_column col-md-3 align-center\"><\/div><div class=\"wpb_column col-md-3\"><div class=\"section-text text-block \" ><div class=\"page\" title=\"Page 3\">\n<div class=\"layoutArea\">\n<div class=\"column\">\n<p><b>DEVIANT SHOW<\/b>, 2018 \/ S\u00e9rie Modern Circus<\/p>\n<\/div>\n<\/div>\n<\/div>\n<\/div><div class=\"section-text text-block \" ><div class=\"page\" title=\"Page 3\">\n<div class=\"layoutArea\">\n<div class=\"column\">\n<p><em>Travail collaboratif avec l&rsquo;artiste peintre Bruno Knop<\/em><\/p>\n<\/div>\n<\/div>\n<\/div>\n<\/div><\/div><div class=\"wpb_column col-md-3\"><div class=\"section-text text-block \" ><div class=\"page\" title=\"Page 3\">\n<div class=\"layoutArea\">\n<div class=\"column\">\n<div class=\"page\" title=\"Page 43\">\n<div class=\"layoutArea\">\n<div class=\"column\">\n<p><em>Boule \u00e0 neige<\/em><br \/>\nVerre, acrylique sur bois, glyc\u00e9rine<br \/>\nH : 20 X 40 cm<\/p>\n<p><span style=\"font-size: 14px\"><em><a href=\"https:\/\/designsocialclub.com\/index.php\/helloyou-designsocialclub-helloyou\/\" target=\"_blank\" rel=\"noopener noreferrer\">Prix sur demande<\/a><\/em><\/span><\/p>\n<\/div>\n<\/div>\n<\/div>\n<\/div>\n<\/div>\n<\/div>\n<\/div><\/div><div class=\"wpb_column col-md-3\"><\/div><\/div><\/section><section  class=\"content-section full-width with-col cover no-padding no-margin    content-section-69ded123179ba\"><div class=\"row vc_row-fluid\"><div class=\"wpb_column col-md-3 align-center\"><\/div><div class=\"wpb_column col-md-6\"><div class=\"section-text text-block \" ><div class=\"page\" title=\"Page 3\">\n<div class=\"layoutArea\">\n<div class=\"column\">\n<div class=\"page\" title=\"Page 33\">\n<div class=\"layoutArea\">\n<div class=\"column\">\n<div class=\"page\" title=\"Page 17\">\n<div class=\"layoutArea\">\n<div class=\"column\">\n<div class=\"page\" title=\"Page 3\">\n<div class=\"section\">\n<div class=\"layoutArea\">\n<div class=\"column\">\n<p style=\"text-align: justify\">Son entr\u00e9e dans l\u2019ar\u00e8ne est toujours spectaculaire, les couleurs vives et les applaudissements des spectateurs ne font que renforcer sa d\u00e9termination \u00e0 d\u00e9passer les limites. L\u2019homme canon sous la forme d\u2019une boule \u00e0 neige, objet joueur et sculptural, s\u2019amuse de notre curiosit\u00e9 pour porter la r\u00e9flexion sur notre capacit\u00e9 d\u2019\u00e9tonnement. Ce travail fait partie int\u00e9grant de la s\u00e9rie <em>Modern Circus<\/em>, un ensemble d\u2019objets ludiques qui offrent une satire de la soci\u00e9t\u00e9 actuelle en reprenant les attribues propres au monde du cirque.<\/p>\n<\/div>\n<\/div>\n<\/div>\n<\/div>\n<\/div>\n<\/div>\n<\/div>\n<\/div>\n<\/div>\n<\/div>\n<\/div>\n<\/div>\n<\/div>\n<\/div><\/div><div class=\"wpb_column col-md-3\"><\/div><\/div><\/section><section  class=\"content-section full-width is-fluid cover no-padding no-margin    content-section-69ded12317e83\"><div class=\"row vc_row-fluid\"><div class=\"wpb_column col-md-12 align-center\"><div class=\"section-text text-block align-center\" style=\"color:#ffffff;\"><p>.<\/p>\n<\/div><\/div><\/div><\/section><section  class=\"content-section full-width is-fluid cover no-padding no-margin    content-section-69ded12317f5c\"><div class=\"row vc_row-fluid\"><div class=\"wpb_column col-md-12 align-center\"><div class=\"section-text text-block align-center\" style=\"color:#ffffff;\"><p>www.designsocialclub.com<\/p>\n<\/div><\/div><\/div><\/section>\n","protected":false},"excerpt":{"rendered":". DEVIANT SHOW, 2018 \/ S\u00e9rie Modern Circus Travail collaboratif avec l'artiste peintre Bruno Knop Boule \u00e0 neige Verre, acrylique sur bois, glyc\u00e9rine H : 20 X 40 cm Prix sur demande Son entr\u00e9e dans l\u2019ar\u00e8ne est toujours spectaculaire, les couleurs vives et les applaudissements des spectateurs ne font que renforcer sa d\u00e9termination \u00e0 d\u00e9passer","protected":false},"author":1,"featured_media":0,"parent":0,"menu_order":0,"comment_status":"closed","ping_status":"closed","template":"","meta":{"jetpack_post_was_ever_published":false},"yoast_head":"<!-- This site is optimized with the Yoast SEO plugin v20.8 - https:\/\/yoast.com\/wordpress\/plugins\/seo\/ -->\n<title>Design Social Club - Deviant Show, 2018 \/ S\u00e9rie Modern Circus<\/title>\n<meta name=\"description\" content=\"L\u2019homme canon objet joueur et sculptural, s\u2019amuse de notre curiosit\u00e9 pour porter la r\u00e9flexion sur notre capacit\u00e9 d\u2019\u00e9tonnement...\" \/>\n<meta name=\"robots\" content=\"index, follow, max-snippet:-1, max-image-preview:large, max-video-preview:-1\" \/>\n<link rel=\"canonical\" href=\"https:\/\/designsocialclub.com\/index.php\/deviantshow-designsocialclub-deviantshow\/\" \/>\n<meta property=\"og:locale\" content=\"fr_FR\" \/>\n<meta property=\"og:type\" content=\"article\" \/>\n<meta property=\"og:title\" content=\"Design Social Club - Deviant Show, 2018 \/ S\u00e9rie Modern Circus\" \/>\n<meta property=\"og:description\" content=\"L\u2019homme canon objet joueur et sculptural, s\u2019amuse de notre curiosit\u00e9 pour porter la r\u00e9flexion sur notre capacit\u00e9 d\u2019\u00e9tonnement...\" \/>\n<meta property=\"og:url\" content=\"https:\/\/designsocialclub.com\/index.php\/deviantshow-designsocialclub-deviantshow\/\" \/>\n<meta property=\"og:site_name\" content=\"Design Social Club\" \/>\n<meta property=\"article:modified_time\" content=\"2020-10-17T08:39:56+00:00\" \/>\n<meta property=\"og:image\" content=\"http:\/\/designsocialclub.com\/wp-content\/uploads\/2018\/04\/turn-right-arrow-with-broken-line.png\" \/>\n<meta name=\"twitter:card\" content=\"summary_large_image\" \/>\n<meta name=\"twitter:label1\" content=\"Dur\u00e9e de lecture estim\u00e9e\" \/>\n\t<meta name=\"twitter:data1\" content=\"2 minutes\" \/>\n<script type=\"application\/ld+json\" class=\"yoast-schema-graph\">{\"@context\":\"https:\/\/schema.org\",\"@graph\":[{\"@type\":\"WebPage\",\"@id\":\"https:\/\/designsocialclub.com\/index.php\/deviantshow-designsocialclub-deviantshow\/\",\"url\":\"https:\/\/designsocialclub.com\/index.php\/deviantshow-designsocialclub-deviantshow\/\",\"name\":\"Design Social Club - Deviant Show, 2018 \/ S\u00e9rie Modern Circus\",\"isPartOf\":{\"@id\":\"https:\/\/designsocialclub.com\/#website\"},\"datePublished\":\"2019-06-05T16:25:08+00:00\",\"dateModified\":\"2020-10-17T08:39:56+00:00\",\"description\":\"L\u2019homme canon objet joueur et sculptural, s\u2019amuse de notre curiosit\u00e9 pour porter la r\u00e9flexion sur notre capacit\u00e9 d\u2019\u00e9tonnement...\",\"breadcrumb\":{\"@id\":\"https:\/\/designsocialclub.com\/index.php\/deviantshow-designsocialclub-deviantshow\/#breadcrumb\"},\"inLanguage\":\"fr-FR\",\"potentialAction\":[{\"@type\":\"ReadAction\",\"target\":[\"https:\/\/designsocialclub.com\/index.php\/deviantshow-designsocialclub-deviantshow\/\"]}]},{\"@type\":\"BreadcrumbList\",\"@id\":\"https:\/\/designsocialclub.com\/index.php\/deviantshow-designsocialclub-deviantshow\/#breadcrumb\",\"itemListElement\":[{\"@type\":\"ListItem\",\"position\":1,\"name\":\"Accueil\",\"item\":\"https:\/\/designsocialclub.com\/\"},{\"@type\":\"ListItem\",\"position\":2,\"name\":\"Deviant Show &#8211; Design Social Club &#8211; Deviant Show\"}]},{\"@type\":\"WebSite\",\"@id\":\"https:\/\/designsocialclub.com\/#website\",\"url\":\"https:\/\/designsocialclub.com\/\",\"name\":\"Design Social Club\",\"description\":\"Manufacture abstraite pour objets concrets\",\"potentialAction\":[{\"@type\":\"SearchAction\",\"target\":{\"@type\":\"EntryPoint\",\"urlTemplate\":\"https:\/\/designsocialclub.com\/?s={search_term_string}\"},\"query-input\":\"required name=search_term_string\"}],\"inLanguage\":\"fr-FR\"}]}<\/script>\n<!-- \/ Yoast SEO plugin. -->","yoast_head_json":{"title":"Design Social Club - Deviant Show, 2018 \/ S\u00e9rie Modern Circus","description":"L\u2019homme canon objet joueur et sculptural, s\u2019amuse de notre curiosit\u00e9 pour porter la r\u00e9flexion sur notre capacit\u00e9 d\u2019\u00e9tonnement...","robots":{"index":"index","follow":"follow","max-snippet":"max-snippet:-1","max-image-preview":"max-image-preview:large","max-video-preview":"max-video-preview:-1"},"canonical":"https:\/\/designsocialclub.com\/index.php\/deviantshow-designsocialclub-deviantshow\/","og_locale":"fr_FR","og_type":"article","og_title":"Design Social Club - Deviant Show, 2018 \/ S\u00e9rie Modern Circus","og_description":"L\u2019homme canon objet joueur et sculptural, s\u2019amuse de notre curiosit\u00e9 pour porter la r\u00e9flexion sur notre capacit\u00e9 d\u2019\u00e9tonnement...","og_url":"https:\/\/designsocialclub.com\/index.php\/deviantshow-designsocialclub-deviantshow\/","og_site_name":"Design Social Club","article_modified_time":"2020-10-17T08:39:56+00:00","og_image":[{"url":"http:\/\/designsocialclub.com\/wp-content\/uploads\/2018\/04\/turn-right-arrow-with-broken-line.png"}],"twitter_card":"summary_large_image","twitter_misc":{"Dur\u00e9e de lecture estim\u00e9e":"2 minutes"},"schema":{"@context":"https:\/\/schema.org","@graph":[{"@type":"WebPage","@id":"https:\/\/designsocialclub.com\/index.php\/deviantshow-designsocialclub-deviantshow\/","url":"https:\/\/designsocialclub.com\/index.php\/deviantshow-designsocialclub-deviantshow\/","name":"Design Social Club - Deviant Show, 2018 \/ S\u00e9rie Modern Circus","isPartOf":{"@id":"https:\/\/designsocialclub.com\/#website"},"datePublished":"2019-06-05T16:25:08+00:00","dateModified":"2020-10-17T08:39:56+00:00","description":"L\u2019homme canon objet joueur et sculptural, s\u2019amuse de notre curiosit\u00e9 pour porter la r\u00e9flexion sur notre capacit\u00e9 d\u2019\u00e9tonnement...","breadcrumb":{"@id":"https:\/\/designsocialclub.com\/index.php\/deviantshow-designsocialclub-deviantshow\/#breadcrumb"},"inLanguage":"fr-FR","potentialAction":[{"@type":"ReadAction","target":["https:\/\/designsocialclub.com\/index.php\/deviantshow-designsocialclub-deviantshow\/"]}]},{"@type":"BreadcrumbList","@id":"https:\/\/designsocialclub.com\/index.php\/deviantshow-designsocialclub-deviantshow\/#breadcrumb","itemListElement":[{"@type":"ListItem","position":1,"name":"Accueil","item":"https:\/\/designsocialclub.com\/"},{"@type":"ListItem","position":2,"name":"Deviant Show &#8211; Design Social Club &#8211; Deviant Show"}]},{"@type":"WebSite","@id":"https:\/\/designsocialclub.com\/#website","url":"https:\/\/designsocialclub.com\/","name":"Design Social Club","description":"Manufacture abstraite pour objets concrets","potentialAction":[{"@type":"SearchAction","target":{"@type":"EntryPoint","urlTemplate":"https:\/\/designsocialclub.com\/?s={search_term_string}"},"query-input":"required name=search_term_string"}],"inLanguage":"fr-FR"}]}},"jetpack_sharing_enabled":true,"jetpack_shortlink":"https:\/\/wp.me\/P8jKvp-1ki","_links":{"self":[{"href":"https:\/\/designsocialclub.com\/index.php\/wp-json\/wp\/v2\/pages\/5102"}],"collection":[{"href":"https:\/\/designsocialclub.com\/index.php\/wp-json\/wp\/v2\/pages"}],"about":[{"href":"https:\/\/designsocialclub.com\/index.php\/wp-json\/wp\/v2\/types\/page"}],"author":[{"embeddable":true,"href":"https:\/\/designsocialclub.com\/index.php\/wp-json\/wp\/v2\/users\/1"}],"replies":[{"embeddable":true,"href":"https:\/\/designsocialclub.com\/index.php\/wp-json\/wp\/v2\/comments?post=5102"}],"version-history":[{"count":12,"href":"https:\/\/designsocialclub.com\/index.php\/wp-json\/wp\/v2\/pages\/5102\/revisions"}],"predecessor-version":[{"id":23960,"href":"https:\/\/designsocialclub.com\/index.php\/wp-json\/wp\/v2\/pages\/5102\/revisions\/23960"}],"wp:attachment":[{"href":"https:\/\/designsocialclub.com\/index.php\/wp-json\/wp\/v2\/media?parent=5102"}],"curies":[{"name":"wp","href":"https:\/\/api.w.org\/{rel}","templated":true}]}}