{"id":5125,"date":"2019-06-05T17:45:05","date_gmt":"2019-06-05T16:45:05","guid":{"rendered":"https:\/\/designsocialclub.com\/?page_id=5125"},"modified":"2020-10-17T09:37:56","modified_gmt":"2020-10-17T08:37:56","slug":"realityshow-designsocialclub-realityshow","status":"publish","type":"page","link":"https:\/\/designsocialclub.com\/index.php\/realityshow-designsocialclub-realityshow\/","title":{"rendered":"Reality Show &#8211; Design Social Club &#8211; Reality Show"},"content":{"rendered":"<section  class=\"content-section full-width with-col cover no-padding no-margin    content-section-6a008c36c3372\"><div class=\"row vc_row-fluid\"><div class=\"wpb_column col-md-3 align-center wow fadeInDown\" data-wow-delay=\"3s\" data-wow-duration=\"8s\"><div class=\"section-text text-block \" ><p><a href=\"http:\/\/designsocialclub.com\/index.php\/projects-designsocialclub-projects\/\"><img loading=\"lazy\" class=\"aligncenter wp-image-4391\" src=\"https:\/\/i0.wp.com\/designsocialclub.com\/wp-content\/uploads\/2018\/04\/turn-right-arrow-with-broken-line.png?resize=78%2C78\" alt=\"\" width=\"78\" height=\"78\" data-recalc-dims=\"1\" \/><\/a><\/p>\n<\/div><\/div><div class=\"wpb_column col-md-3 wow fadeInDown\" data-wow-delay=\"3s\" data-wow-duration=\"8s\"><\/div><div class=\"wpb_column col-md-3\"><\/div><div class=\"wpb_column col-md-3\"><\/div><\/div><\/section><section  class=\"content-section full-width with-col cover no-padding no-margin    content-section-6a008c36c385f\"><div class=\"row vc_row-fluid\"><div class=\"wpb_column col-md-12\"><div  class=\"fullwidth-slider owl-carousel\"><div class=\"container relative\"><div  class=\"full-block align-center\" ><img src=\"https:\/\/i0.wp.com\/designsocialclub.com\/wp-content\/uploads\/2019\/06\/REALITY4.jpg?resize=640%2C508&#038;ssl=1\"  width=\"640\" height=\"508\" alt=\"\" title=\"\" data-recalc-dims=\"1\" \/><\/div><\/div><div class=\"container relative\"><div  class=\"full-block align-center\" ><img src=\"https:\/\/i0.wp.com\/designsocialclub.com\/wp-content\/uploads\/2019\/06\/REALITY3.jpg?resize=640%2C508&#038;ssl=1\"  width=\"640\" height=\"508\" alt=\"\" title=\"\" data-recalc-dims=\"1\" \/><\/div><\/div><div class=\"container relative\"><div  class=\"full-block align-center\" ><img src=\"https:\/\/i0.wp.com\/designsocialclub.com\/wp-content\/uploads\/2019\/06\/REALITY2.jpg?resize=640%2C508&#038;ssl=1\"  width=\"640\" height=\"508\" alt=\"\" title=\"\" data-recalc-dims=\"1\" \/><\/div><\/div><div class=\"container relative\"><div  class=\"full-block align-center\" ><img src=\"https:\/\/i0.wp.com\/designsocialclub.com\/wp-content\/uploads\/2019\/06\/REALITY1Z.jpg?resize=640%2C508&#038;ssl=1\"  width=\"640\" height=\"508\" alt=\"\" title=\"\" data-recalc-dims=\"1\" \/><\/div><\/div><\/div><div class=\"section-text text-block align-center\" style=\"color:#ffffff;\"><p><span style=\"font-size: 14px\">.<\/span><\/p>\n<\/div><\/div><\/div><\/section><section  class=\"content-section full-width with-col cover no-padding no-margin    content-section-6a008c36c4afd\"><div class=\"row vc_row-fluid\"><div class=\"wpb_column col-md-3 align-center\"><\/div><div class=\"wpb_column col-md-3\"><div class=\"section-text text-block \" ><div class=\"page\" title=\"Page 3\">\n<div class=\"layoutArea\">\n<div class=\"column\">\n<p><b>REALITY SHOW<\/b>, 2018 \/ S\u00e9rie Modern Circus<\/p>\n<\/div>\n<\/div>\n<\/div>\n<\/div><div class=\"section-text text-block \" ><div class=\"page\" title=\"Page 3\">\n<div class=\"layoutArea\">\n<div class=\"column\">\n<p><em>Travail collaboratif avec l&rsquo;artiste peintre Bruno Knop<\/em><\/p>\n<\/div>\n<\/div>\n<\/div>\n<\/div><\/div><div class=\"wpb_column col-md-3\"><div class=\"section-text text-block \" ><div class=\"page\" title=\"Page 3\">\n<div class=\"layoutArea\">\n<div class=\"column\">\n<div class=\"page\" title=\"Page 43\">\n<div class=\"layoutArea\">\n<div class=\"column\">\n<p><em>Tabouret pour \u00e9l\u00e9phant<\/em><br \/>\nMetal laqu\u00e9, acrylique sur bois<br \/>\nH : 52 X 40 cm<\/p>\n<p><span style=\"font-size: 14px\"><em><a href=\"https:\/\/designsocialclub.com\/index.php\/helloyou-designsocialclub-helloyou\/\" target=\"_blank\" rel=\"noopener noreferrer\">Prix sur demande<\/a><\/em><\/span><\/p>\n<\/div>\n<\/div>\n<\/div>\n<\/div>\n<\/div>\n<\/div>\n<\/div><\/div><div class=\"wpb_column col-md-3\"><\/div><\/div><\/section><section  class=\"content-section full-width with-col cover no-padding no-margin    content-section-6a008c36c5749\"><div class=\"row vc_row-fluid\"><div class=\"wpb_column col-md-3 align-center\"><\/div><div class=\"wpb_column col-md-6\"><div class=\"section-text text-block \" ><div class=\"page\" title=\"Page 3\">\n<div class=\"layoutArea\">\n<div class=\"column\">\n<div class=\"page\" title=\"Page 33\">\n<div class=\"layoutArea\">\n<div class=\"column\">\n<div class=\"page\" title=\"Page 17\">\n<div class=\"layoutArea\">\n<div class=\"column\">\n<div class=\"page\" title=\"Page 3\">\n<div class=\"section\">\n<div class=\"layoutArea\">\n<div class=\"column\">\n<div class=\"page\" title=\"Page 2\">\n<div class=\"section\">\n<div class=\"layoutArea\">\n<div class=\"column\">\n<p>Immobile au centre de la piste aux \u00e9toiles, sa pr\u00e9sence surprend d\u00e9j\u00e0 les spectateurs. Orchestr\u00e9 par son maitre cet \u00e9trange animal commence sa d\u00e9ambulation. Apr\u00e8s son passage, seul son tabouret nous rappel sa pr\u00e9sence. Par sa solitude, il questionne la place de la b\u00eate de foire dans nos vies contemporaines. Ce travail fait partie int\u00e9grant de la s\u00e9rie <em>Modern Circus<\/em>, un ensemble d\u2019objets ludiques qui offrent une satire de la soci\u00e9t\u00e9 actuelle en reprenant les attribues propres au monde du cirque.<\/p>\n<\/div>\n<\/div>\n<\/div>\n<\/div>\n<\/div>\n<\/div>\n<\/div>\n<\/div>\n<\/div>\n<\/div>\n<\/div>\n<\/div>\n<\/div>\n<\/div>\n<\/div>\n<\/div>\n<\/div>\n<\/div><\/div><div class=\"wpb_column col-md-3\"><\/div><\/div><\/section><section  class=\"content-section full-width is-fluid cover no-padding no-margin    content-section-6a008c36c5fcf\"><div class=\"row vc_row-fluid\"><div class=\"wpb_column col-md-12 align-center\"><div class=\"section-text text-block align-center\" style=\"color:#ffffff;\"><p>.<\/p>\n<\/div><\/div><\/div><\/section><section  class=\"content-section full-width is-fluid cover no-padding no-margin    content-section-6a008c36c612b\"><div class=\"row vc_row-fluid\"><div class=\"wpb_column col-md-12 align-center\"><div class=\"section-text text-block align-center\" style=\"color:#ffffff;\"><p>www.designsocialclub.com<\/p>\n<\/div><\/div><\/div><\/section>\n","protected":false},"excerpt":{"rendered":". REALITY SHOW, 2018 \/ S\u00e9rie Modern Circus Travail collaboratif avec l'artiste peintre Bruno Knop Tabouret pour \u00e9l\u00e9phant Metal laqu\u00e9, acrylique sur bois H : 52 X 40 cm Prix sur demande Immobile au centre de la piste aux \u00e9toiles, sa pr\u00e9sence surprend d\u00e9j\u00e0 les spectateurs. Orchestr\u00e9 par son maitre cet \u00e9trange animal commence sa","protected":false},"author":1,"featured_media":0,"parent":0,"menu_order":0,"comment_status":"closed","ping_status":"closed","template":"","meta":{"jetpack_post_was_ever_published":false},"yoast_head":"<!-- This site is optimized with the Yoast SEO plugin v20.8 - https:\/\/yoast.com\/wordpress\/plugins\/seo\/ -->\n<title>Design Social Club - Reality Show, 2018 \/ S\u00e9rie Modern Circus<\/title>\n<meta name=\"description\" content=\"Immobile au centre de la piste aux \u00e9toiles, sa pr\u00e9sence surprend d\u00e9j\u00e0 les spectateurs, cet \u00e9trange animal commence sa d\u00e9ambulation...\" \/>\n<meta name=\"robots\" content=\"index, follow, max-snippet:-1, max-image-preview:large, max-video-preview:-1\" \/>\n<link rel=\"canonical\" href=\"https:\/\/designsocialclub.com\/index.php\/realityshow-designsocialclub-realityshow\/\" \/>\n<meta property=\"og:locale\" content=\"fr_FR\" \/>\n<meta property=\"og:type\" content=\"article\" \/>\n<meta property=\"og:title\" content=\"Design Social Club - Reality Show, 2018 \/ S\u00e9rie Modern Circus\" \/>\n<meta property=\"og:description\" content=\"Immobile au centre de la piste aux \u00e9toiles, sa pr\u00e9sence surprend d\u00e9j\u00e0 les spectateurs, cet \u00e9trange animal commence sa d\u00e9ambulation...\" \/>\n<meta property=\"og:url\" content=\"https:\/\/designsocialclub.com\/index.php\/realityshow-designsocialclub-realityshow\/\" \/>\n<meta property=\"og:site_name\" content=\"Design Social Club\" \/>\n<meta property=\"article:modified_time\" content=\"2020-10-17T08:37:56+00:00\" \/>\n<meta property=\"og:image\" content=\"http:\/\/designsocialclub.com\/wp-content\/uploads\/2018\/04\/turn-right-arrow-with-broken-line.png\" \/>\n<meta name=\"twitter:card\" content=\"summary_large_image\" \/>\n<meta name=\"twitter:label1\" content=\"Dur\u00e9e de lecture estim\u00e9e\" \/>\n\t<meta name=\"twitter:data1\" content=\"2 minutes\" \/>\n<script type=\"application\/ld+json\" class=\"yoast-schema-graph\">{\"@context\":\"https:\/\/schema.org\",\"@graph\":[{\"@type\":\"WebPage\",\"@id\":\"https:\/\/designsocialclub.com\/index.php\/realityshow-designsocialclub-realityshow\/\",\"url\":\"https:\/\/designsocialclub.com\/index.php\/realityshow-designsocialclub-realityshow\/\",\"name\":\"Design Social Club - Reality Show, 2018 \/ S\u00e9rie Modern Circus\",\"isPartOf\":{\"@id\":\"https:\/\/designsocialclub.com\/#website\"},\"datePublished\":\"2019-06-05T16:45:05+00:00\",\"dateModified\":\"2020-10-17T08:37:56+00:00\",\"description\":\"Immobile au centre de la piste aux \u00e9toiles, sa pr\u00e9sence surprend d\u00e9j\u00e0 les spectateurs, cet \u00e9trange animal commence sa d\u00e9ambulation...\",\"breadcrumb\":{\"@id\":\"https:\/\/designsocialclub.com\/index.php\/realityshow-designsocialclub-realityshow\/#breadcrumb\"},\"inLanguage\":\"fr-FR\",\"potentialAction\":[{\"@type\":\"ReadAction\",\"target\":[\"https:\/\/designsocialclub.com\/index.php\/realityshow-designsocialclub-realityshow\/\"]}]},{\"@type\":\"BreadcrumbList\",\"@id\":\"https:\/\/designsocialclub.com\/index.php\/realityshow-designsocialclub-realityshow\/#breadcrumb\",\"itemListElement\":[{\"@type\":\"ListItem\",\"position\":1,\"name\":\"Accueil\",\"item\":\"https:\/\/designsocialclub.com\/\"},{\"@type\":\"ListItem\",\"position\":2,\"name\":\"Reality Show &#8211; Design Social Club &#8211; Reality Show\"}]},{\"@type\":\"WebSite\",\"@id\":\"https:\/\/designsocialclub.com\/#website\",\"url\":\"https:\/\/designsocialclub.com\/\",\"name\":\"Design Social Club\",\"description\":\"Manufacture abstraite pour objets concrets\",\"potentialAction\":[{\"@type\":\"SearchAction\",\"target\":{\"@type\":\"EntryPoint\",\"urlTemplate\":\"https:\/\/designsocialclub.com\/?s={search_term_string}\"},\"query-input\":\"required name=search_term_string\"}],\"inLanguage\":\"fr-FR\"}]}<\/script>\n<!-- \/ Yoast SEO plugin. -->","yoast_head_json":{"title":"Design Social Club - Reality Show, 2018 \/ S\u00e9rie Modern Circus","description":"Immobile au centre de la piste aux \u00e9toiles, sa pr\u00e9sence surprend d\u00e9j\u00e0 les spectateurs, cet \u00e9trange animal commence sa d\u00e9ambulation...","robots":{"index":"index","follow":"follow","max-snippet":"max-snippet:-1","max-image-preview":"max-image-preview:large","max-video-preview":"max-video-preview:-1"},"canonical":"https:\/\/designsocialclub.com\/index.php\/realityshow-designsocialclub-realityshow\/","og_locale":"fr_FR","og_type":"article","og_title":"Design Social Club - Reality Show, 2018 \/ S\u00e9rie Modern Circus","og_description":"Immobile au centre de la piste aux \u00e9toiles, sa pr\u00e9sence surprend d\u00e9j\u00e0 les spectateurs, cet \u00e9trange animal commence sa d\u00e9ambulation...","og_url":"https:\/\/designsocialclub.com\/index.php\/realityshow-designsocialclub-realityshow\/","og_site_name":"Design Social Club","article_modified_time":"2020-10-17T08:37:56+00:00","og_image":[{"url":"http:\/\/designsocialclub.com\/wp-content\/uploads\/2018\/04\/turn-right-arrow-with-broken-line.png"}],"twitter_card":"summary_large_image","twitter_misc":{"Dur\u00e9e de lecture estim\u00e9e":"2 minutes"},"schema":{"@context":"https:\/\/schema.org","@graph":[{"@type":"WebPage","@id":"https:\/\/designsocialclub.com\/index.php\/realityshow-designsocialclub-realityshow\/","url":"https:\/\/designsocialclub.com\/index.php\/realityshow-designsocialclub-realityshow\/","name":"Design Social Club - Reality Show, 2018 \/ S\u00e9rie Modern Circus","isPartOf":{"@id":"https:\/\/designsocialclub.com\/#website"},"datePublished":"2019-06-05T16:45:05+00:00","dateModified":"2020-10-17T08:37:56+00:00","description":"Immobile au centre de la piste aux \u00e9toiles, sa pr\u00e9sence surprend d\u00e9j\u00e0 les spectateurs, cet \u00e9trange animal commence sa d\u00e9ambulation...","breadcrumb":{"@id":"https:\/\/designsocialclub.com\/index.php\/realityshow-designsocialclub-realityshow\/#breadcrumb"},"inLanguage":"fr-FR","potentialAction":[{"@type":"ReadAction","target":["https:\/\/designsocialclub.com\/index.php\/realityshow-designsocialclub-realityshow\/"]}]},{"@type":"BreadcrumbList","@id":"https:\/\/designsocialclub.com\/index.php\/realityshow-designsocialclub-realityshow\/#breadcrumb","itemListElement":[{"@type":"ListItem","position":1,"name":"Accueil","item":"https:\/\/designsocialclub.com\/"},{"@type":"ListItem","position":2,"name":"Reality Show &#8211; Design Social Club &#8211; Reality Show"}]},{"@type":"WebSite","@id":"https:\/\/designsocialclub.com\/#website","url":"https:\/\/designsocialclub.com\/","name":"Design Social Club","description":"Manufacture abstraite pour objets concrets","potentialAction":[{"@type":"SearchAction","target":{"@type":"EntryPoint","urlTemplate":"https:\/\/designsocialclub.com\/?s={search_term_string}"},"query-input":"required name=search_term_string"}],"inLanguage":"fr-FR"}]}},"jetpack_sharing_enabled":true,"jetpack_shortlink":"https:\/\/wp.me\/P8jKvp-1kF","_links":{"self":[{"href":"https:\/\/designsocialclub.com\/index.php\/wp-json\/wp\/v2\/pages\/5125"}],"collection":[{"href":"https:\/\/designsocialclub.com\/index.php\/wp-json\/wp\/v2\/pages"}],"about":[{"href":"https:\/\/designsocialclub.com\/index.php\/wp-json\/wp\/v2\/types\/page"}],"author":[{"embeddable":true,"href":"https:\/\/designsocialclub.com\/index.php\/wp-json\/wp\/v2\/users\/1"}],"replies":[{"embeddable":true,"href":"https:\/\/designsocialclub.com\/index.php\/wp-json\/wp\/v2\/comments?post=5125"}],"version-history":[{"count":5,"href":"https:\/\/designsocialclub.com\/index.php\/wp-json\/wp\/v2\/pages\/5125\/revisions"}],"predecessor-version":[{"id":23956,"href":"https:\/\/designsocialclub.com\/index.php\/wp-json\/wp\/v2\/pages\/5125\/revisions\/23956"}],"wp:attachment":[{"href":"https:\/\/designsocialclub.com\/index.php\/wp-json\/wp\/v2\/media?parent=5125"}],"curies":[{"name":"wp","href":"https:\/\/api.w.org\/{rel}","templated":true}]}}