{"id":6593,"date":"2019-07-30T18:36:24","date_gmt":"2019-07-30T17:36:24","guid":{"rendered":"https:\/\/designsocialclub.com\/?page_id=6593"},"modified":"2020-10-17T09:39:04","modified_gmt":"2020-10-17T08:39:04","slug":"deviantshow-designsocialclub-deviantshow-2","status":"publish","type":"page","link":"https:\/\/designsocialclub.com\/index.php\/deviantshow-designsocialclub-deviantshow-2\/","title":{"rendered":"Deviant Show &#8211; Design Social Club &#8211; Deviant Show &#8211; ENTXT"},"content":{"rendered":"<section  class=\"content-section full-width with-col cover no-padding no-margin    content-section-6a0866b5ba941\"><div class=\"row vc_row-fluid\"><div class=\"wpb_column col-md-3 align-center wow fadeInDown\" data-wow-delay=\"3s\" data-wow-duration=\"8s\"><div class=\"section-text text-block \" ><p><a href=\"https:\/\/designsocialclub.com\/index.php\/projects-designsocialclub-projects-2\/\"><img loading=\"lazy\" class=\"aligncenter wp-image-4391\" src=\"https:\/\/i0.wp.com\/designsocialclub.com\/wp-content\/uploads\/2018\/04\/turn-right-arrow-with-broken-line.png?resize=78%2C78\" alt=\"\" width=\"78\" height=\"78\" data-recalc-dims=\"1\" \/><\/a><\/p>\n<\/div><\/div><div class=\"wpb_column col-md-3 wow fadeInDown\" data-wow-delay=\"3s\" data-wow-duration=\"8s\"><\/div><div class=\"wpb_column col-md-3\"><\/div><div class=\"wpb_column col-md-3\"><\/div><\/div><\/section><section  class=\"content-section full-width with-col cover no-padding no-margin    content-section-6a0866b5babf7\"><div class=\"row vc_row-fluid\"><div class=\"wpb_column col-md-12\"><div  class=\"fullwidth-slider owl-carousel\"><div class=\"container relative\"><div  class=\"full-block align-center\" ><img src=\"https:\/\/i0.wp.com\/designsocialclub.com\/wp-content\/uploads\/2019\/06\/DEVIANT3.jpg?resize=640%2C509&#038;ssl=1\"  width=\"640\" height=\"509\" alt=\"\" title=\"\" data-recalc-dims=\"1\" \/><\/div><\/div><div class=\"container relative\"><div  class=\"full-block align-center\" ><img src=\"https:\/\/i0.wp.com\/designsocialclub.com\/wp-content\/uploads\/2019\/06\/DEVIANT4.jpg?resize=640%2C506&#038;ssl=1\"  width=\"640\" height=\"506\" alt=\"\" title=\"\" data-recalc-dims=\"1\" \/><\/div><\/div><div class=\"container relative\"><div  class=\"full-block align-center\" ><img src=\"https:\/\/i0.wp.com\/designsocialclub.com\/wp-content\/uploads\/2019\/06\/DEVIANT2.jpg?resize=640%2C508&#038;ssl=1\"  width=\"640\" height=\"508\" alt=\"\" title=\"\" data-recalc-dims=\"1\" \/><\/div><\/div><div class=\"container relative\"><div  class=\"full-block align-center\" ><img src=\"https:\/\/i0.wp.com\/designsocialclub.com\/wp-content\/uploads\/2019\/06\/DEVIANT1.jpg?resize=640%2C508&#038;ssl=1\"  width=\"640\" height=\"508\" alt=\"\" title=\"\" data-recalc-dims=\"1\" \/><\/div><\/div><\/div><div class=\"section-text text-block align-center\" style=\"color:#ffffff;\"><p><span style=\"font-size: 14px\">.<\/span><\/p>\n<\/div><\/div><\/div><\/section><section  class=\"content-section full-width with-col cover no-padding no-margin    content-section-6a0866b5bb9ed\"><div class=\"row vc_row-fluid\"><div class=\"wpb_column col-md-3 align-center\"><\/div><div class=\"wpb_column col-md-3\"><div class=\"section-text text-block \" ><div class=\"page\" title=\"Page 3\">\n<div class=\"layoutArea\">\n<div class=\"column\">\n<p><b>DEVIANT SHOW<\/b>, 2018 \/ Modern Circus series<\/p>\n<\/div>\n<\/div>\n<\/div>\n<\/div><div class=\"section-text text-block \" ><div class=\"page\" title=\"Page 3\">\n<div class=\"layoutArea\">\n<div class=\"column\">\n<p><em>Collaborative work with painter Bruno Knop<\/em><\/p>\n<\/div>\n<\/div>\n<\/div>\n<\/div><\/div><div class=\"wpb_column col-md-3\"><div class=\"section-text text-block \" ><div class=\"page\" title=\"Page 3\">\n<div class=\"layoutArea\">\n<div class=\"column\">\n<div class=\"page\" title=\"Page 43\">\n<div class=\"layoutArea\">\n<div class=\"column\">\n<p><em>Snow globe<\/em><br \/>\nGlass, painted wood, glycerin<br \/>\nH : 20 X 40 cm<\/p>\n<p><span style=\"font-size: 14px\"><em><a href=\"https:\/\/designsocialclub.com\/index.php\/helloyou-designsocialclub-helloyou-2\/\" target=\"_blank\" rel=\"noopener noreferrer\">Priced on request<\/a><\/em><\/span><\/p>\n<\/div>\n<\/div>\n<\/div>\n<\/div>\n<\/div>\n<\/div>\n<\/div><\/div><div class=\"wpb_column col-md-3\"><\/div><\/div><\/section><section  class=\"content-section full-width with-col cover no-padding no-margin    content-section-6a0866b5bc1c3\"><div class=\"row vc_row-fluid\"><div class=\"wpb_column col-md-3 align-center\"><\/div><div class=\"wpb_column col-md-6\"><div class=\"section-text text-block \" ><div class=\"page\" title=\"Page 3\">\n<div class=\"layoutArea\">\n<div class=\"column\">\n<div class=\"page\" title=\"Page 33\">\n<div class=\"layoutArea\">\n<div class=\"column\">\n<div class=\"page\" title=\"Page 17\">\n<div class=\"layoutArea\">\n<div class=\"column\">\n<div class=\"page\" title=\"Page 3\">\n<div class=\"section\">\n<div class=\"layoutArea\">\n<div class=\"column\">\n<p style=\"text-align: justify\"><span id=\"s2_1\">His entry into the arena is always spectacular, the bright colours and applause of the spectators only reinforce his determination to go beyond the limits.<\/span><span id=\"s2_2\">The canon man in the form of a snowball, a player and sculptural object, amuses himself with our curiosity to reflect on our capacity for astonishment.<\/span> <span id=\"s2_3\">This work is part of the integrated series <em>Modern Circus<\/em>, a set of fun objects that offer a satire of the present society by repeating the attributes proper to the circus world.<\/span><\/p>\n<\/div>\n<\/div>\n<\/div>\n<\/div>\n<\/div>\n<\/div>\n<\/div>\n<\/div>\n<\/div>\n<\/div>\n<\/div>\n<\/div>\n<\/div>\n<\/div><\/div><div class=\"wpb_column col-md-3\"><\/div><\/div><\/section><section  class=\"content-section full-width is-fluid cover no-padding no-margin    content-section-6a0866b5bc6ab\"><div class=\"row vc_row-fluid\"><div class=\"wpb_column col-md-12 align-center\"><div class=\"section-text text-block align-center\" style=\"color:#ffffff;\"><p>.<\/p>\n<\/div><\/div><\/div><\/section><section  class=\"content-section full-width is-fluid cover no-padding no-margin    content-section-6a0866b5bc78f\"><div class=\"row vc_row-fluid\"><div class=\"wpb_column col-md-12 align-center\"><div class=\"section-text text-block align-center\" style=\"color:#ffffff;\"><p>www.designsocialclub.com<\/p>\n<\/div><\/div><\/div><\/section>\n","protected":false},"excerpt":{"rendered":". DEVIANT SHOW, 2018 \/ Modern Circus series Collaborative work with painter Bruno Knop Snow globe Glass, painted wood, glycerin H : 20 X 40 cm Priced on request His entry into the arena is always spectacular, the bright colours and applause of the spectators only reinforce his determination to go beyond the limits.The canon","protected":false},"author":1,"featured_media":0,"parent":0,"menu_order":0,"comment_status":"closed","ping_status":"closed","template":"","meta":{"jetpack_post_was_ever_published":false},"yoast_head":"<!-- This site is optimized with the Yoast SEO plugin v20.8 - https:\/\/yoast.com\/wordpress\/plugins\/seo\/ -->\n<title>Design Social Club - Deviant Show, 2018 \/ S\u00e9rie Modern Circus<\/title>\n<meta name=\"description\" content=\"L\u2019homme canon objet joueur et sculptural, s\u2019amuse de notre curiosit\u00e9 pour porter la r\u00e9flexion sur notre capacit\u00e9 d\u2019\u00e9tonnement...\" \/>\n<meta name=\"robots\" content=\"index, follow, max-snippet:-1, max-image-preview:large, max-video-preview:-1\" \/>\n<link rel=\"canonical\" href=\"https:\/\/designsocialclub.com\/index.php\/deviantshow-designsocialclub-deviantshow-2\/\" \/>\n<meta property=\"og:locale\" content=\"fr_FR\" \/>\n<meta property=\"og:type\" content=\"article\" \/>\n<meta property=\"og:title\" content=\"Design Social Club - Deviant Show, 2018 \/ S\u00e9rie Modern Circus\" \/>\n<meta property=\"og:description\" content=\"L\u2019homme canon objet joueur et sculptural, s\u2019amuse de notre curiosit\u00e9 pour porter la r\u00e9flexion sur notre capacit\u00e9 d\u2019\u00e9tonnement...\" \/>\n<meta property=\"og:url\" content=\"https:\/\/designsocialclub.com\/index.php\/deviantshow-designsocialclub-deviantshow-2\/\" \/>\n<meta property=\"og:site_name\" content=\"Design Social Club\" \/>\n<meta property=\"article:modified_time\" content=\"2020-10-17T08:39:04+00:00\" \/>\n<meta property=\"og:image\" content=\"http:\/\/designsocialclub.com\/wp-content\/uploads\/2018\/04\/turn-right-arrow-with-broken-line.png\" \/>\n<meta name=\"twitter:card\" content=\"summary_large_image\" \/>\n<meta name=\"twitter:label1\" content=\"Dur\u00e9e de lecture estim\u00e9e\" \/>\n\t<meta name=\"twitter:data1\" content=\"2 minutes\" \/>\n<script type=\"application\/ld+json\" class=\"yoast-schema-graph\">{\"@context\":\"https:\/\/schema.org\",\"@graph\":[{\"@type\":\"WebPage\",\"@id\":\"https:\/\/designsocialclub.com\/index.php\/deviantshow-designsocialclub-deviantshow-2\/\",\"url\":\"https:\/\/designsocialclub.com\/index.php\/deviantshow-designsocialclub-deviantshow-2\/\",\"name\":\"Design Social Club - Deviant Show, 2018 \/ S\u00e9rie Modern Circus\",\"isPartOf\":{\"@id\":\"https:\/\/designsocialclub.com\/#website\"},\"datePublished\":\"2019-07-30T17:36:24+00:00\",\"dateModified\":\"2020-10-17T08:39:04+00:00\",\"description\":\"L\u2019homme canon objet joueur et sculptural, s\u2019amuse de notre curiosit\u00e9 pour porter la r\u00e9flexion sur notre capacit\u00e9 d\u2019\u00e9tonnement...\",\"breadcrumb\":{\"@id\":\"https:\/\/designsocialclub.com\/index.php\/deviantshow-designsocialclub-deviantshow-2\/#breadcrumb\"},\"inLanguage\":\"fr-FR\",\"potentialAction\":[{\"@type\":\"ReadAction\",\"target\":[\"https:\/\/designsocialclub.com\/index.php\/deviantshow-designsocialclub-deviantshow-2\/\"]}]},{\"@type\":\"BreadcrumbList\",\"@id\":\"https:\/\/designsocialclub.com\/index.php\/deviantshow-designsocialclub-deviantshow-2\/#breadcrumb\",\"itemListElement\":[{\"@type\":\"ListItem\",\"position\":1,\"name\":\"Accueil\",\"item\":\"https:\/\/designsocialclub.com\/\"},{\"@type\":\"ListItem\",\"position\":2,\"name\":\"Deviant Show &#8211; Design Social Club &#8211; Deviant Show &#8211; ENTXT\"}]},{\"@type\":\"WebSite\",\"@id\":\"https:\/\/designsocialclub.com\/#website\",\"url\":\"https:\/\/designsocialclub.com\/\",\"name\":\"Design Social Club\",\"description\":\"Manufacture abstraite pour objets concrets\",\"potentialAction\":[{\"@type\":\"SearchAction\",\"target\":{\"@type\":\"EntryPoint\",\"urlTemplate\":\"https:\/\/designsocialclub.com\/?s={search_term_string}\"},\"query-input\":\"required name=search_term_string\"}],\"inLanguage\":\"fr-FR\"}]}<\/script>\n<!-- \/ Yoast SEO plugin. -->","yoast_head_json":{"title":"Design Social Club - Deviant Show, 2018 \/ S\u00e9rie Modern Circus","description":"L\u2019homme canon objet joueur et sculptural, s\u2019amuse de notre curiosit\u00e9 pour porter la r\u00e9flexion sur notre capacit\u00e9 d\u2019\u00e9tonnement...","robots":{"index":"index","follow":"follow","max-snippet":"max-snippet:-1","max-image-preview":"max-image-preview:large","max-video-preview":"max-video-preview:-1"},"canonical":"https:\/\/designsocialclub.com\/index.php\/deviantshow-designsocialclub-deviantshow-2\/","og_locale":"fr_FR","og_type":"article","og_title":"Design Social Club - Deviant Show, 2018 \/ S\u00e9rie Modern Circus","og_description":"L\u2019homme canon objet joueur et sculptural, s\u2019amuse de notre curiosit\u00e9 pour porter la r\u00e9flexion sur notre capacit\u00e9 d\u2019\u00e9tonnement...","og_url":"https:\/\/designsocialclub.com\/index.php\/deviantshow-designsocialclub-deviantshow-2\/","og_site_name":"Design Social Club","article_modified_time":"2020-10-17T08:39:04+00:00","og_image":[{"url":"http:\/\/designsocialclub.com\/wp-content\/uploads\/2018\/04\/turn-right-arrow-with-broken-line.png"}],"twitter_card":"summary_large_image","twitter_misc":{"Dur\u00e9e de lecture estim\u00e9e":"2 minutes"},"schema":{"@context":"https:\/\/schema.org","@graph":[{"@type":"WebPage","@id":"https:\/\/designsocialclub.com\/index.php\/deviantshow-designsocialclub-deviantshow-2\/","url":"https:\/\/designsocialclub.com\/index.php\/deviantshow-designsocialclub-deviantshow-2\/","name":"Design Social Club - Deviant Show, 2018 \/ S\u00e9rie Modern Circus","isPartOf":{"@id":"https:\/\/designsocialclub.com\/#website"},"datePublished":"2019-07-30T17:36:24+00:00","dateModified":"2020-10-17T08:39:04+00:00","description":"L\u2019homme canon objet joueur et sculptural, s\u2019amuse de notre curiosit\u00e9 pour porter la r\u00e9flexion sur notre capacit\u00e9 d\u2019\u00e9tonnement...","breadcrumb":{"@id":"https:\/\/designsocialclub.com\/index.php\/deviantshow-designsocialclub-deviantshow-2\/#breadcrumb"},"inLanguage":"fr-FR","potentialAction":[{"@type":"ReadAction","target":["https:\/\/designsocialclub.com\/index.php\/deviantshow-designsocialclub-deviantshow-2\/"]}]},{"@type":"BreadcrumbList","@id":"https:\/\/designsocialclub.com\/index.php\/deviantshow-designsocialclub-deviantshow-2\/#breadcrumb","itemListElement":[{"@type":"ListItem","position":1,"name":"Accueil","item":"https:\/\/designsocialclub.com\/"},{"@type":"ListItem","position":2,"name":"Deviant Show &#8211; Design Social Club &#8211; Deviant Show &#8211; ENTXT"}]},{"@type":"WebSite","@id":"https:\/\/designsocialclub.com\/#website","url":"https:\/\/designsocialclub.com\/","name":"Design Social Club","description":"Manufacture abstraite pour objets concrets","potentialAction":[{"@type":"SearchAction","target":{"@type":"EntryPoint","urlTemplate":"https:\/\/designsocialclub.com\/?s={search_term_string}"},"query-input":"required name=search_term_string"}],"inLanguage":"fr-FR"}]}},"jetpack_sharing_enabled":true,"jetpack_shortlink":"https:\/\/wp.me\/P8jKvp-1Il","_links":{"self":[{"href":"https:\/\/designsocialclub.com\/index.php\/wp-json\/wp\/v2\/pages\/6593"}],"collection":[{"href":"https:\/\/designsocialclub.com\/index.php\/wp-json\/wp\/v2\/pages"}],"about":[{"href":"https:\/\/designsocialclub.com\/index.php\/wp-json\/wp\/v2\/types\/page"}],"author":[{"embeddable":true,"href":"https:\/\/designsocialclub.com\/index.php\/wp-json\/wp\/v2\/users\/1"}],"replies":[{"embeddable":true,"href":"https:\/\/designsocialclub.com\/index.php\/wp-json\/wp\/v2\/comments?post=6593"}],"version-history":[{"count":3,"href":"https:\/\/designsocialclub.com\/index.php\/wp-json\/wp\/v2\/pages\/6593\/revisions"}],"predecessor-version":[{"id":23957,"href":"https:\/\/designsocialclub.com\/index.php\/wp-json\/wp\/v2\/pages\/6593\/revisions\/23957"}],"wp:attachment":[{"href":"https:\/\/designsocialclub.com\/index.php\/wp-json\/wp\/v2\/media?parent=6593"}],"curies":[{"name":"wp","href":"https:\/\/api.w.org\/{rel}","templated":true}]}}