{"id":10201,"date":"2019-11-11T19:13:13","date_gmt":"2019-11-11T18:13:13","guid":{"rendered":"https:\/\/designsocialclub.com\/?post_type=product&#038;p=10201"},"modified":"2019-11-11T19:17:42","modified_gmt":"2019-11-11T18:17:42","slug":"magnumyellowcompetition","status":"publish","type":"product","link":"https:\/\/designsocialclub.com\/index.php\/produit\/magnumyellowcompetition\/","title":{"rendered":"Magnum &#8211; Yellow Competition"},"content":{"rendered":"<section  class=\"content-section full-width with-col cover no-padding no-margin    content-section-69f2c2065d7eb\"><div class=\"row vc_row-fluid\"><div class=\"wpb_column col-md-3\"><\/div><div class=\"wpb_column col-md-6\"><div class=\"section-text text-block \" ><p style=\"text-align: justify\">Magnum est une bombe fun, Magnum c\u2019est plus qu\u2019un fauteuil car m\u00eame \u00e0 l\u2019arr\u00eat il est en avance, Magnum est brut de s\u00e9duction mais il est tr\u00e8s confortable sous ses lignes agressives car Magnum c\u2019est le fun sans attendre les vagues, sans ramer et sans se mouiller.<span class=\"Apple-converted-space\">\u00a0<\/span><\/p>\n<\/div><\/div><div class=\"wpb_column col-md-3\"><\/div><\/div><\/section><section  class=\"content-section full-width with-col cover no-padding no-margin    content-section-69f2c2065daaf\"><div class=\"row vc_row-fluid\"><div class=\"wpb_column col-md-3\"><div class=\"section-text text-block \" ><p><a href=\"https:\/\/designsocialclub.com\/index.php\/store-2\/\"><img loading=\"lazy\" class=\"wp-image-4391 alignleft\" src=\"https:\/\/i0.wp.com\/designsocialclub.com\/wp-content\/uploads\/2018\/04\/turn-right-arrow-with-broken-line.png?resize=78%2C78\" alt=\"\" width=\"78\" height=\"78\" data-recalc-dims=\"1\" \/><\/a><\/p>\n<\/div><\/div><div class=\"wpb_column col-md-6\"><\/div><div class=\"wpb_column col-md-3\"><\/div><\/div><\/section>\n","protected":false},"excerpt":{"rendered":"<p><em>Chaise\u00a0<\/em><\/p>\n<p>Metal laqu\u00e9, bois, mousse composite<\/p>\n<p>75 X 48 X 45cm<\/p>\n<p>[icon name=\"truck\" class=\"\" unprefixed_class=\"\"] <em>4-6 semaines<\/em><\/p>\n","protected":false},"featured_media":10205,"template":"","meta":{"jetpack_post_was_ever_published":false,"jetpack_publicize_message":"","jetpack_is_tweetstorm":false,"jetpack_publicize_feature_enabled":true,"jetpack_social_post_already_shared":true,"jetpack_social_options":{"image_generator_settings":{"template":"highway","enabled":false}}},"product_cat":[165],"product_tag":[],"jetpack_publicize_connections":[],"yoast_head":"<!-- This site is optimized with the Yoast SEO plugin v20.8 - https:\/\/yoast.com\/wordpress\/plugins\/seo\/ -->\n<title>Magnum - Yellow Competition - Design Social Club<\/title>\n<meta name=\"robots\" content=\"index, follow, max-snippet:-1, max-image-preview:large, max-video-preview:-1\" \/>\n<link rel=\"canonical\" href=\"https:\/\/designsocialclub.com\/index.php\/produit\/magnumyellowcompetition\/\" \/>\n<meta property=\"og:locale\" content=\"fr_FR\" \/>\n<meta property=\"og:type\" content=\"article\" \/>\n<meta property=\"og:title\" content=\"Magnum - Yellow Competition - Design Social Club\" \/>\n<meta property=\"og:description\" content=\"Chaise\u00a0  Metal laqu\u00e9, bois, mousse composite  75 X 48 X 45cm   4-6 semaines\" \/>\n<meta property=\"og:url\" content=\"https:\/\/designsocialclub.com\/index.php\/produit\/magnumyellowcompetition\/\" \/>\n<meta property=\"og:site_name\" content=\"Design Social Club\" \/>\n<meta property=\"article:modified_time\" content=\"2019-11-11T18:17:42+00:00\" \/>\n<meta property=\"og:image\" content=\"https:\/\/designsocialclub.com\/wp-content\/uploads\/2019\/11\/MagnumYellow.jpg\" \/>\n\t<meta property=\"og:image:width\" content=\"3996\" \/>\n\t<meta property=\"og:image:height\" content=\"3996\" \/>\n\t<meta property=\"og:image:type\" content=\"image\/jpeg\" \/>\n<meta name=\"twitter:card\" content=\"summary_large_image\" \/>\n<meta name=\"twitter:label1\" content=\"Dur\u00e9e de lecture estim\u00e9e\" \/>\n\t<meta name=\"twitter:data1\" content=\"1 minute\" \/>\n<script type=\"application\/ld+json\" class=\"yoast-schema-graph\">{\"@context\":\"https:\/\/schema.org\",\"@graph\":[{\"@type\":\"WebPage\",\"@id\":\"https:\/\/designsocialclub.com\/index.php\/produit\/magnumyellowcompetition\/\",\"url\":\"https:\/\/designsocialclub.com\/index.php\/produit\/magnumyellowcompetition\/\",\"name\":\"Magnum - Yellow Competition - Design Social Club\",\"isPartOf\":{\"@id\":\"https:\/\/designsocialclub.com\/#website\"},\"datePublished\":\"2019-11-11T18:13:13+00:00\",\"dateModified\":\"2019-11-11T18:17:42+00:00\",\"breadcrumb\":{\"@id\":\"https:\/\/designsocialclub.com\/index.php\/produit\/magnumyellowcompetition\/#breadcrumb\"},\"inLanguage\":\"fr-FR\",\"potentialAction\":[{\"@type\":\"ReadAction\",\"target\":[\"https:\/\/designsocialclub.com\/index.php\/produit\/magnumyellowcompetition\/\"]}]},{\"@type\":\"BreadcrumbList\",\"@id\":\"https:\/\/designsocialclub.com\/index.php\/produit\/magnumyellowcompetition\/#breadcrumb\",\"itemListElement\":[{\"@type\":\"ListItem\",\"position\":1,\"name\":\"Accueil\",\"item\":\"https:\/\/designsocialclub.com\/\"},{\"@type\":\"ListItem\",\"position\":2,\"name\":\"Store\/Boutique en ligne\",\"item\":\"https:\/\/designsocialclub.com\/index.php\/store-2\/\"},{\"@type\":\"ListItem\",\"position\":3,\"name\":\"Magnum &#8211; Yellow Competition\"}]},{\"@type\":\"WebSite\",\"@id\":\"https:\/\/designsocialclub.com\/#website\",\"url\":\"https:\/\/designsocialclub.com\/\",\"name\":\"Design Social Club\",\"description\":\"Manufacture abstraite pour objets concrets\",\"potentialAction\":[{\"@type\":\"SearchAction\",\"target\":{\"@type\":\"EntryPoint\",\"urlTemplate\":\"https:\/\/designsocialclub.com\/?s={search_term_string}\"},\"query-input\":\"required name=search_term_string\"}],\"inLanguage\":\"fr-FR\"}]}<\/script>\n<!-- \/ Yoast SEO plugin. -->","yoast_head_json":{"title":"Magnum - Yellow Competition - Design Social Club","robots":{"index":"index","follow":"follow","max-snippet":"max-snippet:-1","max-image-preview":"max-image-preview:large","max-video-preview":"max-video-preview:-1"},"canonical":"https:\/\/designsocialclub.com\/index.php\/produit\/magnumyellowcompetition\/","og_locale":"fr_FR","og_type":"article","og_title":"Magnum - Yellow Competition - Design Social Club","og_description":"Chaise\u00a0  Metal laqu\u00e9, bois, mousse composite  75 X 48 X 45cm   4-6 semaines","og_url":"https:\/\/designsocialclub.com\/index.php\/produit\/magnumyellowcompetition\/","og_site_name":"Design Social Club","article_modified_time":"2019-11-11T18:17:42+00:00","og_image":[{"width":3996,"height":3996,"url":"https:\/\/designsocialclub.com\/wp-content\/uploads\/2019\/11\/MagnumYellow.jpg","type":"image\/jpeg"}],"twitter_card":"summary_large_image","twitter_misc":{"Dur\u00e9e de lecture estim\u00e9e":"1 minute"},"schema":{"@context":"https:\/\/schema.org","@graph":[{"@type":"WebPage","@id":"https:\/\/designsocialclub.com\/index.php\/produit\/magnumyellowcompetition\/","url":"https:\/\/designsocialclub.com\/index.php\/produit\/magnumyellowcompetition\/","name":"Magnum - Yellow Competition - Design Social Club","isPartOf":{"@id":"https:\/\/designsocialclub.com\/#website"},"datePublished":"2019-11-11T18:13:13+00:00","dateModified":"2019-11-11T18:17:42+00:00","breadcrumb":{"@id":"https:\/\/designsocialclub.com\/index.php\/produit\/magnumyellowcompetition\/#breadcrumb"},"inLanguage":"fr-FR","potentialAction":[{"@type":"ReadAction","target":["https:\/\/designsocialclub.com\/index.php\/produit\/magnumyellowcompetition\/"]}]},{"@type":"BreadcrumbList","@id":"https:\/\/designsocialclub.com\/index.php\/produit\/magnumyellowcompetition\/#breadcrumb","itemListElement":[{"@type":"ListItem","position":1,"name":"Accueil","item":"https:\/\/designsocialclub.com\/"},{"@type":"ListItem","position":2,"name":"Store\/Boutique en ligne","item":"https:\/\/designsocialclub.com\/index.php\/store-2\/"},{"@type":"ListItem","position":3,"name":"Magnum &#8211; Yellow Competition"}]},{"@type":"WebSite","@id":"https:\/\/designsocialclub.com\/#website","url":"https:\/\/designsocialclub.com\/","name":"Design Social Club","description":"Manufacture abstraite pour objets concrets","potentialAction":[{"@type":"SearchAction","target":{"@type":"EntryPoint","urlTemplate":"https:\/\/designsocialclub.com\/?s={search_term_string}"},"query-input":"required name=search_term_string"}],"inLanguage":"fr-FR"}]}},"jetpack_sharing_enabled":true,"_links":{"self":[{"href":"https:\/\/designsocialclub.com\/index.php\/wp-json\/wp\/v2\/product\/10201"}],"collection":[{"href":"https:\/\/designsocialclub.com\/index.php\/wp-json\/wp\/v2\/product"}],"about":[{"href":"https:\/\/designsocialclub.com\/index.php\/wp-json\/wp\/v2\/types\/product"}],"wp:featuredmedia":[{"embeddable":true,"href":"https:\/\/designsocialclub.com\/index.php\/wp-json\/wp\/v2\/media\/10205"}],"wp:attachment":[{"href":"https:\/\/designsocialclub.com\/index.php\/wp-json\/wp\/v2\/media?parent=10201"}],"wp:term":[{"taxonomy":"product_cat","embeddable":true,"href":"https:\/\/designsocialclub.com\/index.php\/wp-json\/wp\/v2\/product_cat?post=10201"},{"taxonomy":"product_tag","embeddable":true,"href":"https:\/\/designsocialclub.com\/index.php\/wp-json\/wp\/v2\/product_tag?post=10201"}],"curies":[{"name":"wp","href":"https:\/\/api.w.org\/{rel}","templated":true}]}}