{"id":6206,"date":"2019-07-14T18:27:29","date_gmt":"2019-07-14T17:27:29","guid":{"rendered":"https:\/\/designsocialclub.com\/?post_type=product&#038;p=6206"},"modified":"2019-11-11T19:36:23","modified_gmt":"2019-11-11T18:36:23","slug":"oneness","status":"publish","type":"product","link":"https:\/\/designsocialclub.com\/index.php\/produit\/oneness\/","title":{"rendered":"Oneness"},"content":{"rendered":"<section  class=\"content-section full-width with-col cover no-padding no-margin    content-section-69f5e51fd5065\"><div class=\"row vc_row-fluid\"><div class=\"wpb_column col-md-3\"><\/div><div class=\"wpb_column col-md-6\"><div class=\"section-text text-block \" ><p>Ce reflet n&rsquo;est pas votre ennemi, il n&rsquo;est pas non plus l\u00e0 pour juger vos manques et vos dualit\u00e9s. Il vous appel \u00e0 chercher au fond de vos yeux votre propre identit\u00e9, vos chemins et vous incite \u00e0 y croire.<\/p>\n<\/div><\/div><div class=\"wpb_column col-md-3\"><\/div><\/div><\/section><section  class=\"content-section full-width with-col cover no-padding no-margin    content-section-69f5e51fd52e3\"><div class=\"row vc_row-fluid\"><div class=\"wpb_column col-md-3\"><div class=\"section-text text-block \" ><p><a href=\"https:\/\/designsocialclub.com\/index.php\/store-2\/\"><img loading=\"lazy\" class=\"wp-image-4391 alignleft\" src=\"https:\/\/i0.wp.com\/designsocialclub.com\/wp-content\/uploads\/2018\/04\/turn-right-arrow-with-broken-line.png?resize=78%2C78\" alt=\"\" width=\"78\" height=\"78\" data-recalc-dims=\"1\" \/><\/a><\/p>\n<\/div><\/div><div class=\"wpb_column col-md-6\"><\/div><div class=\"wpb_column col-md-3\"><\/div><\/div><\/section>\n","protected":false},"excerpt":{"rendered":"<p><em>Miroir mural\u00a0<\/em><\/p>\n<p>Edition limit\u00e9e 8 exemplaires num\u00e9rot\u00e9s<\/p>\n<p>Verre, aluminium, bois, marbrure<\/p>\n<p>60 X 70 X 2cm<\/p>\n<p>[icon name=\"truck\" class=\"\" unprefixed_class=\"\"] <em>4-6 semaines<\/em><\/p>\n","protected":false},"featured_media":6207,"template":"","meta":{"jetpack_post_was_ever_published":false,"jetpack_publicize_message":"","jetpack_is_tweetstorm":false,"jetpack_publicize_feature_enabled":true,"jetpack_social_post_already_shared":true,"jetpack_social_options":{"image_generator_settings":{"template":"highway","enabled":false}}},"product_cat":[165],"product_tag":[],"jetpack_publicize_connections":[],"yoast_head":"<!-- This site is optimized with the Yoast SEO plugin v20.8 - https:\/\/yoast.com\/wordpress\/plugins\/seo\/ -->\n<title>Oneness - Design Social Club<\/title>\n<meta name=\"robots\" content=\"index, follow, max-snippet:-1, max-image-preview:large, max-video-preview:-1\" \/>\n<link rel=\"canonical\" href=\"https:\/\/designsocialclub.com\/index.php\/produit\/oneness\/\" \/>\n<meta property=\"og:locale\" content=\"fr_FR\" \/>\n<meta property=\"og:type\" content=\"article\" \/>\n<meta property=\"og:title\" content=\"Oneness - Design Social Club\" \/>\n<meta property=\"og:description\" content=\"Miroir mural\u00a0  Edition limit\u00e9e 8 exemplaires num\u00e9rot\u00e9s  Verre, aluminium, bois, marbrure  60 X 70 X 2cm   4-6 semaines\" \/>\n<meta property=\"og:url\" content=\"https:\/\/designsocialclub.com\/index.php\/produit\/oneness\/\" \/>\n<meta property=\"og:site_name\" content=\"Design Social Club\" \/>\n<meta property=\"article:modified_time\" content=\"2019-11-11T18:36:23+00:00\" \/>\n<meta property=\"og:image\" content=\"https:\/\/designsocialclub.com\/wp-content\/uploads\/2019\/07\/Oneness..jpg\" \/>\n\t<meta property=\"og:image:width\" content=\"1280\" \/>\n\t<meta property=\"og:image:height\" content=\"1280\" \/>\n\t<meta property=\"og:image:type\" content=\"image\/jpeg\" \/>\n<meta name=\"twitter:card\" content=\"summary_large_image\" \/>\n<script type=\"application\/ld+json\" class=\"yoast-schema-graph\">{\"@context\":\"https:\/\/schema.org\",\"@graph\":[{\"@type\":\"WebPage\",\"@id\":\"https:\/\/designsocialclub.com\/index.php\/produit\/oneness\/\",\"url\":\"https:\/\/designsocialclub.com\/index.php\/produit\/oneness\/\",\"name\":\"Oneness - Design Social Club\",\"isPartOf\":{\"@id\":\"https:\/\/designsocialclub.com\/#website\"},\"datePublished\":\"2019-07-14T17:27:29+00:00\",\"dateModified\":\"2019-11-11T18:36:23+00:00\",\"breadcrumb\":{\"@id\":\"https:\/\/designsocialclub.com\/index.php\/produit\/oneness\/#breadcrumb\"},\"inLanguage\":\"fr-FR\",\"potentialAction\":[{\"@type\":\"ReadAction\",\"target\":[\"https:\/\/designsocialclub.com\/index.php\/produit\/oneness\/\"]}]},{\"@type\":\"BreadcrumbList\",\"@id\":\"https:\/\/designsocialclub.com\/index.php\/produit\/oneness\/#breadcrumb\",\"itemListElement\":[{\"@type\":\"ListItem\",\"position\":1,\"name\":\"Accueil\",\"item\":\"https:\/\/designsocialclub.com\/\"},{\"@type\":\"ListItem\",\"position\":2,\"name\":\"Store\/Boutique en ligne\",\"item\":\"https:\/\/designsocialclub.com\/index.php\/store-2\/\"},{\"@type\":\"ListItem\",\"position\":3,\"name\":\"Oneness\"}]},{\"@type\":\"WebSite\",\"@id\":\"https:\/\/designsocialclub.com\/#website\",\"url\":\"https:\/\/designsocialclub.com\/\",\"name\":\"Design Social Club\",\"description\":\"Manufacture abstraite pour objets concrets\",\"potentialAction\":[{\"@type\":\"SearchAction\",\"target\":{\"@type\":\"EntryPoint\",\"urlTemplate\":\"https:\/\/designsocialclub.com\/?s={search_term_string}\"},\"query-input\":\"required name=search_term_string\"}],\"inLanguage\":\"fr-FR\"}]}<\/script>\n<!-- \/ Yoast SEO plugin. -->","yoast_head_json":{"title":"Oneness - Design Social Club","robots":{"index":"index","follow":"follow","max-snippet":"max-snippet:-1","max-image-preview":"max-image-preview:large","max-video-preview":"max-video-preview:-1"},"canonical":"https:\/\/designsocialclub.com\/index.php\/produit\/oneness\/","og_locale":"fr_FR","og_type":"article","og_title":"Oneness - Design Social Club","og_description":"Miroir mural\u00a0  Edition limit\u00e9e 8 exemplaires num\u00e9rot\u00e9s  Verre, aluminium, bois, marbrure  60 X 70 X 2cm   4-6 semaines","og_url":"https:\/\/designsocialclub.com\/index.php\/produit\/oneness\/","og_site_name":"Design Social Club","article_modified_time":"2019-11-11T18:36:23+00:00","og_image":[{"width":1280,"height":1280,"url":"https:\/\/designsocialclub.com\/wp-content\/uploads\/2019\/07\/Oneness..jpg","type":"image\/jpeg"}],"twitter_card":"summary_large_image","schema":{"@context":"https:\/\/schema.org","@graph":[{"@type":"WebPage","@id":"https:\/\/designsocialclub.com\/index.php\/produit\/oneness\/","url":"https:\/\/designsocialclub.com\/index.php\/produit\/oneness\/","name":"Oneness - Design Social Club","isPartOf":{"@id":"https:\/\/designsocialclub.com\/#website"},"datePublished":"2019-07-14T17:27:29+00:00","dateModified":"2019-11-11T18:36:23+00:00","breadcrumb":{"@id":"https:\/\/designsocialclub.com\/index.php\/produit\/oneness\/#breadcrumb"},"inLanguage":"fr-FR","potentialAction":[{"@type":"ReadAction","target":["https:\/\/designsocialclub.com\/index.php\/produit\/oneness\/"]}]},{"@type":"BreadcrumbList","@id":"https:\/\/designsocialclub.com\/index.php\/produit\/oneness\/#breadcrumb","itemListElement":[{"@type":"ListItem","position":1,"name":"Accueil","item":"https:\/\/designsocialclub.com\/"},{"@type":"ListItem","position":2,"name":"Store\/Boutique en ligne","item":"https:\/\/designsocialclub.com\/index.php\/store-2\/"},{"@type":"ListItem","position":3,"name":"Oneness"}]},{"@type":"WebSite","@id":"https:\/\/designsocialclub.com\/#website","url":"https:\/\/designsocialclub.com\/","name":"Design Social Club","description":"Manufacture abstraite pour objets concrets","potentialAction":[{"@type":"SearchAction","target":{"@type":"EntryPoint","urlTemplate":"https:\/\/designsocialclub.com\/?s={search_term_string}"},"query-input":"required name=search_term_string"}],"inLanguage":"fr-FR"}]}},"jetpack_sharing_enabled":true,"_links":{"self":[{"href":"https:\/\/designsocialclub.com\/index.php\/wp-json\/wp\/v2\/product\/6206"}],"collection":[{"href":"https:\/\/designsocialclub.com\/index.php\/wp-json\/wp\/v2\/product"}],"about":[{"href":"https:\/\/designsocialclub.com\/index.php\/wp-json\/wp\/v2\/types\/product"}],"wp:featuredmedia":[{"embeddable":true,"href":"https:\/\/designsocialclub.com\/index.php\/wp-json\/wp\/v2\/media\/6207"}],"wp:attachment":[{"href":"https:\/\/designsocialclub.com\/index.php\/wp-json\/wp\/v2\/media?parent=6206"}],"wp:term":[{"taxonomy":"product_cat","embeddable":true,"href":"https:\/\/designsocialclub.com\/index.php\/wp-json\/wp\/v2\/product_cat?post=6206"},{"taxonomy":"product_tag","embeddable":true,"href":"https:\/\/designsocialclub.com\/index.php\/wp-json\/wp\/v2\/product_tag?post=6206"}],"curies":[{"name":"wp","href":"https:\/\/api.w.org\/{rel}","templated":true}]}}