{"id":8376,"date":"2019-09-26T19:27:15","date_gmt":"2019-09-26T18:27:15","guid":{"rendered":"https:\/\/designsocialclub.com\/?post_type=product&#038;p=8376"},"modified":"2021-03-04T18:13:49","modified_gmt":"2021-03-04T17:13:49","slug":"whishbone","status":"publish","type":"product","link":"https:\/\/designsocialclub.com\/index.php\/produit\/whishbone\/","title":{"rendered":"Os \u00e0 voeux"},"content":{"rendered":"<section  class=\"content-section full-width with-col cover no-padding no-margin    content-section-69f572793daf3\"><div class=\"row vc_row-fluid\"><div class=\"wpb_column col-md-3\"><\/div><div class=\"wpb_column col-md-6\"><div class=\"section-text text-block \" ><p style=\"text-align: justify\">Cet os \u00e0 la forme si particuli\u00e8re<span class=\"Apple-converted-space\">\u00a0 <\/span>que l\u2019on retrouve chez les oiseaux r\u00e9sulte de la fusion de leurs deux clavicules au cours de l\u2019\u00e9volution. Dans nos habitudes il se rencontre principalement au cours du repas dominical, lors de la d\u00e9coupe du divin poulet qui se partage entre tous les membres de la famille. Appel\u00e9 \u00ab\u00a0os \u00e0 voeux\u00a0\u00bb, il r\u00e9v\u00e8le une coutume enfantine qui pr\u00e9tend que lorsque deux individus tirent sur chacun des cot\u00e9s jusqu\u2019a faire rompre l\u2019os, le voeux du protagoniste qui aura le morceau le plus long, se verra exaucer. Une pratique<span class=\"Apple-converted-space\">\u00a0 <\/span>qui remonte \u00e0 plus de 400 ans avant notre \u00e8re, \u00e0 l\u2019\u00e9poque des Etrusques. Cet usage se pr\u00e9sente ici sous la forme d\u2019une fa\u00efence fine relev\u00e9 d\u2019un \u00e9mail blanc immacul\u00e9. Une production ritualis\u00e9e et une cuisson longue \u00e0 tr\u00e8s haute temp\u00e9rature lui conf\u00e8re ses propri\u00e9t\u00e9s divinatoires. Un outil pour r\u00e9aliser toutes sortes de voeux, amour, argent, sant\u00e9, chance, il agit sur tous les sujets. Ces effets sont imm\u00e9diat et garantie par le fabricant. Il n\u2019est d\u00e9sormais plus n\u00e9cessaire d\u2019attendre le sacrifice d\u2019un poulet pour pouvoir r\u00e9aliser ses r\u00eaves, l&rsquo;os \u00e0 voeux ne demande qu\u2019a \u00eatre cass\u00e9 pour lib\u00e9rer ses bienfaits.<span class=\"Apple-converted-space\">\u00a0<\/span><\/p>\n<\/div><\/div><div class=\"wpb_column col-md-3\"><\/div><\/div><\/section><section  class=\"content-section full-width with-col cover no-padding no-margin    content-section-69f572793de84\"><div class=\"row vc_row-fluid\"><div class=\"wpb_column col-md-3\"><div class=\"section-text text-block \" ><p><a href=\"https:\/\/designsocialclub.com\/index.php\/store-2\/\"><img loading=\"lazy\" class=\"wp-image-4391 alignleft\" src=\"https:\/\/i0.wp.com\/designsocialclub.com\/wp-content\/uploads\/2018\/04\/turn-right-arrow-with-broken-line.png?resize=78%2C78\" alt=\"\" width=\"78\" height=\"78\" data-recalc-dims=\"1\" \/><\/a><\/p>\n<\/div><\/div><div class=\"wpb_column col-md-6\"><\/div><div class=\"wpb_column col-md-3\"><\/div><\/div><\/section>\n","protected":false},"excerpt":{"rendered":"<p><i>Os \u00e0 voeux\u00a0<\/i><\/p>\n<p>Produit en 30 Exemplaires num\u00e9rot\u00e9s<\/p>\n<p>Faience<\/p>\n<p>12 X 6 X 2cm<\/p>\n<p>[icon name=\"truck\" class=\"\" unprefixed_class=\"\"]<em>\u00a01-2 semaines<\/em><\/p>\n","protected":false},"featured_media":25499,"template":"","meta":{"jetpack_post_was_ever_published":false,"jetpack_publicize_message":"","jetpack_is_tweetstorm":false,"jetpack_publicize_feature_enabled":true,"jetpack_social_post_already_shared":true,"jetpack_social_options":{"image_generator_settings":{"template":"highway","enabled":false}}},"product_cat":[167],"product_tag":[],"jetpack_publicize_connections":[],"yoast_head":"<!-- This site is optimized with the Yoast SEO plugin v20.8 - https:\/\/yoast.com\/wordpress\/plugins\/seo\/ -->\n<title>Os \u00e0 voeux - Design Social Club<\/title>\n<meta name=\"robots\" content=\"index, follow, max-snippet:-1, max-image-preview:large, max-video-preview:-1\" \/>\n<link rel=\"canonical\" href=\"https:\/\/designsocialclub.com\/index.php\/produit\/whishbone\/\" \/>\n<meta property=\"og:locale\" content=\"fr_FR\" \/>\n<meta property=\"og:type\" content=\"article\" \/>\n<meta property=\"og:title\" content=\"Os \u00e0 voeux - Design Social Club\" \/>\n<meta property=\"og:description\" content=\"Os \u00e0 voeux\u00a0  Produit en 30 Exemplaires num\u00e9rot\u00e9s  Faience  12 X 6 X 2cm  \u00a01-2 semaines\" \/>\n<meta property=\"og:url\" content=\"https:\/\/designsocialclub.com\/index.php\/produit\/whishbone\/\" \/>\n<meta property=\"og:site_name\" content=\"Design Social Club\" \/>\n<meta property=\"article:modified_time\" content=\"2021-03-04T17:13:49+00:00\" \/>\n<meta property=\"og:image\" content=\"https:\/\/designsocialclub.com\/wp-content\/uploads\/2019\/09\/Whish3-copie-2d-2.jpg\" \/>\n\t<meta property=\"og:image:width\" content=\"944\" \/>\n\t<meta property=\"og:image:height\" content=\"943\" \/>\n\t<meta property=\"og:image:type\" content=\"image\/jpeg\" \/>\n<meta name=\"twitter:card\" content=\"summary_large_image\" \/>\n<meta name=\"twitter:label1\" content=\"Dur\u00e9e de lecture estim\u00e9e\" \/>\n\t<meta name=\"twitter:data1\" content=\"1 minute\" \/>\n<script type=\"application\/ld+json\" class=\"yoast-schema-graph\">{\"@context\":\"https:\/\/schema.org\",\"@graph\":[{\"@type\":\"WebPage\",\"@id\":\"https:\/\/designsocialclub.com\/index.php\/produit\/whishbone\/\",\"url\":\"https:\/\/designsocialclub.com\/index.php\/produit\/whishbone\/\",\"name\":\"Os \u00e0 voeux - Design Social Club\",\"isPartOf\":{\"@id\":\"https:\/\/designsocialclub.com\/#website\"},\"datePublished\":\"2019-09-26T18:27:15+00:00\",\"dateModified\":\"2021-03-04T17:13:49+00:00\",\"breadcrumb\":{\"@id\":\"https:\/\/designsocialclub.com\/index.php\/produit\/whishbone\/#breadcrumb\"},\"inLanguage\":\"fr-FR\",\"potentialAction\":[{\"@type\":\"ReadAction\",\"target\":[\"https:\/\/designsocialclub.com\/index.php\/produit\/whishbone\/\"]}]},{\"@type\":\"BreadcrumbList\",\"@id\":\"https:\/\/designsocialclub.com\/index.php\/produit\/whishbone\/#breadcrumb\",\"itemListElement\":[{\"@type\":\"ListItem\",\"position\":1,\"name\":\"Accueil\",\"item\":\"https:\/\/designsocialclub.com\/\"},{\"@type\":\"ListItem\",\"position\":2,\"name\":\"Store\/Boutique en ligne\",\"item\":\"https:\/\/designsocialclub.com\/index.php\/store-2\/\"},{\"@type\":\"ListItem\",\"position\":3,\"name\":\"Os \u00e0 voeux\"}]},{\"@type\":\"WebSite\",\"@id\":\"https:\/\/designsocialclub.com\/#website\",\"url\":\"https:\/\/designsocialclub.com\/\",\"name\":\"Design Social Club\",\"description\":\"Manufacture abstraite pour objets concrets\",\"potentialAction\":[{\"@type\":\"SearchAction\",\"target\":{\"@type\":\"EntryPoint\",\"urlTemplate\":\"https:\/\/designsocialclub.com\/?s={search_term_string}\"},\"query-input\":\"required name=search_term_string\"}],\"inLanguage\":\"fr-FR\"}]}<\/script>\n<!-- \/ Yoast SEO plugin. -->","yoast_head_json":{"title":"Os \u00e0 voeux - Design Social Club","robots":{"index":"index","follow":"follow","max-snippet":"max-snippet:-1","max-image-preview":"max-image-preview:large","max-video-preview":"max-video-preview:-1"},"canonical":"https:\/\/designsocialclub.com\/index.php\/produit\/whishbone\/","og_locale":"fr_FR","og_type":"article","og_title":"Os \u00e0 voeux - Design Social Club","og_description":"Os \u00e0 voeux\u00a0  Produit en 30 Exemplaires num\u00e9rot\u00e9s  Faience  12 X 6 X 2cm  \u00a01-2 semaines","og_url":"https:\/\/designsocialclub.com\/index.php\/produit\/whishbone\/","og_site_name":"Design Social Club","article_modified_time":"2021-03-04T17:13:49+00:00","og_image":[{"width":944,"height":943,"url":"https:\/\/designsocialclub.com\/wp-content\/uploads\/2019\/09\/Whish3-copie-2d-2.jpg","type":"image\/jpeg"}],"twitter_card":"summary_large_image","twitter_misc":{"Dur\u00e9e de lecture estim\u00e9e":"1 minute"},"schema":{"@context":"https:\/\/schema.org","@graph":[{"@type":"WebPage","@id":"https:\/\/designsocialclub.com\/index.php\/produit\/whishbone\/","url":"https:\/\/designsocialclub.com\/index.php\/produit\/whishbone\/","name":"Os \u00e0 voeux - Design Social Club","isPartOf":{"@id":"https:\/\/designsocialclub.com\/#website"},"datePublished":"2019-09-26T18:27:15+00:00","dateModified":"2021-03-04T17:13:49+00:00","breadcrumb":{"@id":"https:\/\/designsocialclub.com\/index.php\/produit\/whishbone\/#breadcrumb"},"inLanguage":"fr-FR","potentialAction":[{"@type":"ReadAction","target":["https:\/\/designsocialclub.com\/index.php\/produit\/whishbone\/"]}]},{"@type":"BreadcrumbList","@id":"https:\/\/designsocialclub.com\/index.php\/produit\/whishbone\/#breadcrumb","itemListElement":[{"@type":"ListItem","position":1,"name":"Accueil","item":"https:\/\/designsocialclub.com\/"},{"@type":"ListItem","position":2,"name":"Store\/Boutique en ligne","item":"https:\/\/designsocialclub.com\/index.php\/store-2\/"},{"@type":"ListItem","position":3,"name":"Os \u00e0 voeux"}]},{"@type":"WebSite","@id":"https:\/\/designsocialclub.com\/#website","url":"https:\/\/designsocialclub.com\/","name":"Design Social Club","description":"Manufacture abstraite pour objets concrets","potentialAction":[{"@type":"SearchAction","target":{"@type":"EntryPoint","urlTemplate":"https:\/\/designsocialclub.com\/?s={search_term_string}"},"query-input":"required name=search_term_string"}],"inLanguage":"fr-FR"}]}},"jetpack_sharing_enabled":true,"_links":{"self":[{"href":"https:\/\/designsocialclub.com\/index.php\/wp-json\/wp\/v2\/product\/8376"}],"collection":[{"href":"https:\/\/designsocialclub.com\/index.php\/wp-json\/wp\/v2\/product"}],"about":[{"href":"https:\/\/designsocialclub.com\/index.php\/wp-json\/wp\/v2\/types\/product"}],"wp:featuredmedia":[{"embeddable":true,"href":"https:\/\/designsocialclub.com\/index.php\/wp-json\/wp\/v2\/media\/25499"}],"wp:attachment":[{"href":"https:\/\/designsocialclub.com\/index.php\/wp-json\/wp\/v2\/media?parent=8376"}],"wp:term":[{"taxonomy":"product_cat","embeddable":true,"href":"https:\/\/designsocialclub.com\/index.php\/wp-json\/wp\/v2\/product_cat?post=8376"},{"taxonomy":"product_tag","embeddable":true,"href":"https:\/\/designsocialclub.com\/index.php\/wp-json\/wp\/v2\/product_tag?post=8376"}],"curies":[{"name":"wp","href":"https:\/\/api.w.org\/{rel}","templated":true}]}}